{"id":22829,"date":"2025-10-28T15:40:26","date_gmt":"2025-10-28T07:40:26","guid":{"rendered":"https:\/\/yebodaglass.com\/?post_type=product&#038;p=22829"},"modified":"2026-03-13T14:26:48","modified_gmt":"2026-03-13T06:26:48","slug":"clear-cylindrical-little-glass-honey-vials-bulk","status":"publish","type":"product","link":"https:\/\/yebodaglass.com\/pt\/clear-cylindrical-little-glass-honey-vials-bulk\/","title":{"rendered":"Frascos de vidro cil\u00edndricos transparentes para mel, 40ml, 75ml e 100ml (a granel)"},"content":{"rendered":"<p>Esses frascos para mel s\u00e3o projetados com um corpo cil\u00edndrico, feito de vidro cristalino com fundo arredondado e espesso para garantir estabilidade e durabilidade. As tampas s\u00e3o de rosca, douradas ou prateadas, pequenas e elegantes, perfeitas para armazenar pequenas quantidades de mel, geleia ou amostras.<\/p>\n<h2>Caracter\u00edsticas do produto<\/h2>\n<ul>\n<li><strong>Garrafas cil\u00edndricas finas:<\/strong> Possui base pesada, design fino e moderno, e n\u00e3o ocupa muito espa\u00e7o.<\/li>\n<li><strong>Alta transpar\u00eancia:<\/strong> \u00c9 transparente e o vidro exibe perfeitamente a cor e a viscosidade do mel. Os compradores que valorizam a vis\u00e3o ser\u00e3o atra\u00eddos por ele.<\/li>\n<li><strong>Port\u00e1til e compacto:<\/strong> A garrafa tem um design compacto e \u00e9 perfeita para viagens, testes, eventos ou at\u00e9 mesmo como presente.<\/li>\n<\/ul>\n<h2 style=\"text-align: left;\">Especifica\u00e7\u00f5es principais<\/h2>\n<table class=\"aligncenter\" style=\"border-collapse: collapse; width: 454.52pt;\" border=\"0\" width=\"606\" cellspacing=\"0\" cellpadding=\"0\">\n<tbody>\n<tr style=\"height: 13.50pt;\">\n<td style=\"height: 13.50pt; width: 96.75pt;\" width=\"129\" height=\"18\">Recurso<\/td>\n<td style=\"width: 357.75pt;\" width=\"477\">Especifica\u00e7\u00e3o<\/td>\n<\/tr>\n<tr style=\"height: 13.50pt;\">\n<td style=\"height: 13.50pt;\" height=\"18\">Capacidade<\/td>\n<td>40ml, 75ml, 100ml<\/td>\n<\/tr>\n<tr style=\"height: 13.50pt;\">\n<td style=\"height: 13.50pt;\" height=\"18\">Forma<\/td>\n<td>Cilindro reto, di\u00e2metro uniforme<\/td>\n<\/tr>\n<tr style=\"height: 13.50pt;\">\n<td style=\"height: 13.50pt;\" height=\"18\">Dimens\u00f5es<\/td>\n<td>4\u00d78,5cm a 4\u00d715cm<\/td>\n<\/tr>\n<tr style=\"height: 13.50pt;\">\n<td style=\"height: 13.50pt;\" height=\"18\">Material<\/td>\n<td>Vidro transparente, tampa de rosca met\u00e1lica<\/td>\n<\/tr>\n<tr style=\"height: 13.50pt;\">\n<td style=\"height: 13.50pt;\" height=\"18\">Op\u00e7\u00f5es de tampa<\/td>\n<td>Dourado, prateado, rosa (cores personalizadas dispon\u00edveis)<\/td>\n<\/tr>\n<tr style=\"height: 13.50pt;\">\n<td style=\"height: 13.50pt;\" height=\"18\">Ideal para<\/td>\n<td>Mel, kits de amostras, conjuntos de presentes<\/td>\n<\/tr>\n<tr style=\"height: 13.50pt;\">\n<td style=\"height: 13.50pt;\" height=\"18\">Uso ideal<\/td>\n<td>Potes de mel, pequenos frascos de mel, potes de mel para venda por atacado<\/td>\n<\/tr>\n<\/tbody>\n<\/table>\n<h2>Caso de sucesso: Um dos pedidos personalizados em uma fazenda especializada em mel na Calif\u00f3rnia.<\/h2>\n<p>Uma das fazendas de mel especializadas de Sonoma selecionou nossos frascos de mel e os personalizou com padr\u00f5es de abelhas gravados a laser nos corpos de vidro e tampas pretas foscas. A embalagem personalizada teve resultados extraordin\u00e1rios: os frascos personalizados com a marca tornaram-se uma lembrancinha de casamento ou presente corporativo popular e, como resultado, esse ramo de neg\u00f3cios cresceu 40%. S\u00e3o ideais devido \u00e0 sua \u00f3tima capacidade de veda\u00e7\u00e3o e tamanho compacto, o que os torna perfeitos para serem usados \u200b\u200bcomo amostra em feiras de produtores, onde, segundo eles, as vendas de frascos de tamanho normal aumentaram 25% em suas barracas. Com base nesse excelente desempenho, eles fizeram um novo pedido de 100.000 frascos pequenos para criar um kit de degusta\u00e7\u00e3o da Honey Journey.<\/p>\n<h2>Sugest\u00f5es para personalizar frascos de mel<\/h2>\n<ul>\n<li><strong>Etiqueta do pesco\u00e7o:<\/strong> Incorpore um anel com a marca no gargalo da garrafa para conferir uma apar\u00eancia cl\u00e1ssica e atemporal.<\/li>\n<li><strong>Impress\u00e3o em serigrafia:<\/strong> Utilize um m\u00e9todo de impress\u00e3o para posicionar visualmente sua marca diretamente no vidro, criando uma identidade visual clara e duradoura para a tipografia transparente.<\/li>\n<li><strong>Vidro colorido:<\/strong> Sirva o seu mel num copo \u00e2mbar ou azul cobalto para se diferenciar dos demais e tamb\u00e9m para proteg\u00ea-lo da luz.<\/li>\n<\/ul>","protected":false},"excerpt":{"rendered":"<p>Potes de mel em vidro cristalino com tampas de rosca met\u00e1licas. Elegantes potinhos ideais para amostras de mel, xarope e embalagens para presentes. Amostras gr\u00e1tis.<\/p>","protected":false},"featured_media":22833,"template":"","meta":[],"product_brand":[],"product_cat":[122,124,127],"product_tag":[],"class_list":{"0":"post-22829","1":"product","2":"type-product","3":"status-publish","4":"has-post-thumbnail","6":"product_cat-custom-glass-packaging","7":"product_cat-custom-glass-jars","8":"product_cat-glass-honey-jars","10":"first","11":"instock","12":"shipping-taxable","13":"product-type-simple"},"jetpack_sharing_enabled":true,"_links":{"self":[{"href":"https:\/\/yebodaglass.com\/pt\/wp-json\/wp\/v2\/product\/22829","targetHints":{"allow":["GET"]}}],"collection":[{"href":"https:\/\/yebodaglass.com\/pt\/wp-json\/wp\/v2\/product"}],"about":[{"href":"https:\/\/yebodaglass.com\/pt\/wp-json\/wp\/v2\/types\/product"}],"version-history":[{"count":5,"href":"https:\/\/yebodaglass.com\/pt\/wp-json\/wp\/v2\/product\/22829\/revisions"}],"predecessor-version":[{"id":25440,"href":"https:\/\/yebodaglass.com\/pt\/wp-json\/wp\/v2\/product\/22829\/revisions\/25440"}],"wp:featuredmedia":[{"embeddable":true,"href":"https:\/\/yebodaglass.com\/pt\/wp-json\/wp\/v2\/media\/22833"}],"wp:attachment":[{"href":"https:\/\/yebodaglass.com\/pt\/wp-json\/wp\/v2\/media?parent=22829"}],"wp:term":[{"taxonomy":"product_brand","embeddable":true,"href":"https:\/\/yebodaglass.com\/pt\/wp-json\/wp\/v2\/product_brand?post=22829"},{"taxonomy":"product_cat","embeddable":true,"href":"https:\/\/yebodaglass.com\/pt\/wp-json\/wp\/v2\/product_cat?post=22829"},{"taxonomy":"product_tag","embeddable":true,"href":"https:\/\/yebodaglass.com\/pt\/wp-json\/wp\/v2\/product_tag?post=22829"}],"curies":[{"name":"wp","href":"https:\/\/api.w.org\/{rel}","templated":true}]}}