{"id":22818,"date":"2025-10-28T14:27:36","date_gmt":"2025-10-28T06:27:36","guid":{"rendered":"https:\/\/yebodaglass.com\/?post_type=product&#038;p=22818"},"modified":"2026-03-16T14:36:06","modified_gmt":"2026-03-16T06:36:06","slug":"bulk-glass-honey-storage-containers-with-embossed-patterns","status":"publish","type":"product","link":"https:\/\/yebodaglass.com\/pt\/bulk-glass-honey-storage-containers-with-embossed-patterns\/","title":{"rendered":"Recipientes de vidro para armazenamento de mel a granel com padr\u00f5es em relevo, 250ml, 500ml e 750ml"},"content":{"rendered":"<p>Estes recipientes quadrados para armazenamento de mel, com design exclusivo e cantos arredondados, s\u00e3o decorados com desenhos de frutas e fabricados em vidro cristalino. As tampas de metal dourado ou prateado garantem uma veda\u00e7\u00e3o excelente e permitem o empilhamento est\u00e1vel.<\/p>\n<h2>Caracter\u00edsticas do produto<\/h2>\n<ul>\n<li><strong>Garrafa decorativa com relevo:<\/strong> O corpo da garrafa ser\u00e1 gravado em relevo com texto e desenhos de frutas, o que melhorar\u00e1 o apelo visual e a naturalidade do produto, sem impress\u00f5es desnecess\u00e1rias.<\/li>\n<li><strong>Garrafa quadrada com relevo:<\/strong> O frasco quadrado com relevo confere um visual elegante e organizado ao produto, facilitando seu reconhecimento e embelezando a embalagem.<\/li>\n<li><strong>Seguro e dur\u00e1vel:<\/strong> A constru\u00e7\u00e3o robusta em vidro e a tampa de encaixe perfeito se combinam para criar um recipiente dur\u00e1vel e confi\u00e1vel para armazenar mel, permitindo transport\u00e1-lo com seguran\u00e7a e mant\u00ea-lo fresco por um longo per\u00edodo.<\/li>\n<\/ul>\n<h2 style=\"text-align: left;\">Especifica\u00e7\u00f5es principais<\/h2>\n<table class=\"aligncenter\" style=\"border-collapse: collapse; width: 414.77pt;\" border=\"0\" width=\"553\" cellspacing=\"0\" cellpadding=\"0\">\n<tbody>\n<tr style=\"height: 13.50pt;\">\n<td style=\"height: 13.50pt; width: 96.75pt;\" width=\"129\" height=\"18\">Recurso<\/td>\n<td style=\"width: 318.00pt;\" width=\"424\">Especifica\u00e7\u00e3o<\/td>\n<\/tr>\n<tr style=\"height: 13.50pt;\">\n<td style=\"height: 13.50pt;\" height=\"18\">Capacidade<\/td>\n<td>250ml, 500ml, 750ml<\/td>\n<\/tr>\n<tr style=\"height: 13.50pt;\">\n<td style=\"height: 13.50pt;\" height=\"18\">Forma<\/td>\n<td>Quadrado com pain\u00e9is em relevo<\/td>\n<\/tr>\n<tr style=\"height: 13.50pt;\">\n<td style=\"height: 13.50pt;\" height=\"18\">Dimens\u00f5es<\/td>\n<td>8\u00d78,3cm a 10\u00d713,3cm<\/td>\n<\/tr>\n<tr style=\"height: 13.50pt;\">\n<td style=\"height: 13.50pt;\" height=\"18\">Material<\/td>\n<td>Vidro transparente, tampa de rosca met\u00e1lica<\/td>\n<\/tr>\n<tr style=\"height: 13.50pt;\">\n<td style=\"height: 13.50pt;\" height=\"18\">Op\u00e7\u00f5es de tampa<\/td>\n<td>Dourado, prateado, amarelo (cores personalizadas dispon\u00edveis)<\/td>\n<\/tr>\n<tr style=\"height: 13.50pt;\">\n<td style=\"height: 13.50pt;\" height=\"18\">Ideal para<\/td>\n<td>Mel, kits para presente, embalagens para varejo<\/td>\n<\/tr>\n<tr style=\"height: 13.50pt;\">\n<td style=\"height: 13.50pt;\" height=\"18\">Uso ideal<\/td>\n<td>Recipiente para armazenar mel, enfeites para presentear com mel<\/td>\n<\/tr>\n<\/tbody>\n<\/table>\n<h2>Caso de sucesso: Repagina\u00e7\u00e3o da marca de uma empresa de apicultura<\/h2>\n<p>Uma marca de produtos ap\u00edcolas que estava indo bem localmente, mas tinha potencial para aumentar as vendas, especialmente de mel cru e n\u00e3o filtrado, estava estagnada em rela\u00e7\u00e3o \u00e0s vendas. Seus frascos de mel de 250 ml estavam vendendo bem, mas eles n\u00e3o tinham uma embalagem sofisticada adequada para vendas em grandes quantidades. Optaram por relan\u00e7ar nossos potes de vidro quadrados de 500 ml com relevo para armazenamento de mel. Os novos potes mudaram o mercado drasticamente. Assim, as vendas online de kits para presente aumentaram 45% j\u00e1 no primeiro trimestre ap\u00f3s o relan\u00e7amento. Os clientes mencionam especialmente em suas avalia\u00e7\u00f5es &#034;os belos potes de mel de alta qualidade&#034; como seu item favorito. Segundo o propriet\u00e1rio, o padr\u00e3o de relevo exclusivo tornou-se sua marca registrada e, portanto, \u00e9 a caracter\u00edstica mais reconhec\u00edvel de seus produtos. O resultado disso foi uma sequ\u00eancia de quatro pedidos repetidos consecutivos, e eles adicionaram potes de vidro de 750ml com tampas para mel \u00e0 sua linha de produtos e garantiram uma parceria de atacado com um fluxo constante de vendas de mais de 500.000 unidades por ano desde ent\u00e3o.<\/p>\n<h2>Recomenda\u00e7\u00f5es para personaliza\u00e7\u00e3o de potes de vidro<\/h2>\n<ul>\n<li><strong>Logotipo em relevo:<\/strong> Grave seu logotipo no vidro para real\u00e7ar o efeito de relevo e apresentar visualmente uma identidade de marca premium e t\u00e1til.<\/li>\n<li><strong>Painel decorativo fosco:<\/strong> O acabamento fosco na superf\u00edcie plana do frasco quadrado n\u00e3o s\u00f3 ajuda a mant\u00ea-lo seguro, como tamb\u00e9m cria um efeito bicolor mais elegante e sofisticado.<\/li>\n<li><strong>Op\u00e7\u00f5es de vidro colorido:<\/strong> Por exemplo, voc\u00ea pode escolher vidro \u00e2mbar ou azul cobalto se quiser um visual radicalmente diferente e, ao mesmo tempo, contar com as caracter\u00edsticas de bloqueio de luz.<\/li>\n<li><strong>Textura da superf\u00edcie:<\/strong> Diferentes texturas em relevo podem ser empregadas em v\u00e1rios tamanhos de potes, resultando assim em uma op\u00e7\u00e3o consistente e distinta para sua linha de produtos.<\/li>\n<\/ul>","protected":false},"excerpt":{"rendered":"<p>Potes de vidro transparente para mel com tampas decoradas com padr\u00f5es em relevo e fechos met\u00e1licos seguros. Recipiente pr\u00e1tico para armazenar mel e ideal para embalagens de venda. Envio r\u00e1pido.<\/p>","protected":false},"featured_media":22823,"template":"","meta":[],"product_brand":[],"product_cat":[122,124,127],"product_tag":[],"class_list":{"0":"post-22818","1":"product","2":"type-product","3":"status-publish","4":"has-post-thumbnail","6":"product_cat-custom-glass-packaging","7":"product_cat-custom-glass-jars","8":"product_cat-glass-honey-jars","10":"first","11":"instock","12":"shipping-taxable","13":"product-type-simple"},"jetpack_sharing_enabled":true,"_links":{"self":[{"href":"https:\/\/yebodaglass.com\/pt\/wp-json\/wp\/v2\/product\/22818","targetHints":{"allow":["GET"]}}],"collection":[{"href":"https:\/\/yebodaglass.com\/pt\/wp-json\/wp\/v2\/product"}],"about":[{"href":"https:\/\/yebodaglass.com\/pt\/wp-json\/wp\/v2\/types\/product"}],"version-history":[{"count":5,"href":"https:\/\/yebodaglass.com\/pt\/wp-json\/wp\/v2\/product\/22818\/revisions"}],"predecessor-version":[{"id":25454,"href":"https:\/\/yebodaglass.com\/pt\/wp-json\/wp\/v2\/product\/22818\/revisions\/25454"}],"wp:featuredmedia":[{"embeddable":true,"href":"https:\/\/yebodaglass.com\/pt\/wp-json\/wp\/v2\/media\/22823"}],"wp:attachment":[{"href":"https:\/\/yebodaglass.com\/pt\/wp-json\/wp\/v2\/media?parent=22818"}],"wp:term":[{"taxonomy":"product_brand","embeddable":true,"href":"https:\/\/yebodaglass.com\/pt\/wp-json\/wp\/v2\/product_brand?post=22818"},{"taxonomy":"product_cat","embeddable":true,"href":"https:\/\/yebodaglass.com\/pt\/wp-json\/wp\/v2\/product_cat?post=22818"},{"taxonomy":"product_tag","embeddable":true,"href":"https:\/\/yebodaglass.com\/pt\/wp-json\/wp\/v2\/product_tag?post=22818"}],"curies":[{"name":"wp","href":"https:\/\/api.w.org\/{rel}","templated":true}]}}