{"id":22807,"date":"2025-10-28T13:24:01","date_gmt":"2025-10-28T05:24:01","guid":{"rendered":"https:\/\/yebodaglass.com\/?post_type=product&#038;p=22807"},"modified":"2025-10-28T17:47:21","modified_gmt":"2025-10-28T09:47:21","slug":"potes-de-geleia-transparentes-no-atacado-para-enlatamento","status":"publish","type":"product","link":"https:\/\/yebodaglass.com\/pt\/potes-de-geleia-transparentes-no-atacado-para-enlatamento\/","title":{"rendered":"Potes de geleia transparentes pequenos para atacado, ideais para conservas, nos tamanhos 20ml, 35ml, 60ml e 75ml."},"content":{"rendered":"<p>Esses pequenos potes para conservas s\u00e3o compostos por um corpo cil\u00edndrico de vidro transparente e uma moderna tampa dourada, dispon\u00edveis em v\u00e1rios tamanhos, que n\u00e3o s\u00f3 real\u00e7am o brilho dourado do mel, como tamb\u00e9m representam um design minimalista e luxuoso.<\/p>\n<h2>Caracter\u00edsticas do produto<\/h2>\n<ul>\n<li><strong>Cristalino:<\/strong> A qualidade e a cor dos produtos s\u00e3o muito bem real\u00e7adas pelo vidro cristalino, criando assim uma excelente primeira impress\u00e3o.<\/li>\n<li><strong>Prote\u00e7\u00e3o selada e segura:<\/strong> A tampa bem ajustada refresca o conte\u00fado e evita vazamentos durante o transporte e armazenamento, o que \u00e9 muito importante para seus produtos ap\u00edcolas.<\/li>\n<li><strong>Empilh\u00e1vel:<\/strong> O formato cil\u00edndrico padr\u00e3o desses potes de vidro permite o empilhamento sem problemas, economizando espa\u00e7o tanto nos armaz\u00e9ns quanto durante o transporte.<\/li>\n<\/ul>\n<h2 style=\"text-align: left;\">Especifica\u00e7\u00f5es principais<\/h2>\n<table class=\"aligncenter\" style=\"border-collapse: collapse; width: 414.77pt;\" border=\"0\" width=\"553\" cellspacing=\"0\" cellpadding=\"0\">\n<tbody>\n<tr style=\"height: 13.50pt;\">\n<td style=\"height: 13.50pt; width: 96.75pt;\" width=\"129\" height=\"18\">Recurso<\/td>\n<td style=\"width: 318.00pt;\" width=\"424\">Especifica\u00e7\u00e3o<\/td>\n<\/tr>\n<tr style=\"height: 13.50pt;\">\n<td style=\"height: 13.50pt;\" height=\"18\">Capacidade<\/td>\n<td>20ml, 35ml, 60ml, 75ml<\/td>\n<\/tr>\n<tr style=\"height: 13.50pt;\">\n<td style=\"height: 13.50pt;\" height=\"18\">Forma<\/td>\n<td>Cil\u00edndrico com ombros arredondados<\/td>\n<\/tr>\n<tr style=\"height: 13.50pt;\">\n<td style=\"height: 13.50pt;\" height=\"18\">Dimens\u00f5es<\/td>\n<td>4,3\u00d74,2cm a 5\u00d76,4cm<\/td>\n<\/tr>\n<tr style=\"height: 13.50pt;\">\n<td style=\"height: 13.50pt;\" height=\"18\">Material<\/td>\n<td>Vidro transparente, tampa de rosca met\u00e1lica<\/td>\n<\/tr>\n<tr style=\"height: 13.50pt;\">\n<td style=\"height: 13.50pt;\" height=\"18\">Op\u00e7\u00f5es de tampa<\/td>\n<td>Dourado, prateado, vermelho, rosa (cores personalizadas dispon\u00edveis)<\/td>\n<\/tr>\n<tr style=\"height: 13.50pt;\">\n<td style=\"height: 13.50pt;\" height=\"18\">Ideal para<\/td>\n<td>Mel, mini conservas, kits de amostra<\/td>\n<\/tr>\n<tr style=\"height: 13.50pt;\">\n<td style=\"height: 13.50pt;\" height=\"18\">Uso ideal<\/td>\n<td>Potes pequenos para geleia, potes para geleia, potes de mel no atacado<\/td>\n<\/tr>\n<\/tbody>\n<\/table>\n<h2>Caso de sucesso: como os potes de mel premium ajudaram a impulsionar uma marca.<\/h2>\n<p>A marca de mel, que expandiu sua atua\u00e7\u00e3o regionalmente, enfrentava problemas devido ao uso de potes de vidro de diferentes fornecedores em sua linha de envase. Al\u00e9m dos transtornos causados \u200b\u200bpela opera\u00e7\u00e3o, isso tamb\u00e9m prejudicava a imagem da marca. A empresa decidiu adquirir potes de vidro redondos de 60ml para mel, destinados ao seu principal produto. A padroniza\u00e7\u00e3o dos potes resultou em um aumento de 15% na velocidade da linha de envase, o que representou uma grande melhoria na efici\u00eancia.<\/p>\n<p>No entanto, o feedback dos clientes foi a verdadeira recompensa. As vendas de suas caixas de assinatura aumentaram 25% durante seis meses, e os assinantes destacaram especialmente a &#034;apar\u00eancia profissional e de alta qualidade&#034; da nova embalagem como o principal motivo para assinarem. Esse feedback positivo resultou em tr\u00eas pedidos consecutivos. Atualmente, eles s\u00e3o um \u00f3timo exemplo, utilizando nossos recipientes para todos os seus potes e garrafas de mel. Pedidos no atacado, totalizando mais de 200.000 unidades por trimestre, s\u00e3o a nova norma para eles.<\/p>\n<h2>Recomenda\u00e7\u00f5es de potes de vidro personalizados<\/h2>\n<ul>\n<li><strong>Cor da tampa da marca:<\/strong> Que tal escolher uma cor de bon\u00e9 personalizada que combine com a sua marca? O dourado seria uma excelente op\u00e7\u00e3o para um toque premium.<\/li>\n<li><strong>Serigrafia em vidro:<\/strong> D\u00ea destaque \u00e0 sua marca no vidro com uma impress\u00e3o que garanta um reconhecimento duradouro e resistente.<\/li>\n<li><strong>Decora\u00e7\u00e3o em vidro fosco:<\/strong> Adicione uma faixa ou padr\u00e3o fosco ao redor do frasco para um visual elegante, uma pegada confort\u00e1vel e um produto moderno e facetado.<\/li>\n<li><strong>Op\u00e7\u00f5es de vidro colorido:<\/strong> Por que n\u00e3o usar vidro \u00e2mbar claro ou azul para seus produtos que precisam ser protegidos da luz?<\/li>\n<\/ul>","protected":false},"excerpt":{"rendered":"<p>Potes de geleia elegantes e compactos com tampas de rosca douradas. Dur\u00e1veis, pr\u00f3prios para alimentos e ideais para mel e geleia. Envio r\u00e1pido e amostras gr\u00e1tis dispon\u00edveis.<\/p>","protected":false},"featured_media":22812,"template":"","meta":[],"product_brand":[],"product_cat":[122,124,127],"product_tag":[],"class_list":{"0":"post-22807","1":"product","2":"type-product","3":"status-publish","4":"has-post-thumbnail","6":"product_cat-custom-glass-packaging","7":"product_cat-custom-glass-jars","8":"product_cat-glass-honey-jars","10":"first","11":"instock","12":"shipping-taxable","13":"product-type-simple"},"jetpack_sharing_enabled":true,"_links":{"self":[{"href":"https:\/\/yebodaglass.com\/pt\/wp-json\/wp\/v2\/product\/22807","targetHints":{"allow":["GET"]}}],"collection":[{"href":"https:\/\/yebodaglass.com\/pt\/wp-json\/wp\/v2\/product"}],"about":[{"href":"https:\/\/yebodaglass.com\/pt\/wp-json\/wp\/v2\/types\/product"}],"version-history":[{"count":5,"href":"https:\/\/yebodaglass.com\/pt\/wp-json\/wp\/v2\/product\/22807\/revisions"}],"predecessor-version":[{"id":22853,"href":"https:\/\/yebodaglass.com\/pt\/wp-json\/wp\/v2\/product\/22807\/revisions\/22853"}],"wp:featuredmedia":[{"embeddable":true,"href":"https:\/\/yebodaglass.com\/pt\/wp-json\/wp\/v2\/media\/22812"}],"wp:attachment":[{"href":"https:\/\/yebodaglass.com\/pt\/wp-json\/wp\/v2\/media?parent=22807"}],"wp:term":[{"taxonomy":"product_brand","embeddable":true,"href":"https:\/\/yebodaglass.com\/pt\/wp-json\/wp\/v2\/product_brand?post=22807"},{"taxonomy":"product_cat","embeddable":true,"href":"https:\/\/yebodaglass.com\/pt\/wp-json\/wp\/v2\/product_cat?post=22807"},{"taxonomy":"product_tag","embeddable":true,"href":"https:\/\/yebodaglass.com\/pt\/wp-json\/wp\/v2\/product_tag?post=22807"}],"curies":[{"name":"wp","href":"https:\/\/api.w.org\/{rel}","templated":true}]}}