{"id":22798,"date":"2025-10-28T10:15:09","date_gmt":"2025-10-28T02:15:09","guid":{"rendered":"https:\/\/yebodaglass.com\/?post_type=product&#038;p=22798"},"modified":"2025-10-28T13:38:10","modified_gmt":"2025-10-28T05:38:10","slug":"wholesale-small-glass-jam-jars-with-flame-texture-design-50ml-75ml-100ml","status":"publish","type":"product","link":"https:\/\/yebodaglass.com\/pt\/wholesale-small-glass-jam-jars-with-flame-texture-design-50ml-75ml-100ml\/","title":{"rendered":"Potes de vidro pequenos para geleia, com estampa de chamas, dispon\u00edveis para atacado nos tamanhos 50ml, 75ml e 100ml."},"content":{"rendered":"<p>O vidro transparente, decorado com chamas e com uma cintura discreta, torna estes pequenos potes de geleia um deleite para os olhos. Dispon\u00edveis com tampas vermelhas e douradas e em v\u00e1rios tamanhos, eles n\u00e3o s\u00f3 transmitem pureza, como tamb\u00e9m real\u00e7am o apelo visual do mel dourado e espumoso atrav\u00e9s do seu design art\u00edstico e sofisticado.<\/p>\n<h2>Caracter\u00edsticas do produto<\/h2>\n<ul>\n<li><strong>Vidro transparente:<\/strong> Permita que a cor e a qualidade do seu mel sejam vis\u00edveis usando potes de vidro de alta qualidade, resistentes \u00e0 oxida\u00e7\u00e3o por muito tempo.<\/li>\n<li><strong>Garrafa c\u00f4nica estilizada com padr\u00e3o de fogo:<\/strong> A garrafa foi concebida com um tema vibrante e uma cintura que se funde ao corpo, exalando singularidade e criatividade, al\u00e9m de proporcionar uma mem\u00f3ria duradoura do produto e, ao mesmo tempo, apresentar valores est\u00e9ticos.<\/li>\n<li><strong>Diversas especifica\u00e7\u00f5es s\u00e3o poss\u00edveis:<\/strong> Essas garrafas s\u00e3o produzidas em diversos tamanhos, de acordo com suas utiliza\u00e7\u00f5es, que v\u00e3o desde o consumo di\u00e1rio em resid\u00eancias at\u00e9 embalagens para presentes.<\/li>\n<\/ul>\n<h2 style=\"text-align: left;\">Especifica\u00e7\u00f5es principais<\/h2>\n<table class=\"aligncenter\" style=\"border-collapse: collapse; width: 383.27pt;\" border=\"0\" width=\"511\" cellspacing=\"0\" cellpadding=\"0\">\n<tbody>\n<tr style=\"height: 13.50pt;\">\n<td style=\"height: 13.50pt; width: 85.50pt;\" width=\"114\" height=\"18\">Recurso<\/td>\n<td style=\"width: 297.75pt;\" width=\"397\">Especifica\u00e7\u00e3o<\/td>\n<\/tr>\n<tr style=\"height: 13.50pt;\">\n<td style=\"height: 13.50pt;\" height=\"18\">Capacidade<\/td>\n<td>50ml, 75ml, 100ml<\/td>\n<\/tr>\n<tr style=\"height: 13.50pt;\">\n<td style=\"height: 13.50pt;\" height=\"18\">Dimens\u00f5es<\/td>\n<td>4,9\u00d76,8cm a 6,2\u00d78,6cm<\/td>\n<\/tr>\n<tr style=\"height: 13.50pt;\">\n<td style=\"height: 13.50pt;\" height=\"18\">Material<\/td>\n<td>Vidro transparente, tampa de rosca met\u00e1lica<\/td>\n<\/tr>\n<tr style=\"height: 13.50pt;\">\n<td style=\"height: 13.50pt;\" height=\"18\">Op\u00e7\u00f5es de tampa<\/td>\n<td>Vermelho, dourado, preto, prateado (personalizado dispon\u00edvel)<\/td>\n<\/tr>\n<tr style=\"height: 13.50pt;\">\n<td style=\"height: 13.50pt;\" height=\"18\">Ideal para<\/td>\n<td>Mel, mini conservas, conjuntos para presente<\/td>\n<\/tr>\n<tr style=\"height: 13.50pt;\">\n<td style=\"height: 13.50pt;\" height=\"18\">Uso ideal<\/td>\n<td>Potes de vidro pequenos para geleia, potes para conservas de geleia<\/td>\n<\/tr>\n<\/tbody>\n<\/table>\n<h2>Caso de sucesso: a ind\u00fastria da apicultura est\u00e1 se fortalecendo.<\/h2>\n<p>Uma empresa familiar de apicultura, produtora de mel cru de origem \u00fanica, utilizava potes de geleia comuns. A embalagem era aceit\u00e1vel, mas n\u00e3o refletia a qualidade do produto. Foi uma mudan\u00e7a significativa quando decidiram abandonar os potes padr\u00e3o e come\u00e7aram a usar nossos potes de geleia personalizados de 100ml com tampa. Eles aumentaram suas vendas online em 30% em um per\u00edodo de 6 meses, e um dos fatores que contribuiu para esse sucesso foi o feedback dos clientes, que elogiaram a beleza e a qualidade dos potes. A recompra tamb\u00e9m aumentou em 60%. Portanto, um pequeno aumento de pre\u00e7o n\u00e3o s\u00f3 pode aumentar o lucro unit\u00e1rio, como tamb\u00e9m tornar a experi\u00eancia de desembalar o produto mais agrad\u00e1vel. Al\u00e9m disso, o cliente j\u00e1 fez tr\u00eas novos pedidos de 100.000 unidades, o que explica a transforma\u00e7\u00e3o gradual do pedido inicial em uma parceria comercial trimestral est\u00e1vel para os tamanhos de potes de mel mais populares.<\/p>\n<h2>Dicas para personalizar pequenos potes de vidro para geleia<\/h2>\n<ul>\n<li><strong>Serigrafia:<\/strong> Uma das melhores, sen\u00e3o a melhor, maneiras de imprimir seu logotipo ou arte \u00e9 por meio da serigrafia, que voc\u00ea deve considerar fazer na parte interna do copo de mel para obter uma apar\u00eancia luxuosa e duradoura.<\/li>\n<li><strong>Vidro colorido:<\/strong> Para tornar a experi\u00eancia totalmente diferente, que tal usar potes de vidro \u00e2mbar ou verde para o seu mel, que por sua vez ficar\u00e3o protegidos da luz?<\/li>\n<li><strong>Cores de tampa personalizadas:<\/strong> Caso sua marca tenha uma identidade visual espec\u00edfica (como dourado, vermelho ou preto), por que n\u00e3o optar por uma dessas cores para as p\u00e1lpebras, dentre as op\u00e7\u00f5es oferecidas?<\/li>\n<\/ul>","protected":false},"excerpt":{"rendered":"<p>Potes de vidro pequenos e elegantes com design texturizado em forma de chama e tampas de metal. Perfeitos para embalar geleias ou mel. Direto da f\u00e1brica, entrega r\u00e1pida, amostras gr\u00e1tis.<\/p>","protected":false},"featured_media":22801,"template":"","meta":[],"product_brand":[],"product_cat":[122,124,127],"product_tag":[],"class_list":{"0":"post-22798","1":"product","2":"type-product","3":"status-publish","4":"has-post-thumbnail","6":"product_cat-custom-glass-packaging","7":"product_cat-custom-glass-jars","8":"product_cat-glass-honey-jars","10":"first","11":"instock","12":"shipping-taxable","13":"product-type-simple"},"jetpack_sharing_enabled":true,"_links":{"self":[{"href":"https:\/\/yebodaglass.com\/pt\/wp-json\/wp\/v2\/product\/22798","targetHints":{"allow":["GET"]}}],"collection":[{"href":"https:\/\/yebodaglass.com\/pt\/wp-json\/wp\/v2\/product"}],"about":[{"href":"https:\/\/yebodaglass.com\/pt\/wp-json\/wp\/v2\/types\/product"}],"version-history":[{"count":5,"href":"https:\/\/yebodaglass.com\/pt\/wp-json\/wp\/v2\/product\/22798\/revisions"}],"predecessor-version":[{"id":22809,"href":"https:\/\/yebodaglass.com\/pt\/wp-json\/wp\/v2\/product\/22798\/revisions\/22809"}],"wp:featuredmedia":[{"embeddable":true,"href":"https:\/\/yebodaglass.com\/pt\/wp-json\/wp\/v2\/media\/22801"}],"wp:attachment":[{"href":"https:\/\/yebodaglass.com\/pt\/wp-json\/wp\/v2\/media?parent=22798"}],"wp:term":[{"taxonomy":"product_brand","embeddable":true,"href":"https:\/\/yebodaglass.com\/pt\/wp-json\/wp\/v2\/product_brand?post=22798"},{"taxonomy":"product_cat","embeddable":true,"href":"https:\/\/yebodaglass.com\/pt\/wp-json\/wp\/v2\/product_cat?post=22798"},{"taxonomy":"product_tag","embeddable":true,"href":"https:\/\/yebodaglass.com\/pt\/wp-json\/wp\/v2\/product_tag?post=22798"}],"curies":[{"name":"wp","href":"https:\/\/api.w.org\/{rel}","templated":true}]}}