{"id":22757,"date":"2025-10-27T15:59:54","date_gmt":"2025-10-27T07:59:54","guid":{"rendered":"https:\/\/yebodaglass.com\/?post_type=product&#038;p=22757"},"modified":"2026-04-14T09:35:09","modified_gmt":"2026-04-14T01:35:09","slug":"bulk-empty-jam-pots-for-honey-or-fruit-spread","status":"publish","type":"product","link":"https:\/\/yebodaglass.com\/pt\/bulk-empty-jam-pots-for-honey-or-fruit-spread\/","title":{"rendered":"Potes vazios para geleia de mel ou compota de frutas, em grandes quantidades, de 50ml a 380ml"},"content":{"rendered":"<p>Esses potes de geleia vazios t\u00eam um design cl\u00e1ssico com nervuras, s\u00e3o de vidro cristalino e possuem uma linda tampa xadrez vermelha e branca. Est\u00e3o dispon\u00edveis em seis tamanhos.<\/p>\n<h2>Caracter\u00edsticas do produto<\/h2>\n<ul>\n<li><strong>Mesma tampa quadriculada:<\/strong> A tampa padr\u00e3o de tecido xadrez vermelho e branco \u00e9 uma decora\u00e7\u00e3o muito charmosa, r\u00fastica e facilmente identific\u00e1vel.<\/li>\n<li><strong>Nervuras verticais:<\/strong> Com a adi\u00e7\u00e3o de nervuras verticais, um simples frasco se transforma em um design texturizado criativo, embelezando o apelo visual do produto e tornando-o mais reconhec\u00edvel.<\/li>\n<li><strong>Dispon\u00edvel em v\u00e1rios tamanhos:<\/strong> Dispomos de uma variedade de tamanhos para que voc\u00ea possa escolher o pote de mel que melhor se adapte \u00e0s suas necessidades.<\/li>\n<\/ul>\n<h2 style=\"text-align: left;\">Especifica\u00e7\u00f5es principais<\/h2>\n<table class=\"aligncenter\" style=\"border-collapse: collapse; width: 406.52pt;\" border=\"0\" width=\"542\" cellspacing=\"0\" cellpadding=\"0\">\n<tbody>\n<tr style=\"height: 13.50pt;\">\n<td style=\"height: 13.50pt; width: 90.00pt;\" width=\"120\" height=\"18\">Recurso<\/td>\n<td style=\"width: 316.50pt;\" width=\"422\">Especifica\u00e7\u00e3o<\/td>\n<\/tr>\n<tr style=\"height: 13.50pt;\">\n<td style=\"height: 13.50pt;\" height=\"18\">Capacidade<\/td>\n<td>50ml, 100ml, 150ml, 200ml, 250ml, 380ml<\/td>\n<\/tr>\n<tr style=\"height: 13.50pt;\">\n<td style=\"height: 13.50pt;\" height=\"18\">Forma<\/td>\n<td>Cil\u00edndrica<\/td>\n<\/tr>\n<tr style=\"height: 13.50pt;\">\n<td style=\"height: 13.50pt;\" height=\"18\">Dimens\u00f5es<\/td>\n<td>3,95\u00d75,3cm a 8,7\u00d711,3cm<\/td>\n<\/tr>\n<tr style=\"height: 13.50pt;\">\n<td style=\"height: 13.50pt;\" height=\"18\">Tipo de pesco\u00e7o<\/td>\n<td>Boca larga (di\u00e2metro interno de 3,5 cm a 7 cm)<\/td>\n<\/tr>\n<tr style=\"height: 13.50pt;\">\n<td style=\"height: 13.50pt;\" height=\"18\">Material<\/td>\n<td>Tampa de vidro transparente com veda\u00e7\u00e3o em tecido<\/td>\n<\/tr>\n<tr style=\"height: 13.50pt;\">\n<td style=\"height: 13.50pt;\" height=\"18\">Op\u00e7\u00f5es de tampa<\/td>\n<td>Xadrez vermelho e branco, cores s\u00f3lidas (personaliza\u00e7\u00e3o dispon\u00edvel)<\/td>\n<\/tr>\n<tr style=\"height: 13.50pt;\">\n<td style=\"height: 13.50pt;\" height=\"18\">Ideal para<\/td>\n<td>Mel, geleia, conservas, conjuntos para presente<\/td>\n<\/tr>\n<tr style=\"height: 13.50pt;\">\n<td style=\"height: 13.50pt;\" height=\"18\">Uso ideal<\/td>\n<td>Potes de geleia, potes de geleia vazios no atacado<\/td>\n<\/tr>\n<\/tbody>\n<\/table>\n<h2>Hist\u00f3ria de sucesso<\/h2>\n<p>Um dos fabricantes brit\u00e2nicos de geleia comprou nossos potes de geleia vazios e encomendou potes exclusivos em vidro \u00e2mbar de qualidade alimentar. O design sob medida foi um enorme sucesso: os potes especiais se tornaram sua marca registrada e a pesquisa com os clientes revelou que 85% dos consumidores conseguiam identificar a marca exclusivamente pelo pote. O vidro \u00e2mbar ofereceu um leve efeito de bloqueio de luz, o que, segundo o fabricante, aumentou a vida \u00fatil de sua geleia delicada em 10%. Com base nesses resultados, eles encomendaram mais 450.000 potes, preparando-se para lan\u00e7ar um novo programa de exporta\u00e7\u00e3o para os mercados dos EUA e da \u00c1sia.<\/p>\n<h2>Recomenda\u00e7\u00f5es para personalizar potes de geleia vazios<\/h2>\n<ul>\n<li><strong>Logotipo em relevo na tampa:<\/strong> Um detalhe elegante e luxuoso pode ser obtido com um belo logotipo em relevo na parte superior da tampa.<\/li>\n<li><strong>Cor do vidro:<\/strong> Opte por vidro \u00e2mbar ou verde para proteger os produtos sens\u00edveis \u00e0 luz e, ao mesmo tempo, dar um toque exclusivo \u00e0 prateleira.<\/li>\n<li><strong>Capacidade personalizada:<\/strong> Entre em contato conosco para personalizar a capacidade que melhor se adapte ao seu neg\u00f3cio, com base no peso ou no pre\u00e7o dos seus produtos.<\/li>\n<\/ul>","protected":false},"excerpt":{"rendered":"<p>Potes de vidro vintage vazios com listras verticais. Perfeitos para mel, geleia ou embalagens de presente. Aproveite descontos para compras em grande quantidade, entrega r\u00e1pida e amostras gr\u00e1tis.<\/p>","protected":false},"featured_media":25456,"template":"","meta":[],"product_brand":[],"product_cat":[127,124,122],"product_tag":[],"class_list":{"0":"post-22757","1":"product","2":"type-product","3":"status-publish","4":"has-post-thumbnail","6":"product_cat-glass-honey-jars","7":"product_cat-custom-glass-jars","8":"product_cat-custom-glass-packaging","10":"first","11":"instock","12":"shipping-taxable","13":"product-type-simple"},"jetpack_sharing_enabled":true,"_links":{"self":[{"href":"https:\/\/yebodaglass.com\/pt\/wp-json\/wp\/v2\/product\/22757","targetHints":{"allow":["GET"]}}],"collection":[{"href":"https:\/\/yebodaglass.com\/pt\/wp-json\/wp\/v2\/product"}],"about":[{"href":"https:\/\/yebodaglass.com\/pt\/wp-json\/wp\/v2\/types\/product"}],"version-history":[{"count":5,"href":"https:\/\/yebodaglass.com\/pt\/wp-json\/wp\/v2\/product\/22757\/revisions"}],"predecessor-version":[{"id":25771,"href":"https:\/\/yebodaglass.com\/pt\/wp-json\/wp\/v2\/product\/22757\/revisions\/25771"}],"wp:featuredmedia":[{"embeddable":true,"href":"https:\/\/yebodaglass.com\/pt\/wp-json\/wp\/v2\/media\/25456"}],"wp:attachment":[{"href":"https:\/\/yebodaglass.com\/pt\/wp-json\/wp\/v2\/media?parent=22757"}],"wp:term":[{"taxonomy":"product_brand","embeddable":true,"href":"https:\/\/yebodaglass.com\/pt\/wp-json\/wp\/v2\/product_brand?post=22757"},{"taxonomy":"product_cat","embeddable":true,"href":"https:\/\/yebodaglass.com\/pt\/wp-json\/wp\/v2\/product_cat?post=22757"},{"taxonomy":"product_tag","embeddable":true,"href":"https:\/\/yebodaglass.com\/pt\/wp-json\/wp\/v2\/product_tag?post=22757"}],"curies":[{"name":"wp","href":"https:\/\/api.w.org\/{rel}","templated":true}]}}