{"id":22751,"date":"2025-10-27T14:15:12","date_gmt":"2025-10-27T06:15:12","guid":{"rendered":"https:\/\/yebodaglass.com\/?post_type=product&#038;p=22751"},"modified":"2025-10-27T17:32:57","modified_gmt":"2025-10-27T09:32:57","slug":"bulk-75ml-clear-glass-honey-bottle-with-waist-design","status":"publish","type":"product","link":"https:\/\/yebodaglass.com\/pt\/bulk-75ml-clear-glass-honey-bottle-with-waist-design\/","title":{"rendered":"Frasco de vidro transparente para mel, 75ml, com design de cintura."},"content":{"rendered":"<p>Esses pequenos frascos de mel s\u00e3o feitos de vidro de alta transpar\u00eancia, com design ergon\u00f4mico e tampas douradas. O design simples e elegante torna o produto visualmente atraente.<\/p>\n<h2>Caracter\u00edsticas do produto<\/h2>\n<ul>\n<li><strong>Vidro transparente:<\/strong> A transpar\u00eancia do vidro torna o conte\u00fado vis\u00edvel e facilita a verifica\u00e7\u00e3o da sua qualidade, tornando a identifica\u00e7\u00e3o e a inspe\u00e7\u00e3o simples e sem esfor\u00e7o.<\/li>\n<li><strong>Design de frasco fino:<\/strong> Ao utilizar o design de frasco fino, os fabricantes conseguiram uma apar\u00eancia elegante e moderna que n\u00e3o s\u00f3 embeleza o produto, como tamb\u00e9m facilita a sua promo\u00e7\u00e3o.<\/li>\n<li><strong>Tamanho compacto:<\/strong> O tamanho compacto da garrafa torna-a um item pr\u00e1tico que pode ser levado em viagens, usado em degusta\u00e7\u00f5es ou em outras ocasi\u00f5es em que surja a necessidade de pequenas quantidades.<\/li>\n<\/ul>\n<h2 style=\"text-align: left;\">Especifica\u00e7\u00f5es principais<\/h2>\n<table class=\"aligncenter\" style=\"border-collapse: collapse; width: 453.02pt;\" border=\"0\" width=\"604\" cellspacing=\"0\" cellpadding=\"0\">\n<tbody>\n<tr style=\"height: 13.50pt;\">\n<td style=\"height: 13.50pt; width: 92.25pt;\" width=\"123\" height=\"18\">Recurso<\/td>\n<td style=\"width: 360.75pt;\" width=\"481\">Especifica\u00e7\u00e3o<\/td>\n<\/tr>\n<tr style=\"height: 13.50pt;\">\n<td style=\"height: 13.50pt;\" height=\"18\">Capacidade<\/td>\n<td>75ml<\/td>\n<\/tr>\n<tr style=\"height: 13.50pt;\">\n<td style=\"height: 13.50pt;\" height=\"18\">Forma<\/td>\n<td>Ampulheta (cintura fina)<\/td>\n<\/tr>\n<tr style=\"height: 13.50pt;\">\n<td style=\"height: 13.50pt;\" height=\"18\">Dimens\u00f5es<\/td>\n<td>4,5\u00d711,2cm<\/td>\n<\/tr>\n<tr style=\"height: 13.50pt;\">\n<td style=\"height: 13.50pt;\" height=\"18\">Material<\/td>\n<td>Vidro transparente, tampa de rosca met\u00e1lica<\/td>\n<\/tr>\n<tr style=\"height: 13.50pt;\">\n<td style=\"height: 13.50pt;\" height=\"18\">Op\u00e7\u00f5es de tampa<\/td>\n<td>Dourado, prateado, preto (personalizado dispon\u00edvel)<\/td>\n<\/tr>\n<tr style=\"height: 13.50pt;\">\n<td style=\"height: 13.50pt;\" height=\"18\">Ideal para<\/td>\n<td>Amostras de mel, kits para presente, tamanhos de viagem, linhas gourmet<\/td>\n<\/tr>\n<tr style=\"height: 13.50pt;\">\n<td style=\"height: 13.50pt;\" height=\"18\">Uso ideal<\/td>\n<td>Potes pequenos para mel, garrafas de mel, potes de mel para atacado<\/td>\n<\/tr>\n<\/tbody>\n<\/table>\n<h2>Caso de sucesso: Impulsionando as vendas de presentes de luxo<\/h2>\n<p>Uma rede de lojas de produtos aliment\u00edcios especiais buscava uma garrafa diferenciada para suas caixas de presente de luxo para as festas de fim de ano. Eles procuravam uma embalagem que combinasse luxo e pre\u00e7o acess\u00edvel. Optaram pela nossa garrafa slim de 75ml para mel com tampa dourada e fizeram um pedido inicial de 5.000 unidades. Os resultados foram promissores. Para come\u00e7ar, o formato c\u00f4nico e a tampa dourada elevaram o valor percebido \u2014 uma marca de mel artesanal registrou um aumento de 42% nas vendas de kits de presente. Al\u00e9m disso, a garrafa de vidro resistente foi respons\u00e1vel por uma redu\u00e7\u00e3o de 50% nos danos durante o transporte, em compara\u00e7\u00e3o com o uso da garrafa de pl\u00e1stico anterior. Essa conquista levou a rede a fazer 200.000 pedidos de renova\u00e7\u00e3o para uma promo\u00e7\u00e3o do Dia dos Namorados, al\u00e9m de confirmar o uso cont\u00ednuo da garrafa como item principal de presente, o que, por sua vez, resultou em um aumento de 150% nas vendas de mel para presente da empresa em rela\u00e7\u00e3o ao ano anterior.<\/p>\n<h2>Sugest\u00f5es de embalagens de vidro personalizadas<\/h2>\n<ul>\n<li><strong>Capacidade gravada a laser na base:<\/strong> Grave \u201c75ml\u201d na parte inferior. Fica com um acabamento impec\u00e1vel. Facilita o enchimento em lotes.<\/li>\n<li><strong>Transpar\u00eancia do vidro:<\/strong> Escolha um vidro levemente colorido, como um cinza fum\u00ea claro, para dar ao item um aspecto moderno e destac\u00e1-lo dos demais.<\/li>\n<li><strong>Destaque de cor:<\/strong> Um esmalte colorido, em uma camada muito fina, pode ser usado para cobrir a cintura ou o gargalo da garrafa, criando assim um modelo exclusivo com assinatura pr\u00f3pria.<\/li>\n<li><strong>Serigrafia:<\/strong> Use uma das cores met\u00e1licas (dourada, prateada) ou vibrantes do seu logotipo e imprima-o diretamente no vidro para uma identidade de marca duradoura.<\/li>\n<\/ul>","protected":false},"excerpt":{"rendered":"<p>Frascos de vidro premium em formato de cintura para mel, ideais para uma identidade visual diferenciada. Perfeitos para produtores e atacadistas de mel, com descontos para compras em grande quantidade e entrega r\u00e1pida.<\/p>","protected":false},"featured_media":22755,"template":"","meta":[],"product_brand":[],"product_cat":[122,124,127],"product_tag":[],"class_list":{"0":"post-22751","1":"product","2":"type-product","3":"status-publish","4":"has-post-thumbnail","6":"product_cat-custom-glass-packaging","7":"product_cat-custom-glass-jars","8":"product_cat-glass-honey-jars","10":"first","11":"instock","12":"shipping-taxable","13":"product-type-simple"},"jetpack_sharing_enabled":true,"_links":{"self":[{"href":"https:\/\/yebodaglass.com\/pt\/wp-json\/wp\/v2\/product\/22751","targetHints":{"allow":["GET"]}}],"collection":[{"href":"https:\/\/yebodaglass.com\/pt\/wp-json\/wp\/v2\/product"}],"about":[{"href":"https:\/\/yebodaglass.com\/pt\/wp-json\/wp\/v2\/types\/product"}],"version-history":[{"count":3,"href":"https:\/\/yebodaglass.com\/pt\/wp-json\/wp\/v2\/product\/22751\/revisions"}],"predecessor-version":[{"id":22769,"href":"https:\/\/yebodaglass.com\/pt\/wp-json\/wp\/v2\/product\/22751\/revisions\/22769"}],"wp:featuredmedia":[{"embeddable":true,"href":"https:\/\/yebodaglass.com\/pt\/wp-json\/wp\/v2\/media\/22755"}],"wp:attachment":[{"href":"https:\/\/yebodaglass.com\/pt\/wp-json\/wp\/v2\/media?parent=22751"}],"wp:term":[{"taxonomy":"product_brand","embeddable":true,"href":"https:\/\/yebodaglass.com\/pt\/wp-json\/wp\/v2\/product_brand?post=22751"},{"taxonomy":"product_cat","embeddable":true,"href":"https:\/\/yebodaglass.com\/pt\/wp-json\/wp\/v2\/product_cat?post=22751"},{"taxonomy":"product_tag","embeddable":true,"href":"https:\/\/yebodaglass.com\/pt\/wp-json\/wp\/v2\/product_tag?post=22751"}],"curies":[{"name":"wp","href":"https:\/\/api.w.org\/{rel}","templated":true}]}}