{"id":22714,"date":"2025-10-24T17:22:39","date_gmt":"2025-10-24T09:22:39","guid":{"rendered":"https:\/\/yebodaglass.com\/?post_type=product&#038;p=22714"},"modified":"2025-10-27T13:13:23","modified_gmt":"2025-10-27T05:13:23","slug":"wholesale-glass-hexagon-honey-jars-with-dipper","status":"publish","type":"product","link":"https:\/\/yebodaglass.com\/pt\/wholesale-glass-hexagon-honey-jars-with-dipper\/","title":{"rendered":"Potes de vidro hexagonais para mel, com colher dosadora, dispon\u00edveis para venda por atacado, nos tamanhos 100ml, 220ml e 380ml."},"content":{"rendered":"<p>Esses potes de mel hexagonais s\u00e3o perfeitos, pois v\u00eam em diferentes tamanhos e possuem um corpo de vidro hexagonal transparente com tampa de madeira natural e uma colher de mel embutida. Al\u00e9m de exibir o mel da melhor maneira, eles tamb\u00e9m combinam um design geom\u00e9trico com uma eleg\u00e2ncia discreta e pr\u00e1tica.<\/p>\n<h2>Caracter\u00edsticas do produto<\/h2>\n<ul>\n<li><strong>Garrafa hexagonal:<\/strong> O formato hexagonal regular, com seu charme geom\u00e9trico, harmoniza-se com os aspectos naturais do mel e contribui para real\u00e7ar sua identidade visual.<\/li>\n<li><strong>Design integrado:<\/strong> Al\u00e9m disso, os frascos tamb\u00e9m cont\u00eam um mexedor de mel de madeira que se encaixa perfeitamente na tampa de madeira, proporcionando assim uma apar\u00eancia natural e uniforme.<\/li>\n<li><strong>Vidro transparente:<\/strong> Al\u00e9m disso, o vidro transparente proporciona uma vis\u00e3o completa da quantidade e qualidade do mel, facilitando assim o reabastecimento.<\/li>\n<\/ul>\n<h2 style=\"text-align: left;\">Especifica\u00e7\u00f5es principais<\/h2>\n<table style=\"border-collapse: collapse; margin-left: auto; margin-right: auto; width: 453.02pt;\" border=\"0\" width=\"604\" cellspacing=\"0\" cellpadding=\"0\">\n<tbody>\n<tr style=\"height: 13.50pt;\">\n<td style=\"height: 13.50pt; width: 92.25pt;\" width=\"123\" height=\"18\">Recurso<\/td>\n<td style=\"width: 360.75pt;\" width=\"481\">Especifica\u00e7\u00e3o<\/td>\n<\/tr>\n<tr style=\"height: 13.50pt;\">\n<td style=\"height: 13.50pt;\" height=\"18\">Capacidade<\/td>\n<td>100ml, 220ml, 380ml<\/td>\n<\/tr>\n<tr style=\"height: 13.50pt;\">\n<td style=\"height: 13.50pt;\" height=\"18\">Forma<\/td>\n<td>Hexagonal (seis lados)<\/td>\n<\/tr>\n<tr style=\"height: 13.50pt;\">\n<td style=\"height: 13.50pt;\" height=\"18\">Dimens\u00f5es<\/td>\n<td>7,7\u00d78,3cm a 11,7\u00d712,1cm<\/td>\n<\/tr>\n<tr style=\"height: 13.50pt;\">\n<td style=\"height: 13.50pt;\" height=\"18\">Material<\/td>\n<td>Copo transparente, tampa e concha de madeira maci\u00e7a<\/td>\n<\/tr>\n<tr style=\"height: 13.50pt;\">\n<td style=\"height: 13.50pt;\" height=\"18\">Op\u00e7\u00f5es de tampa<\/td>\n<td>Madeira natural (dispon\u00edvel com acabamento personalizado)<\/td>\n<\/tr>\n<tr style=\"height: 13.50pt;\">\n<td style=\"height: 13.50pt;\" height=\"18\">Ideal para<\/td>\n<td>Mel, kits para presente, linhas de alimentos gourmet<\/td>\n<\/tr>\n<tr style=\"height: 13.50pt;\">\n<td style=\"height: 13.50pt;\" height=\"18\">Uso ideal<\/td>\n<td>Potes de mel hexagonais com colher dosadora, linhas de neg\u00f3cios artesanais<\/td>\n<\/tr>\n<\/tbody>\n<\/table>\n<h2>Caso de sucesso: Crescimento de uma cooperativa de apicultura<\/h2>\n<p>Uma famosa cooperativa de apicultura, precisando de um recipiente de vidro perfeito para o mel, que refletisse a frescura do produto da melhor forma, escolheu nosso pote de vidro de 380ml com colher dosadora pela sua durabilidade e transpar\u00eancia. As vendas aumentaram 25% nos primeiros seis meses do ano ap\u00f3s a mudan\u00e7a para o nosso produto, sendo que grande parte desse aumento se deve ao belo design dos potes, que os destacou nas feiras de produtores. Al\u00e9m disso, a praticidade da colher dosadora, que acompanha o pote, gerou um feedback muito positivo dos clientes, resultando em um aumento de 75% na fideliza\u00e7\u00e3o. Satisfeitos com a qualidade do produto e a efici\u00eancia do processo para grandes encomendas, fizeram mais tr\u00eas pedidos de 150.000 potes cada, tornando o pote um item essencial em sua embalagem.<\/p>\n<h2>Recomenda\u00e7\u00f5es para personaliza\u00e7\u00e3o de potes de mel<\/h2>\n<ul>\n<li><strong>Logotipo da tampa:<\/strong> A tampa de madeira do frasco pode ser personalizada com o logotipo da sua empresa por meio de estampagem a quente ou grava\u00e7\u00e3o a laser.<\/li>\n<li><strong>Colher personalizada:<\/strong> Personalize o bast\u00e3o de mel pintando-o com as cores da sua marca ou adicionando uma pequena etiqueta com a sua marca.<\/li>\n<li><strong>Vidro fosco:<\/strong> Um dos atrativos do produto ser\u00e1 a ilumina\u00e7\u00e3o suave e o visual elegante, proporcionado ao vidro hexagonal pelo acabamento fosco que acentua o formato.<\/li>\n<li><strong>Capacidade personalizada:<\/strong> Se voc\u00ea estiver solicitando um tamanho espec\u00edfico, podemos agendar uma reuni\u00e3o para definirmos o volume que melhor atenda \u00e0s necessidades do seu neg\u00f3cio.<\/li>\n<\/ul>\n<p>Deseja estar preparado com anteced\u00eancia? Entre em contato conosco hoje mesmo para conversar sobre o pote de mel a granel que voc\u00ea precisa e obter um \u00f3timo pre\u00e7o de atacado. Deixe-nos ajud\u00e1-lo a encontrar a embalagem de mel ideal para o seu neg\u00f3cio.<\/p>","protected":false},"excerpt":{"rendered":"<p>Potes de vidro decorativos hexagonais para mel, com tampas de madeira e colheres para coletar o mel. Perfeitos para embalagens de mel, kits para presente e pedidos no atacado. Amostra gr\u00e1tis.<\/p>","protected":false},"featured_media":22736,"template":"","meta":[],"product_brand":[],"product_cat":[122,124,127],"product_tag":[],"class_list":{"0":"post-22714","1":"product","2":"type-product","3":"status-publish","4":"has-post-thumbnail","6":"product_cat-custom-glass-packaging","7":"product_cat-custom-glass-jars","8":"product_cat-glass-honey-jars","10":"first","11":"instock","12":"shipping-taxable","13":"product-type-simple"},"jetpack_sharing_enabled":true,"_links":{"self":[{"href":"https:\/\/yebodaglass.com\/pt\/wp-json\/wp\/v2\/product\/22714","targetHints":{"allow":["GET"]}}],"collection":[{"href":"https:\/\/yebodaglass.com\/pt\/wp-json\/wp\/v2\/product"}],"about":[{"href":"https:\/\/yebodaglass.com\/pt\/wp-json\/wp\/v2\/types\/product"}],"version-history":[{"count":5,"href":"https:\/\/yebodaglass.com\/pt\/wp-json\/wp\/v2\/product\/22714\/revisions"}],"predecessor-version":[{"id":22745,"href":"https:\/\/yebodaglass.com\/pt\/wp-json\/wp\/v2\/product\/22714\/revisions\/22745"}],"wp:featuredmedia":[{"embeddable":true,"href":"https:\/\/yebodaglass.com\/pt\/wp-json\/wp\/v2\/media\/22736"}],"wp:attachment":[{"href":"https:\/\/yebodaglass.com\/pt\/wp-json\/wp\/v2\/media?parent=22714"}],"wp:term":[{"taxonomy":"product_brand","embeddable":true,"href":"https:\/\/yebodaglass.com\/pt\/wp-json\/wp\/v2\/product_brand?post=22714"},{"taxonomy":"product_cat","embeddable":true,"href":"https:\/\/yebodaglass.com\/pt\/wp-json\/wp\/v2\/product_cat?post=22714"},{"taxonomy":"product_tag","embeddable":true,"href":"https:\/\/yebodaglass.com\/pt\/wp-json\/wp\/v2\/product_tag?post=22714"}],"curies":[{"name":"wp","href":"https:\/\/api.w.org\/{rel}","templated":true}]}}