{"id":22702,"date":"2025-10-24T15:45:33","date_gmt":"2025-10-24T07:45:33","guid":{"rendered":"https:\/\/yebodaglass.com\/?post_type=product&#038;p=22702"},"modified":"2025-10-24T17:20:26","modified_gmt":"2025-10-24T09:20:26","slug":"bulk-round-honey-jars-with-lids-and-vertical-stripes","status":"publish","type":"product","link":"https:\/\/yebodaglass.com\/pt\/bulk-round-honey-jars-with-lids-and-vertical-stripes\/","title":{"rendered":"Potes de mel redondos a granel com tampas e listras verticais, 150ml, 200ml, 280ml e 380ml"},"content":{"rendered":"<p>Estes potes de mel com tampa s\u00e3o feitos de vidro transparente, com listras verticais que percorrem toda a sua extens\u00e3o, e as tampas podem ser em ouro rosa, vermelho ou dourado. Al\u00e9m de serem perfeitos para exibir o mel, cuja cor varia do dourado ao \u00e2mbar, os potes tamb\u00e9m exalam um charme sofisticado e elegante por estarem dispon\u00edveis em diferentes tamanhos.<\/p>\n<h2>Caracter\u00edsticas do produto<\/h2>\n<ul>\n<li><strong>Vidro transparente:<\/strong> Gra\u00e7as ao vidro transparente, o n\u00edvel do mel, o seu estado e at\u00e9 mesmo o tipo de mel podem ser vistos num relance, tornando o reabastecimento e a identifica\u00e7\u00e3o muito f\u00e1ceis.<\/li>\n<li><strong>Garrafa com listras verticais:<\/strong> Um belo padr\u00e3o texturizado de listras verticais \u00e9 artisticamente distribu\u00eddo por toda a garrafa, o que n\u00e3o s\u00f3 eleva o design, como tamb\u00e9m torna a garrafa mais vis\u00edvel.<\/li>\n<li><strong>V\u00e1rios tamanhos:<\/strong> Uma enorme variedade de tamanhos est\u00e1 dispon\u00edvel, permitindo que voc\u00ea selecione a garrafa mais adequada para seu uso ou para a ocasi\u00e3o espec\u00edfica.<\/li>\n<\/ul>\n<h2 style=\"text-align: left;\">Especifica\u00e7\u00f5es principais<\/h2>\n<table class=\"aligncenter\" style=\"border-collapse: collapse; width: 412.52pt;\" border=\"0\" width=\"550\" cellspacing=\"0\" cellpadding=\"0\">\n<tbody>\n<tr style=\"height: 13.50pt;\">\n<td style=\"height: 13.50pt; width: 90.00pt;\" width=\"120\" height=\"18\">Recurso<\/td>\n<td style=\"width: 322.50pt;\" width=\"430\">Especifica\u00e7\u00e3o<\/td>\n<\/tr>\n<tr style=\"height: 13.50pt;\">\n<td style=\"height: 13.50pt;\" height=\"18\">Capacidade<\/td>\n<td>150ml, 200ml, 280ml, 380ml<\/td>\n<\/tr>\n<tr style=\"height: 13.50pt;\">\n<td style=\"height: 13.50pt;\" height=\"18\">Forma<\/td>\n<td>Redondo com sulcos verticais<\/td>\n<\/tr>\n<tr style=\"height: 13.50pt;\">\n<td style=\"height: 13.50pt;\" height=\"18\">Dimens\u00f5es<\/td>\n<td>6,1\u00d77,4cm a 8,5\u00d79,7cm<\/td>\n<\/tr>\n<tr style=\"height: 13.50pt;\">\n<td style=\"height: 13.50pt;\" height=\"18\">Material<\/td>\n<td>Vidro transparente, tampa de rosca em PP<\/td>\n<\/tr>\n<tr style=\"height: 13.50pt;\">\n<td style=\"height: 13.50pt;\" height=\"18\">Op\u00e7\u00f5es de tampa<\/td>\n<td>Ouro rosa, vermelho, dourado (cores personalizadas dispon\u00edveis)<\/td>\n<\/tr>\n<tr style=\"height: 13.50pt;\">\n<td style=\"height: 13.50pt;\" height=\"18\">Uso ideal<\/td>\n<td>Potes de mel com tampas, pote de mel, potes de mel a granel<\/td>\n<\/tr>\n<\/tbody>\n<\/table>\n<h2>Caso de Sucesso: Aumento do Reconhecimento da Marca e das Vendas<\/h2>\n<p>A empresa familiar de apicultura tinha um \u00f3timo produto, mas a embalagem n\u00e3o era das melhores. Seus potes de geleia simples e redondos n\u00e3o vendiam bem. Decidiram ent\u00e3o experimentar nossos potes de mel de 280 ml com listras verticais, fazendo um pedido inicial de 3.000 unidades. Os resultados foram imediatos. O design diferenciado com listras verticais e a tampa de metal impulsionaram as vendas em 25%, e a empresa tamb\u00e9m conseguiu garantir um espa\u00e7o em dois servi\u00e7os de assinatura de produtos gourmet. O n\u00famero de clientes que fizeram compras repetidas aumentou 78%. Desde ent\u00e3o, eles fazem pedidos regularmente, o que explica a compra trimestral de 100.000 potes e a recente expans\u00e3o para um tamanho experimental de 150 ml.<\/p>\n<h2>Recomenda\u00e7\u00f5es de potes de vidro personalizados<\/h2>\n<ul>\n<li><strong>Profundidade e largura do sulco:<\/strong> Ajuste a largura do sulco ou a dist\u00e2ncia entre as sali\u00eancias para exibir visualmente a textura de forma mais ou menos acentuada.<\/li>\n<li><strong>Vidro colorido:<\/strong> Uma cor suave, como por exemplo, um \u00e2mbar claro, pode ser utilizada n\u00e3o s\u00f3 para dar um aspecto mais acolhedor ao mel, mas tamb\u00e9m para proteg\u00ea-lo dos raios UV.<\/li>\n<li><strong>Formato da base personalizada:<\/strong> Altere a base para um formato ligeiramente hexagonal ou quadrado, mas mantenha os sulcos arredondados para manter a consist\u00eancia.<\/li>\n<\/ul>\n<p>Que tal elevar sua marca a um novo patamar? Entre em contato conosco para receber um or\u00e7amento de potes de mel no atacado e imagine as infinitas possibilidades com nossas embalagens de vidro personalizadas.<\/p>","protected":false},"excerpt":{"rendered":"<p>Potes de mel elegantes com tampas e textura canelada vertical. Perfeitos para embalar mel, geleia ou outros alimentos, dispon\u00edveis para encomendas em grande quantidade e com personaliza\u00e7\u00e3o da marca.<\/p>","protected":false},"featured_media":22705,"template":"","meta":[],"product_brand":[],"product_cat":[122,124,127],"product_tag":[],"class_list":{"0":"post-22702","1":"product","2":"type-product","3":"status-publish","4":"has-post-thumbnail","6":"product_cat-custom-glass-packaging","7":"product_cat-custom-glass-jars","8":"product_cat-glass-honey-jars","10":"first","11":"instock","12":"shipping-taxable","13":"product-type-simple"},"jetpack_sharing_enabled":true,"_links":{"self":[{"href":"https:\/\/yebodaglass.com\/pt\/wp-json\/wp\/v2\/product\/22702","targetHints":{"allow":["GET"]}}],"collection":[{"href":"https:\/\/yebodaglass.com\/pt\/wp-json\/wp\/v2\/product"}],"about":[{"href":"https:\/\/yebodaglass.com\/pt\/wp-json\/wp\/v2\/types\/product"}],"version-history":[{"count":5,"href":"https:\/\/yebodaglass.com\/pt\/wp-json\/wp\/v2\/product\/22702\/revisions"}],"predecessor-version":[{"id":22712,"href":"https:\/\/yebodaglass.com\/pt\/wp-json\/wp\/v2\/product\/22702\/revisions\/22712"}],"wp:featuredmedia":[{"embeddable":true,"href":"https:\/\/yebodaglass.com\/pt\/wp-json\/wp\/v2\/media\/22705"}],"wp:attachment":[{"href":"https:\/\/yebodaglass.com\/pt\/wp-json\/wp\/v2\/media?parent=22702"}],"wp:term":[{"taxonomy":"product_brand","embeddable":true,"href":"https:\/\/yebodaglass.com\/pt\/wp-json\/wp\/v2\/product_brand?post=22702"},{"taxonomy":"product_cat","embeddable":true,"href":"https:\/\/yebodaglass.com\/pt\/wp-json\/wp\/v2\/product_cat?post=22702"},{"taxonomy":"product_tag","embeddable":true,"href":"https:\/\/yebodaglass.com\/pt\/wp-json\/wp\/v2\/product_tag?post=22702"}],"curies":[{"name":"wp","href":"https:\/\/api.w.org\/{rel}","templated":true}]}}