{"id":22695,"date":"2025-10-24T14:50:28","date_gmt":"2025-10-24T06:50:28","guid":{"rendered":"https:\/\/yebodaglass.com\/?post_type=product&#038;p=22695"},"modified":"2026-04-09T15:59:51","modified_gmt":"2026-04-09T07:59:51","slug":"glass-jars-with-lids-wholesale-round-honey-jars-bulk","status":"publish","type":"product","link":"https:\/\/yebodaglass.com\/pt\/glass-jars-with-lids-wholesale-round-honey-jars-bulk\/","title":{"rendered":"Potes de vidro com tampa para atacado | Potes redondos para mel de 180ml, 360ml, 500ml e 720ml em grandes quantidades"},"content":{"rendered":"<p>Estes frascos de vidro com tampa t\u00eam um design moderno. S\u00e3o feitos de vidro e t\u00eam um aspeto muito profissional nas prateleiras das lojas. Isto torna-os adequados para embalar diferentes tipos de produtos. Estes frascos de vidro com tampa podem ser usados \u200b\u200bpara uma variedade de artigos, como mel, geleia, xarope, molho e at\u00e9 velas. A boca larga do frasco facilita o enchimento, o armazenamento e a utiliza\u00e7\u00e3o dos produtos no seu interior. \u00c9 por isso que marcas, tanto grandes como pequenas, gostam de usar estes frascos.<\/p>\n<h2>Principais caracter\u00edsticas<\/h2>\n<ol>\n<li><strong>Vidro resistente de qualidade alimentar<\/strong>Fabricados em vidro s\u00f3dio-c\u00e1lcico de alta brancura, todos os nossos potes de mel redondos s\u00e3o dur\u00e1veis, reutiliz\u00e1veis \u200b\u200be seguros para armazenamento de alimentos e uso a longo prazo.<\/li>\n<li><strong>Veda\u00e7\u00e3o segura para manter o frescor.<\/strong>A tampa de rosca, combinada com revestimentos sens\u00edveis \u00e0 press\u00e3o ou de alum\u00ednio, garante excelente veda\u00e7\u00e3o, ideal para recipientes de mel, xarope e molho, sem vazamentos.<\/li>\n<li><strong>Pronto para personaliza\u00e7\u00e3o com sua marca.<\/strong>Como fabricantes profissionais, oferecemos op\u00e7\u00f5es totalmente personalizadas, incluindo impress\u00e3o, revestimento, grava\u00e7\u00e3o e rotulagem, para apoiar o crescimento do seu neg\u00f3cio no atacado de mel e em outros segmentos.<\/li>\n<\/ol>\n<h2>Especifica\u00e7\u00f5es principais<\/h2>\n<table style=\"border-collapse: collapse; width: 80%; margin-left: auto; margin-right: auto;\" border=\"0\" width=\"590\" cellspacing=\"0\" cellpadding=\"0\">\n<tbody>\n<tr style=\"height: 13.50pt;\">\n<td style=\"height: 13.50pt; width: 90.00pt;\" width=\"120\" height=\"18\">Recurso<\/td>\n<td style=\"width: 352.50pt;\" width=\"470\">Especifica\u00e7\u00e3o<\/td>\n<\/tr>\n<tr style=\"height: 13.50pt;\">\n<td style=\"height: 13.50pt;\" height=\"18\">Capacidade<\/td>\n<td>180ml, 360ml, 500ml, 720ml<\/td>\n<\/tr>\n<tr style=\"height: 13.50pt;\">\n<td style=\"height: 13.50pt;\" height=\"18\">Forma<\/td>\n<td>Redondo (cil\u00edndrico)<\/td>\n<\/tr>\n<tr style=\"height: 13.50pt;\">\n<td style=\"height: 13.50pt;\" height=\"18\">M\u00e9todo de veda\u00e7\u00e3o<\/td>\n<td>Tampa de rosca<\/td>\n<\/tr>\n<tr style=\"height: 13.50pt;\">\n<td style=\"height: 13.50pt;\" height=\"18\">Material<\/td>\n<td>Vidro de cal sodada de alta brancura<\/td>\n<\/tr>\n<tr style=\"height: 13.50pt;\">\n<td style=\"height: 13.50pt;\" height=\"18\">Op\u00e7\u00f5es de tampa<\/td>\n<td>Tampa de pl\u00e1stico preta, tampa de pl\u00e1stico dourada, tampa de alum\u00ednio anodizado prateado, tampa de alum\u00ednio anodizado dourado, tampa de pl\u00e1stico com textura de madeira<\/td>\n<\/tr>\n<tr style=\"height: 13.50pt;\">\n<td style=\"height: 13.50pt;\" height=\"18\">Forros<\/td>\n<td>Revestimentos sens\u00edveis \u00e0 press\u00e3o, revestimentos de folha de alum\u00ednio<\/td>\n<\/tr>\n<tr style=\"height: 13.50pt;\">\n<td style=\"height: 13.50pt;\" height=\"18\">Usos<\/td>\n<td>Mel, geleias, cereais, gotas de chocolate, bebidas, p\u00f3s, etc.<\/td>\n<\/tr>\n<\/tbody>\n<\/table>\n<h2>Estudo de Caso Empresarial<\/h2>\n<p>Uma marca alem\u00e3 de mel artesanal premium, especializada em produtos org\u00e2nicos de apicultura, nos procurou ap\u00f3s enfrentar problemas persistentes de veda\u00e7\u00e3o com os recipientes de vidro de seu fornecedor anterior. Seus potes e garrafas de mel anteriores frequentemente causavam vazamentos durante o transporte, afetando a qualidade do produto e a confian\u00e7a do cliente.<\/p>\n<p>Ent\u00e3o eles come\u00e7aram a usar nossos potes de vidro com tampa.<\/p>\n<p>Eles escolheram potes de vidro de 180 ml e 360 \u200b\u200bml com tampas douradas e revestimento interno de alum\u00ednio para manter o mel fresco. Tamb\u00e9m os ajudamos com r\u00f3tulos personalizados para o vidro e a tampa, para que a embalagem ficasse mais atraente nas prateleiras.<\/p>\n<p>Ap\u00f3s um aumento de 35% nas vendas, eles passaram a comprar muitos potes de n\u00f3s a cada trimestre. Come\u00e7aram com 10.000 potes e agora compram mais de 80.000 por ano. Temos um acordo com eles para oferecer um bom pre\u00e7o, mesmo com a compra de tantos potes.<\/p>\n<h2>Dicas de personaliza\u00e7\u00e3o para compradores empresariais<\/h2>\n<ol>\n<li><strong>Para marcas de mel e apicultura<\/strong>Utilize tampas douradas ou com textura de madeira e logotipos em relevo para criar uma linha de potes de vidro premium para mel, voltada para os mercados de produtos artesanais e org\u00e2nicos.<\/li>\n<li><strong>Para marcas de alimentos e molhos<\/strong>Combine frascos de vidro de boca larga com revestimentos de alum\u00ednio para embalagens \u00e0 prova de vazamentos de molhos e xaropes em fornecimento de frascos de vidro a granel.<\/li>\n<li><strong>Para linhas de m\u00faltiplos produtos<\/strong>Padronize o design de laterais retas em diferentes capacidades (180 ml a 720 ml) para unificar suas embalagens e, ao mesmo tempo, reduzir a complexidade de fornecimento na aquisi\u00e7\u00e3o de vidro no atacado.<\/li>\n<\/ol>","protected":false},"excerpt":{"rendered":"<p>180ml \u2013 720ml Durable glass jars with lids and round honey jars for wholesale. Ideal for honey, sauce, and storage with custom options and bulk pricing.<\/p>","protected":false},"featured_media":22696,"template":"","meta":[],"product_brand":[],"product_cat":[137,124,122],"product_tag":[],"class_list":{"0":"post-22695","1":"product","2":"type-product","3":"status-publish","4":"has-post-thumbnail","6":"product_cat-glass-jars-with-lids","7":"product_cat-custom-glass-jars","8":"product_cat-custom-glass-packaging","10":"first","11":"instock","12":"shipping-taxable","13":"product-type-simple"},"jetpack_sharing_enabled":true,"_links":{"self":[{"href":"https:\/\/yebodaglass.com\/pt\/wp-json\/wp\/v2\/product\/22695","targetHints":{"allow":["GET"]}}],"collection":[{"href":"https:\/\/yebodaglass.com\/pt\/wp-json\/wp\/v2\/product"}],"about":[{"href":"https:\/\/yebodaglass.com\/pt\/wp-json\/wp\/v2\/types\/product"}],"version-history":[{"count":5,"href":"https:\/\/yebodaglass.com\/pt\/wp-json\/wp\/v2\/product\/22695\/revisions"}],"predecessor-version":[{"id":25704,"href":"https:\/\/yebodaglass.com\/pt\/wp-json\/wp\/v2\/product\/22695\/revisions\/25704"}],"wp:featuredmedia":[{"embeddable":true,"href":"https:\/\/yebodaglass.com\/pt\/wp-json\/wp\/v2\/media\/22696"}],"wp:attachment":[{"href":"https:\/\/yebodaglass.com\/pt\/wp-json\/wp\/v2\/media?parent=22695"}],"wp:term":[{"taxonomy":"product_brand","embeddable":true,"href":"https:\/\/yebodaglass.com\/pt\/wp-json\/wp\/v2\/product_brand?post=22695"},{"taxonomy":"product_cat","embeddable":true,"href":"https:\/\/yebodaglass.com\/pt\/wp-json\/wp\/v2\/product_cat?post=22695"},{"taxonomy":"product_tag","embeddable":true,"href":"https:\/\/yebodaglass.com\/pt\/wp-json\/wp\/v2\/product_tag?post=22695"}],"curies":[{"name":"wp","href":"https:\/\/api.w.org\/{rel}","templated":true}]}}