{"id":22689,"date":"2025-10-24T14:26:22","date_gmt":"2025-10-24T06:26:22","guid":{"rendered":"https:\/\/yebodaglass.com\/?post_type=product&#038;p=22689"},"modified":"2026-04-10T11:31:20","modified_gmt":"2026-04-10T03:31:20","slug":"wholesale-oval-hexagonal-honey-jam-jars-500ml-1000ml","status":"publish","type":"product","link":"https:\/\/yebodaglass.com\/pt\/wholesale-oval-hexagonal-honey-jam-jars-500ml-1000ml\/","title":{"rendered":"Potes de geleia de mel ovais e hexagonais para atacado, 500ml e 1000ml"},"content":{"rendered":"<p>Estes potes hexagonais para geleia de mel exibem um design atraente, composto por uma forma completamente circular e seis bordas verticais distintas. O recipiente de vidro ultratransparente vem com uma tampa de rosca de metal dourado que garante uma veda\u00e7\u00e3o \u00e0 prova de vazamentos.<\/p>\n<h2>Caracter\u00edsticas do produto<\/h2>\n<ul>\n<li><strong>Formato hexagonal da garrafa:<\/strong> O design cil\u00edndrico com facetas hexagonais n\u00e3o s\u00f3 embeleza a garrafa, como tamb\u00e9m a fortalece estruturalmente.<\/li>\n<li><strong>Tampa de rosca dourada:<\/strong> A tampa de rosca de metal dourado proporciona uma veda\u00e7\u00e3o firme, impedindo vazamentos e retendo a umidade com efici\u00eancia.<\/li>\n<li><strong>Dispon\u00edvel em dois tamanhos:<\/strong> O produto est\u00e1 dispon\u00edvel em dois tamanhos diferentes, podendo ser utilizado para consumo dom\u00e9stico, fins comerciais e como material de embrulho para presentes.<\/li>\n<\/ul>\n<h2 style=\"text-align: left;\">Especifica\u00e7\u00f5es principais<\/h2>\n<table class=\"aligncenter\" style=\"border-collapse: collapse; width: 328.52pt;\" border=\"0\" width=\"438\" cellspacing=\"0\" cellpadding=\"0\">\n<tbody>\n<tr style=\"height: 13.50pt;\">\n<td style=\"height: 13.50pt; width: 90.00pt;\" width=\"120\" height=\"18\">Recurso<\/td>\n<td style=\"width: 238.50pt;\" width=\"318\">Especifica\u00e7\u00e3o<\/td>\n<\/tr>\n<tr style=\"height: 13.50pt;\">\n<td style=\"height: 13.50pt;\" height=\"18\">Capacidade<\/td>\n<td>500ml, 1000ml<\/td>\n<\/tr>\n<tr style=\"height: 13.50pt;\">\n<td style=\"height: 13.50pt;\" height=\"18\">Forma<\/td>\n<td>Hexagonal<\/td>\n<\/tr>\n<tr style=\"height: 13.50pt;\">\n<td style=\"height: 13.50pt;\" height=\"18\">Dimens\u00f5es<\/td>\n<td>8,8\u00d712,5cm, 10,6\u00d715,7cm<\/td>\n<\/tr>\n<tr style=\"height: 13.50pt;\">\n<td style=\"height: 13.50pt;\" height=\"18\">Material<\/td>\n<td>Vidro transparente, tampa de rosca em PP dourado<\/td>\n<\/tr>\n<tr style=\"height: 13.50pt;\">\n<td style=\"height: 13.50pt;\" height=\"18\">Op\u00e7\u00f5es de tampa<\/td>\n<td>Dourado (cores personalizadas dispon\u00edveis)<\/td>\n<\/tr>\n<tr style=\"height: 13.50pt;\">\n<td style=\"height: 13.50pt;\" height=\"18\">Uso ideal<\/td>\n<td>Pote hexagonal para geleia de mel, potes de mel<\/td>\n<\/tr>\n<\/tbody>\n<\/table>\n<h2>Hist\u00f3ria de sucesso<\/h2>\n<p>Um dos fabricantes de mel Manuka escolheu nossos potes de geleia hexagonais e os personalizou com um desenho da natureza Maori e tampas em ouro rosa. Os resultados dessa personaliza\u00e7\u00e3o foram impressionantes: o design em relevo e a sensa\u00e7\u00e3o de alta qualidade aumentaram o pre\u00e7o do mel UMF 20+ em 15%, e a embalagem diferenciada tamb\u00e9m contribuiu para um aumento de 25% nas vendas diretas ao consumidor em seu pr\u00f3prio site, j\u00e1 que os clientes gostaram da ideia de presentear. Com base nesse sucesso, eles encomendaram mais 400.000 potes de mel no trimestre seguinte.<\/p>\n<h2>Recomenda\u00e7\u00f5es para personalizar potes de geleia<\/h2>\n<ul>\n<li><strong>Cor do vidro:<\/strong> Embora utilizemos principalmente vidro transparente, tamb\u00e9m podemos oferecer cores \u00e2mbar ou verde para materiais sens\u00edveis \u00e0 luz.<\/li>\n<li><strong>Personaliza\u00e7\u00e3o da tampa:<\/strong> Com tampas personalizadas que possuem revestimentos especialmente projetados para uma veda\u00e7\u00e3o herm\u00e9tica, podemos garantir o armazenamento mais fresco do seu produto.<\/li>\n<li><strong>Em relevo:<\/strong> Voc\u00ea pode ter seu logotipo ou qualquer padr\u00e3o complexo em relevo diretamente no vidro, para que possa ser sentido ao toque e crie uma impress\u00e3o luxuosa e elegante.<\/li>\n<li><strong>Serigrafia:<\/strong> Um logotipo permanente de marca em cer\u00e2mica (de qualquer cor) feito de vidro pode ter a tinta aplicada diretamente sobre ele, criando uma garrafa brilhante e duradoura.<\/li>\n<\/ul>","protected":false},"excerpt":{"rendered":"<p>Elegantes potes ovais hexagonais para mel e geleia com tampas douradas. Design em vidro transparente, ideal para embalar mel e geleia. Dispon\u00edvel para venda por atacado e com r\u00f3tulos personalizados.<\/p>","protected":false},"featured_media":25722,"template":"","meta":[],"product_brand":[],"product_cat":[127,124,122],"product_tag":[],"class_list":{"0":"post-22689","1":"product","2":"type-product","3":"status-publish","4":"has-post-thumbnail","6":"product_cat-glass-honey-jars","7":"product_cat-custom-glass-jars","8":"product_cat-custom-glass-packaging","10":"first","11":"instock","12":"shipping-taxable","13":"product-type-simple"},"jetpack_sharing_enabled":true,"_links":{"self":[{"href":"https:\/\/yebodaglass.com\/pt\/wp-json\/wp\/v2\/product\/22689","targetHints":{"allow":["GET"]}}],"collection":[{"href":"https:\/\/yebodaglass.com\/pt\/wp-json\/wp\/v2\/product"}],"about":[{"href":"https:\/\/yebodaglass.com\/pt\/wp-json\/wp\/v2\/types\/product"}],"version-history":[{"count":5,"href":"https:\/\/yebodaglass.com\/pt\/wp-json\/wp\/v2\/product\/22689\/revisions"}],"predecessor-version":[{"id":25724,"href":"https:\/\/yebodaglass.com\/pt\/wp-json\/wp\/v2\/product\/22689\/revisions\/25724"}],"wp:featuredmedia":[{"embeddable":true,"href":"https:\/\/yebodaglass.com\/pt\/wp-json\/wp\/v2\/media\/25722"}],"wp:attachment":[{"href":"https:\/\/yebodaglass.com\/pt\/wp-json\/wp\/v2\/media?parent=22689"}],"wp:term":[{"taxonomy":"product_brand","embeddable":true,"href":"https:\/\/yebodaglass.com\/pt\/wp-json\/wp\/v2\/product_brand?post=22689"},{"taxonomy":"product_cat","embeddable":true,"href":"https:\/\/yebodaglass.com\/pt\/wp-json\/wp\/v2\/product_cat?post=22689"},{"taxonomy":"product_tag","embeddable":true,"href":"https:\/\/yebodaglass.com\/pt\/wp-json\/wp\/v2\/product_tag?post=22689"}],"curies":[{"name":"wp","href":"https:\/\/api.w.org\/{rel}","templated":true}]}}