{"id":22577,"date":"2025-10-22T13:09:13","date_gmt":"2025-10-22T05:09:13","guid":{"rendered":"https:\/\/yebodaglass.com\/?post_type=product&#038;p=22577"},"modified":"2025-11-04T11:54:26","modified_gmt":"2025-11-04T03:54:26","slug":"little-yogurt-bottles-banana-milk-glass-bottles-supplier","status":"publish","type":"product","link":"https:\/\/yebodaglass.com\/pt\/little-yogurt-bottles-banana-milk-glass-bottles-supplier\/","title":{"rendered":"Garrafas de iogurte Planet Little de 100-200ml \u2013 Copo de sobremesa"},"content":{"rendered":"<p>Cansado de embalagens de latic\u00ednios sem gra\u00e7a e que vazam? Criamos garrafinhas de iogurte com um charmoso efeito de esferas estreladas \u2014 chega de embalagens sem gra\u00e7a! Essas garrafinhas de vidro para leite de banana transformam o armazenamento em um momento de alegria. Pedidos em grande quantidade recebem garrafas de vidro personalizadas que combinam com a identidade visual da sua marca.<\/p>\n<h2>Caracter\u00edsticas do produto<\/h2>\n<p><strong>Caracter\u00edsticas de design<\/strong><\/p>\n<p>O design moderno, arredondado e semelhante a um planeta do objeto confere-lhe um aspeto diferenciado e tridimensional, podendo, portanto, servir tanto como um excelente recipiente para sobremesas como um item decorativo e de exposi\u00e7\u00e3o.<\/p>\n<p><strong>Qualidade do material<\/strong><\/p>\n<p>Fabricado em vidro de alta transpar\u00eancia pr\u00f3prio para alimentos, \u00e9 livre de chumbo, inodoro e resistente ao calor e ao frio, sendo, portanto, seguro para uso na geladeira, esteriliza\u00e7\u00e3o em autoclave e m\u00faltiplas lavagens e reutiliza\u00e7\u00f5es.<\/p>\n<p><strong>Desempenho Funcional<\/strong><\/p>\n<p>A abertura ampla facilita o enchimento e o servi\u00e7o, garante uma veda\u00e7\u00e3o herm\u00e9tica e, caso voc\u00ea tenha diferentes tipos de tampas (de alum\u00ednio ou pl\u00e1stico), pode us\u00e1-las para evitar vazamentos e manter o produto fresco. Assim, \u00e9 uma ferramenta perfeita tanto para uso dom\u00e9stico quanto comercial.<\/p>\n<h2>Especifica\u00e7\u00f5es principais<\/h2>\n<table style=\"border-collapse: collapse; width: 80%; margin-left: auto; margin-right: auto;\" border=\"0\" width=\"288\" cellspacing=\"0\" cellpadding=\"0\">\n<tbody>\n<tr style=\"height: 13.50pt;\">\n<td style=\"height: 13.5pt; width: 54pt; text-align: center;\" width=\"72\" height=\"18\">Modelo<\/td>\n<td style=\"width: 54pt; text-align: center;\" width=\"72\">Capacidade (ml)<\/td>\n<td style=\"width: 54pt; text-align: center;\" width=\"72\">Tamanho (cm)<\/td>\n<td style=\"width: 54pt; text-align: center;\" width=\"72\">Forma<\/td>\n<\/tr>\n<tr style=\"height: 13.50pt;\">\n<td style=\"height: 13.5pt; text-align: center;\" align=\"right\" height=\"18\">64010045<\/td>\n<td style=\"text-align: center;\" align=\"right\">100<\/td>\n<td style=\"text-align: center;\">6.9&#215;6.2<\/td>\n<td class=\"et2\" style=\"text-align: center;\" rowspan=\"2\">Copo Esf\u00e9rico<\/td>\n<\/tr>\n<tr style=\"height: 13.50pt;\">\n<td style=\"height: 13.5pt; text-align: center;\" align=\"right\" height=\"18\">64020046<\/td>\n<td style=\"text-align: center;\" align=\"right\">200<\/td>\n<td style=\"text-align: center;\">7.9&#215;7.3<\/td>\n<\/tr>\n<\/tbody>\n<\/table>\n<h2>Caso de sucesso<\/h2>\n<p>Recebemos uma encomenda de uma f\u00e1brica de iogurte artesanal na Coreia do Sul para produzir um copo de vidro em formato de planeta para pudim, como parte da renova\u00e7\u00e3o da sua linha de sobremesas. O design exclusivo com a base curvada atraiu imediatamente a aten\u00e7\u00e3o dos consumidores nas prateleiras, conferindo \u00e0 marca de iogurte e mousse um toque l\u00fadico, luxuoso e artesanal.<\/p>\n<p>Al\u00e9m disso, a marca alterou o design da tampa de alum\u00ednio prateada para uma veda\u00e7\u00e3o \u00e0 prova de vazamentos e adicionou um padr\u00e3o floral para combinar com o tema &#034;natural e fresco&#034; da marca. A embalagem renovada n\u00e3o s\u00f3 melhorou a apar\u00eancia do produto, como tamb\u00e9m as condi\u00e7\u00f5es de armazenamento durante o transporte.<\/p>\n<p>O produto registrou um aumento de 45% nas vendas no varejo e expandiu sua distribui\u00e7\u00e3o para diversos caf\u00e9s sofisticados e confeitarias tr\u00eas meses ap\u00f3s o lan\u00e7amento.<\/p>\n<h2>Seu Guia de Personaliza\u00e7\u00e3o<\/h2>\n<ol>\n<li><strong>Tampas e lacres personalizados:<\/strong>Voc\u00ea tem diversas op\u00e7\u00f5es de tampas para escolher, como tampas de metal, pl\u00e1stico ou com lacre de seguran\u00e7a em diferentes cores (como prata, dourado e branco). Al\u00e9m disso, \u00e9 poss\u00edvel imprimir um logotipo ou padr\u00e3o da marca para tornar o produto n\u00e3o apenas mais \u00fatil, mas tamb\u00e9m mais atraente para os clientes por meio do reconhecimento visual.<\/li>\n<li><strong>Superf\u00edcie e design personalizados:<\/strong>Podemos realizar uma ou mais destas tarefas: aplica\u00e7\u00e3o de glac\u00ea, estampagem a quente, pintura em spray ou decalque para adicionar a mensagem da marca ou a textura da garrafa, tornando a embalagem mais moderna e atraente.<\/li>\n<\/ol>","protected":false},"excerpt":{"rendered":"<p>As garrafinhas de iogurte personalizadas em formato de planeta s\u00e3o perfeitas para leite de banana, sobremesas e cremes. Dur\u00e1veis, reutiliz\u00e1veis \u200b\u200be ideais para marcas de embalagens de alimentos.<\/p>","protected":false},"featured_media":22595,"template":"","meta":[],"product_brand":[],"product_cat":[124,122,130],"product_tag":[],"class_list":{"0":"post-22577","1":"product","2":"type-product","3":"status-publish","4":"has-post-thumbnail","6":"product_cat-custom-glass-jars","7":"product_cat-custom-glass-packaging","8":"product_cat-glass-yogurt-jars","10":"first","11":"instock","12":"shipping-taxable","13":"product-type-simple"},"jetpack_sharing_enabled":true,"_links":{"self":[{"href":"https:\/\/yebodaglass.com\/pt\/wp-json\/wp\/v2\/product\/22577","targetHints":{"allow":["GET"]}}],"collection":[{"href":"https:\/\/yebodaglass.com\/pt\/wp-json\/wp\/v2\/product"}],"about":[{"href":"https:\/\/yebodaglass.com\/pt\/wp-json\/wp\/v2\/types\/product"}],"version-history":[{"count":5,"href":"https:\/\/yebodaglass.com\/pt\/wp-json\/wp\/v2\/product\/22577\/revisions"}],"predecessor-version":[{"id":22613,"href":"https:\/\/yebodaglass.com\/pt\/wp-json\/wp\/v2\/product\/22577\/revisions\/22613"}],"wp:featuredmedia":[{"embeddable":true,"href":"https:\/\/yebodaglass.com\/pt\/wp-json\/wp\/v2\/media\/22595"}],"wp:attachment":[{"href":"https:\/\/yebodaglass.com\/pt\/wp-json\/wp\/v2\/media?parent=22577"}],"wp:term":[{"taxonomy":"product_brand","embeddable":true,"href":"https:\/\/yebodaglass.com\/pt\/wp-json\/wp\/v2\/product_brand?post=22577"},{"taxonomy":"product_cat","embeddable":true,"href":"https:\/\/yebodaglass.com\/pt\/wp-json\/wp\/v2\/product_cat?post=22577"},{"taxonomy":"product_tag","embeddable":true,"href":"https:\/\/yebodaglass.com\/pt\/wp-json\/wp\/v2\/product_tag?post=22577"}],"curies":[{"name":"wp","href":"https:\/\/api.w.org\/{rel}","templated":true}]}}