{"id":22567,"date":"2025-10-22T10:39:21","date_gmt":"2025-10-22T02:39:21","guid":{"rendered":"https:\/\/yebodaglass.com\/?post_type=product&#038;p=22567"},"modified":"2025-11-04T11:54:40","modified_gmt":"2025-11-04T03:54:40","slug":"round-glass-yogurt-milk-bottle-small-dessert-jars-bulk","status":"publish","type":"product","link":"https:\/\/yebodaglass.com\/pt\/round-glass-yogurt-milk-bottle-small-dessert-jars-bulk\/","title":{"rendered":"Garrafa de vidro redonda para iogurte\/leite, 100-300ml \u2013 Potes pequenos para sobremesa (em atacado)"},"content":{"rendered":"<article class=\"text-token-text-primary w-full focus:outline-none [--shadow-height:45px] has-data-writing-block:pointer-events-none has-data-writing-block:-mt-(--shadow-height) has-data-writing-block:pt-(--shadow-height) [&amp;:has([data-writing-block])&gt;*]:pointer-events-auto [content-visibility:auto] supports-[content-visibility:auto]:[contain-intrinsic-size:auto_100lvh] scroll-mt-[calc(var(--header-height)+min(200px,max(70px,20svh)))]\" dir=\"auto\" tabindex=\"-1\" data-turn-id=\"request-68f5dfe9-a6a4-8332-b080-aa3dc157db0d-1\" data-testid=\"conversation-turn-42\" data-scroll-anchor=\"true\" data-turn=\"assistant\">Cansado de embalagens de latic\u00ednios sem gra\u00e7a ou que vazam? Criamos garrafas de iogurte m\u00e1gicas com um charme arredondado \u2014 chega de derramamentos! Essas garrafinhas de vidro transformam o simples armazenamento em uma alegria para a sua marca. Pedidos em grande quantidade recebem garrafas de vidro personalizadas que combinam com a sua vis\u00e3o.<\/p>\n<h2>Caracter\u00edsticas do produto<\/h2>\n<p><strong>Pingente redondo<\/strong><\/p>\n<p>As curvas suaves proporcionam uma sensa\u00e7\u00e3o agrad\u00e1vel ao toque \u2014 suas garrafinhas de vidro para leite tornam cada gole uma alegria.<\/p>\n<p><strong>Divers\u00e3o sem limites<\/strong><\/p>\n<p>Encher e servir \u00e9 f\u00e1cil \u2014 chega de derramamentos com o design da garrafa de iogurte.<\/p>\n<p><strong>Clareza cristalina<\/strong><\/p>\n<p>O vidro de alta transpar\u00eancia mostra cada detalhe do leite \u2014 os clientes confiam instantaneamente nas suas pequenas garrafas de leite de vidro.<\/p>\n<h2>Especifica\u00e7\u00f5es principais<\/h2>\n<table style=\"border-collapse: collapse; width: 80%; margin-right: auto; margin-left: auto;\" border=\"0\" width=\"288\" cellspacing=\"0\" cellpadding=\"0\">\n<tbody>\n<tr style=\"height: 13.50pt;\">\n<td style=\"height: 13.5pt; width: 54pt; text-align: center;\" width=\"72\" height=\"18\">Modelo<\/td>\n<td style=\"width: 54pt; text-align: center;\" width=\"72\">Capacidade (ml)<\/td>\n<td style=\"width: 54pt; text-align: center;\" width=\"72\">Tamanho (cm)<\/td>\n<td style=\"width: 54pt; text-align: center;\" width=\"72\">Forma<\/td>\n<\/tr>\n<tr style=\"height: 13.50pt;\">\n<td style=\"height: 13.5pt; text-align: center;\" align=\"right\" height=\"18\">64010042<\/td>\n<td style=\"text-align: center;\" align=\"right\">100<\/td>\n<td style=\"text-align: center;\">6.4&#215;6.5<\/td>\n<td class=\"et2\" style=\"text-align: center;\" rowspan=\"3\">Protuber\u00e2ncia redonda<\/td>\n<\/tr>\n<tr style=\"height: 13.50pt;\">\n<td style=\"height: 13.5pt; text-align: center;\" align=\"right\" height=\"18\">64020043<\/td>\n<td style=\"text-align: center;\" align=\"right\">200<\/td>\n<td style=\"text-align: center;\">7.3&#215;7.2<\/td>\n<\/tr>\n<tr style=\"height: 13.50pt;\">\n<td style=\"height: 13.5pt; text-align: center;\" align=\"right\" height=\"18\">64030044<\/td>\n<td style=\"text-align: center;\" align=\"right\">300<\/td>\n<td style=\"text-align: center;\">8.3&#215;8.6<\/td>\n<\/tr>\n<\/tbody>\n<\/table>\n<h2>Caso de sucesso<\/h2>\n<p>Uma oficina de pudins nos procurou para criar uma garrafa de iogurte de vidro com boca larga, espec\u00edfica para seus pudins. Cada garrafa de 200ml possui uma boca larga que facilita o processo de envase e de servir, e o formato arredondado confere \u00e0 garrafa um aspecto artesanal que combina perfeitamente com o conceito de sobremesa premium.<\/p>\n<p>Al\u00e9m da tampa de alum\u00ednio hermeticamente fechada, a garrafa tamb\u00e9m inclui uma tampa com colher para maior praticidade e conserva\u00e7\u00e3o. A garrafa de vidro puro \u00e9 perfeita para exibir pudins.<\/p>\n<p>Apenas dois meses ap\u00f3s a introdu\u00e7\u00e3o da nova embalagem, houve uma redu\u00e7\u00e3o de 85% nas reclama\u00e7\u00f5es sobre problemas de veda\u00e7\u00e3o, e o volume de pedidos em grande quantidade por parte dos distribuidores aumentou 60%.<\/p>\n<h2>Seu Guia de Personaliza\u00e7\u00e3o<\/h2>\n<ol>\n<li><strong>Solu\u00e7\u00f5es personalizadas para tampas e r\u00f3tulos:<\/strong>Voc\u00ea pode escolher entre tampas de metal com rosca, tampas de madeira ou tampas de pl\u00e1stico com encaixe e, em seguida, inserir seu logotipo por meio de relevo, serigrafia ou rotulagem para um reconhecimento de marca visualmente atraente.<\/li>\n<li><strong>Personaliza\u00e7\u00e3o de Matiz e Material:<\/strong>Voc\u00ea pode personalizar o vidro com cores transparente, \u00e2mbar ou fosca para combinar com o estilo do seu produto, ou escolher uma tonalidade degrad\u00ea para que os pudins e iogurtes em camadas fiquem visualmente atraentes e chamem a aten\u00e7\u00e3o nas prateleiras.<\/li>\n<\/ol>\n<\/article>","protected":false},"excerpt":{"rendered":"<p>Garrafa de vidro redonda para iogurte e garrafas de vidro pequenas para leite, ideais para iogurte, pudim ou geleia. Reutiliz\u00e1veis, dur\u00e1veis \u200b\u200be personaliz\u00e1veis \u200b\u200bpara embalagens de sobremesas.<\/p>","protected":false},"featured_media":22571,"template":"","meta":[],"product_brand":[],"product_cat":[124,122,130],"product_tag":[],"class_list":{"0":"post-22567","1":"product","2":"type-product","3":"status-publish","4":"has-post-thumbnail","6":"product_cat-custom-glass-jars","7":"product_cat-custom-glass-packaging","8":"product_cat-glass-yogurt-jars","10":"first","11":"instock","12":"shipping-taxable","13":"product-type-simple"},"jetpack_sharing_enabled":true,"_links":{"self":[{"href":"https:\/\/yebodaglass.com\/pt\/wp-json\/wp\/v2\/product\/22567","targetHints":{"allow":["GET"]}}],"collection":[{"href":"https:\/\/yebodaglass.com\/pt\/wp-json\/wp\/v2\/product"}],"about":[{"href":"https:\/\/yebodaglass.com\/pt\/wp-json\/wp\/v2\/types\/product"}],"version-history":[{"count":5,"href":"https:\/\/yebodaglass.com\/pt\/wp-json\/wp\/v2\/product\/22567\/revisions"}],"predecessor-version":[{"id":22610,"href":"https:\/\/yebodaglass.com\/pt\/wp-json\/wp\/v2\/product\/22567\/revisions\/22610"}],"wp:featuredmedia":[{"embeddable":true,"href":"https:\/\/yebodaglass.com\/pt\/wp-json\/wp\/v2\/media\/22571"}],"wp:attachment":[{"href":"https:\/\/yebodaglass.com\/pt\/wp-json\/wp\/v2\/media?parent=22567"}],"wp:term":[{"taxonomy":"product_brand","embeddable":true,"href":"https:\/\/yebodaglass.com\/pt\/wp-json\/wp\/v2\/product_brand?post=22567"},{"taxonomy":"product_cat","embeddable":true,"href":"https:\/\/yebodaglass.com\/pt\/wp-json\/wp\/v2\/product_cat?post=22567"},{"taxonomy":"product_tag","embeddable":true,"href":"https:\/\/yebodaglass.com\/pt\/wp-json\/wp\/v2\/product_tag?post=22567"}],"curies":[{"name":"wp","href":"https:\/\/api.w.org\/{rel}","templated":true}]}}