{"id":22553,"date":"2025-10-21T17:17:58","date_gmt":"2025-10-21T09:17:58","guid":{"rendered":"https:\/\/yebodaglass.com\/?post_type=product&#038;p=22553"},"modified":"2025-11-04T11:54:58","modified_gmt":"2025-11-04T03:54:58","slug":"custom-glass-milk-bottles-bulk-pudding-container","status":"publish","type":"product","link":"https:\/\/yebodaglass.com\/pt\/custom-glass-milk-bottles-bulk-pudding-container\/","title":{"rendered":"Lekko rozszerzona szyjka \u2013 zapewnia \u015bwie\u017co\u015b\u0107 i zapobiega wyciekaniu podczas transportu."},"content":{"rendered":"<p>Cansado de embalagens de latic\u00ednios que se confundem com a decora\u00e7\u00e3o? Criamos garrafas de leite de vidro personalizadas com design quadrado \u2014 chega de embalagens sem gra\u00e7a! Essas garrafas de leite de vidro, vendidas em grandes quantidades, transformam o simples armazenamento em um diferencial para a sua marca. Pedidos em grande quantidade garantem garrafas de vidro personalizadas que combinam com a sua vis\u00e3o.<\/p>\n<h2>Caracter\u00edsticas do produto<\/h2>\n<p><strong>Caracter\u00edsticas de design<\/strong><\/p>\n<p>A garrafa de formato quadrado e vertical apresenta elementos geom\u00e9tricos simples, sem ornamenta\u00e7\u00e3o, e uma silhueta harmoniosa, resultando em um produto visualmente atraente e moderno. O fechamento com elemento em formato de coroa proporciona uma veda\u00e7\u00e3o segura, permitindo seu uso tanto em ambientes comerciais quanto dom\u00e9sticos.<\/p>\n<p><strong>Qualidade do material<\/strong><\/p>\n<p>\u00c9 feito de vidro de alta transpar\u00eancia, pr\u00f3prio para alimentos e sem chumbo. N\u00e3o tem cheiro e possui \u00f3tima resist\u00eancia a temperaturas baixas e altas, sendo, portanto, uma excelente solu\u00e7\u00e3o para armazenar bebidas ou sobremesas frescas e saborosas.<\/p>\n<p><strong>Desempenho Funcional<\/strong><\/p>\n<p>Esta garrafa espessa e \u00e0 prova de vazamentos foi projetada para m\u00faltiplos usos, sendo, portanto, uma \u00f3tima solu\u00e7\u00e3o para conservar o frescor. Gra\u00e7as ao seu formato quadrado, \u00e9 poss\u00edvel coloc\u00e1-la na prateleira e empilhar as camadas, o que proporciona maior estabilidade durante o transporte.<\/p>\n<p><strong>Op\u00e7\u00f5es de personaliza\u00e7\u00e3o<\/strong><\/p>\n<p>Ao alterar a capacidade, inserir um logotipo, rotular a garrafa e selecionar uma tampa (de alum\u00ednio, pl\u00e1stico ou inviol\u00e1vel), \u00e9 poss\u00edvel gerar facilmente uma imagem de marca diferenciada das demais.<\/p>\n<h2>Especifica\u00e7\u00f5es principais<\/h2>\n<table style=\"border-collapse: collapse; width: 80%; margin-left: auto; margin-right: auto;\" border=\"0\" width=\"288\" cellspacing=\"0\" cellpadding=\"0\">\n<tbody>\n<tr style=\"height: 13.50pt;\">\n<td style=\"height: 13.5pt; width: 54pt; text-align: center;\" width=\"72\" height=\"18\">Modelo<\/td>\n<td style=\"width: 54pt; text-align: center;\" width=\"72\">Capacidade (ml)<\/td>\n<td style=\"width: 54pt; text-align: center;\" width=\"72\">Tamanho (cm)<\/td>\n<td style=\"width: 54pt; text-align: center;\" width=\"72\">Forma<\/td>\n<\/tr>\n<tr style=\"height: 13.50pt;\">\n<td style=\"height: 13.5pt; text-align: center;\" align=\"right\" height=\"18\">64010040<\/td>\n<td style=\"text-align: center;\" align=\"right\">100<\/td>\n<td style=\"text-align: center;\">5.0\u00d75.0x9.6<\/td>\n<td class=\"et2\" style=\"text-align: center;\" rowspan=\"2\">Quadrado<\/td>\n<\/tr>\n<tr style=\"height: 13.50pt;\">\n<td style=\"height: 13.5pt; text-align: center;\" align=\"right\" height=\"18\">64035041<\/td>\n<td style=\"text-align: center;\" align=\"right\">350<\/td>\n<td style=\"text-align: center;\">6.0\u00d76.0x16.1<\/td>\n<\/tr>\n<\/tbody>\n<\/table>\n<h2>Hist\u00f3ria de sucesso<\/h2>\n<p>Para renovar sua imagem, uma marca de latic\u00ednios decidiu reformular suas embalagens e, para isso, uniu-se a n\u00f3s para produzir uma garrafa de leite de vidro quadrada personalizada. Al\u00e9m de conferir um visual moderno e atraente com o design quadrado, a garrafa tamb\u00e9m otimiza o espa\u00e7o de armazenamento e armazenamento, tanto em refrigeradores de varejo quanto em pontos de venda. O leite aparenta ser de alt\u00edssima qualidade gra\u00e7as ao vidro transparente.<\/p>\n<p>Ap\u00f3s a mudan\u00e7a na embalagem, a empresa de latic\u00ednios relatou, no primeiro m\u00eas, uma redu\u00e7\u00e3o de 75% nas reclama\u00e7\u00f5es sobre derramamento de leite e um aumento de 65% nos pedidos em grande quantidade.<\/p>\n<h2>Seu Guia de Personaliza\u00e7\u00e3o<\/h2>\n<ol>\n<li><strong>Configura\u00e7\u00e3o personalizada da tampa e da veda\u00e7\u00e3o:<\/strong>H\u00e1 uma infinidade de materiais e estilos de bon\u00e9s para escolher, como bon\u00e9s de metal, pl\u00e1stico ou antifurto. Com a impress\u00e3o do logotipo ou padr\u00e3o da sua marca, o bon\u00e9 pode se tornar um elemento reconhec\u00edvel da marca e tamb\u00e9m elevar a qualidade geral.<\/li>\n<li><strong>Apar\u00eancia e identidade de marca personalizadas:<\/strong>Possibilitamos a personaliza\u00e7\u00e3o da garrafa com sua marca por meio de serigrafia, fosqueamento, rotulagem ou hot stamping. Podemos produzir vidro transparente, fosco ou colorido para combinar exatamente com o tom da sua marca e seu posicionamento no mercado.<\/li>\n<\/ol>","protected":false},"excerpt":{"rendered":"<p>Garrafas de vidro quadradas personalizadas para leite e garrafas de vidro para leite em grandes quantidades, ideais para embalar pudim, leite ou suco. Dur\u00e1veis, reutiliz\u00e1veis \u200b\u200be personaliz\u00e1veis \u200b\u200bpara marcas premium.<\/p>","protected":false},"featured_media":22557,"template":"","meta":[],"product_brand":[],"product_cat":[123,122,131],"product_tag":[],"class_list":{"0":"post-22553","1":"product","2":"type-product","3":"status-publish","4":"has-post-thumbnail","6":"product_cat-custom-glass-bottles","7":"product_cat-custom-glass-packaging","8":"product_cat-glass-milk-bottles","10":"first","11":"instock","12":"shipping-taxable","13":"product-type-simple"},"jetpack_sharing_enabled":true,"_links":{"self":[{"href":"https:\/\/yebodaglass.com\/pt\/wp-json\/wp\/v2\/product\/22553","targetHints":{"allow":["GET"]}}],"collection":[{"href":"https:\/\/yebodaglass.com\/pt\/wp-json\/wp\/v2\/product"}],"about":[{"href":"https:\/\/yebodaglass.com\/pt\/wp-json\/wp\/v2\/types\/product"}],"version-history":[{"count":4,"href":"https:\/\/yebodaglass.com\/pt\/wp-json\/wp\/v2\/product\/22553\/revisions"}],"predecessor-version":[{"id":22561,"href":"https:\/\/yebodaglass.com\/pt\/wp-json\/wp\/v2\/product\/22553\/revisions\/22561"}],"wp:featuredmedia":[{"embeddable":true,"href":"https:\/\/yebodaglass.com\/pt\/wp-json\/wp\/v2\/media\/22557"}],"wp:attachment":[{"href":"https:\/\/yebodaglass.com\/pt\/wp-json\/wp\/v2\/media?parent=22553"}],"wp:term":[{"taxonomy":"product_brand","embeddable":true,"href":"https:\/\/yebodaglass.com\/pt\/wp-json\/wp\/v2\/product_brand?post=22553"},{"taxonomy":"product_cat","embeddable":true,"href":"https:\/\/yebodaglass.com\/pt\/wp-json\/wp\/v2\/product_cat?post=22553"},{"taxonomy":"product_tag","embeddable":true,"href":"https:\/\/yebodaglass.com\/pt\/wp-json\/wp\/v2\/product_tag?post=22553"}],"curies":[{"name":"wp","href":"https:\/\/api.w.org\/{rel}","templated":true}]}}