{"id":22542,"date":"2025-10-21T15:24:16","date_gmt":"2025-10-21T07:24:16","guid":{"rendered":"https:\/\/yebodaglass.com\/?post_type=product&#038;p=22542"},"modified":"2026-03-17T18:29:50","modified_gmt":"2026-03-17T10:29:50","slug":"clear-glass-yogurt-jars-with-lids-bulk","status":"publish","type":"product","link":"https:\/\/yebodaglass.com\/pt\/clear-glass-yogurt-jars-with-lids-bulk\/","title":{"rendered":"100ml 200ml Clear Glass Yogurt Jars with Lids Bulk"},"content":{"rendered":"<p>These glass yogurt jars have a classic pudding bottle shape, made of crystal-clear glass and have a smooth transparent, airtight cap, which makes these glass yogurt jars better suited to serve in a cafe, make home-cooked desserts, or package in bulk.<\/p>\n<h2>Destaques do produto<\/h2>\n<ul>\n<li><strong>Classic Design Pudding Bottle:<\/strong> Curved body lines and broad rim replicate the appearance of an old milk bottle, which is easy to hold and pleasing to view.<\/li>\n<li><strong>Material de vidro de alta transpar\u00eancia:<\/strong> These jars are made of food grade high-clarity glass and thus have great transparency to be able to clearly display the color and texture of the beverage or food in the jar.<\/li>\n<li><strong>Wide Rimmed Design of Neck:<\/strong> It will have a wide rim of the neck that will make the neck have a secure seal with the cap and also easy to fill, clean and dispense.<\/li>\n<\/ul>\n<h2>Especifica\u00e7\u00f5es principais<\/h2>\n<table style=\"border-collapse: collapse; width: 80%; margin-left: auto; margin-right: auto;\" border=\"0\" width=\"80%\" cellspacing=\"0\" cellpadding=\"0\">\n<tbody>\n<tr style=\"height: 13.50pt;\">\n<td style=\"height: 13.50pt; width: 109.50pt;\" width=\"146\" height=\"18\"><strong>Tipo de produto<\/strong><\/td>\n<td style=\"width: 549.00pt;\" width=\"732\"><strong>Garrafa de leite de vidro alta e estreita \/ potes de iogurte de vidro<\/strong><\/td>\n<\/tr>\n<tr style=\"height: 13.50pt;\">\n<td style=\"height: 13.50pt;\" height=\"18\">Dimens\u00f5es<\/td>\n<td>100 ml: 45 \u00d7 95 mm; 200 ml: 60 \u00d7 128 mm<\/td>\n<\/tr>\n<tr style=\"height: 13.50pt;\">\n<td style=\"height: 13.50pt;\" height=\"18\">Cor do vidro<\/td>\n<td>Vidro transparente, cores personalizadas dispon\u00edveis<\/td>\n<\/tr>\n<tr style=\"height: 13.50pt;\">\n<td style=\"height: 13.50pt;\" height=\"18\">Material<\/td>\n<td>Embalagem de vidro s\u00f3dio-c\u00e1lcico sem chumbo<\/td>\n<\/tr>\n<tr style=\"height: 13.50pt;\">\n<td style=\"height: 13.50pt;\" height=\"18\">Forma<\/td>\n<td>Garrafa redonda, alta e fina<\/td>\n<\/tr>\n<tr style=\"height: 13.50pt;\">\n<td style=\"height: 13.50pt;\" height=\"18\">M\u00e9todo de veda\u00e7\u00e3o<\/td>\n<td>Tampa de crimpagem<\/td>\n<\/tr>\n<tr style=\"height: 13.50pt;\">\n<td style=\"height: 13.50pt;\" height=\"18\">Op\u00e7\u00f5es de limite<\/td>\n<td>Tampa de press\u00e3o de pl\u00e1stico, tampa de corti\u00e7a ou tampas de garrafa personalizadas.<\/td>\n<\/tr>\n<tr style=\"height: 13.50pt;\">\n<td style=\"height: 13.50pt;\" height=\"18\">Usos t\u00edpicos<\/td>\n<td>Leite, potes de iogurte, garrafa de vidro de leite com chocolate, suco, recipiente para bebidas, mini vaso de flores<\/td>\n<\/tr>\n<tr style=\"height: 13.50pt;\">\n<td style=\"height: 13.50pt;\" height=\"18\">Modo de fornecimento<\/td>\n<td>Fabricante e fornecedor atacadista, em grandes quantidades e direto da f\u00e1brica.<\/td>\n<\/tr>\n<\/tbody>\n<\/table>\n<h2>Hist\u00f3ria de sucesso do cliente<\/h2>\n<p>A dairy beverage brand in Germany partnered with our factory to source glass milk bottles with lids wholesale for its premium yogurt drink line.\u00a0The client initially ordered 50,000 units of the 200 ml glass yogurt jars for chocolate milk glass bottle and drinkable yogurt packaging. To distinguish the product in shelves we gave personalized bottle caps that had the brand logo and milk glass finish that was light in color. With the new glass packaging on the market, the brand alleges that retail sales had gone up by 27 per cent in the first quarter solely because of the perceived freshness and eco-friendly image of the reusable glass bottle. It is also one of our long term partners since the customer now makes bulk wholesale orders every quarter averaging 120,000 bottles.<\/p>\n<h2>Recomenda\u00e7\u00f5es personalizadas para clientes B2B<\/h2>\n<ol>\n<li><strong>Bon\u00e9s e marca personalizados<\/strong>Logotipos em relevo, tampas de garrafa impressas ou tampas coloridas podem ser usados \u200b\u200bpara produzir embalagens de latic\u00ednios exclusivas para bebidas l\u00e1cteas \u00e0 base de iogurte ou leite aromatizado.<\/li>\n<li><strong>Vidro ou revestimento colorido<\/strong>Garrafas de leite de vidro colorido adicionais (\u00e2mbar, fosco ou nas cores da marca) tamb\u00e9m podem ser escolhidas para produzir embalagens de bebidas de alta qualidade e para preservar produtos l\u00e1cteos sens\u00edveis.<\/li>\n<li><strong>Design de embalagens multiuso<\/strong>A maioria das marcas cria esses potes de vidro para iogurte em um formato de dupla fun\u00e7\u00e3o, onde a embalagem pode ser usada como recipiente para sobremesas, pote de temperos ou mini vaso de flores para aumentar a visibilidade da marca.<\/li>\n<\/ol>","protected":false},"excerpt":{"rendered":"<p>Premium glass yogurt jars made from high-clarity glass with secure lids. Durable glass milk bottles with lids wholesale for yogurt, milk, pudding. Free samples.<\/p>","protected":false},"featured_media":25491,"template":"","meta":[],"product_brand":[],"product_cat":[130,124,122],"product_tag":[],"class_list":{"0":"post-22542","1":"product","2":"type-product","3":"status-publish","4":"has-post-thumbnail","6":"product_cat-glass-yogurt-jars","7":"product_cat-custom-glass-jars","8":"product_cat-custom-glass-packaging","10":"first","11":"instock","12":"shipping-taxable","13":"product-type-simple"},"jetpack_sharing_enabled":true,"_links":{"self":[{"href":"https:\/\/yebodaglass.com\/pt\/wp-json\/wp\/v2\/product\/22542","targetHints":{"allow":["GET"]}}],"collection":[{"href":"https:\/\/yebodaglass.com\/pt\/wp-json\/wp\/v2\/product"}],"about":[{"href":"https:\/\/yebodaglass.com\/pt\/wp-json\/wp\/v2\/types\/product"}],"version-history":[{"count":5,"href":"https:\/\/yebodaglass.com\/pt\/wp-json\/wp\/v2\/product\/22542\/revisions"}],"predecessor-version":[{"id":25473,"href":"https:\/\/yebodaglass.com\/pt\/wp-json\/wp\/v2\/product\/22542\/revisions\/25473"}],"wp:featuredmedia":[{"embeddable":true,"href":"https:\/\/yebodaglass.com\/pt\/wp-json\/wp\/v2\/media\/25491"}],"wp:attachment":[{"href":"https:\/\/yebodaglass.com\/pt\/wp-json\/wp\/v2\/media?parent=22542"}],"wp:term":[{"taxonomy":"product_brand","embeddable":true,"href":"https:\/\/yebodaglass.com\/pt\/wp-json\/wp\/v2\/product_brand?post=22542"},{"taxonomy":"product_cat","embeddable":true,"href":"https:\/\/yebodaglass.com\/pt\/wp-json\/wp\/v2\/product_cat?post=22542"},{"taxonomy":"product_tag","embeddable":true,"href":"https:\/\/yebodaglass.com\/pt\/wp-json\/wp\/v2\/product_tag?post=22542"}],"curies":[{"name":"wp","href":"https:\/\/api.w.org\/{rel}","templated":true}]}}