{"id":22531,"date":"2025-10-21T11:32:49","date_gmt":"2025-10-21T03:32:49","guid":{"rendered":"https:\/\/yebodaglass.com\/?post_type=product&#038;p=22531"},"modified":"2025-11-04T11:55:47","modified_gmt":"2025-11-04T03:55:47","slug":"custom-heart-glass-yogurt-bottles-for-romantic-dessert-bulk","status":"publish","type":"product","link":"https:\/\/yebodaglass.com\/pt\/custom-heart-glass-yogurt-bottles-for-romantic-dessert-bulk\/","title":{"rendered":"100 ml 150 ml 250 ml Duplo Cora\u00e7\u00e3o de Vidro, Garrafas de Iogurte para Sobremesa"},"content":{"rendered":"<div class=\"text-base my-auto mx-auto pb-10 [--thread-content-margin:--spacing(4)] thread-sm:[--thread-content-margin:--spacing(6)] thread-lg:[--thread-content-margin:--spacing(16)] px-(--thread-content-margin)\">\n<div class=\"[--thread-content-max-width:40rem] thread-lg:[--thread-content-max-width:48rem] mx-auto max-w-(--thread-content-max-width) flex-1 group\/turn-messages focus-visible:outline-hidden relative flex w-full min-w-0 flex-col agent-turn\" tabindex=\"-1\">\n<div class=\"flex max-w-full flex-col grow\">\n<div class=\"min-h-8 text-message relative flex w-full flex-col items-end gap-2 text-start break-words whitespace-normal [.text-message+&amp;]:mt-1\" dir=\"auto\" data-message-author-role=\"assistant\" data-message-id=\"8d18012a-fb48-4b95-868b-4e577d237289\" data-message-model-slug=\"gpt-5\">\n<div class=\"flex w-full flex-col gap-1 empty:hidden first:pt-[1px]\">\n<div class=\"markdown prose dark:prose-invert w-full break-words light markdown-new-styling\">\n<p>Voc\u00ea est\u00e1 cansado de recipientes de leite que desaparecer no fundo? N\u00f3s artesanato em forma de cora\u00e7\u00e3o de vidro de iogurte, garrafas\u2014nada mais chato embalagem. Estes copo de iogurte, garrafas de transformar simples de armazenamento em rom\u00e2ntico de contar hist\u00f3rias. Encomendas obter personalizada de vidro de iogurte, garrafas para coincidir com a sua marca do cora\u00e7\u00e3o.<\/p>\n<h2>Caracter\u00edsticas do produto<\/h2>\n<p><strong>Em forma de cora\u00e7\u00e3o charme<\/strong><\/p>\n<p>Cora\u00e7\u00e3o duplo desenho em relevo \u2013 o seu copo de iogurte, garrafas ir\u00e1 cativ\u00e1-lo \u00e0 primeira vista.<\/p>\n<p><strong>Veda\u00e7\u00e3o segura<\/strong><\/p>\n<p>Um pouco queimado do pesco\u00e7o \u2013 fechaduras de frescor e evita vazamentos durante o transporte.<\/p>\n<p><strong>Crystal clear<\/strong><\/p>\n<p>Altamente vidro transparente revela instantaneamente a qualidade para ganhar a confian\u00e7a do cliente.<\/p>\n<p><strong>Personalizado magia do amor<\/strong><\/p>\n<p>Imprimir seu logotipo no vidro de iogurte, garrafas de tornar o seu produto mais memor\u00e1vel.<\/p>\n<h2>Especifica\u00e7\u00f5es principais<\/h2>\n<table style=\"border-collapse: collapse; width: 80%; margin-left: auto; margin-right: auto;\" border=\"0\" width=\"288\" cellspacing=\"0\" cellpadding=\"0\">\n<tbody>\n<tr style=\"height: 13.50pt;\">\n<td style=\"height: 13.5pt; width: 54pt; text-align: center;\" width=\"72\" height=\"18\">Modelo<\/td>\n<td style=\"width: 54pt; text-align: center;\" width=\"72\">Capacidade (ml)<\/td>\n<td style=\"width: 54pt; text-align: center;\" width=\"72\">Tamanho (cm)<\/td>\n<td style=\"width: 54pt; text-align: center;\" width=\"72\">Padr\u00e3o<\/td>\n<\/tr>\n<tr style=\"height: 13.50pt;\">\n<td style=\"height: 13.5pt; text-align: center;\" align=\"right\" height=\"18\">64010035<\/td>\n<td style=\"text-align: center;\" align=\"right\">100<\/td>\n<td style=\"text-align: center;\">6.2&#215;6.7<\/td>\n<td class=\"et2\" style=\"text-align: center;\" rowspan=\"3\">Duplo cora\u00e7\u00e3o<\/td>\n<\/tr>\n<tr style=\"height: 13.50pt;\">\n<td style=\"height: 13.5pt; text-align: center;\" align=\"right\" height=\"18\">64015036<\/td>\n<td style=\"text-align: center;\" align=\"right\">150<\/td>\n<td style=\"text-align: center;\">6.3&#215;7.9<\/td>\n<\/tr>\n<tr style=\"height: 13.50pt;\">\n<td style=\"height: 13.5pt; text-align: center;\" align=\"right\" height=\"18\">64025037<\/td>\n<td style=\"text-align: center;\" align=\"right\">250<\/td>\n<td style=\"text-align: center;\">7.0&#215;9.6<\/td>\n<\/tr>\n<\/tbody>\n<\/table>\n<h2>Caso de sucesso<\/h2>\n<p>Fomos abordados por um Europeu, o iogurte da marca para criar personalizado de vidro de 200ml de iogurte, garrafas. Um cora\u00e7\u00e3o em relevo garrafas seladas com uma folha de tampa de n\u00e3o apenas criar um encantador, artesanal, mas tamb\u00e9m s\u00e3o muito atraentes para os consumidores do varejo de refrigeradores.<\/p>\n<p>N\u00f3s fornecemos o acabamento fosco no caps para combinar os sabores bem\u2014cor-de-rosa para o morango, a luz azul para o mirtilo e bege para o de baunilha. Al\u00e9m de vidro grossas e de grau aliment\u00edcio, ele tamb\u00e9m ajuda no frescor do produto, e os odres se tornar mais ponderado, assim, a imagem de marca &#034;cuidadosamente&#034; \u00e9 mais refor\u00e7ados.<\/p>\n<p>Assim, ap\u00f3s a mudan\u00e7a na embalagem, as queixas dos clientes tem sido reduzido em 60%, e os pedidos em massa tiveram um aumento de 50%.<\/p>\n<h2>Seu Guia de Personaliza\u00e7\u00e3o<\/h2>\n<ol>\n<li><strong>Grava\u00e7\u00e3o Personalizada:<\/strong>Adicionar personalizado nomes, datas ou mensagens curtas sobre o frasco para casamentos ou cole\u00e7\u00f5es de presente.<\/li>\n<li><strong>Personalizado Tampa Op\u00e7\u00f5es:<\/strong>Escolha a partir de corti\u00e7a, bambu ou de metal colorido tampas para corresponder a diferentes temas ou marca estilos.<\/li>\n<\/ol>\n<\/div>\n<\/div>\n<\/div>\n<\/div>\n<\/div>\n<\/div>","protected":false},"excerpt":{"rendered":"<p>Charmosa dupla cora\u00e7\u00e3o de vidro de iogurte, garrafas, ideal para sobremesas, gel\u00e9ias, ou velas. Rom\u00e2ntico frascos de vidro perfeito para presentes ou ocasi\u00f5es especiais.<\/p>","protected":false},"featured_media":22536,"template":"","meta":[],"product_brand":[],"product_cat":[124,122,130],"product_tag":[],"class_list":{"0":"post-22531","1":"product","2":"type-product","3":"status-publish","4":"has-post-thumbnail","6":"product_cat-custom-glass-jars","7":"product_cat-custom-glass-packaging","8":"product_cat-glass-yogurt-jars","10":"first","11":"instock","12":"shipping-taxable","13":"product-type-simple"},"jetpack_sharing_enabled":true,"_links":{"self":[{"href":"https:\/\/yebodaglass.com\/pt\/wp-json\/wp\/v2\/product\/22531","targetHints":{"allow":["GET"]}}],"collection":[{"href":"https:\/\/yebodaglass.com\/pt\/wp-json\/wp\/v2\/product"}],"about":[{"href":"https:\/\/yebodaglass.com\/pt\/wp-json\/wp\/v2\/types\/product"}],"version-history":[{"count":6,"href":"https:\/\/yebodaglass.com\/pt\/wp-json\/wp\/v2\/product\/22531\/revisions"}],"predecessor-version":[{"id":22563,"href":"https:\/\/yebodaglass.com\/pt\/wp-json\/wp\/v2\/product\/22531\/revisions\/22563"}],"wp:featuredmedia":[{"embeddable":true,"href":"https:\/\/yebodaglass.com\/pt\/wp-json\/wp\/v2\/media\/22536"}],"wp:attachment":[{"href":"https:\/\/yebodaglass.com\/pt\/wp-json\/wp\/v2\/media?parent=22531"}],"wp:term":[{"taxonomy":"product_brand","embeddable":true,"href":"https:\/\/yebodaglass.com\/pt\/wp-json\/wp\/v2\/product_brand?post=22531"},{"taxonomy":"product_cat","embeddable":true,"href":"https:\/\/yebodaglass.com\/pt\/wp-json\/wp\/v2\/product_cat?post=22531"},{"taxonomy":"product_tag","embeddable":true,"href":"https:\/\/yebodaglass.com\/pt\/wp-json\/wp\/v2\/product_tag?post=22531"}],"curies":[{"name":"wp","href":"https:\/\/api.w.org\/{rel}","templated":true}]}}