{"id":22511,"date":"2025-10-21T10:29:18","date_gmt":"2025-10-21T02:29:18","guid":{"rendered":"https:\/\/yebodaglass.com\/?post_type=product&#038;p=22511"},"modified":"2025-11-28T15:58:15","modified_gmt":"2025-11-28T07:58:15","slug":"mini-transparent-glass-yogurt-bottles-wholesale-dessert-container","status":"publish","type":"product","link":"https:\/\/yebodaglass.com\/pt\/mini-transparent-glass-yogurt-bottles-wholesale-dessert-container\/","title":{"rendered":"Mini potes de vidro transparente para iogurte no atacado \u2013 Recipiente para sobremesa 100-200ml"},"content":{"rendered":"<div class=\"text-base my-auto mx-auto pb-10 [--thread-content-margin:--spacing(4)] thread-sm:[--thread-content-margin:--spacing(6)] thread-lg:[--thread-content-margin:--spacing(16)] px-(--thread-content-margin)\">\n<div class=\"[--thread-content-max-width:40rem] thread-lg:[--thread-content-max-width:48rem] mx-auto max-w-(--thread-content-max-width) flex-1 group\/turn-messages focus-visible:outline-hidden relative flex w-full min-w-0 flex-col agent-turn\" tabindex=\"-1\">\n<div class=\"flex max-w-full flex-col grow\">\n<div class=\"min-h-8 text-message relative flex w-full flex-col items-end gap-2 text-start break-words whitespace-normal [.text-message+&amp;]:mt-1\" dir=\"auto\" data-message-author-role=\"assistant\" data-message-id=\"26beda35-2f10-4dda-a7c4-c139e3bf47ff\" data-message-model-slug=\"gpt-5\">\n<div class=\"flex w-full flex-col gap-1 empty:hidden first:pt-[1px]\">\n<div class=\"markdown prose dark:prose-invert w-full break-words light markdown-new-styling\">\n<p>Cansado de embalagens de latic\u00ednios que derramam ou escondem o frescor? Criamos garrafas de vidro para leite com tampa, perfeitas para pudim \u2013 chega de colheres bagun\u00e7adas. Essas garrafas de vidro para armazenar leite transformam a embalagem em um s\u00edmbolo de confian\u00e7a. Pedidos em grande quantidade recebem garrafas de vidro personalizadas que combinam com a identidade visual da sua marca.<\/p>\n<h2>Caracter\u00edsticas do produto<\/h2>\n<p><strong>Design elegante com babados<\/strong><\/p>\n<p>As nervuras verticais conferem \u00e0 superf\u00edcie uma qualidade t\u00e1til e tornam o vidro visualmente mais atraente.<\/p>\n<p><strong>Componente de vidro resistente<\/strong><\/p>\n<p>\u00c9 utilizado vidro de espessura consider\u00e1vel e de alta qualidade, o que confere ao produto uma natureza dur\u00e1vel.<\/p>\n<p><strong>Multifuncional<\/strong><\/p>\n<p>\u00d3timo para pudins, iogurtes, sorvetes ou at\u00e9 mesmo para fazer velas.<\/p>\n<p><strong>Reutiliz\u00e1vel e ecol\u00f3gico<\/strong><\/p>\n<p>O produto \u00e9 perfeito para um estilo de vida ecol\u00f3gico, pois \u00e9 f\u00e1cil de manter em condi\u00e7\u00f5es higi\u00eanicas.<\/p>\n<h2>Especifica\u00e7\u00f5es principais<\/h2>\n<table style=\"border-collapse: collapse; width: 80%; margin-left: auto; margin-right: auto;\" border=\"0\" width=\"288\" cellspacing=\"0\" cellpadding=\"0\">\n<tbody>\n<tr style=\"height: 13.50pt;\">\n<td style=\"height: 13.5pt; width: 54pt; text-align: center;\" width=\"72\" height=\"18\">Modelo<\/td>\n<td style=\"width: 54pt; text-align: center;\" width=\"72\">Capacidade (ml)<\/td>\n<td style=\"width: 54pt; text-align: center;\" width=\"72\">Tamanho (cm)<\/td>\n<td style=\"width: 54pt; text-align: center;\" width=\"72\">Padr\u00e3o<\/td>\n<\/tr>\n<tr style=\"height: 13.50pt;\">\n<td style=\"height: 13.5pt; text-align: center;\" align=\"right\" height=\"18\">64010031<\/td>\n<td style=\"text-align: center;\" align=\"right\">100<\/td>\n<td style=\"text-align: center;\">6.8&#215;6.7<\/td>\n<td class=\"et2\" style=\"text-align: center;\" rowspan=\"4\">Vertical<\/td>\n<\/tr>\n<tr style=\"height: 13.50pt;\">\n<td style=\"height: 13.5pt; text-align: center;\" align=\"right\" height=\"18\">64013032<\/td>\n<td style=\"text-align: center;\" align=\"right\">130<\/td>\n<td style=\"text-align: center;\">6.6&#215;7.4<\/td>\n<\/tr>\n<tr style=\"height: 13.50pt;\">\n<td style=\"height: 13.5pt; text-align: center;\" align=\"right\" height=\"18\">64015033<\/td>\n<td style=\"text-align: center;\" align=\"right\">150<\/td>\n<td style=\"text-align: center;\">6.4&#215;7.7<\/td>\n<\/tr>\n<tr style=\"height: 13.50pt;\">\n<td style=\"height: 13.5pt; text-align: center;\" align=\"right\" height=\"18\">64020034<\/td>\n<td style=\"text-align: center;\" align=\"right\">200<\/td>\n<td style=\"text-align: center;\">7.2&#215;7.5<\/td>\n<\/tr>\n<\/tbody>\n<\/table>\n<h2>Caso de sucesso<\/h2>\n<p>Uma f\u00e1brica europeia de sobremesas procurava embalagens sofisticadas para sua nova linha de panna cotta. Optaram por nossas garrafas de vidro personalizadas de 130 ml para iogurte, com tampas herm\u00e9ticas de alum\u00ednio. O design foi concebido para real\u00e7ar a textura suave da sobremesa, garantindo ao mesmo tempo a sua frescura durante o transporte. Foram adicionadas ranhuras verticais de vidro \u00e0 garrafa para um visual refinado e artesanal, e a grava\u00e7\u00e3o personalizada no ombro exibe com eleg\u00e2ncia o logotipo da marca.<\/p>\n<p>O resultado? Os pedidos em grande quantidade aumentaram 50%, e a linha de panna cotta rapidamente se tornou um sucesso de vendas no primeiro m\u00eas de lan\u00e7amento.<\/p>\n<h2>Seu Guia de Personaliza\u00e7\u00e3o<\/h2>\n<ol>\n<li><strong>Bandas da \u201cPaleta de Sobremesas\u201d: <\/strong>Adicione faixas em tons pastel \u00e0 embalagem de vidro do pudim (por exemplo, \u201cVerde Menta\u201d). Diga aos clientes: \u201cSobremesa fresca, alegria fresca\u201d.<\/li>\n<li><strong>Op\u00e7\u00f5es de tampa e embalagem: <\/strong>Personalize com tampas de metal, bambu ou corti\u00e7a e embalagens de presente com a sua marca para combinar com os diferentes estilos de mercado.<\/li>\n<\/ol>\n<\/div>\n<\/div>\n<\/div>\n<\/div>\n<\/div>\n<\/div>","protected":false},"excerpt":{"rendered":"<p>Garrafas de vidro transparente para iogurte, ideais para sobremesas, iogurte ou velas. Potes de vidro dur\u00e1veis \u200b\u200be reutiliz\u00e1veis, perfeitos para embalagens de vidro.<\/p>","protected":false},"featured_media":22518,"template":"","meta":[],"product_brand":[],"product_cat":[124,122,130],"product_tag":[],"class_list":{"0":"post-22511","1":"product","2":"type-product","3":"status-publish","4":"has-post-thumbnail","6":"product_cat-custom-glass-jars","7":"product_cat-custom-glass-packaging","8":"product_cat-glass-yogurt-jars","10":"first","11":"instock","12":"shipping-taxable","13":"product-type-simple"},"jetpack_sharing_enabled":true,"_links":{"self":[{"href":"https:\/\/yebodaglass.com\/pt\/wp-json\/wp\/v2\/product\/22511","targetHints":{"allow":["GET"]}}],"collection":[{"href":"https:\/\/yebodaglass.com\/pt\/wp-json\/wp\/v2\/product"}],"about":[{"href":"https:\/\/yebodaglass.com\/pt\/wp-json\/wp\/v2\/types\/product"}],"version-history":[{"count":5,"href":"https:\/\/yebodaglass.com\/pt\/wp-json\/wp\/v2\/product\/22511\/revisions"}],"predecessor-version":[{"id":24186,"href":"https:\/\/yebodaglass.com\/pt\/wp-json\/wp\/v2\/product\/22511\/revisions\/24186"}],"wp:featuredmedia":[{"embeddable":true,"href":"https:\/\/yebodaglass.com\/pt\/wp-json\/wp\/v2\/media\/22518"}],"wp:attachment":[{"href":"https:\/\/yebodaglass.com\/pt\/wp-json\/wp\/v2\/media?parent=22511"}],"wp:term":[{"taxonomy":"product_brand","embeddable":true,"href":"https:\/\/yebodaglass.com\/pt\/wp-json\/wp\/v2\/product_brand?post=22511"},{"taxonomy":"product_cat","embeddable":true,"href":"https:\/\/yebodaglass.com\/pt\/wp-json\/wp\/v2\/product_cat?post=22511"},{"taxonomy":"product_tag","embeddable":true,"href":"https:\/\/yebodaglass.com\/pt\/wp-json\/wp\/v2\/product_tag?post=22511"}],"curies":[{"name":"wp","href":"https:\/\/api.w.org\/{rel}","templated":true}]}}