{"id":22500,"date":"2025-10-20T17:37:27","date_gmt":"2025-10-20T09:37:27","guid":{"rendered":"https:\/\/yebodaglass.com\/?post_type=product&#038;p=22500"},"modified":"2025-11-28T15:58:10","modified_gmt":"2025-11-28T07:58:10","slug":"pudding-glass-bottles-with-plastic-lids-bulk-custom-cute-yogurt-jars","status":"publish","type":"product","link":"https:\/\/yebodaglass.com\/pt\/pudding-glass-bottles-with-plastic-lids-bulk-custom-cute-yogurt-jars\/","title":{"rendered":"Garrafas de vidro redondas para pudim \u2013 Potes de iogurte de 100 a 200 ml com tampas de pl\u00e1stico"},"content":{"rendered":"<p>Cansado de embalagens de latic\u00ednios que derramam ou escondem o frescor? Criamos garrafas de vidro para leite com tampa, perfeitas para pudim \u2014 chega de colheradas bagun\u00e7adas. As garrafas de vidro para pudim transformam embalagens doces em sin\u00f4nimo de confian\u00e7a. Pedidos em grande quantidade recebem garrafas de vidro personalizadas para pudim, que combinam com a identidade visual da sua marca.<\/p>\n<h2>Caracter\u00edsticas do produto<\/h2>\n<p><strong>Maravilha de Boca Larga<\/strong><\/p>\n<p>Servir sobremesas com facilidade \u2014 o frasco de vidro para pudim torna a tarefa de servir muito simples.<\/p>\n<p><strong>Clareza cristalina<\/strong><\/p>\n<p>O vidro de alta transpar\u00eancia mostra a cor e a textura instantaneamente \u2014 os clientes confiam na sua garrafa de leite de vidro com tampa \u00e0 primeira vista.<\/p>\n<p><strong>Doce Magia Personalizada<\/strong><\/p>\n<p>Adicione seu logotipo \u00e0 garrafa de vidro para pudim com tampa.<\/p>\n<h2>Especifica\u00e7\u00f5es principais<\/h2>\n<table style=\"border-collapse: collapse; width: 80%; margin-left: auto; margin-right: auto;\" border=\"0\" width=\"360\" cellspacing=\"0\" cellpadding=\"0\">\n<tbody>\n<tr style=\"height: 13.50pt;\">\n<td style=\"height: 13.5pt; width: 54pt; text-align: center;\" width=\"72\" height=\"18\">Modelo<\/td>\n<td style=\"width: 54pt; text-align: center;\" width=\"72\">Capacidade (ml)<\/td>\n<td style=\"width: 54pt; text-align: center;\" width=\"72\">Tamanho (cm)<\/td>\n<td style=\"width: 54pt; text-align: center;\" width=\"72\">Tipo de pesco\u00e7o<\/td>\n<td style=\"width: 54pt; text-align: center;\" width=\"72\">Forma<\/td>\n<\/tr>\n<tr style=\"height: 13.50pt;\">\n<td style=\"height: 13.5pt; text-align: center;\" align=\"right\" height=\"18\">64015026<\/td>\n<td style=\"text-align: center;\" align=\"right\">150<\/td>\n<td style=\"text-align: center;\">6.5&#215;7.0<\/td>\n<td class=\"et2\" style=\"text-align: center;\" rowspan=\"2\">Boca larga<\/td>\n<td class=\"et2\" style=\"text-align: center;\" rowspan=\"5\">Redondo<\/td>\n<\/tr>\n<tr style=\"height: 13.50pt;\">\n<td style=\"height: 13.5pt; text-align: center;\" align=\"right\" height=\"18\">64020027<\/td>\n<td style=\"text-align: center;\" align=\"right\">200<\/td>\n<td style=\"text-align: center;\">7.1&#215;7.7<\/td>\n<\/tr>\n<tr style=\"height: 13.50pt;\">\n<td style=\"height: 13.5pt; text-align: center;\" align=\"right\" height=\"18\">64010028<\/td>\n<td style=\"text-align: center;\" align=\"right\">100<\/td>\n<td style=\"text-align: center;\">5.5&#215;7.5<\/td>\n<td class=\"et2\" style=\"text-align: center;\" rowspan=\"3\">Bra\u00e7o de fixa\u00e7\u00e3o<\/td>\n<\/tr>\n<tr style=\"height: 13.50pt;\">\n<td style=\"height: 13.5pt; text-align: center;\" align=\"right\" height=\"18\">64015029<\/td>\n<td style=\"text-align: center;\" align=\"right\">150<\/td>\n<td style=\"text-align: center;\">6.5&#215;8.3<\/td>\n<\/tr>\n<tr style=\"height: 13.50pt;\">\n<td style=\"height: 13.5pt; text-align: center;\" align=\"right\" height=\"18\">64020030<\/td>\n<td style=\"text-align: center;\" align=\"right\">200<\/td>\n<td style=\"text-align: center;\">6.8&#215;8.5<\/td>\n<\/tr>\n<\/tbody>\n<\/table>\n<h2>Caso de sucesso<\/h2>\n<p>Fomos contatados por uma popular loja de pudins artesanais sul-coreana para fornecer uma solu\u00e7\u00e3o de embalagem elegante e funcional em vidro. A garrafa de leite de vidro personalizada que criamos tem capacidade para 150 ml, boca larga e tampa herm\u00e9tica para exibir a textura suave e delicada do pudim. A boca larga facilita o consumo, enquanto a tampa de rosca com revestimento de silicone garante um transporte \u00e0 prova de vazamentos. Para refor\u00e7ar a imagem artesanal, a marca tamb\u00e9m utilizou um r\u00f3tulo simples de papel kraft e uma fita para a embalagem.<\/p>\n<p>Quando a embalagem foi alterada, as reclama\u00e7\u00f5es sobre derramamento diminu\u00edram 80% e os pedidos em grande quantidade aumentaram 50% em apenas algumas semanas.<\/p>\n<h2>Seu Guia de Personaliza\u00e7\u00e3o<\/h2>\n<ol>\n<li><strong>Bandas da \u201cPaleta de Sobremesas\u201d: <\/strong>Adicione faixas em tons pastel \u00e0 embalagem de vidro do pudim (por exemplo, \u201cVerde Menta\u201d). Diga aos clientes: \u201cSobremesa fresca, alegria fresca\u201d.<\/li>\n<li><strong>Conjuntos \u201cMini Leite\u201d: <\/strong>Crie kits &#034;Pint &amp; Quar com dois frascos de 100ml + um de 200ml \u2014 perfeitos para suas necessidades de leite em garrafas de vidro de 500ml.<\/li>\n<\/ol>","protected":false},"excerpt":{"rendered":"<p>Garrafas de vidro redondas e charmosas com tampas de pl\u00e1stico, perfeitas para sobremesas, iogurte e creme. Dur\u00e1veis, transparentes e ideais para embalar e armazenar alimentos.<\/p>","protected":false},"featured_media":22503,"template":"","meta":[],"product_brand":[],"product_cat":[124,122,130],"product_tag":[],"class_list":{"0":"post-22500","1":"product","2":"type-product","3":"status-publish","4":"has-post-thumbnail","6":"product_cat-custom-glass-jars","7":"product_cat-custom-glass-packaging","8":"product_cat-glass-yogurt-jars","10":"first","11":"instock","12":"shipping-taxable","13":"product-type-simple"},"jetpack_sharing_enabled":true,"_links":{"self":[{"href":"https:\/\/yebodaglass.com\/pt\/wp-json\/wp\/v2\/product\/22500","targetHints":{"allow":["GET"]}}],"collection":[{"href":"https:\/\/yebodaglass.com\/pt\/wp-json\/wp\/v2\/product"}],"about":[{"href":"https:\/\/yebodaglass.com\/pt\/wp-json\/wp\/v2\/types\/product"}],"version-history":[{"count":6,"href":"https:\/\/yebodaglass.com\/pt\/wp-json\/wp\/v2\/product\/22500\/revisions"}],"predecessor-version":[{"id":24185,"href":"https:\/\/yebodaglass.com\/pt\/wp-json\/wp\/v2\/product\/22500\/revisions\/24185"}],"wp:featuredmedia":[{"embeddable":true,"href":"https:\/\/yebodaglass.com\/pt\/wp-json\/wp\/v2\/media\/22503"}],"wp:attachment":[{"href":"https:\/\/yebodaglass.com\/pt\/wp-json\/wp\/v2\/media?parent=22500"}],"wp:term":[{"taxonomy":"product_brand","embeddable":true,"href":"https:\/\/yebodaglass.com\/pt\/wp-json\/wp\/v2\/product_brand?post=22500"},{"taxonomy":"product_cat","embeddable":true,"href":"https:\/\/yebodaglass.com\/pt\/wp-json\/wp\/v2\/product_cat?post=22500"},{"taxonomy":"product_tag","embeddable":true,"href":"https:\/\/yebodaglass.com\/pt\/wp-json\/wp\/v2\/product_tag?post=22500"}],"curies":[{"name":"wp","href":"https:\/\/api.w.org\/{rel}","templated":true}]}}