{"id":22488,"date":"2025-10-20T17:04:07","date_gmt":"2025-10-20T09:04:07","guid":{"rendered":"https:\/\/yebodaglass.com\/?post_type=product&#038;p=22488"},"modified":"2025-11-04T11:56:48","modified_gmt":"2025-11-04T03:56:48","slug":"round-glass-pudding-bottles-bulk-custom-yogurt-jars","status":"publish","type":"product","link":"https:\/\/yebodaglass.com\/pt\/round-glass-pudding-bottles-bulk-custom-yogurt-jars\/","title":{"rendered":"Frasco de vidro redondo para pudim \u2013 Potes de iogurte de 50 a 200 ml com tampas de metal"},"content":{"rendered":"<p>Cansado de embalagens de latic\u00ednios que derramam ou que comprometem o frescor? Criamos garrafas de vidro para leite com tampas, perfeitas para armazenar pudins e sobremesas \u2014 chega de sobremesas aguadas! Essas garrafas de vidro transformam a embalagem em um s\u00edmbolo de confian\u00e7a. Pedidos em grande quantidade recebem garrafas de vidro personalizadas que combinam com a identidade visual da sua marca.<\/p>\n<h2>Caracter\u00edsticas do produto<\/h2>\n<p><strong>Design elegante e funcional<\/strong><\/p>\n<p>O design de boca larga com rosca da garrafa esbelta facilita o servi\u00e7o e o enchimento, e a apar\u00eancia das camadas e cores da sobremesa \u00e9 visualmente destacada sem qualquer esfor\u00e7o extra, resultando em um visual simples e encantador.<\/p>\n<p><strong>Material de qualidade alimentar premium<\/strong><\/p>\n<p>Com alta clareza e transpar\u00eancia, o vidro \u00e9 um produto pr\u00f3prio para alimentos, livre de chumbo, resistente ao calor e inodoro, sendo assim ideal tanto para sobremesas geladas quanto cozidas no vapor.<\/p>\n<p><strong>Funcionalidade pr\u00e1tica e reutiliza\u00e7\u00e3o<\/strong><\/p>\n<p>O produto \u00e9 \u00e0 prova de vazamentos e mant\u00e9m a sobremesa fresca. A ampla abertura facilita a limpeza e permite a reutiliza\u00e7\u00e3o do recipiente, tornando a embalagem adequada tanto para consumo dom\u00e9stico quanto para uso comercial.<\/p>\n<p><strong>Op\u00e7\u00f5es de personaliza\u00e7\u00e3o vers\u00e1teis<\/strong><\/p>\n<p>As necessidades de marca e aplica\u00e7\u00e3o podem ser atendidas por meio da personaliza\u00e7\u00e3o da capacidade, impress\u00e3o de logotipo, rotulagem e estilo da tampa (met\u00e1lica, pl\u00e1stica ou inviol\u00e1vel).<\/p>\n<h2>Especifica\u00e7\u00f5es principais<\/h2>\n<table style=\"border-collapse: collapse; width: 80%; margin-right: auto; margin-left: auto;\" border=\"0\" width=\"360\" cellspacing=\"0\" cellpadding=\"0\">\n<tbody>\n<tr style=\"height: 13.50pt;\">\n<td style=\"height: 13.5pt; width: 54pt; text-align: center;\" width=\"72\" height=\"18\">Modelo<\/td>\n<td style=\"width: 54pt; text-align: center;\" width=\"72\">Capacidade (ml)<\/td>\n<td style=\"width: 54pt; text-align: center;\" width=\"72\">Tamanho (cm)<\/td>\n<td style=\"width: 54pt; text-align: center;\" width=\"72\">Tipo de pesco\u00e7o<\/td>\n<td style=\"width: 54pt; text-align: center;\" width=\"72\">Forma<\/td>\n<\/tr>\n<tr style=\"height: 13.50pt;\">\n<td style=\"height: 13.5pt; text-align: center;\" align=\"right\" height=\"18\">64005021<\/td>\n<td style=\"text-align: center;\" align=\"right\">50<\/td>\n<td style=\"text-align: center;\">4.8&#215;5.8<\/td>\n<td class=\"et2\" style=\"text-align: center;\" rowspan=\"5\">Rosqueado<\/td>\n<td class=\"et2\" style=\"text-align: center;\" rowspan=\"5\">Redondo<\/td>\n<\/tr>\n<tr style=\"height: 13.50pt;\">\n<td style=\"height: 13.5pt; text-align: center;\" align=\"right\" height=\"18\">64007522<\/td>\n<td style=\"text-align: center;\" align=\"right\">75<\/td>\n<td style=\"text-align: center;\">5.1&#215;7.1<\/td>\n<\/tr>\n<tr style=\"height: 13.50pt;\">\n<td style=\"height: 13.5pt; text-align: center;\" align=\"right\" height=\"18\">64010023<\/td>\n<td style=\"text-align: center;\" align=\"right\">100<\/td>\n<td style=\"text-align: center;\">5.5&#215;7.3<\/td>\n<\/tr>\n<tr style=\"height: 13.50pt;\">\n<td style=\"height: 13.5pt; text-align: center;\" align=\"right\" height=\"18\">64015024<\/td>\n<td style=\"text-align: center;\" align=\"right\">150<\/td>\n<td style=\"text-align: center;\">6.5&#215;7.8<\/td>\n<\/tr>\n<tr style=\"height: 13.50pt;\">\n<td style=\"height: 13.5pt; text-align: center;\" align=\"right\" height=\"18\">64020025<\/td>\n<td style=\"text-align: center;\" align=\"right\">200<\/td>\n<td style=\"text-align: center;\">7.0&#215;9.0<\/td>\n<\/tr>\n<\/tbody>\n<\/table>\n<h2>Caso de sucesso<\/h2>\n<p>Fomos contatados por uma marca japonesa de sobremesas gourmet para produzir um pote de vidro personalizado de 75ml para pudim. O vidro \u00e9 cristalino e de qualidade alimentar, tornando esses potes o meio ideal para exibir a textura aveludada e a bela cor natural do pudim. Os potes t\u00eam um formato arredondado e refinado e uma base pesada, conferindo-lhes um ar sofisticado e robusto. Uma tampa de alum\u00ednio dourada e uma veda\u00e7\u00e3o herm\u00e9tica de silicone garantem o fechamento e evitam vazamentos. Um logotipo impresso em serigrafia e uma \u00e1rea para etiqueta com acabamento fosco foram adicionados para refletir a est\u00e9tica elegante da marca.<\/p>\n<p>Ao final do primeiro m\u00eas, as vendas aumentaram 55% ap\u00f3s o lan\u00e7amento, com os clientes elogiando os potes tanto pela apar\u00eancia quanto pela praticidade de armazenamento.<\/p>\n<h2>Seu Guia de Personaliza\u00e7\u00e3o<\/h2>\n<ol>\n<li><strong>Tampas de garrafa personalizadas:<\/strong> Selecione diferentes tipos de materiais e cores, como metal, pl\u00e1stico e tampas antifurto. Para melhor reconhecimento, inclua o logotipo ou a imagem impressa da sua marca.<\/li>\n<li><strong>Produtos personalizados:<\/strong> Existem in\u00fameros tratamentos de superf\u00edcie dispon\u00edveis, como fosqueamento, serigrafia, estampagem a quente e rotulagem, que tornam a garrafa mais decorativa e alinhada \u00e0 marca.<\/li>\n<\/ol>","protected":false},"excerpt":{"rendered":"<p>Garrafas de vidro redondas para pudim e garrafas de vidro para leite com tampas, ideais para sobremesas, iogurte ou geleia. Dur\u00e1veis, reutiliz\u00e1veis \u200b\u200be personaliz\u00e1veis \u200b\u200bpara marcas de embalagens de alimentos.<\/p>","protected":false},"featured_media":22492,"template":"","meta":[],"product_brand":[],"product_cat":[124,122,130],"product_tag":[],"class_list":{"0":"post-22488","1":"product","2":"type-product","3":"status-publish","4":"has-post-thumbnail","6":"product_cat-custom-glass-jars","7":"product_cat-custom-glass-packaging","8":"product_cat-glass-yogurt-jars","10":"first","11":"instock","12":"shipping-taxable","13":"product-type-simple"},"jetpack_sharing_enabled":true,"_links":{"self":[{"href":"https:\/\/yebodaglass.com\/pt\/wp-json\/wp\/v2\/product\/22488","targetHints":{"allow":["GET"]}}],"collection":[{"href":"https:\/\/yebodaglass.com\/pt\/wp-json\/wp\/v2\/product"}],"about":[{"href":"https:\/\/yebodaglass.com\/pt\/wp-json\/wp\/v2\/types\/product"}],"version-history":[{"count":5,"href":"https:\/\/yebodaglass.com\/pt\/wp-json\/wp\/v2\/product\/22488\/revisions"}],"predecessor-version":[{"id":22507,"href":"https:\/\/yebodaglass.com\/pt\/wp-json\/wp\/v2\/product\/22488\/revisions\/22507"}],"wp:featuredmedia":[{"embeddable":true,"href":"https:\/\/yebodaglass.com\/pt\/wp-json\/wp\/v2\/media\/22492"}],"wp:attachment":[{"href":"https:\/\/yebodaglass.com\/pt\/wp-json\/wp\/v2\/media?parent=22488"}],"wp:term":[{"taxonomy":"product_brand","embeddable":true,"href":"https:\/\/yebodaglass.com\/pt\/wp-json\/wp\/v2\/product_brand?post=22488"},{"taxonomy":"product_cat","embeddable":true,"href":"https:\/\/yebodaglass.com\/pt\/wp-json\/wp\/v2\/product_cat?post=22488"},{"taxonomy":"product_tag","embeddable":true,"href":"https:\/\/yebodaglass.com\/pt\/wp-json\/wp\/v2\/product_tag?post=22488"}],"curies":[{"name":"wp","href":"https:\/\/api.w.org\/{rel}","templated":true}]}}