{"id":22482,"date":"2025-10-20T15:55:45","date_gmt":"2025-10-20T07:55:45","guid":{"rendered":"https:\/\/yebodaglass.com\/?post_type=product&#038;p=22482"},"modified":"2025-11-11T13:52:06","modified_gmt":"2025-11-11T05:52:06","slug":"wholesale-square-glass-milk-bottles-custom-beverage-container","status":"publish","type":"product","link":"https:\/\/yebodaglass.com\/pt\/wholesale-square-glass-milk-bottles-custom-beverage-container\/","title":{"rendered":"Velkoobchodn\u00ed \u010dtvercov\u00e9 sklen\u011bn\u00e9 lahve na ml\u00e9ko s plastov\u00fdmi v\u00ed\u010dky 300-500ml"},"content":{"rendered":"<p>Cansado de garrafas de leite que ocupam espa\u00e7o desnecessariamente nas prateleiras? Criamos garrafas de vidro quadradas para leite com um design que otimiza o espa\u00e7o \u2014 chega de cantos estranhos. Essas garrafas de vidro para armazenamento de leite transformam o envase de bebidas em uma estrat\u00e9gia inteligente para o varejo. Pedidos em grande quantidade recebem garrafas de vidro personalizadas que combinam com a identidade visual da sua marca.<\/p>\n<h2>Caracter\u00edsticas do produto<\/h2>\n<p><strong>Projeto<\/strong><\/p>\n<p>O recipiente quadrado com gargalo totalmente rosqueado \u00e9 uma solu\u00e7\u00e3o de design minimalista e est\u00e1vel, que permite f\u00e1cil empilhamento e transporte. O gargalo rosqueado possibilita o uso de diferentes tipos de tampas.<\/p>\n<ul>\n<li><strong>Material: <\/strong>\u00c9 feito de vidro espesso e altamente transparente, resistente ao calor, inodoro, livre de chumbo e at\u00f3xico, sendo, portanto, seguro at\u00e9 mesmo para bebidas como leite e suco.<\/li>\n<li><strong>Funcionalidade:\u00a0<\/strong>\u00c9 um recipiente reutiliz\u00e1vel, \u00e0 prova de vazamentos e que conserva os alimentos frescos. O gargalo largo facilita a limpeza, podendo ser usado tanto em casa quanto em ambientes comerciais.<\/li>\n<li><strong>Personaliza\u00e7\u00e3o:\u00a0<\/strong>Sua marca pode se beneficiar das op\u00e7\u00f5es de embalagem, personalizando a capacidade, a impress\u00e3o do logotipo, a cor da tampa e o material (alum\u00ednio, pl\u00e1stico ou lacre de seguran\u00e7a).<\/li>\n<\/ul>\n<h2>Especifica\u00e7\u00f5es principais<\/h2>\n<table style=\"border-collapse: collapse; width: 80%; margin-left: auto; margin-right: auto;\" border=\"0\" width=\"288\" cellspacing=\"0\" cellpadding=\"0\">\n<tbody>\n<tr style=\"height: 13.50pt;\">\n<td style=\"height: 13.5pt; width: 54pt; text-align: center;\" width=\"72\" height=\"18\">Modelo<\/td>\n<td style=\"width: 54pt; text-align: center;\" width=\"72\">Capacidade (ml)<\/td>\n<td style=\"width: 54pt; text-align: center;\" width=\"72\">Tamanho (cm)<\/td>\n<td style=\"width: 54pt; text-align: center;\" width=\"72\">Forma<\/td>\n<\/tr>\n<tr style=\"height: 13.50pt;\">\n<td style=\"height: 13.5pt; text-align: center;\" align=\"right\" height=\"18\">64030019<\/td>\n<td style=\"text-align: center;\" align=\"right\">300<\/td>\n<td style=\"text-align: center;\">7.6&#215;12.3<\/td>\n<td class=\"et2\" style=\"text-align: center;\" rowspan=\"2\">Quadrado<\/td>\n<\/tr>\n<tr style=\"height: 13.50pt;\">\n<td style=\"height: 13.5pt; text-align: center;\" align=\"right\" height=\"18\">64050020<\/td>\n<td style=\"text-align: center;\" align=\"right\">500<\/td>\n<td style=\"text-align: center;\">8.6&#215;13.6<\/td>\n<\/tr>\n<\/tbody>\n<\/table>\n<h2>Caso de sucesso<\/h2>\n<p>Um produtor de leite org\u00e2nico da Nova Zel\u00e2ndia buscava uma solu\u00e7\u00e3o de embalagem que economizasse espa\u00e7o para suas garrafas redondas, que, apesar do design tradicional, ocupavam muito espa\u00e7o nas prateleiras dos supermercados e durante o transporte. Eles queriam uma garrafa de vidro quadrada personalizada que n\u00e3o comprometesse a imagem da marca. O resultado foi um design simples e elegante, empilh\u00e1vel e compacto. O formato quadrado n\u00e3o s\u00f3 permitiu \u00e0 empresa aumentar o espa\u00e7o nas prateleiras em 25%, como tamb\u00e9m possibilitou a escolha de uma tampa de rosca met\u00e1lica prateada com veda\u00e7\u00e3o de silicone de qualidade alimentar para manter o leite fresco da fazenda at\u00e9 a loja. Cada garrafa tem o logotipo da empresa impresso na lateral. Em apenas duas semanas, o volume de pedidos no atacado dobrou!<\/p>\n<h2>Seu Guia de Personaliza\u00e7\u00e3o<\/h2>\n<ol>\n<li><strong>Tampas de garrafa personalizadas:<\/strong>Voc\u00ea pode escolher entre tampas de alum\u00ednio, inviol\u00e1veis \u200b\u200bou de pl\u00e1stico em diversas cores (como prata, branco e dourado) e op\u00e7\u00f5es de impress\u00e3o de logotipo para refor\u00e7ar o reconhecimento da marca.<\/li>\n<li><strong>Acabamentos de superf\u00edcie personalizados:<\/strong>Oferecemos diversas op\u00e7\u00f5es de decora\u00e7\u00e3o, incluindo serigrafia, hot stamping, fosqueamento e rotulagem, para criar efeitos visuais exclusivos e real\u00e7ar o apelo e o reconhecimento premium do seu produto.<\/li>\n<\/ol>","protected":false},"excerpt":{"rendered":"<p>Garrafas de vidro quadradas e resistentes para leite, ideais para embalagens e armazenamento de latic\u00ednios e bebidas. Reutiliz\u00e1veis, personaliz\u00e1veis \u200b\u200be perfeitas para marcas ecologicamente conscientes.<\/p>","protected":false},"featured_media":22484,"template":"","meta":[],"product_brand":[],"product_cat":[123,122,131],"product_tag":[],"class_list":{"0":"post-22482","1":"product","2":"type-product","3":"status-publish","4":"has-post-thumbnail","6":"product_cat-custom-glass-bottles","7":"product_cat-custom-glass-packaging","8":"product_cat-glass-milk-bottles","10":"first","11":"instock","12":"shipping-taxable","13":"product-type-simple"},"jetpack_sharing_enabled":true,"_links":{"self":[{"href":"https:\/\/yebodaglass.com\/pt\/wp-json\/wp\/v2\/product\/22482","targetHints":{"allow":["GET"]}}],"collection":[{"href":"https:\/\/yebodaglass.com\/pt\/wp-json\/wp\/v2\/product"}],"about":[{"href":"https:\/\/yebodaglass.com\/pt\/wp-json\/wp\/v2\/types\/product"}],"version-history":[{"count":3,"href":"https:\/\/yebodaglass.com\/pt\/wp-json\/wp\/v2\/product\/22482\/revisions"}],"predecessor-version":[{"id":23591,"href":"https:\/\/yebodaglass.com\/pt\/wp-json\/wp\/v2\/product\/22482\/revisions\/23591"}],"wp:featuredmedia":[{"embeddable":true,"href":"https:\/\/yebodaglass.com\/pt\/wp-json\/wp\/v2\/media\/22484"}],"wp:attachment":[{"href":"https:\/\/yebodaglass.com\/pt\/wp-json\/wp\/v2\/media?parent=22482"}],"wp:term":[{"taxonomy":"product_brand","embeddable":true,"href":"https:\/\/yebodaglass.com\/pt\/wp-json\/wp\/v2\/product_brand?post=22482"},{"taxonomy":"product_cat","embeddable":true,"href":"https:\/\/yebodaglass.com\/pt\/wp-json\/wp\/v2\/product_cat?post=22482"},{"taxonomy":"product_tag","embeddable":true,"href":"https:\/\/yebodaglass.com\/pt\/wp-json\/wp\/v2\/product_tag?post=22482"}],"curies":[{"name":"wp","href":"https:\/\/api.w.org\/{rel}","templated":true}]}}