{"id":22431,"date":"2025-10-16T17:32:53","date_gmt":"2025-10-16T09:32:53","guid":{"rendered":"https:\/\/yebodaglass.com\/?post_type=product&#038;p=22431"},"modified":"2026-04-10T14:44:12","modified_gmt":"2026-04-10T06:44:12","slug":"glass-milk-bottles-with-lids-dairy-glass-bottle-supplier","status":"publish","type":"product","link":"https:\/\/yebodaglass.com\/pt\/glass-milk-bottles-with-lids-dairy-glass-bottle-supplier\/","title":{"rendered":"Garrafas de vidro para leite no atacado com tampas inviol\u00e1veis \u200b\u200bde 100 a 930 ml"},"content":{"rendered":"<p>Cansado de garrafas de leite que derramam ou t\u00eam gosto ruim? Fabricamos garrafas de vidro para leite com roscas antifurto \u2014 chega de desperd\u00edcio de leite. Essas garrafas de vidro para latic\u00ednios transformam o envase de bebidas em sin\u00f4nimo de confian\u00e7a. Pedidos em grande quantidade recebem garrafas de vidro personalizadas que combinam com a identidade visual da sua marca.<\/p>\n<h2>Caracter\u00edsticas do produto<\/h2>\n<ol>\n<li><strong>Design de gargalo inviol\u00e1vel:\u00a0<\/strong>Mant\u00e9m o produto seguro e fresco desde o momento em que \u00e9 selado com um lacre hermeticamente fechado e de uso \u00fanico.<\/li>\n<li><strong>S\u00f3lido e recicl\u00e1vel:\u00a0<\/strong>Feito de vidro grosso e de alta qualidade para ser dur\u00e1vel e f\u00e1cil de manusear.<\/li>\n<li><strong>Grande variedade de usos:\u00a0<\/strong>Ideal para leite, smoothies, caf\u00e9, suco, \u00e1gua e outras bebidas.<\/li>\n<li><strong>Vantagens de marketing:\u00a0<\/strong>Facilita o uso de tampas personalizadas, impress\u00e3o de logotipos da marca e rotulagem para aumentar o reconhecimento da marca.<\/li>\n<\/ol>\n<h2>Especifica\u00e7\u00f5es principais<\/h2>\n<table style=\"border-collapse: collapse; width: 80%; margin-left: auto; margin-right: auto;\" border=\"0\" width=\"288\" cellspacing=\"0\" cellpadding=\"0\">\n<tbody>\n<tr style=\"height: 13.50pt;\">\n<td style=\"height: 13.5pt; width: 54pt; text-align: center;\" width=\"72\" height=\"18\">Modelo<\/td>\n<td style=\"width: 54pt; text-align: center;\" width=\"72\">Capacidade (ml)<\/td>\n<td style=\"width: 54pt; text-align: center;\" width=\"72\">Tamanho (cm)<\/td>\n<td style=\"width: 54pt; text-align: center;\" width=\"72\">Tipo de pesco\u00e7o<\/td>\n<\/tr>\n<tr style=\"height: 13.50pt;\">\n<td style=\"height: 13.5pt; text-align: center;\" align=\"right\" height=\"18\">64010012<\/td>\n<td style=\"text-align: center;\" align=\"right\">100<\/td>\n<td style=\"text-align: center;\">4.5&#215;4.5&#215;10.5<\/td>\n<td class=\"et2\" style=\"text-align: center;\" rowspan=\"7\">Tampa de rosca de pl\u00e1stico inviol\u00e1vel<\/td>\n<\/tr>\n<tr style=\"height: 13.50pt;\">\n<td style=\"height: 13.5pt; text-align: center;\" align=\"right\" height=\"18\">64024013<\/td>\n<td style=\"text-align: center;\" align=\"right\">240<\/td>\n<td style=\"text-align: center;\">5,4 x 5 x 14,4<\/td>\n<\/tr>\n<tr style=\"height: 13.50pt;\">\n<td style=\"height: 13.5pt; text-align: center;\" align=\"right\" height=\"18\">64030014<\/td>\n<td style=\"text-align: center;\" align=\"right\">300<\/td>\n<td style=\"text-align: center;\">5.9&#215;5.9&#215;15.9<\/td>\n<\/tr>\n<tr style=\"height: 13.50pt;\">\n<td style=\"height: 13.5pt; text-align: center;\" align=\"right\" height=\"18\">64036015<\/td>\n<td style=\"text-align: center;\" align=\"right\">360<\/td>\n<td style=\"text-align: center;\">6.1&#215;5.7&#215;16.6<\/td>\n<\/tr>\n<tr style=\"height: 13.50pt;\">\n<td style=\"height: 13.5pt; text-align: center;\" align=\"right\" height=\"18\">64040016<\/td>\n<td style=\"text-align: center;\" align=\"right\">400<\/td>\n<td style=\"text-align: center;\">6.5&#215;6.2&#215;17.1<\/td>\n<\/tr>\n<tr style=\"height: 13.50pt;\">\n<td style=\"height: 13.5pt; text-align: center;\" align=\"right\" height=\"18\">64050017<\/td>\n<td style=\"text-align: center;\" align=\"right\">500<\/td>\n<td style=\"text-align: center;\">6.8&#215;6.8&#215;18.6<\/td>\n<\/tr>\n<tr style=\"height: 13.50pt;\">\n<td style=\"height: 13.5pt; text-align: center;\" align=\"right\" height=\"18\">64093018<\/td>\n<td style=\"text-align: center;\" align=\"right\">930<\/td>\n<td style=\"text-align: center;\">8.3&#215;8.3&#215;21.9<\/td>\n<\/tr>\n<\/tbody>\n<\/table>\n<h2>Caso de sucesso<\/h2>\n<p>Uma marca de latic\u00ednios australiana em r\u00e1pido crescimento nos procurou para desenvolver uma nova linha de leite com sabor de morango. Um de seus principais objetivos era criar uma embalagem de vidro premium e \u00e0 prova de vazamentos que n\u00e3o s\u00f3 preservasse o frescor, mas tamb\u00e9m tornasse o produto visualmente atraente nas prateleiras. Eles escolheram a garrafa de vidro de 500 ml e personalizaram a superf\u00edcie do vidro com adesivos para exibir seu logotipo e as especifica\u00e7\u00f5es do produto, o que ajudou a destacar a cor rosa natural do leite com sabor de morango. A garrafa possui roscas inviol\u00e1veis \u200b\u200be um gargalo projetado com precis\u00e3o para uma veda\u00e7\u00e3o herm\u00e9tica, enquanto a tampa foi posicionada para garantir a seguran\u00e7a contra adultera\u00e7\u00e3o.<\/p>\n<p>Durante o primeiro trimestre, o n\u00famero de reclama\u00e7\u00f5es de vazamentos diminuiu 95% e o volume de pedidos em grande quantidade aumentou 50%.<\/p>\n<h2>Seu Guia de Personaliza\u00e7\u00e3o<\/h2>\n<ul>\n<li><strong>Faixas sazonais de morango: <\/strong>Adicione faixas cor-de-rosa \u00e0s garrafas de vidro de leite com sabor de morango (por exemplo, &#034;Morango de Ver\u00e3o&#034;). Diga aos clientes: &#034;Leite fresco, alegria fresca&#034;.<\/li>\n<li><strong>Conjuntos \u201cTamanho Fam\u00edlia\u201d: <\/strong>Crie um &#034;Pacote de 1 Litro e 2 Litros&#034; com duas garrafas de leite de 500ml + uma de 930ml \u2014 perfeito para necessidades de meio litro e litro.<\/li>\n<\/ul>\n<p>&nbsp;<\/p>","protected":false},"excerpt":{"rendered":"<p>Garrafas de vidro resistentes com tampa inviol\u00e1vel para embalagens de latic\u00ednios, sucos, ch\u00e1s, caf\u00e9s e outras bebidas. Personaliza\u00e7\u00e3o e pedidos em grande quantidade dispon\u00edveis.<\/p>","protected":false},"featured_media":22437,"template":"","meta":[],"product_brand":[],"product_cat":[131,123,122],"product_tag":[],"class_list":{"0":"post-22431","1":"product","2":"type-product","3":"status-publish","4":"has-post-thumbnail","6":"product_cat-glass-milk-bottles","7":"product_cat-custom-glass-bottles","8":"product_cat-custom-glass-packaging","10":"first","11":"instock","12":"shipping-taxable","13":"product-type-simple"},"jetpack_sharing_enabled":true,"_links":{"self":[{"href":"https:\/\/yebodaglass.com\/pt\/wp-json\/wp\/v2\/product\/22431","targetHints":{"allow":["GET"]}}],"collection":[{"href":"https:\/\/yebodaglass.com\/pt\/wp-json\/wp\/v2\/product"}],"about":[{"href":"https:\/\/yebodaglass.com\/pt\/wp-json\/wp\/v2\/types\/product"}],"version-history":[{"count":5,"href":"https:\/\/yebodaglass.com\/pt\/wp-json\/wp\/v2\/product\/22431\/revisions"}],"predecessor-version":[{"id":25737,"href":"https:\/\/yebodaglass.com\/pt\/wp-json\/wp\/v2\/product\/22431\/revisions\/25737"}],"wp:featuredmedia":[{"embeddable":true,"href":"https:\/\/yebodaglass.com\/pt\/wp-json\/wp\/v2\/media\/22437"}],"wp:attachment":[{"href":"https:\/\/yebodaglass.com\/pt\/wp-json\/wp\/v2\/media?parent=22431"}],"wp:term":[{"taxonomy":"product_brand","embeddable":true,"href":"https:\/\/yebodaglass.com\/pt\/wp-json\/wp\/v2\/product_brand?post=22431"},{"taxonomy":"product_cat","embeddable":true,"href":"https:\/\/yebodaglass.com\/pt\/wp-json\/wp\/v2\/product_cat?post=22431"},{"taxonomy":"product_tag","embeddable":true,"href":"https:\/\/yebodaglass.com\/pt\/wp-json\/wp\/v2\/product_tag?post=22431"}],"curies":[{"name":"wp","href":"https:\/\/api.w.org\/{rel}","templated":true}]}}