{"id":22423,"date":"2025-10-16T16:12:47","date_gmt":"2025-10-16T08:12:47","guid":{"rendered":"https:\/\/yebodaglass.com\/?post_type=product&#038;p=22423"},"modified":"2026-04-10T18:34:30","modified_gmt":"2026-04-10T10:34:30","slug":"310oz-glass-milk-bottles-wholesale-twist-off-ct-finish-storage-bottles","status":"publish","type":"product","link":"https:\/\/yebodaglass.com\/pt\/310oz-glass-milk-bottles-wholesale-twist-off-ct-finish-storage-bottles\/","title":{"rendered":"Garrafas de vidro para leite de 310 oz (9,2 litros) no atacado | Garrafas de armazenamento com tampa de rosca e acabamento CT"},"content":{"rendered":"<p>Nossas garrafas de vidro de 310ml para leite, vendidas no atacado, t\u00eam um formato atraente e s\u00e3o muito resistentes. S\u00e3o feitas de vidro puro, livre de subst\u00e2ncias nocivas. Essas garrafas s\u00e3o f\u00e1ceis de segurar e ficam \u00f3timas em prateleiras. A transpar\u00eancia permite verificar o frescor do leite ou suco, tornando-as perfeitas para empresas que desejam vender bebidas de qualidade.<\/p>\n<h2>Especifica\u00e7\u00f5es principais<\/h2>\n<table style=\"border-collapse: collapse; width: 80%; margin-left: auto; margin-right: auto;\" border=\"0\" width=\"288\" cellspacing=\"0\" cellpadding=\"0\">\n<tbody>\n<tr style=\"height: 13.50pt;\">\n<td style=\"height: 13.5pt; width: 54pt; text-align: center;\" width=\"72\" height=\"18\">Modelo<\/td>\n<td style=\"width: 54pt; text-align: center;\" width=\"72\">Capacidade<\/td>\n<td style=\"width: 54pt; text-align: center;\" width=\"72\">Tamanho<\/td>\n<td style=\"width: 54pt; text-align: center;\" width=\"72\">Tipo de pesco\u00e7o<\/td>\n<\/tr>\n<tr style=\"height: 13.50pt;\">\n<td style=\"height: 13.5pt; text-align: center;\" align=\"right\" height=\"18\">64031010<\/td>\n<td class=\"et2\" style=\"text-align: center;\" rowspan=\"2\">310ml<\/td>\n<td style=\"text-align: center;\">6,1*6,1*15,2 mm<\/td>\n<td style=\"text-align: center;\">Tampa de rosca<\/td>\n<\/tr>\n<tr style=\"height: 13.50pt;\">\n<td style=\"height: 13.5pt; text-align: center;\" align=\"right\" height=\"18\">64031011<\/td>\n<td style=\"text-align: center;\">6,1*6,1*15,4 mm<\/td>\n<td style=\"text-align: center;\">Rosca cont\u00ednua superior<\/td>\n<\/tr>\n<\/tbody>\n<\/table>\n<h2>Essas garrafas podem ser usadas de diversas maneiras. Temos dois tipos de tampas para elas:<\/h2>\n<ol>\n<li><strong>Tampa de rosca<\/strong>\u00c9 \u00f3tima para quando voc\u00ea precisa encher garrafas de vidro para armazenar leite. Ela fecha rapidamente, o que \u00e9 bom para m\u00e1quinas que colocam as tampas nas garrafas. Esse tipo de tampa \u00e9 frequentemente usado para bebidas porque mant\u00e9m a bebida segura e fresca.<\/li>\n<li><strong>Topo de rosca cont\u00ednua<\/strong>\u00c9 ideal para quando voc\u00ea pretende usar a garrafa mais de uma vez. Pode ser usada com diferentes tipos de tampas e \u00e9 f\u00e1cil de abrir e fechar. Este tipo de tampa \u00e9 frequentemente usado para bebidas e \u00e9 uma boa op\u00e7\u00e3o para quem quer usar a garrafa em casa.<\/li>\n<\/ol>\n<h2>Estudo de Caso<\/h2>\n<p>Trabalhamos com uma empresa que produz creme org\u00e2nico para dar um toque especial \u00e0s suas embalagens de latic\u00ednios. Utilizamos um processo espec\u00edfico para estampar o logotipo na garrafa, e o resultado ficou excelente. O logotipo \u00e9:<\/p>\n<ol>\n<li>Muito resistente a riscos. Pode ser lavada na m\u00e1quina de lavar lou\u00e7a.<\/li>\n<li>\u00c9 agrad\u00e1vel ao toque. Parece fazer parte da garrafa, e n\u00e3o apenas um adesivo.<\/li>\n<li>Pode ser reutilizado v\u00e1rias vezes, o que \u00e9 bom para empresas que desejam economizar dinheiro com embalagens.<\/li>\n<\/ol>\n<p>Tamb\u00e9m podemos fabricar garrafas de leite de vidro no atacado como esta para o seu neg\u00f3cio. Voc\u00ea pode escolher o tipo de tampa que preferir. Podemos colocar o seu logotipo na garrafa utilizando o nosso processo.<\/p>","protected":false},"excerpt":{"rendered":"<p>High-quality 310ml glass milk storage bottles for wholesale. Available in Twist-off and Continuous Thread finishes. Custom decal branding for beverage brands.<\/p>","protected":false},"featured_media":22426,"template":"","meta":[],"product_brand":[],"product_cat":[131,123,122],"product_tag":[],"class_list":{"0":"post-22423","1":"product","2":"type-product","3":"status-publish","4":"has-post-thumbnail","6":"product_cat-glass-milk-bottles","7":"product_cat-custom-glass-bottles","8":"product_cat-custom-glass-packaging","10":"first","11":"instock","12":"shipping-taxable","13":"product-type-simple"},"jetpack_sharing_enabled":true,"_links":{"self":[{"href":"https:\/\/yebodaglass.com\/pt\/wp-json\/wp\/v2\/product\/22423","targetHints":{"allow":["GET"]}}],"collection":[{"href":"https:\/\/yebodaglass.com\/pt\/wp-json\/wp\/v2\/product"}],"about":[{"href":"https:\/\/yebodaglass.com\/pt\/wp-json\/wp\/v2\/types\/product"}],"version-history":[{"count":5,"href":"https:\/\/yebodaglass.com\/pt\/wp-json\/wp\/v2\/product\/22423\/revisions"}],"predecessor-version":[{"id":25751,"href":"https:\/\/yebodaglass.com\/pt\/wp-json\/wp\/v2\/product\/22423\/revisions\/25751"}],"wp:featuredmedia":[{"embeddable":true,"href":"https:\/\/yebodaglass.com\/pt\/wp-json\/wp\/v2\/media\/22426"}],"wp:attachment":[{"href":"https:\/\/yebodaglass.com\/pt\/wp-json\/wp\/v2\/media?parent=22423"}],"wp:term":[{"taxonomy":"product_brand","embeddable":true,"href":"https:\/\/yebodaglass.com\/pt\/wp-json\/wp\/v2\/product_brand?post=22423"},{"taxonomy":"product_cat","embeddable":true,"href":"https:\/\/yebodaglass.com\/pt\/wp-json\/wp\/v2\/product_cat?post=22423"},{"taxonomy":"product_tag","embeddable":true,"href":"https:\/\/yebodaglass.com\/pt\/wp-json\/wp\/v2\/product_tag?post=22423"}],"curies":[{"name":"wp","href":"https:\/\/api.w.org\/{rel}","templated":true}]}}