{"id":22414,"date":"2025-10-16T17:52:23","date_gmt":"2025-10-16T09:52:23","guid":{"rendered":"https:\/\/yebodaglass.com\/?post_type=product&#038;p=22414"},"modified":"2026-04-13T09:49:20","modified_gmt":"2026-04-13T01:49:20","slug":"glass-milk-bottle-with-crimp-neck-for-dairy-drinks-bulk","status":"publish","type":"product","link":"https:\/\/yebodaglass.com\/pt\/glass-milk-bottle-with-crimp-neck-for-dairy-drinks-bulk\/","title":{"rendered":"Garrafa de vidro para leite de 200 a 1000 ml com gargalo crimpado para bebidas l\u00e1cteas (em grande quantidade)"},"content":{"rendered":"<p>A garrafa de vidro para leite apresenta um design cl\u00e1ssico que proporciona uma apar\u00eancia clara e pura, ideal para produtos l\u00e1cteos, sucos e outras bebidas. As garrafas de vidro para leite est\u00e3o dispon\u00edveis em diversos tamanhos e incluem tampas seguras para proteger o produto durante a exposi\u00e7\u00e3o nas lojas, permitindo que os clientes as levem para casa e as utilizem para personaliza\u00e7\u00e3o com a marca.<\/p>\n<h2>Caracter\u00edsticas do produto<\/h2>\n<ul>\n<li><strong>Veda\u00e7\u00e3o por crimpagem resistente: <\/strong>Zava\u0159ovac\u00ed d\u00f3za s \u0161irok\u00fdm hrdlem a v\u00edkem a sklen\u011bn\u00e9 zava\u0159ovac\u00ed d\u00f3zy s v\u00edky. Odoln\u00e9 nal\u00e9v\u00e1n\u00ed. Velkoobchodn\u00ed ceny medu, sirupu a sv\u00ed\u010dek. Velikosti na m\u00edru. Rychl\u00e9 odesl\u00e1n\u00ed. Vynikn\u011bte!<\/li>\n<li><strong>Cristalino: <\/strong>A alta transpar\u00eancia do vidro demonstra claramente o frescor do leite \u2014 sua garrafa de leite de vidro estabelece instantaneamente confian\u00e7a em sua marca.<\/li>\n<li><strong>Dur\u00e1vel e reutiliz\u00e1vel: <\/strong>A parede espessa suporta o impacto dos carrinhos de compras \u2014 os clientes podem reutiliz\u00e1-la para smoothies e outras bebidas.<\/li>\n<li><strong>Tamanhos flex\u00edveis: <\/strong>Dispon\u00edveis em tamanhos de 200 ml a 1000 ml, atendem \u00e0s suas necessidades de meio litro, litro ou gal\u00e3o.<\/li>\n<\/ul>\n<h2>Especifica\u00e7\u00f5es principais<\/h2>\n<table style=\"border-collapse: collapse; width: 80%; margin-left: auto; margin-right: auto;\" border=\"0\" width=\"288\" cellspacing=\"0\" cellpadding=\"0\">\n<tbody>\n<tr style=\"height: 13.50pt;\">\n<td style=\"height: 13.5pt; width: 54pt; text-align: center;\" width=\"72\" height=\"18\">Modelo<\/td>\n<td style=\"width: 54pt; text-align: center;\" width=\"72\">Capacidade (ml)<\/td>\n<td style=\"width: 54pt; text-align: center;\" width=\"72\">Tamanho (cm)<\/td>\n<td style=\"width: 54pt; text-align: center;\" width=\"72\">Tipo de pesco\u00e7o<\/td>\n<\/tr>\n<tr style=\"height: 13.50pt;\">\n<td style=\"height: 13.5pt; text-align: center;\" align=\"right\" height=\"18\">64020006<\/td>\n<td style=\"text-align: center;\" align=\"right\">200<\/td>\n<td style=\"text-align: center;\">6.0&#215;12.0<\/td>\n<td class=\"et2\" style=\"text-align: center;\" rowspan=\"4\">Pesco\u00e7o ondulado<\/td>\n<\/tr>\n<tr style=\"height: 13.50pt;\">\n<td style=\"height: 13.5pt; text-align: center;\" align=\"right\" height=\"18\">62025007<\/td>\n<td style=\"text-align: center;\" align=\"right\">250<\/td>\n<td style=\"text-align: center;\">5.9&#215;14.05<\/td>\n<\/tr>\n<tr style=\"height: 13.50pt;\">\n<td style=\"height: 13.5pt; text-align: center;\" align=\"right\" height=\"18\">62050008<\/td>\n<td style=\"text-align: center;\" align=\"right\">500<\/td>\n<td style=\"text-align: center;\">7.32&#215;20.8<\/td>\n<\/tr>\n<tr style=\"height: 13.50pt;\">\n<td style=\"height: 13.5pt; text-align: center;\" align=\"right\" height=\"18\">64100009<\/td>\n<td style=\"text-align: center;\" align=\"right\">1000<\/td>\n<td style=\"text-align: center;\">8.5&#215;25.7<\/td>\n<\/tr>\n<\/tbody>\n<\/table>\n<h2>Caso de sucesso<\/h2>\n<p>Uma fazenda org\u00e2nica na Nova Zel\u00e2ndia fez uma parceria conosco para modernizar as embalagens de sua linha premium de leite org\u00e2nico. Eles criaram garrafas de vidro com um sistema de fechamento por press\u00e3o para garantir uma veda\u00e7\u00e3o perfeita da tampa e agilizar a montagem da linha de envase. Cada garrafa \u00e9 feita de vidro grosso e altamente transparente, proporcionando uma sensa\u00e7\u00e3o de robustez e um acabamento cristalino que permite apreciar o sabor naturalmente suave do leite.<\/p>\n<p>Em perfeita sintonia com o design, o logotipo da marca e o emblema da fazenda s\u00e3o impressos em relevo na tampa da garrafa, criando assim uma sensa\u00e7\u00e3o aut\u00eantica e artesanal que atrai os consumidores ecologicamente conscientes.<\/p>\n<p>A nova embalagem fez sucesso entre os consumidores locais em pouco tempo, e todo o lote esgotou em apenas 48 horas.<\/p>\n<h2>Seu Guia de Personaliza\u00e7\u00e3o<\/h2>\n<ol>\n<li><strong>Op\u00e7\u00f5es de tampa:<\/strong> Escolha tampas de metal com rosca, de corti\u00e7a ou de bambu, de acordo com o estilo da sua marca.<\/li>\n<li><strong>Modifica\u00e7\u00e3o de cor:<\/strong> Est\u00e3o dispon\u00edveis quatro cores diferentes: transparente, fosco, \u00e2mbar e colorido.<\/li>\n<li><strong>Identidade visual:<\/strong> Imprima o logotipo da sua marca atrav\u00e9s de serigrafia, decalque ou relevo.<\/li>\n<\/ol>","protected":false},"excerpt":{"rendered":"<p>Kupte si sadu zava\u0159ovac\u00edch sklenic Mason s \u0161irok\u00fdm hrdlem a v\u00edkem a zava\u0159ovac\u00edch sklenic Mason s \u00fazk\u00fdm hrdlem. Ide\u00e1ln\u00ed pro skladov\u00e1n\u00ed a prodej r\u016fzn\u00fdch produkt\u016f.<\/p>","protected":false},"featured_media":22419,"template":"","meta":[],"product_brand":[],"product_cat":[123,122,131],"product_tag":[],"class_list":{"0":"post-22414","1":"product","2":"type-product","3":"status-publish","4":"has-post-thumbnail","6":"product_cat-custom-glass-bottles","7":"product_cat-custom-glass-packaging","8":"product_cat-glass-milk-bottles","10":"first","11":"instock","12":"shipping-taxable","13":"product-type-simple"},"jetpack_sharing_enabled":true,"_links":{"self":[{"href":"https:\/\/yebodaglass.com\/pt\/wp-json\/wp\/v2\/product\/22414","targetHints":{"allow":["GET"]}}],"collection":[{"href":"https:\/\/yebodaglass.com\/pt\/wp-json\/wp\/v2\/product"}],"about":[{"href":"https:\/\/yebodaglass.com\/pt\/wp-json\/wp\/v2\/types\/product"}],"version-history":[{"count":5,"href":"https:\/\/yebodaglass.com\/pt\/wp-json\/wp\/v2\/product\/22414\/revisions"}],"predecessor-version":[{"id":25756,"href":"https:\/\/yebodaglass.com\/pt\/wp-json\/wp\/v2\/product\/22414\/revisions\/25756"}],"wp:featuredmedia":[{"embeddable":true,"href":"https:\/\/yebodaglass.com\/pt\/wp-json\/wp\/v2\/media\/22419"}],"wp:attachment":[{"href":"https:\/\/yebodaglass.com\/pt\/wp-json\/wp\/v2\/media?parent=22414"}],"wp:term":[{"taxonomy":"product_brand","embeddable":true,"href":"https:\/\/yebodaglass.com\/pt\/wp-json\/wp\/v2\/product_brand?post=22414"},{"taxonomy":"product_cat","embeddable":true,"href":"https:\/\/yebodaglass.com\/pt\/wp-json\/wp\/v2\/product_cat?post=22414"},{"taxonomy":"product_tag","embeddable":true,"href":"https:\/\/yebodaglass.com\/pt\/wp-json\/wp\/v2\/product_tag?post=22414"}],"curies":[{"name":"wp","href":"https:\/\/api.w.org\/{rel}","templated":true}]}}