{"id":22391,"date":"2025-10-16T10:42:19","date_gmt":"2025-10-16T02:42:19","guid":{"rendered":"https:\/\/yebodaglass.com\/?post_type=product&#038;p=22391"},"modified":"2025-11-04T11:58:15","modified_gmt":"2025-11-04T03:58:15","slug":"glass-milk-bottles-for-milk-juice-smoothies","status":"publish","type":"product","link":"https:\/\/yebodaglass.com\/pt\/glass-milk-bottles-for-milk-juice-smoothies\/","title":{"rendered":"Garrafas de vidro transparente de 200 a 1000 ml para leite, suco e smoothies."},"content":{"rendered":"<p>Cansado de garrafas de leite que vazam ou racham? Fabricamos garrafas de vidro para leite com paredes grossas \u2014 chega de embalagens encharcadas. Essas garrafas de vidro transformam o armazenamento de bebidas em momentos especiais. Pedidos em grande quantidade recebem garrafas de vidro personalizadas que refletem a promessa de frescor da sua marca.<\/p>\n<h2>Caracter\u00edsticas do produto<\/h2>\n<p><strong>O design selado facilita a limpeza sem sujeira.<\/strong><\/p>\n<p>O gargalo rosqueado veda eficazmente a entrada de ar, eliminando reclama\u00e7\u00f5es sobre odores.<\/p>\n<p><strong>Vidro espesso para zero desperd\u00edcio<\/strong><\/p>\n<p>O design de parede espessa garante prote\u00e7\u00e3o mesmo contra impactos de carrinhos de compras. Os clientes podem reutiliz\u00e1-lo como um pote para smoothies, economizando custos de substitui\u00e7\u00e3o.<\/p>\n<p><strong>V\u00e1rios tamanhos dispon\u00edveis<\/strong><\/p>\n<p>Oferecemos tamanhos pequenos de 200ml a 310ml, perfeitos para uma por\u00e7\u00e3o individual de leite, e tamanhos grandes de 500ml a 1000ml, perfeitos para fam\u00edlias.<\/p>\n<p><strong>Sua marca vai al\u00e9m de uma garrafa.<\/strong><\/p>\n<p>Adicione seu logotipo \u00e0 sua garrafa de leite de vidro e os clientes encontrar\u00e3o voc\u00ea instantaneamente na prateleira.<\/p>\n<h2>Especifica\u00e7\u00f5es principais<\/h2>\n<table style=\"border-collapse: collapse; width: 80%; margin-left: auto; margin-right: auto;\" border=\"0\" width=\"360\" cellspacing=\"0\" cellpadding=\"0\">\n<tbody>\n<tr style=\"height: 13.50pt;\">\n<td style=\"height: 13.5pt; width: 54pt; text-align: center;\" width=\"72\" height=\"18\">Modelo<\/td>\n<td style=\"width: 54pt; text-align: center;\" width=\"72\">Capacidade (ml)<\/td>\n<td style=\"width: 54pt; text-align: center;\" width=\"72\">Tamanho (cm)<\/td>\n<td style=\"width: 54pt; text-align: center;\" width=\"72\">Op\u00e7\u00f5es de cores<\/td>\n<td style=\"width: 54pt; text-align: center;\" width=\"72\">Tipo de pesco\u00e7o<\/td>\n<\/tr>\n<tr style=\"height: 13.50pt;\">\n<td style=\"height: 13.5pt; text-align: center;\" align=\"right\" height=\"18\">64020001<\/td>\n<td style=\"text-align: center;\" align=\"right\">200<\/td>\n<td style=\"text-align: center;\">5.8&#215;12.0<\/td>\n<td class=\"et2\" style=\"text-align: center;\" rowspan=\"5\">Limpar (Personalizado)<\/td>\n<td class=\"et2\" style=\"text-align: center;\" rowspan=\"5\">Rosqueado<\/td>\n<\/tr>\n<tr style=\"height: 13.50pt;\">\n<td style=\"height: 13.5pt; text-align: center;\" align=\"right\" height=\"18\">64025002<\/td>\n<td style=\"text-align: center;\" align=\"right\">250<\/td>\n<td style=\"text-align: center;\">5.9&#215;13.7<\/td>\n<\/tr>\n<tr style=\"height: 13.50pt;\">\n<td style=\"height: 13.5pt; text-align: center;\" align=\"right\" height=\"18\">64031003<\/td>\n<td style=\"text-align: center;\" align=\"right\">310<\/td>\n<td style=\"text-align: center;\">6.4&#215;15.3<\/td>\n<\/tr>\n<tr style=\"height: 13.50pt;\">\n<td style=\"height: 13.5pt; text-align: center;\" align=\"right\" height=\"18\">64050004<\/td>\n<td style=\"text-align: center;\" align=\"right\">500<\/td>\n<td style=\"text-align: center;\">7.5&#215;20.85<\/td>\n<\/tr>\n<tr style=\"height: 13.50pt;\">\n<td style=\"height: 13.5pt; text-align: center;\" align=\"right\" height=\"18\">64100005<\/td>\n<td style=\"text-align: center;\" align=\"right\">1000<\/td>\n<td style=\"text-align: center;\">8.5&#215;26.0<\/td>\n<\/tr>\n<\/tbody>\n<\/table>\n<h2>Caso de sucesso<\/h2>\n<p>Uma fazenda org\u00e2nica nos pediu para reformular a identidade visual de sua nova linha de leite org\u00e2nico premium. Eles fizeram um pedido personalizado de garrafas de vidro feitas de vidro s\u00f3dio-c\u00e1lcico extra grosso e de alta defini\u00e7\u00e3o, para que a cor natural do leite pudesse ser vista com clareza. O logotipo da fazenda e um gargalo liso para facilitar o despejo s\u00e3o os elementos decorativos de cada garrafa. Para completar o visual, a marca tamb\u00e9m escolheu uma tampa met\u00e1lica prateada de rosca e um lacre de silicone inviol\u00e1vel como opcionais, para garantir o frescor e evitar vazamentos durante o transporte.<\/p>\n<p>A embalagem exclusiva conseguiu dobrar as vendas em 30 dias ap\u00f3s o lan\u00e7amento, o que levou a fazenda a decidir continuar usando nossas garrafas de vidro personalizadas para toda a sua linha de produtos org\u00e2nicos e tamb\u00e9m para outras categorias de bebidas l\u00e1cteas.<\/p>\n<h2>Seu Guia de Personaliza\u00e7\u00e3o<\/h2>\n<ol>\n<li><strong>Design da garrafa:<\/strong> Para uma apar\u00eancia e textura mais luxuosas, voc\u00ea pode optar por designs em relevo ou pintados.<\/li>\n<li><strong>Bon\u00e9:<\/strong> Escolha o material da tampa do seu produto, por exemplo, pl\u00e1stico, madeira, metal e muitos outros, e a cor da tampa tamb\u00e9m pode ser personalizada.<\/li>\n<li><strong>Impress\u00e3o de logotipos:<\/strong> D\u00ea destaque ao seu logotipo imprimindo-o na tampa ou na garrafa.<\/li>\n<\/ol>","protected":false},"excerpt":{"rendered":"<p>Garrafas de vidro transparente dur\u00e1veis \u200b\u200bpara leite, com design cl\u00e1ssico, perfeitas para servir leite, suco ou smoothies. Ideais para uso dom\u00e9stico ou em cafeterias.<\/p>","protected":false},"featured_media":22410,"template":"","meta":[],"product_brand":[],"product_cat":[123,122,131],"product_tag":[],"class_list":{"0":"post-22391","1":"product","2":"type-product","3":"status-publish","4":"has-post-thumbnail","6":"product_cat-custom-glass-bottles","7":"product_cat-custom-glass-packaging","8":"product_cat-glass-milk-bottles","10":"first","11":"instock","12":"shipping-taxable","13":"product-type-simple"},"jetpack_sharing_enabled":true,"_links":{"self":[{"href":"https:\/\/yebodaglass.com\/pt\/wp-json\/wp\/v2\/product\/22391","targetHints":{"allow":["GET"]}}],"collection":[{"href":"https:\/\/yebodaglass.com\/pt\/wp-json\/wp\/v2\/product"}],"about":[{"href":"https:\/\/yebodaglass.com\/pt\/wp-json\/wp\/v2\/types\/product"}],"version-history":[{"count":3,"href":"https:\/\/yebodaglass.com\/pt\/wp-json\/wp\/v2\/product\/22391\/revisions"}],"predecessor-version":[{"id":22441,"href":"https:\/\/yebodaglass.com\/pt\/wp-json\/wp\/v2\/product\/22391\/revisions\/22441"}],"wp:featuredmedia":[{"embeddable":true,"href":"https:\/\/yebodaglass.com\/pt\/wp-json\/wp\/v2\/media\/22410"}],"wp:attachment":[{"href":"https:\/\/yebodaglass.com\/pt\/wp-json\/wp\/v2\/media?parent=22391"}],"wp:term":[{"taxonomy":"product_brand","embeddable":true,"href":"https:\/\/yebodaglass.com\/pt\/wp-json\/wp\/v2\/product_brand?post=22391"},{"taxonomy":"product_cat","embeddable":true,"href":"https:\/\/yebodaglass.com\/pt\/wp-json\/wp\/v2\/product_cat?post=22391"},{"taxonomy":"product_tag","embeddable":true,"href":"https:\/\/yebodaglass.com\/pt\/wp-json\/wp\/v2\/product_tag?post=22391"}],"curies":[{"name":"wp","href":"https:\/\/api.w.org\/{rel}","templated":true}]}}