{"id":22336,"date":"2025-10-13T15:53:39","date_gmt":"2025-10-13T07:53:39","guid":{"rendered":"https:\/\/yebodaglass.com\/?post_type=product&#038;p=22336"},"modified":"2026-03-24T11:54:50","modified_gmt":"2026-03-24T03:54:50","slug":"bulk-clear-cooking-oil-bottle-for-kitchen-with-pouring-lid","status":"publish","type":"product","link":"https:\/\/yebodaglass.com\/pt\/bulk-clear-cooking-oil-bottle-for-kitchen-with-pouring-lid\/","title":{"rendered":"Garrafa transparente de 200ml para \u00f3leo de cozinha com tampa dosadora."},"content":{"rendered":"<p>Esta garrafa de \u00f3leo de cozinha tem um formato distinto de ampulheta e um design elegante e afunilado, sendo f\u00e1cil de segurar e de servir. \u00c9 feita de vidro cristalino e possui um bico de a\u00e7o inoxid\u00e1vel na parte superior que abre com o toque de um bot\u00e3o e fecha automaticamente para evitar gotejamento.<\/p>\n<h2>Caracter\u00edsticas do produto<\/h2>\n<ul>\n<li><strong>Despejo sem gotejamento sempre:<\/strong> A tampa de precis\u00e3o regula o fluxo, eliminando completamente o problema de garrafas pegajosas e desperd\u00edcio de \u00f3leo.<\/li>\n<li><strong>Material de vidro transparente:<\/strong>A garrafa vazia de \u00f3leo ou vinagre pode ser vista rapidamente atrav\u00e9s do seu corpo de vidro, para que o fornecimento n\u00e3o seja interrompido durante o cozimento.<\/li>\n<li><strong>Design fino:<\/strong> Gra\u00e7as ao seu formato compacto, \u00e9 muito f\u00e1cil coloc\u00e1-lo na cozinha, proporcionando assim mais espa\u00e7o de armazenamento.<\/li>\n<\/ul>\n<h2>Especifica\u00e7\u00f5es principais<\/h2>\n<table style=\"border-collapse: collapse; margin-left: auto; margin-right: auto; width: 614.27pt;\" border=\"0\" width=\"819\" cellspacing=\"0\" cellpadding=\"0\">\n<tbody>\n<tr style=\"height: 13.50pt;\">\n<td style=\"height: 13.50pt; width: 99.75pt;\" width=\"133\" height=\"18\">Recurso<\/td>\n<td style=\"width: 514.50pt;\" width=\"686\">Especifica\u00e7\u00e3o<\/td>\n<\/tr>\n<tr style=\"height: 13.50pt;\">\n<td style=\"height: 13.50pt;\" height=\"18\">Capacidade<\/td>\n<td>200ml<\/td>\n<\/tr>\n<tr style=\"height: 13.50pt;\">\n<td style=\"height: 13.50pt;\" height=\"18\">Dimens\u00f5es<\/td>\n<td>6,5\u00d719,0cm (di\u00e2metro \u00d7 altura)<\/td>\n<\/tr>\n<tr style=\"height: 13.50pt;\">\n<td style=\"height: 13.50pt;\" height=\"18\">Forma<\/td>\n<td>Vidro redondo c\u00f4nico<\/td>\n<\/tr>\n<tr style=\"height: 13.50pt;\">\n<td style=\"height: 13.50pt;\" height=\"18\">Op\u00e7\u00f5es de tampa<\/td>\n<td>Bico articulado preto\/prateado, tampa s\u00f3lida<\/td>\n<\/tr>\n<tr style=\"height: 13.50pt;\">\n<td style=\"height: 13.50pt;\" height=\"18\">Ideal para<\/td>\n<td>PET is een veelgebruikte kunststofsoort voor voedselverpakkingen, waaronder ook sommige honingproducten vallen. Het wordt vooral gebruikt voor de binnenlandse markt of voor grote hoeveelheden.<\/td>\n<\/tr>\n<tr style=\"height: 13.50pt;\">\n<td style=\"height: 13.50pt;\" height=\"18\">Uso ideal<\/td>\n<td>Garrafa de \u00f3leo de cozinha, garrafas de \u00f3leo e vinagre, embalagens de vidro por atacado.<\/td>\n<\/tr>\n<\/tbody>\n<\/table>\n<h2>Hist\u00f3ria de sucesso<\/h2>\n<p>Uma das redes de supermercados de luxo europeias escolheu nossa garrafa dispensadora de \u00f3leo e encomendou uma com acabamento personalizado jateado e bico banhado a cobre. Essa garrafa de \u00f3leo tradicional se tornou seu produto principal. Seu design elegante e a resist\u00eancia a gotejamento permitiram que vendessem seu \u00f3leo aromatizado por 40% a mais do que a vers\u00e3o original, e a melhor veda\u00e7\u00e3o reduziu os derramamentos e desperd\u00edcios nas lojas em 25%. Com base nesse sucesso, encomendaram mais 650.000 garrafas de seu novo vinagre artesanal e kits de presente para as festas de fim de ano.<\/p>\n<h2>Ideias de personaliza\u00e7\u00e3o de frascos de \u00f3leo para dispensadores<\/h2>\n<ul>\n<li><strong>Serigrafia:\u200b\u200b<\/strong> Voc\u00ea pode ter seu logotipo ou design impresso diretamente na garrafa de vidro para f\u00e1cil identifica\u00e7\u00e3o da sua marca e para fins de branding permanente.<\/li>\n<li><strong>Tonifica\u00e7\u00e3o de cor:\u200b\u200b<\/strong> Escolha uma embalagem simples de vidro \u00e2mbar ou verde para o produto, que \u00e9 bastante popular atualmente, pois al\u00e9m de proteger dos raios UV, tamb\u00e9m torna o produto visualmente mais atraente.<\/li>\n<li><strong>Cor da tampa:\u200b\u200b<\/strong> A cor da tampa de rosca pode ser qualquer uma que voc\u00ea desejar, seja preta, dourada ou prateada; fica totalmente a seu crit\u00e9rio e combina com o restante das cores da sua paleta de cores.<\/li>\n<li><strong>Etiquetagem por Transfer\u00eancia T\u00e9rmica:<\/strong> Obtenha suas imagens coloridas de alta resolu\u00e7\u00e3o integradas em um dos tipos de etiquetas mais dur\u00e1veis \u200b\u200be resistentes \u00e0 umidade para cozinha: as etiquetas de transfer\u00eancia t\u00e9rmica.<\/li>\n<\/ul>","protected":false},"excerpt":{"rendered":"<p>Garrafa de vidro transparente para \u00f3leo de cozinha. Design elegante e alongado com bico dosador preto e prateado. Perfeita para marcas de cozinha, restaurantes ou pedidos em grande quantidade.<\/p>","protected":false},"featured_media":22341,"template":"","meta":[],"product_brand":[],"product_cat":[126,123,122],"product_tag":[],"class_list":{"0":"post-22336","1":"product","2":"type-product","3":"status-publish","4":"has-post-thumbnail","6":"product_cat-olive-oil-bottles","7":"product_cat-custom-glass-bottles","8":"product_cat-custom-glass-packaging","10":"first","11":"instock","12":"shipping-taxable","13":"product-type-simple"},"jetpack_sharing_enabled":true,"_links":{"self":[{"href":"https:\/\/yebodaglass.com\/pt\/wp-json\/wp\/v2\/product\/22336","targetHints":{"allow":["GET"]}}],"collection":[{"href":"https:\/\/yebodaglass.com\/pt\/wp-json\/wp\/v2\/product"}],"about":[{"href":"https:\/\/yebodaglass.com\/pt\/wp-json\/wp\/v2\/types\/product"}],"version-history":[{"count":5,"href":"https:\/\/yebodaglass.com\/pt\/wp-json\/wp\/v2\/product\/22336\/revisions"}],"predecessor-version":[{"id":25580,"href":"https:\/\/yebodaglass.com\/pt\/wp-json\/wp\/v2\/product\/22336\/revisions\/25580"}],"wp:featuredmedia":[{"embeddable":true,"href":"https:\/\/yebodaglass.com\/pt\/wp-json\/wp\/v2\/media\/22341"}],"wp:attachment":[{"href":"https:\/\/yebodaglass.com\/pt\/wp-json\/wp\/v2\/media?parent=22336"}],"wp:term":[{"taxonomy":"product_brand","embeddable":true,"href":"https:\/\/yebodaglass.com\/pt\/wp-json\/wp\/v2\/product_brand?post=22336"},{"taxonomy":"product_cat","embeddable":true,"href":"https:\/\/yebodaglass.com\/pt\/wp-json\/wp\/v2\/product_cat?post=22336"},{"taxonomy":"product_tag","embeddable":true,"href":"https:\/\/yebodaglass.com\/pt\/wp-json\/wp\/v2\/product_tag?post=22336"}],"curies":[{"name":"wp","href":"https:\/\/api.w.org\/{rel}","templated":true}]}}