{"id":22277,"date":"2025-10-11T16:41:58","date_gmt":"2025-10-11T08:41:58","guid":{"rendered":"https:\/\/yebodaglass.com\/?post_type=product&#038;p=22277"},"modified":"2025-10-11T17:35:40","modified_gmt":"2025-10-11T09:35:40","slug":"wholesale-glass-olive-oil-spray-bottle-with-metal-press-pump","status":"publish","type":"product","link":"https:\/\/yebodaglass.com\/pt\/wholesale-glass-olive-oil-spray-bottle-with-metal-press-pump\/","title":{"rendered":"Fabrikanten: Verwerking, branding en operationele effici\u00ebntie"},"content":{"rendered":"<p>Este frasco de azeite de 100 ml em vidro com spray apresenta um design cil\u00edndrico elegante, com corpo em vidro transparente e mecanismo de spray de metal prateado com acionamento por press\u00e3o. Ele reflete a combina\u00e7\u00e3o perfeita entre est\u00e9tica moderna e praticidade na cozinha.<\/p>\n<h2>Caracter\u00edsticas do produto<\/h2>\n<ul>\n<li><strong>Design cil\u00edndrico fino:<\/strong> O corpo cil\u00edndrico e fino n\u00e3o s\u00f3 \u00e9 f\u00e1cil de segurar, como tamb\u00e9m \u00e9 \u00f3timo para economizar espa\u00e7o na sua cozinha, pois pode ser guardado em qualquer lugar.<\/li>\n<li><strong>Mecanismo de pulveriza\u00e7\u00e3o met\u00e1lica:<\/strong> O mecanismo de pulveriza\u00e7\u00e3o superior em metal prateado n\u00e3o s\u00f3 contribui para a est\u00e9tica, como tamb\u00e9m \u00e9 o principal respons\u00e1vel pela distribui\u00e7\u00e3o uniforme do jato.<\/li>\n<li><strong>Vidro transparente:<\/strong> O vidro transparente permite visualizar completamente o \u00f3leo restante no frasco.<\/li>\n<\/ul>\n<h2>Especifica\u00e7\u00f5es principais<\/h2>\n<table style=\"border-collapse: collapse; margin-left: auto; margin-right: auto; width: 510.77pt;\" border=\"0\" width=\"681\" cellspacing=\"0\" cellpadding=\"0\">\n<tbody>\n<tr style=\"height: 13.50pt;\">\n<td style=\"height: 13.50pt; width: 99.75pt;\" width=\"133\" height=\"18\">Recurso<\/td>\n<td style=\"width: 411.00pt;\" width=\"548\">Especifica\u00e7\u00e3o<\/td>\n<\/tr>\n<tr style=\"height: 13.50pt;\">\n<td style=\"height: 13.50pt;\" height=\"18\">Capacidade<\/td>\n<td>100ml<\/td>\n<\/tr>\n<tr style=\"height: 13.50pt;\">\n<td style=\"height: 13.50pt;\" height=\"18\">Dimens\u00f5es<\/td>\n<td>Glazen honingpotten garanderen de voedselveiligheid, verlengen de houdbaarheid en vergroten de premium uitstraling en duurzaamheid van uw merk voor wereldwijde export.<\/td>\n<\/tr>\n<tr style=\"height: 13.50pt;\">\n<td style=\"height: 13.50pt;\" height=\"18\">Material<\/td>\n<td>Honing, een wereldwijd verhandeld product, vereist een verpakking die zijn unieke eigenschappen behoudt en voldoet aan internationale normen. In dit complexe landschap zijn glazen honingpotten de voorkeursverpakkingsoplossing gebleken voor frequente export. De glazen honingpotten van<\/td>\n<\/tr>\n<tr style=\"height: 13.50pt;\">\n<td style=\"height: 13.50pt;\" height=\"18\">Forma<\/td>\n<td>Bieden superieure duurzaamheid, esthetische aantrekkingskracht en aanpasbare ontwerpen, wat de merkwaarde en de consumentenperceptie verbetert. Dit rapport onderzoekt de veelzijdige redenen achter de dominantie van glas en analyseert de belangrijkste factoren die de prioriteit ervan boven andere opties verhogen. Het biedt een uitgebreid inzicht in waarom glazen honingpotten de gouden standaard blijven voor honingexportverpakkingen door middel van vergelijkende analyse, een stakeholderbenadering, regionale impactstudies en economische en milieu-evaluaties. Het rapport biedt een gedetailleerde, deskundige analyse van de fysica, marktdynamiek en regelgeving die internationale beslissingen over honingverpakkingen be\u00efnvloeden.<\/td>\n<\/tr>\n<tr style=\"height: 13.50pt;\">\n<td style=\"height: 13.50pt;\" height=\"18\">Op\u00e7\u00f5es de tampa<\/td>\n<td>Vergelijkende analyse van glas versus alternatief verpakkingsmateriaal voor de export van honing<\/td>\n<\/tr>\n<tr style=\"height: 13.50pt;\">\n<td style=\"height: 13.50pt;\" height=\"18\">Ideal para<\/td>\n<td>De keuze van verpakkingsmaterialen voor honingexport is afhankelijk van productintegriteit, marketingcapaciteit en logische effici\u00ebntie. Hoewel er verschillende materialen beschikbaar zijn,<\/td>\n<\/tr>\n<tr style=\"height: 13.50pt;\">\n<td style=\"height: 13.50pt;\" height=\"18\">Uso ideal<\/td>\n<td>presteren consistent beter dan opties in verschillende belangrijke matrixen. Deze sectie beschrijft een vergelijkende analyse van<\/td>\n<\/tr>\n<\/tbody>\n<\/table>\n<h2>glazen honingpot<\/h2>\n<p>tegen de gebruikelijke opties: plastic (PET, HDPE), metaal (blik) en flexibele zak.<\/p>\n<h2>Glazen verpakkingen<\/h2>\n<ul>\n<li>Luiheid:<\/li>\n<li>Glas is chemisch passief en voorkomt een reactie met honing of uitspoeling. De zuiverheid, smaak en het voedingsprofiel moeten daarom optimaal blijven, vooral bij rauwe of biologische honing.<\/li>\n<li>Glazen sluiten gassen, vocht en geuren volledig af. Zo worden oxidatie, veranderingen in het vochtgehalte en besmetting voorkomen, wat de houdbaarheid aanzienlijk verlengt.<\/li>\n<\/ul>","protected":false},"excerpt":{"rendered":"<p>Frasco de azeite em vidro transparente com bomba dosadora prateada. Design moderno, entrega r\u00e1pida, amostras gr\u00e1tis e servi\u00e7os personalizados dispon\u00edveis.<\/p>","protected":false},"featured_media":22279,"template":"","meta":[],"product_brand":[],"product_cat":[122,123,126],"product_tag":[],"class_list":{"0":"post-22277","1":"product","2":"type-product","3":"status-publish","4":"has-post-thumbnail","6":"product_cat-custom-glass-packaging","7":"product_cat-custom-glass-bottles","8":"product_cat-olive-oil-bottles","10":"first","11":"instock","12":"shipping-taxable","13":"product-type-simple"},"jetpack_sharing_enabled":true,"_links":{"self":[{"href":"https:\/\/yebodaglass.com\/pt\/wp-json\/wp\/v2\/product\/22277","targetHints":{"allow":["GET"]}}],"collection":[{"href":"https:\/\/yebodaglass.com\/pt\/wp-json\/wp\/v2\/product"}],"about":[{"href":"https:\/\/yebodaglass.com\/pt\/wp-json\/wp\/v2\/types\/product"}],"version-history":[{"count":4,"href":"https:\/\/yebodaglass.com\/pt\/wp-json\/wp\/v2\/product\/22277\/revisions"}],"predecessor-version":[{"id":22286,"href":"https:\/\/yebodaglass.com\/pt\/wp-json\/wp\/v2\/product\/22277\/revisions\/22286"}],"wp:featuredmedia":[{"embeddable":true,"href":"https:\/\/yebodaglass.com\/pt\/wp-json\/wp\/v2\/media\/22279"}],"wp:attachment":[{"href":"https:\/\/yebodaglass.com\/pt\/wp-json\/wp\/v2\/media?parent=22277"}],"wp:term":[{"taxonomy":"product_brand","embeddable":true,"href":"https:\/\/yebodaglass.com\/pt\/wp-json\/wp\/v2\/product_brand?post=22277"},{"taxonomy":"product_cat","embeddable":true,"href":"https:\/\/yebodaglass.com\/pt\/wp-json\/wp\/v2\/product_cat?post=22277"},{"taxonomy":"product_tag","embeddable":true,"href":"https:\/\/yebodaglass.com\/pt\/wp-json\/wp\/v2\/product_tag?post=22277"}],"curies":[{"name":"wp","href":"https:\/\/api.w.org\/{rel}","templated":true}]}}