{"id":22245,"date":"2025-10-15T09:36:05","date_gmt":"2025-10-15T01:36:05","guid":{"rendered":"https:\/\/yebodaglass.com\/?post_type=product&#038;p=22245"},"modified":"2026-03-19T18:12:33","modified_gmt":"2026-03-19T10:12:33","slug":"clear-mason-glass-jars-with-handles-bulk","status":"publish","type":"product","link":"https:\/\/yebodaglass.com\/pt\/produto\/clear-mason-glass-jars-with-handles-bulk\/","title":{"rendered":"Potes de vidro transparente tipo Mason com al\u00e7as, tamanhos 40ml a 600ml (a granel)"},"content":{"rendered":"<p>Estes frascos de vidro tipo Mason com al\u00e7as s\u00e3o feitos de um corpo cil\u00edndrico transparente com uma al\u00e7a lateral arredondada e suave, permitindo uma pega f\u00e1cil mesmo quando o frasco est\u00e1 cheio. O frasco possui um gargalo com rosca padr\u00e3o, com a op\u00e7\u00e3o de adicionar uma tampa de metal dourada ou prateada.<\/p>\n<h2>Caracter\u00edsticas do produto<\/h2>\n<ul>\n<li><strong>Design da al\u00e7a lateral:<\/strong> O frasco possui uma al\u00e7a de vidro transparente projetada de forma a ser confort\u00e1vel e resistente ao calor, facilitando o manuseio e o transporte, aumentando assim sua praticidade.<\/li>\n<li><strong>Diversas op\u00e7\u00f5es de tamanho:<\/strong> Est\u00e1 dispon\u00edvel em v\u00e1rios tamanhos, incluindo mini, pequeno, m\u00e9dio e grande, dependendo da necessidade de atender a demandas espec\u00edficas, como pequenas por\u00e7\u00f5es, bebidas individuais ou para servir toda a fam\u00edlia.<\/li>\n<li><strong>Vidro de alta transpar\u00eancia:<\/strong> O alto n\u00edvel de transpar\u00eancia do vidro de qualidade alimentar combina est\u00e9tica e praticidade, permitindo visualizar o conte\u00fado com clareza.<\/li>\n<\/ul>\n<h2>Especifica\u00e7\u00f5es principais<\/h2>\n<table style=\"border-collapse: collapse; width: 80%; margin-left: auto; margin-right: auto;\" border=\"0\" width=\"288\" cellspacing=\"0\" cellpadding=\"0\">\n<tbody>\n<tr style=\"height: 13.50pt;\">\n<td style=\"height: 13.5pt; width: 54pt; text-align: center;\" width=\"72\" height=\"18\">Modelo<\/td>\n<td style=\"width: 54pt; text-align: center;\" width=\"72\">Capacidade (ml)<\/td>\n<td style=\"width: 54pt; text-align: center;\" width=\"72\">Tamanho (cm)<\/td>\n<td style=\"width: 54pt; text-align: center;\" width=\"72\">Op\u00e7\u00f5es de cores<\/td>\n<\/tr>\n<tr style=\"height: 13.50pt;\">\n<td style=\"height: 13.5pt; text-align: center;\" align=\"right\" height=\"18\">63004054<\/td>\n<td style=\"text-align: center;\" align=\"right\">40<\/td>\n<td style=\"text-align: center;\">4.9&#215;3.6&#215;6.1<\/td>\n<td class=\"et2\" style=\"text-align: center;\" rowspan=\"7\">Limpar (Personalizado)<\/td>\n<\/tr>\n<tr style=\"height: 13.50pt;\">\n<td style=\"height: 13.5pt; text-align: center;\" align=\"right\" height=\"18\">63013055<\/td>\n<td style=\"text-align: center;\" align=\"right\">130<\/td>\n<td style=\"text-align: center;\">7.4&#215;5.4&#215;8.4<\/td>\n<\/tr>\n<tr style=\"height: 13.50pt;\">\n<td style=\"height: 13.5pt; text-align: center;\" align=\"right\" height=\"18\">63020056<\/td>\n<td style=\"text-align: center;\" align=\"right\">200<\/td>\n<td style=\"text-align: center;\">8,4\u00d76,0x10,3<\/td>\n<\/tr>\n<tr style=\"height: 13.50pt;\">\n<td style=\"height: 13.5pt; text-align: center;\" align=\"right\" height=\"18\">63030057<\/td>\n<td style=\"text-align: center;\" align=\"right\">300<\/td>\n<td style=\"text-align: center;\">\u2014<\/td>\n<\/tr>\n<tr style=\"height: 13.50pt;\">\n<td style=\"height: 13.5pt; text-align: center;\" align=\"right\" height=\"18\">63040058<\/td>\n<td style=\"text-align: center;\" align=\"right\">400<\/td>\n<td style=\"text-align: center;\">\u2014<\/td>\n<\/tr>\n<tr style=\"height: 13.50pt;\">\n<td style=\"height: 13.5pt; text-align: center;\" align=\"right\" height=\"18\">63048059<\/td>\n<td style=\"text-align: center;\" align=\"right\">480<\/td>\n<td style=\"text-align: center;\">10.7&#215;7.8&#215;13.2<\/td>\n<\/tr>\n<tr style=\"height: 13.50pt;\">\n<td style=\"height: 13.5pt; text-align: center;\" align=\"right\" height=\"18\">63060060<\/td>\n<td style=\"text-align: center;\" align=\"right\">600<\/td>\n<td style=\"text-align: center;\">12.4&#215;8.8&#215;14.5<\/td>\n<\/tr>\n<\/tbody>\n<\/table>\n<h2>Hist\u00f3ria de sucesso<\/h2>\n<p>Uma das redes de bares de sucos do sul da Calif\u00f3rnia escolheu nossos potes de vidro de 473 ml com al\u00e7a e os personalizou com corte a laser. Esses potes personalizados foram um enorme sucesso: al\u00e9m de permitir que os funcion\u00e1rios mantivessem as receitas no mesmo n\u00edvel, o que representou uma economia de 10% no custo dos ingredientes, as al\u00e7as facilitaram o transporte e, consequentemente, reduziram o desperd\u00edcio em 25%. A rede obteve grande sucesso e, em seguida, encomendou 250.000 potes para serem as embalagens principais de seus produtos de varejo e de seu novo servi\u00e7o de assinatura.<\/p>\n<h2>Potes de vidro Mason com al\u00e7a personaliz\u00e1vel<\/h2>\n<ul>\n<li>Material e estilo da al\u00e7a: As al\u00e7as podem ser de vidro da mesma cor do frasco, de esmalte colorido ou revestidas com um material como juta ou couro.<\/li>\n<li>Fun\u00e7\u00f5es das tampas: as tampas para bebidas v\u00eam em diversos estilos, incluindo tampas com canudo flip-top, tampas com furos para os canudos ou forros para copos de coqueteleira e saladas.<\/li>\n<li>Personaliza\u00e7\u00e3o de Tamanhos: Tamanhos personalizados podem ser fornecidos para atender \u00e0s necessidades espec\u00edficas do mercado (ex.: potes de caf\u00e9 de 355 ml, potes de limonada de 946 ml).<\/li>\n<\/ul>","protected":false},"excerpt":{"rendered":"<p>Elegante pote de vidro transparente com al\u00e7a e tampa de metal. Potes de vidro estilo Mason com al\u00e7a, perfeitos para bebidas, sobremesas e armazenamento. Amostras gr\u00e1tis.<\/p>","protected":false},"featured_media":25529,"template":"","meta":[],"product_brand":[],"product_cat":[124,122,125],"product_tag":[],"class_list":{"0":"post-22245","1":"product","2":"type-product","3":"status-publish","4":"has-post-thumbnail","6":"product_cat-custom-glass-jars","7":"product_cat-custom-glass-packaging","8":"product_cat-mason-glass-jars","10":"first","11":"instock","12":"shipping-taxable","13":"product-type-simple"},"jetpack_sharing_enabled":true,"_links":{"self":[{"href":"https:\/\/yebodaglass.com\/pt\/wp-json\/wp\/v2\/product\/22245","targetHints":{"allow":["GET"]}}],"collection":[{"href":"https:\/\/yebodaglass.com\/pt\/wp-json\/wp\/v2\/product"}],"about":[{"href":"https:\/\/yebodaglass.com\/pt\/wp-json\/wp\/v2\/types\/product"}],"version-history":[{"count":5,"href":"https:\/\/yebodaglass.com\/pt\/wp-json\/wp\/v2\/product\/22245\/revisions"}],"predecessor-version":[{"id":25532,"href":"https:\/\/yebodaglass.com\/pt\/wp-json\/wp\/v2\/product\/22245\/revisions\/25532"}],"wp:featuredmedia":[{"embeddable":true,"href":"https:\/\/yebodaglass.com\/pt\/wp-json\/wp\/v2\/media\/25529"}],"wp:attachment":[{"href":"https:\/\/yebodaglass.com\/pt\/wp-json\/wp\/v2\/media?parent=22245"}],"wp:term":[{"taxonomy":"product_brand","embeddable":true,"href":"https:\/\/yebodaglass.com\/pt\/wp-json\/wp\/v2\/product_brand?post=22245"},{"taxonomy":"product_cat","embeddable":true,"href":"https:\/\/yebodaglass.com\/pt\/wp-json\/wp\/v2\/product_cat?post=22245"},{"taxonomy":"product_tag","embeddable":true,"href":"https:\/\/yebodaglass.com\/pt\/wp-json\/wp\/v2\/product_tag?post=22245"}],"curies":[{"name":"wp","href":"https:\/\/api.w.org\/{rel}","templated":true}]}}