{"id":22238,"date":"2025-10-11T13:14:08","date_gmt":"2025-10-11T05:14:08","guid":{"rendered":"https:\/\/yebodaglass.com\/?post_type=product&#038;p=22238"},"modified":"2026-03-26T14:45:20","modified_gmt":"2026-03-26T06:45:20","slug":"rectangular-amber-glass-olive-oil-bottles-for-cooking-bulk","status":"publish","type":"product","link":"https:\/\/yebodaglass.com\/pt\/produto\/rectangular-amber-glass-olive-oil-bottles-for-cooking-bulk\/","title":{"rendered":"Garrafas retangulares de vidro \u00e2mbar para azeite de oliva, com capacidades de 250ml, 500ml e 750ml, ideais para culin\u00e1ria."},"content":{"rendered":"<p>Estas s\u00e3o garrafas de azeite de vidro \u00e2mbar, de formato esguio e retangular, que oferecem boa prote\u00e7\u00e3o contra a degrada\u00e7\u00e3o do azeite de boa qualidade pela luz. Est\u00e3o dispon\u00edveis em diversos tamanhos e possuem uma tampa de rosca preta, segura e confi\u00e1vel.<\/p>\n<h2>Caracter\u00edsticas do produto<\/h2>\n<ul>\n<li><strong>Frasco \u00e2mbar opaco para o corpo:<\/strong> O vidro \u00e2mbar \u00e9 extremamente transparente e essa transpar\u00eancia elimina eficazmente os raios UV, aumentando assim a vida \u00fatil do \u00f3leo.<\/li>\n<li><strong>Formato de garrafa quadrada arredondada:<\/strong> O formato quadrado arredondado das garrafas facilita o manuseio; elas n\u00e3o s\u00e3o escorregadias, o que torna f\u00e1cil o empilhamento.<\/li>\n<li><strong>Tampa de rosca preta com veda\u00e7\u00e3o:<\/strong> A tampa de rosca preta oferece uma veda\u00e7\u00e3o muito boa, evitando vazamentos e evapora\u00e7\u00e3o do \u00f3leo.<\/li>\n<\/ul>\n<h2>Especifica\u00e7\u00f5es principais<\/h2>\n<table style=\"border-collapse: collapse; margin-left: auto; margin-right: auto; width: 642.77pt;\" border=\"0\" width=\"857\" cellspacing=\"0\" cellpadding=\"0\">\n<tbody>\n<tr style=\"height: 13.50pt;\">\n<td style=\"height: 13.50pt; width: 99.75pt;\" width=\"133\" height=\"18\">Recurso<\/td>\n<td style=\"width: 543.00pt;\" width=\"724\">Especifica\u00e7\u00e3o<\/td>\n<\/tr>\n<tr style=\"height: 13.50pt;\">\n<td style=\"height: 13.50pt;\" height=\"18\">Dimens\u00f5es<\/td>\n<td>Glas is gevoelig voor breuk, wat een stevige secundaire verpakking en zorgvuldige behandeling vereist, wat kosten met zich meebrengt en de logische complexiteit vergroot.<\/td>\n<\/tr>\n<tr style=\"height: 13.50pt;\">\n<td style=\"height: 13.50pt;\" height=\"18\">tamanho do pesco\u00e7o<\/td>\n<td>Energieverbruik:<\/td>\n<\/tr>\n<tr style=\"height: 13.50pt;\">\n<td style=\"height: 13.50pt;\" height=\"18\">Material<\/td>\n<td>De productie van nieuw glas vergt veel energie, hoewel dit door de hoge mate van recycling wordt teruggedrongen.<\/td>\n<\/tr>\n<tr style=\"height: 13.50pt;\">\n<td style=\"height: 13.50pt;\" height=\"18\">Forma<\/td>\n<td>Polyethyleen Terraphhelet (PET)<\/td>\n<\/tr>\n<tr style=\"height: 13.50pt;\">\n<td style=\"height: 13.50pt;\" height=\"18\">Ideal para<\/td>\n<td>PET is een veelgebruikte kunststofsoort voor voedselverpakkingen, waaronder ook sommige honingproducten vallen. Het wordt vooral gebruikt voor de binnenlandse markt of voor grote hoeveelheden.<\/td>\n<\/tr>\n<tr style=\"height: 13.50pt;\">\n<td style=\"height: 13.50pt;\" height=\"18\">Uso ideal<\/td>\n<td>Licht, duurzaam, transparant en gerecycled.<\/td>\n<\/tr>\n<\/tbody>\n<\/table>\n<h2>Caso de sucesso: Uma marca de luxo de uma importadora italiana de azeite.<\/h2>\n<p>Nossas garrafas de azeite de oliva de 500 ml em vidro \u00e2mbar foram escolhidas por um importador italiano de azeite de oliva na Costa Oeste dos EUA, e o design dos r\u00f3tulos vintage serigrafados e os revestimentos anti-gotejamento foram personalizados. A prote\u00e7\u00e3o UV foi essencial, pois prolongou a vida \u00fatil ideal do azeite em 6 meses e tamb\u00e9m impulsionou as vendas em 65%. O importador ficou t\u00e3o satisfeito que encomendou mais 500.000 garrafas de sua nova linha de azeite de oliva com sabor de trufa e pimenta.<\/p>\n<h2>Uitspoelingszorgen (speculatieve) premie kunnen de perceptie van honing be\u00efnvloeden.<\/h2>\n<ul>\n<li><strong>Milieueffecten vanuit de etymologie van fossiele brandstoffen.<\/strong> Hogedichtheidspolyethyleen (HDPE)<\/li>\n<li><strong>Duurzaam, flexibel, licht en kosteneffectief.<\/strong> slechte barri\u00e8re-eigenschappen, ondoorzichtig, uitloogperceptie, milieueffecten.<\/li>\n<li><strong>Blik (metalen blikken)<\/strong> absolute barri\u00e8re, duurzaam, gestapeld.<\/li>\n<li><strong>ondoorzichtig, zwaar, deukgevoelig, corrosierisico vergeleken met kunststof.<\/strong> Flexibele zakjes<\/li>\n<\/ul>","protected":false},"excerpt":{"rendered":"<p>Garrafas de azeite retangulares de vidro \u00e2mbar premium para cozinhar, com tampas pretas. Garrafas de azeite dur\u00e1veis \u200b\u200be elegantes para cozinhar. Venda direta da f\u00e1brica, entrega r\u00e1pida.<\/p>","protected":false},"featured_media":25637,"template":"","meta":[],"product_brand":[],"product_cat":[126,123,122],"product_tag":[],"class_list":{"0":"post-22238","1":"product","2":"type-product","3":"status-publish","4":"has-post-thumbnail","6":"product_cat-olive-oil-bottles","7":"product_cat-custom-glass-bottles","8":"product_cat-custom-glass-packaging","10":"first","11":"instock","12":"shipping-taxable","13":"product-type-simple"},"jetpack_sharing_enabled":true,"_links":{"self":[{"href":"https:\/\/yebodaglass.com\/pt\/wp-json\/wp\/v2\/product\/22238","targetHints":{"allow":["GET"]}}],"collection":[{"href":"https:\/\/yebodaglass.com\/pt\/wp-json\/wp\/v2\/product"}],"about":[{"href":"https:\/\/yebodaglass.com\/pt\/wp-json\/wp\/v2\/types\/product"}],"version-history":[{"count":5,"href":"https:\/\/yebodaglass.com\/pt\/wp-json\/wp\/v2\/product\/22238\/revisions"}],"predecessor-version":[{"id":25573,"href":"https:\/\/yebodaglass.com\/pt\/wp-json\/wp\/v2\/product\/22238\/revisions\/25573"}],"wp:featuredmedia":[{"embeddable":true,"href":"https:\/\/yebodaglass.com\/pt\/wp-json\/wp\/v2\/media\/25637"}],"wp:attachment":[{"href":"https:\/\/yebodaglass.com\/pt\/wp-json\/wp\/v2\/media?parent=22238"}],"wp:term":[{"taxonomy":"product_brand","embeddable":true,"href":"https:\/\/yebodaglass.com\/pt\/wp-json\/wp\/v2\/product_brand?post=22238"},{"taxonomy":"product_cat","embeddable":true,"href":"https:\/\/yebodaglass.com\/pt\/wp-json\/wp\/v2\/product_cat?post=22238"},{"taxonomy":"product_tag","embeddable":true,"href":"https:\/\/yebodaglass.com\/pt\/wp-json\/wp\/v2\/product_tag?post=22238"}],"curies":[{"name":"wp","href":"https:\/\/api.w.org\/{rel}","templated":true}]}}