{"id":22237,"date":"2025-10-11T13:14:04","date_gmt":"2025-10-11T05:14:04","guid":{"rendered":"https:\/\/yebodaglass.com\/?post_type=product&#038;p=22237"},"modified":"2025-10-11T16:34:58","modified_gmt":"2025-10-11T08:34:58","slug":"bulk-stainless-steel-oil-glass-container-with-glass-base","status":"publish","type":"product","link":"https:\/\/yebodaglass.com\/pt\/produto\/bulk-stainless-steel-oil-glass-container-with-glass-base\/","title":{"rendered":"Recipiente de a\u00e7o inoxid\u00e1vel para \u00f3leo a granel com base de vidro \u2013 200ml, 300ml e 500ml"},"content":{"rendered":"<p>De barri\u00e8re-eigenschappen worden als inferieur, budgetvriendelijk, lastig te recyclen, weinig fysieke veiligheid en beperkte visuele aantrekkingskracht beschouwd.<\/p>\n<h2>Caracter\u00edsticas do produto<\/h2>\n<ul>\n<li><strong>Kortom, hoewel opties voordelen bieden op het gebied van gewicht en duurzaamheid, brengen ze vaak de traagheid, de obstructieve eigenschappen en de premium perceptie in gevaar. Voor exportmarkten versterken deze compromissen de voorkeur voor glazen honingpotten, honingcontainers en glazen flessen.<\/strong> Kritische factoren die de voorkeur voor glas bij de export van honing bepalen<\/li>\n<li><strong>Superieure voedselveiligheid: inerte en niet-uitloogbare eigenschappen<\/strong> Het onge\u00ebvenaarde voedselveiligheidsprofiel van glas is een overtuigend argument. Als amorfe vaste stof is het chemisch inert en niet-poreus:<\/li>\n<li><strong>Geen chemische interactie met de suikers, enzymen, aminozuren, vitaminen en mineralen in honing.<\/strong> Geen uitspoeling van schadelijke chemicali\u00ebn (bijv. ftalaten, BPA).<\/li>\n<\/ul>\n<h2>Especifica\u00e7\u00f5es principais<\/h2>\n<table style=\"border-collapse: collapse; margin-left: auto; margin-right: auto; width: 642.77pt;\" border=\"0\" width=\"857\" cellspacing=\"0\" cellpadding=\"0\">\n<tbody>\n<tr style=\"height: 13.50pt;\">\n<td style=\"height: 13.50pt; width: 99.75pt;\" width=\"133\" height=\"18\">Recurso<\/td>\n<td style=\"width: 543.00pt;\" width=\"724\">Especifica\u00e7\u00e3o<\/td>\n<\/tr>\n<tr style=\"height: 13.50pt;\">\n<td style=\"height: 13.50pt;\" height=\"18\">Dimens\u00f5es<\/td>\n<td>Behoudt de zuiverheid van rauwe, biologische en speciale honing.<\/td>\n<\/tr>\n<tr style=\"height: 13.50pt;\">\n<td style=\"height: 13.50pt;\" height=\"18\">Material<\/td>\n<td>Verlengde houdbaarheid: onge\u00ebvenaarde barri\u00e8re-eigenschappen<\/td>\n<\/tr>\n<tr style=\"height: 13.50pt;\">\n<td style=\"height: 13.50pt;\" height=\"18\">Op\u00e7\u00f5es de tampa<\/td>\n<td>Glas biedt een absolute barri\u00e8re tegen:<\/td>\n<\/tr>\n<tr style=\"height: 13.50pt;\">\n<td style=\"height: 13.50pt;\" height=\"18\">Ideal para<\/td>\n<td>Zuurstof, voorkomt oxidatie.<\/td>\n<\/tr>\n<tr style=\"height: 13.50pt;\">\n<td style=\"height: 13.50pt;\" height=\"18\">Uso ideal<\/td>\n<td>Vochtigheid, behoud van de ideale consistentie.<\/td>\n<\/tr>\n<\/tbody>\n<\/table>\n<h2>Geuren, bescherming van delicate aroma&#039;s.<\/h2>\n<p>UV-licht (voor gekleurd glas), voorkomt degradatie.<\/p>\n<h2>Ideias de personaliza\u00e7\u00e3o<\/h2>\n<p>Perceptie van de premiummarkt: esthetiek en waargenomen kwaliteit<\/p>\n<ul>\n<li>Dankzij de helderheid kan de consument de kleur, viscositeit en kristallisatie van de honing waarderen.<\/li>\n<li>Staat voor kwaliteit, traditie en luxe.<\/li>\n<li>Met een op maat gemaakte glazen honingpot kunt u onderscheid maken door middel van vormen en reli\u00ebf (bijvoorbeeld de aanpasbare pot van Yeboda).<\/li>\n<\/ul>\n<p>Ideaal om cadeau te doen en de aantrekkingskracht van de markt te vergroten.<\/p>","protected":false},"excerpt":{"rendered":"<p>Extreem licht, laag materiaalgebruik, functionaliteit en ruimtebesparend.<\/p>","protected":false},"featured_media":22262,"template":"","meta":[],"product_brand":[],"product_cat":[122,123,126],"product_tag":[],"class_list":{"0":"post-22237","1":"product","2":"type-product","3":"status-publish","4":"has-post-thumbnail","6":"product_cat-custom-glass-packaging","7":"product_cat-custom-glass-bottles","8":"product_cat-olive-oil-bottles","10":"first","11":"instock","12":"shipping-taxable","13":"product-type-simple"},"jetpack_sharing_enabled":true,"_links":{"self":[{"href":"https:\/\/yebodaglass.com\/pt\/wp-json\/wp\/v2\/product\/22237","targetHints":{"allow":["GET"]}}],"collection":[{"href":"https:\/\/yebodaglass.com\/pt\/wp-json\/wp\/v2\/product"}],"about":[{"href":"https:\/\/yebodaglass.com\/pt\/wp-json\/wp\/v2\/types\/product"}],"version-history":[{"count":5,"href":"https:\/\/yebodaglass.com\/pt\/wp-json\/wp\/v2\/product\/22237\/revisions"}],"predecessor-version":[{"id":22270,"href":"https:\/\/yebodaglass.com\/pt\/wp-json\/wp\/v2\/product\/22237\/revisions\/22270"}],"wp:featuredmedia":[{"embeddable":true,"href":"https:\/\/yebodaglass.com\/pt\/wp-json\/wp\/v2\/media\/22262"}],"wp:attachment":[{"href":"https:\/\/yebodaglass.com\/pt\/wp-json\/wp\/v2\/media?parent=22237"}],"wp:term":[{"taxonomy":"product_brand","embeddable":true,"href":"https:\/\/yebodaglass.com\/pt\/wp-json\/wp\/v2\/product_brand?post=22237"},{"taxonomy":"product_cat","embeddable":true,"href":"https:\/\/yebodaglass.com\/pt\/wp-json\/wp\/v2\/product_cat?post=22237"},{"taxonomy":"product_tag","embeddable":true,"href":"https:\/\/yebodaglass.com\/pt\/wp-json\/wp\/v2\/product_tag?post=22237"}],"curies":[{"name":"wp","href":"https:\/\/api.w.org\/{rel}","templated":true}]}}