{"id":22236,"date":"2025-10-11T17:47:19","date_gmt":"2025-10-11T09:47:19","guid":{"rendered":"https:\/\/yebodaglass.com\/?post_type=product&#038;p=22236"},"modified":"2026-03-19T15:32:24","modified_gmt":"2026-03-19T07:32:24","slug":"cylindrical-clear-small-glass-mason-jars-bulk","status":"publish","type":"product","link":"https:\/\/yebodaglass.com\/pt\/produto\/cylindrical-clear-small-glass-mason-jars-bulk\/","title":{"rendered":"Potes de vidro cil\u00edndricos transparentes pequenos, tipo Mason, de 100 ml a 480 ml, a granel."},"content":{"rendered":"<p>S\u00e3o pequenos potes de vidro transparente, lisos e com laterais retas. O bocal largo e a rosca uniforme facilitam o enchimento e o fechamento. Podem ser usados \u200b\u200bcom tampas de rosca de metal prateado, dourado ou preto.<\/p>\n<h2>Caracter\u00edsticas do produto<\/h2>\n<ul>\n<li><strong>Design com rosca de boca larga:<\/strong> \u00c9 f\u00e1cil de encher, retirar o conte\u00fado com a colher e limpar, gra\u00e7as ao seu design de boca larga que permite o uso de utens\u00edlios como colheres de mel.<\/li>\n<li><strong>Tampas met\u00e1licas multicoloridas:<\/strong> Os diferentes produtos podem ser facilmente distinguidos devido \u00e0 variedade de acabamentos das tampas met\u00e1licas (prateado, dourado, preto), o que confere uma imagem de alta qualidade.<\/li>\n<li><strong>Vidro de exibi\u00e7\u00e3o cristalino:<\/strong> O copo \u00e9 t\u00e3o transparente que \u00e9 poss\u00edvel ver o conte\u00fado, como o mel dourado e as especiarias coloridas, e ficar maravilhado com a sua beleza.<\/li>\n<\/ul>\n<h2><strong data-spm-anchor-id=\"5176.28103460.0.i18.29ab2e31DydezZ\">Especifica\u00e7\u00f5es principais <\/strong><\/h2>\n<table style=\"border-collapse: collapse; width: 80%; margin-left: auto; margin-right: auto;\" border=\"0\" width=\"288\" cellspacing=\"0\" cellpadding=\"0\">\n<tbody>\n<tr style=\"height: 13.50pt;\">\n<td style=\"height: 13.5pt; width: 54pt; text-align: center;\" width=\"72\" height=\"18\">Modelo<\/td>\n<td style=\"width: 54pt; text-align: center;\" width=\"72\">Capacidade (ml)<\/td>\n<td style=\"width: 54pt; text-align: center;\" width=\"72\">Tamanho (cm)<\/td>\n<td style=\"width: 54pt; text-align: center;\" width=\"72\">Op\u00e7\u00f5es de cores<\/td>\n<\/tr>\n<tr style=\"height: 13.50pt;\">\n<td style=\"height: 13.5pt; text-align: center;\" align=\"right\" height=\"18\">63010050<\/td>\n<td style=\"text-align: center;\" align=\"right\">100<\/td>\n<td style=\"text-align: center;\">7.4&#215;4.2<\/td>\n<td class=\"et2\" style=\"text-align: center;\" rowspan=\"4\">Limpar (Personalizado)<\/td>\n<\/tr>\n<tr style=\"height: 13.50pt;\">\n<td style=\"height: 13.5pt; text-align: center;\" align=\"right\" height=\"18\">63028051<\/td>\n<td style=\"text-align: center;\" align=\"right\">280<\/td>\n<td style=\"text-align: center;\">7.4&#215;9.5<\/td>\n<\/tr>\n<tr style=\"height: 13.50pt;\">\n<td style=\"height: 13.5pt; text-align: center;\" align=\"right\" height=\"18\">63035052<\/td>\n<td style=\"text-align: center;\" align=\"right\">350<\/td>\n<td style=\"text-align: center;\">7.4&#215;12.0<\/td>\n<\/tr>\n<tr style=\"height: 13.50pt;\">\n<td style=\"height: 13.5pt; text-align: center;\" align=\"right\" height=\"18\">63048053<\/td>\n<td style=\"text-align: center;\" align=\"right\">480<\/td>\n<td style=\"text-align: center;\">7.4&#215;15.0<\/td>\n<\/tr>\n<\/tbody>\n<\/table>\n<h2>Caso de sucesso: Expans\u00e3o da linha de produtos para doa\u00e7\u00e3o em uma fazenda de abelhas em Vermont<\/h2>\n<p>Nosso pequeno pote de mel foi escolhido por uma fazenda de abelhas familiar localizada em Vermont, e o corpo de vidro \u00e2mbar foi personalizado. Esses potes sob medida foram um enorme sucesso: o vidro \u00e2mbar ofereceu a prote\u00e7\u00e3o UV ideal para aumentar a percep\u00e7\u00e3o de qualidade do produto em 30%, e o pr\u00f3prio vidro era cristalino, o que fez com que as vendas de seus produtos de presente sofisticados aumentassem em 50%. Esse foi o sucesso do apicultor, que fez um novo pedido de 550.000 potes para embalar o mel da temporada e vend\u00ea-lo para boutiques na Nova Inglaterra.<\/p>\n<h2>Personaliza\u00e7\u00e3o de pequenos potes de vidro tipo Mason<\/h2>\n<ul>\n<li>Cores dos frascos de vidro: Est\u00e3o dispon\u00edveis em frascos de vidro transparente (tradicional), frascos de vidro \u00e2mbar e frascos de vidro azul (apropriados para produtos sens\u00edveis \u00e0 luz).<\/li>\n<li>Op\u00e7\u00f5es de acabamento da tampa: A tampa pode ser em cobre, ouro rosa ou fosco.<\/li>\n<li>Personaliza\u00e7\u00e3o de Tamanho: Os potes podem ser personalizados em tr\u00eas ou quatro tamanhos diferentes para serem usados \u200b\u200bcomo conjuntos completos para presentes ou conjuntos de armazenamento.<\/li>\n<\/ul>","protected":false},"excerpt":{"rendered":"<p>Potes de vidro transparentes pequenos, com boca larga para facilitar o enchimento. Potes ideais para armazenar mel na cozinha e para embalagens de varejo. Fornecimento direto da f\u00e1brica.<\/p>","protected":false},"featured_media":25525,"template":"","meta":[],"product_brand":[],"product_cat":[122,124,125],"product_tag":[],"class_list":{"0":"post-22236","1":"product","2":"type-product","3":"status-publish","4":"has-post-thumbnail","6":"product_cat-custom-glass-packaging","7":"product_cat-custom-glass-jars","8":"product_cat-mason-glass-jars","10":"first","11":"instock","12":"shipping-taxable","13":"product-type-simple"},"jetpack_sharing_enabled":true,"_links":{"self":[{"href":"https:\/\/yebodaglass.com\/pt\/wp-json\/wp\/v2\/product\/22236","targetHints":{"allow":["GET"]}}],"collection":[{"href":"https:\/\/yebodaglass.com\/pt\/wp-json\/wp\/v2\/product"}],"about":[{"href":"https:\/\/yebodaglass.com\/pt\/wp-json\/wp\/v2\/types\/product"}],"version-history":[{"count":5,"href":"https:\/\/yebodaglass.com\/pt\/wp-json\/wp\/v2\/product\/22236\/revisions"}],"predecessor-version":[{"id":25526,"href":"https:\/\/yebodaglass.com\/pt\/wp-json\/wp\/v2\/product\/22236\/revisions\/25526"}],"wp:featuredmedia":[{"embeddable":true,"href":"https:\/\/yebodaglass.com\/pt\/wp-json\/wp\/v2\/media\/25525"}],"wp:attachment":[{"href":"https:\/\/yebodaglass.com\/pt\/wp-json\/wp\/v2\/media?parent=22236"}],"wp:term":[{"taxonomy":"product_brand","embeddable":true,"href":"https:\/\/yebodaglass.com\/pt\/wp-json\/wp\/v2\/product_brand?post=22236"},{"taxonomy":"product_cat","embeddable":true,"href":"https:\/\/yebodaglass.com\/pt\/wp-json\/wp\/v2\/product_cat?post=22236"},{"taxonomy":"product_tag","embeddable":true,"href":"https:\/\/yebodaglass.com\/pt\/wp-json\/wp\/v2\/product_tag?post=22236"}],"curies":[{"name":"wp","href":"https:\/\/api.w.org\/{rel}","templated":true}]}}