{"id":22178,"date":"2025-10-10T17:32:34","date_gmt":"2025-10-10T09:32:34","guid":{"rendered":"https:\/\/yebodaglass.com\/?post_type=product&#038;p=22178"},"modified":"2026-03-19T14:42:13","modified_gmt":"2026-03-19T06:42:13","slug":"clear-wide-mouth-mason-jar-with-lid-bulk","status":"publish","type":"product","link":"https:\/\/yebodaglass.com\/pt\/produto\/clear-wide-mouth-mason-jar-with-lid-bulk\/","title":{"rendered":"Pote de vidro transparente de boca larga com tampa, 220 ml a 480 ml (a granel)"},"content":{"rendered":"<p>Este frasco de vidro de boca larga com tampa possui um corpo elegante, plano e transparente, e uma boca ampla. Combina perfeitamente com as tampas met\u00e1licas arrojadas e atraentes nas cores vermelho, preto, cobre e dourado. O conte\u00fado pode ser visto claramente atrav\u00e9s do vidro transparente.<\/p>\n<h2>Caracter\u00edsticas do produto<\/h2>\n<ul>\n<li><strong>Pote de vidro cl\u00e1ssico com lados retos:<\/strong> Trata-se de um recipiente b\u00e1sico, cil\u00edndrico, dur\u00e1vel e resistente, f\u00e1cil de limpar e que permite visualizar claramente o produto em seu interior.<\/li>\n<li><strong>Tampas met\u00e1licas coloridas intercambi\u00e1veis:<\/strong> As tampas de rosca s\u00e3o vendidas nas cores vermelha, preta, cobre ou dourada para proporcionar um encaixe perfeito e uma personaliza\u00e7\u00e3o exclusiva.<\/li>\n<li><strong>Vidro de exibi\u00e7\u00e3o cristalino:<\/strong> Este vidro de alta transpar\u00eancia torna estes frascos ideais para o varejo, pois a qualidade e a cor do produto s\u00e3o perfeitamente vis\u00edveis atrav\u00e9s do vidro.<\/li>\n<\/ul>\n<h2><strong data-spm-anchor-id=\"5176.28103460.0.i28.29ab2e31SnOOuR\">Especifica\u00e7\u00f5es principais<\/strong><\/h2>\n<table style=\"border-collapse: collapse; width: 80%; margin-left: auto; margin-right: auto;\" border=\"0\" width=\"360\" cellspacing=\"0\" cellpadding=\"0\">\n<tbody>\n<tr style=\"height: 13.50pt;\">\n<td style=\"height: 13.5pt; width: 54pt; text-align: center;\" width=\"72\" height=\"18\">Modelo<\/td>\n<td style=\"width: 54pt; text-align: center;\" width=\"72\">Capacidade (ml)<\/td>\n<td style=\"width: 54pt; text-align: center;\" width=\"72\">Tamanho (cm)<\/td>\n<td style=\"width: 54pt; text-align: center;\" width=\"72\">Op\u00e7\u00f5es de cores<\/td>\n<td style=\"width: 54pt; text-align: center;\" width=\"72\">Forma<\/td>\n<\/tr>\n<tr style=\"height: 13.50pt;\">\n<td style=\"height: 13.5pt; text-align: center;\" align=\"right\" height=\"18\">63022046<\/td>\n<td style=\"text-align: center;\" align=\"right\">220<\/td>\n<td style=\"text-align: center;\">9.3&#215;5.2<\/td>\n<td class=\"et2\" style=\"text-align: center;\" rowspan=\"4\">Limpar (Personalizado)<\/td>\n<td class=\"et2\" style=\"text-align: center;\" rowspan=\"4\">Garrafa redonda, curta e grossa<\/td>\n<\/tr>\n<tr style=\"height: 13.50pt;\">\n<td style=\"height: 13.5pt; text-align: center;\" align=\"right\" height=\"18\">63028047<\/td>\n<td style=\"text-align: center;\" align=\"right\">280<\/td>\n<td style=\"text-align: center;\">9.3&#215;6.6<\/td>\n<\/tr>\n<tr style=\"height: 13.50pt;\">\n<td style=\"height: 13.5pt; text-align: center;\" align=\"right\" height=\"18\">63037048<\/td>\n<td style=\"text-align: center;\" align=\"right\">370<\/td>\n<td style=\"text-align: center;\">9.3&#215;8.0<\/td>\n<\/tr>\n<tr style=\"height: 13.50pt;\">\n<td style=\"height: 13.5pt; text-align: center;\" align=\"right\" height=\"18\">63048049<\/td>\n<td style=\"text-align: center;\" align=\"right\">480<\/td>\n<td style=\"text-align: center;\">9.3&#215;9.6<\/td>\n<\/tr>\n<\/tbody>\n<\/table>\n<h2>Caso de sucesso<\/h2>\n<p>Nossos potes de vidro de 236 ml (8 on\u00e7as) com tampa foram escolhidos por uma empresa texana de molhos picantes. A empresa ent\u00e3o criou uma serigrafia em estilo tradicional para o corpo do pote, com uma tampa preta fosca. Essa embalagem sofisticada foi um enorme sucesso: a marca passou a estar presente em 500 novos mercados gourmet, com seu visual elegante e marcante, e o design diferenciado do pote gerou 300% mais conte\u00fado nas redes sociais. Em fun\u00e7\u00e3o desse sucesso, a empresa fez um novo pedido de 200.000 potes para sua nova linha de picles picantes e misturas para bebidas.<\/p>\n<h2>Recomenda\u00e7\u00f5es de personaliza\u00e7\u00e3o para potes de vidro Mason com tampas<\/h2>\n<ul>\n<li>Impress\u00e3o direta em vidro: Imprima gr\u00e1ficos, logotipos ou informa\u00e7\u00f5es nutricionais coloridos e permanentes diretamente no vidro, conferindo-lhe uma apar\u00eancia sofisticada e sem r\u00f3tulos.<\/li>\n<li>Marca\u00e7\u00f5es em relevo: As marca\u00e7\u00f5es em relevo (x\u00edcaras, on\u00e7as, mililitros) s\u00e3o obtidas e adicionadas \u00e0 lateral do frasco, para que possam ser facilmente reutilizadas na cozinha.<\/li>\n<li>Acess\u00f3rios especiais para a tampa: Fornecemos tampas que podem transformar o frasco em um agitador, bico para despejar, tampa para beber ou v\u00e1lvula de fermenta\u00e7\u00e3o.<\/li>\n<\/ul>","protected":false},"excerpt":{"rendered":"<p>Potes de vidro premium com boca larga e tampa, com excelente veda\u00e7\u00e3o. Ideais para armazenamento a granel e embalagens para varejo. Dispon\u00edveis em estoque.<\/p>","protected":false},"featured_media":25520,"template":"","meta":[],"product_brand":[],"product_cat":[122,124,125],"product_tag":[],"class_list":{"0":"post-22178","1":"product","2":"type-product","3":"status-publish","4":"has-post-thumbnail","6":"product_cat-custom-glass-packaging","7":"product_cat-custom-glass-jars","8":"product_cat-mason-glass-jars","10":"first","11":"instock","12":"shipping-taxable","13":"product-type-simple"},"jetpack_sharing_enabled":true,"_links":{"self":[{"href":"https:\/\/yebodaglass.com\/pt\/wp-json\/wp\/v2\/product\/22178","targetHints":{"allow":["GET"]}}],"collection":[{"href":"https:\/\/yebodaglass.com\/pt\/wp-json\/wp\/v2\/product"}],"about":[{"href":"https:\/\/yebodaglass.com\/pt\/wp-json\/wp\/v2\/types\/product"}],"version-history":[{"count":5,"href":"https:\/\/yebodaglass.com\/pt\/wp-json\/wp\/v2\/product\/22178\/revisions"}],"predecessor-version":[{"id":25523,"href":"https:\/\/yebodaglass.com\/pt\/wp-json\/wp\/v2\/product\/22178\/revisions\/25523"}],"wp:featuredmedia":[{"embeddable":true,"href":"https:\/\/yebodaglass.com\/pt\/wp-json\/wp\/v2\/media\/25520"}],"wp:attachment":[{"href":"https:\/\/yebodaglass.com\/pt\/wp-json\/wp\/v2\/media?parent=22178"}],"wp:term":[{"taxonomy":"product_brand","embeddable":true,"href":"https:\/\/yebodaglass.com\/pt\/wp-json\/wp\/v2\/product_brand?post=22178"},{"taxonomy":"product_cat","embeddable":true,"href":"https:\/\/yebodaglass.com\/pt\/wp-json\/wp\/v2\/product_cat?post=22178"},{"taxonomy":"product_tag","embeddable":true,"href":"https:\/\/yebodaglass.com\/pt\/wp-json\/wp\/v2\/product_tag?post=22178"}],"curies":[{"name":"wp","href":"https:\/\/api.w.org\/{rel}","templated":true}]}}