{"id":22169,"date":"2025-10-10T16:03:40","date_gmt":"2025-10-10T08:03:40","guid":{"rendered":"https:\/\/yebodaglass.com\/?post_type=product&#038;p=22169"},"modified":"2026-03-24T11:32:52","modified_gmt":"2026-03-24T03:32:52","slug":"bulk-cooking-vinegar-oil-dispensers-with-measuring-spout","status":"publish","type":"product","link":"https:\/\/yebodaglass.com\/pt\/bulk-cooking-vinegar-oil-dispensers-with-measuring-spout\/","title":{"rendered":"Dispensadores de \u00f3leo e vinagre de cozinha em embalagens de 300ml e 500ml com bico medidor."},"content":{"rendered":"<p>Esses dispensadores de \u00f3leo de vinagre possuem uma garrafa cil\u00edndrica de vidro transparente na parte superior, com marca\u00e7\u00f5es prateadas e uma janela graduada para despejar o \u00f3leo de cozinha.<\/p>\n<h2>Caracter\u00edsticas do produto<\/h2>\n<ul>\n<li><strong>Dispositivo de Medi\u00e7\u00e3o Graduada:<\/strong> A parte superior com marca\u00e7\u00f5es graduadas permite um controle preciso do fluxo; assim, o usu\u00e1rio pode dispensar o \u00f3leo na quantidade necess\u00e1ria.<\/li>\n<li><strong>Tampa basculante:<\/strong> Um design de abertura inclinada exclusivo permite melhor acesso ao conte\u00fado e torna o ato de servir mais pr\u00e1tico.<\/li>\n<li><strong>Vidro transparente:<\/strong> Um frasco de vidro bonito e simples permite ao usu\u00e1rio monitorar visualmente a quantidade de \u00f3leo restante e quando \u00e9 necess\u00e1rio reabastec\u00ea-lo.<\/li>\n<\/ul>\n<h2>Especifica\u00e7\u00f5es principais<\/h2>\n<table style=\"border-collapse: collapse; margin-left: auto; margin-right: auto; width: 448.52pt;\" border=\"0\" width=\"598\" cellspacing=\"0\" cellpadding=\"0\">\n<tbody>\n<tr style=\"height: 13.50pt;\">\n<td style=\"height: 13.50pt; width: 92.25pt;\" width=\"123\" height=\"18\">Recurso<\/td>\n<td style=\"width: 356.25pt;\" width=\"475\">Especifica\u00e7\u00e3o<\/td>\n<\/tr>\n<tr style=\"height: 13.50pt;\">\n<td style=\"height: 13.50pt;\" height=\"18\">Dimens\u00f5es<\/td>\n<td>7,5\u00d722cm (300ml), 7,5\u00d728cm (500ml)<\/td>\n<\/tr>\n<tr style=\"height: 13.50pt;\">\n<td style=\"height: 13.50pt;\" height=\"18\">Material<\/td>\n<td>Vidro transparente de alta clareza<\/td>\n<\/tr>\n<tr style=\"height: 13.50pt;\">\n<td style=\"height: 13.50pt;\" height=\"18\">Forma<\/td>\n<td>Cil\u00edndrica<\/td>\n<\/tr>\n<tr style=\"height: 13.50pt;\">\n<td style=\"height: 13.50pt;\" height=\"18\">Tipo de tampa<\/td>\n<td>Dispensador integrado com escala de medi\u00e7\u00e3o (ml)<\/td>\n<\/tr>\n<tr style=\"height: 13.50pt;\">\n<td style=\"height: 13.50pt;\" height=\"18\">Ideal para<\/td>\n<td>Azeite, vinagre, molhos para salada, marinadas<\/td>\n<\/tr>\n<tr style=\"height: 13.50pt;\">\n<td style=\"height: 13.50pt;\" height=\"18\">Uso ideal<\/td>\n<td>Galheteiros para azeite e vinagre, utens\u00edlios de cozinha, embalagens para atacado.<\/td>\n<\/tr>\n<\/tbody>\n<\/table>\n<h2>Caso de Sucesso: Receitas de Precis\u00e3o para uma Empresa de Entrega de Comida<\/h2>\n<p>Uma das maiores empresas de entrega de comida escolheu nosso dispensador de \u00f3leo de cozinha, personalizando-o com um logotipo impresso e dosadores de 1 colher de sopa. O sistema de dosagem permitiu medir as receitas com mais precis\u00e3o, o que resultou em uma redu\u00e7\u00e3o de 25% nos erros cometidos ao seguir a receita corretamente devido \u00e0 medi\u00e7\u00e3o incorreta do \u00f3leo. Al\u00e9m disso, o vidro utilizado mostrou-se dur\u00e1vel, garantindo uma taxa de quebra inferior a 1% durante o transporte. Devido \u00e0 sua not\u00e1vel efici\u00eancia, a empresa encomendou um novo lote de 500.000 dispensadores para seus pacotes premium de entrega de comida, bem como para venda separadamente.<\/p>\n<h2>Dicas de personaliza\u00e7\u00e3o para o seu dispensador de azeite e vinagre<\/h2>\n<ul>\n<li>Op\u00e7\u00f5es de vidro fum\u00ea \u2013 Proteja seu \u00f3leo trocando o vidro transparente por vidro \u00e2mbar ou verde para maior sensibilidade \u00e0 luz.<\/li>\n<li>Marcas de medi\u00e7\u00e3o gravadas a laser \u2013 Grave as linhas no dispensador para criar uma escala permanente e elegante.<\/li>\n<li>Zona de ader\u00eancia texturizada \u2013 Adicionamos ranhuras verticais perto da base para melhor manuseio, especialmente com as m\u00e3os oleosas.<\/li>\n<li>Tratamento labial anti-gotejamento \u2013 Aplique um micro-chanfro no bico dosador para eliminar o gotejamento da \u00faltima gota.<\/li>\n<\/ul>\n<p>Vamos fazer da sua pr\u00f3xima garrafa de vidro mais do que um simples recipiente. Vamos transform\u00e1-la em uma obra de arte com design inteligente.<\/p>","protected":false},"excerpt":{"rendered":"<p>Frascos modernos para vinagre e azeite, com bico dosador e tampa basculante. Perfeitos para uso na cozinha. Amostras gr\u00e1tis. Compre em grandes quantidades e aproveite os melhores pre\u00e7os.<\/p>","protected":false},"featured_media":22172,"template":"","meta":[],"product_brand":[],"product_cat":[126,123,122],"product_tag":[],"class_list":{"0":"post-22169","1":"product","2":"type-product","3":"status-publish","4":"has-post-thumbnail","6":"product_cat-olive-oil-bottles","7":"product_cat-custom-glass-bottles","8":"product_cat-custom-glass-packaging","10":"first","11":"instock","12":"shipping-taxable","13":"product-type-simple"},"jetpack_sharing_enabled":true,"_links":{"self":[{"href":"https:\/\/yebodaglass.com\/pt\/wp-json\/wp\/v2\/product\/22169","targetHints":{"allow":["GET"]}}],"collection":[{"href":"https:\/\/yebodaglass.com\/pt\/wp-json\/wp\/v2\/product"}],"about":[{"href":"https:\/\/yebodaglass.com\/pt\/wp-json\/wp\/v2\/types\/product"}],"version-history":[{"count":4,"href":"https:\/\/yebodaglass.com\/pt\/wp-json\/wp\/v2\/product\/22169\/revisions"}],"predecessor-version":[{"id":25578,"href":"https:\/\/yebodaglass.com\/pt\/wp-json\/wp\/v2\/product\/22169\/revisions\/25578"}],"wp:featuredmedia":[{"embeddable":true,"href":"https:\/\/yebodaglass.com\/pt\/wp-json\/wp\/v2\/media\/22172"}],"wp:attachment":[{"href":"https:\/\/yebodaglass.com\/pt\/wp-json\/wp\/v2\/media?parent=22169"}],"wp:term":[{"taxonomy":"product_brand","embeddable":true,"href":"https:\/\/yebodaglass.com\/pt\/wp-json\/wp\/v2\/product_brand?post=22169"},{"taxonomy":"product_cat","embeddable":true,"href":"https:\/\/yebodaglass.com\/pt\/wp-json\/wp\/v2\/product_cat?post=22169"},{"taxonomy":"product_tag","embeddable":true,"href":"https:\/\/yebodaglass.com\/pt\/wp-json\/wp\/v2\/product_tag?post=22169"}],"curies":[{"name":"wp","href":"https:\/\/api.w.org\/{rel}","templated":true}]}}