{"id":22150,"date":"2025-10-10T17:26:27","date_gmt":"2025-10-10T09:26:27","guid":{"rendered":"https:\/\/yebodaglass.com\/?post_type=product&#038;p=22150"},"modified":"2026-03-20T15:31:19","modified_gmt":"2026-03-20T07:31:19","slug":"cylindrical-mason-glass-jars-with-lids-bulk","status":"publish","type":"product","link":"https:\/\/yebodaglass.com\/pt\/produto\/cylindrical-mason-glass-jars-with-lids-bulk\/","title":{"rendered":"Potes de vidro cil\u00edndricos tipo Mason de 70 ml a 380 ml com tampas (em grande quantidade)"},"content":{"rendered":"<p>Estes s\u00e3o frascos de vidro tipo Mason com tampas, feitos de vidro cristalino, de formato cil\u00edndrico e com tampa de metal prateado polido. Por serem frascos Mason personaliz\u00e1veis, seus recipientes abertos podem ser facilmente etiquetados e o conte\u00fado exibido.<\/p>\n<h2>Caracter\u00edsticas do produto<\/h2>\n<ul>\n<li><strong>Forma cil\u00edndrica simples:<\/strong> Corpos cil\u00edndricos com fundo plano podem ser retos ou largos para proporcionar estabilidade e facilitar o empilhamento, al\u00e9m de apresentarem um visual minimalista.<\/li>\n<li><strong>Tampa met\u00e1lica prateada fosca:<\/strong> As tampas planas de metal prateado fosco proporcionam uma veda\u00e7\u00e3o herm\u00e9tica e um visual elegante e contempor\u00e2neo.<\/li>\n<li><strong>Vidro transparente com alta transpar\u00eancia:<\/strong> O tipo ideal de vidro transparente permite visualizar facilmente o conte\u00fado e controlar o estoque.<\/li>\n<\/ul>\n<h2>Especifica\u00e7\u00f5es principais<\/h2>\n<table style=\"border-collapse: collapse; width: 80%; margin-left: auto; margin-right: auto;\" border=\"0\" width=\"360\" cellspacing=\"0\" cellpadding=\"0\">\n<tbody>\n<tr style=\"height: 13.50pt;\">\n<td style=\"height: 13.5pt; width: 54pt; text-align: center;\" width=\"72\" height=\"18\">Modelo<\/td>\n<td style=\"width: 54pt; text-align: center;\" width=\"72\">Capacidade (ml)<\/td>\n<td style=\"width: 54pt; text-align: center;\" width=\"72\">Forma<\/td>\n<td style=\"width: 54pt; text-align: center;\" width=\"72\">Tamanho (cm)<\/td>\n<td style=\"width: 54pt; text-align: center;\" width=\"72\">Op\u00e7\u00f5es de cores<\/td>\n<\/tr>\n<tr style=\"height: 13.50pt;\">\n<td style=\"height: 13.5pt; text-align: center;\" align=\"right\" height=\"18\">63007040<\/td>\n<td style=\"text-align: center;\" align=\"right\">70<\/td>\n<td class=\"et2\" style=\"text-align: center;\" rowspan=\"6\">Garrafa redonda reta<\/td>\n<td style=\"text-align: center;\">6.1&#215;4.5<\/td>\n<td class=\"et2\" style=\"text-align: center;\" rowspan=\"6\">Limpar (Personalizado)<\/td>\n<\/tr>\n<tr style=\"height: 13.50pt;\">\n<td style=\"height: 13.5pt; text-align: center;\" align=\"right\" height=\"18\">63015041<\/td>\n<td style=\"text-align: center;\" align=\"right\">150<\/td>\n<td style=\"text-align: center;\">6.1&#215;8.1<\/td>\n<\/tr>\n<tr style=\"height: 13.50pt;\">\n<td style=\"height: 13.5pt; text-align: center;\" align=\"right\" height=\"18\">63020042<\/td>\n<td style=\"text-align: center;\" align=\"right\">200<\/td>\n<td style=\"text-align: center;\">6.1&#215;10.0<\/td>\n<\/tr>\n<tr style=\"height: 13.50pt;\">\n<td style=\"height: 13.5pt; text-align: center;\" align=\"right\" height=\"18\">63024043<\/td>\n<td style=\"text-align: center;\" align=\"right\">240<\/td>\n<td style=\"text-align: center;\">6.1&#215;12.1<\/td>\n<\/tr>\n<tr style=\"height: 13.50pt;\">\n<td style=\"height: 13.5pt; text-align: center;\" align=\"right\" height=\"18\">63028044<\/td>\n<td style=\"text-align: center;\" align=\"right\">280<\/td>\n<td style=\"text-align: center;\">6.1&#215;13.7<\/td>\n<\/tr>\n<tr style=\"height: 13.50pt;\">\n<td style=\"height: 13.5pt; text-align: center;\" align=\"right\" height=\"18\">63038045<\/td>\n<td style=\"text-align: center;\" align=\"right\">380<\/td>\n<td style=\"text-align: center;\">6.1&#215;17.3<\/td>\n<\/tr>\n<\/tbody>\n<\/table>\n<h2>Caso de sucesso: um pedido personalizado de uma rede nacional de lojas de produtos naturais.<\/h2>\n<p>Uma das principais lojas de produtos naturais escolheu nossos potes de vidro personalizados, com marca\u00e7\u00f5es gravadas a laser e tampas de metal. Os resultados desse sistema de personaliza\u00e7\u00e3o foram substanciais: o n\u00famero de marca\u00e7\u00f5es na \u00e1rea de vidro transparente diminuiu em 20%, assim como a confus\u00e3o e o derramamento na \u00e1rea de produtos a granel. O empilhamento e a uniformidade dos potes aumentaram a densidade de armazenamento nas prateleiras em 15%. Com base nesse desempenho, a loja fez um novo pedido de 300.000 potes para padronizar as se\u00e7\u00f5es de produtos a granel em seus supermercados em todo o pa\u00eds.<\/p>\n<h2>Recomenda\u00e7\u00f5es de personaliza\u00e7\u00e3o para potes de vidro Mason com tampas<\/h2>\n<ul>\n<li>Grava\u00e7\u00e3o\/Impress\u00e3o Personalizada em Vidro: Grave seu logotipo, padr\u00e3o ou desenho em uma \u00e1rea espec\u00edfica do vidro usando lasers para criar uma marca permanente e sofisticada em seus potes de conserva personalizados.<\/li>\n<li>Material e acabamento da tampa: Acabamentos e materiais: As tampas planas est\u00e3o dispon\u00edveis em uma variedade de op\u00e7\u00f5es, incluindo bambu, pl\u00e1stico preto fosco, cobre ou metal dourado ros\u00ea.<\/li>\n<li>Design quadrado\/hexagonal: Os potes Mason quadrados ou hexagonais s\u00e3o projetados em formatos modernos que otimizam o espa\u00e7o, com tampas, e podem ser colocados de forma ideal em prateleiras.<\/li>\n<\/ul>","protected":false},"excerpt":{"rendered":"<p>Potes de vidro premium personalizados, com tampas. Boca larga, ideais para armazenamento de alimentos no atacado, como mel, molhos e especiarias. Tamanhos personalizados. Embalagens prontas para impress\u00e3o da sua marca.<\/p>","protected":false},"featured_media":25542,"template":"","meta":[],"product_brand":[],"product_cat":[125,124,122],"product_tag":[],"class_list":{"0":"post-22150","1":"product","2":"type-product","3":"status-publish","4":"has-post-thumbnail","6":"product_cat-mason-glass-jars","7":"product_cat-custom-glass-jars","8":"product_cat-custom-glass-packaging","10":"first","11":"instock","12":"shipping-taxable","13":"product-type-simple"},"jetpack_sharing_enabled":true,"_links":{"self":[{"href":"https:\/\/yebodaglass.com\/pt\/wp-json\/wp\/v2\/product\/22150","targetHints":{"allow":["GET"]}}],"collection":[{"href":"https:\/\/yebodaglass.com\/pt\/wp-json\/wp\/v2\/product"}],"about":[{"href":"https:\/\/yebodaglass.com\/pt\/wp-json\/wp\/v2\/types\/product"}],"version-history":[{"count":5,"href":"https:\/\/yebodaglass.com\/pt\/wp-json\/wp\/v2\/product\/22150\/revisions"}],"predecessor-version":[{"id":25543,"href":"https:\/\/yebodaglass.com\/pt\/wp-json\/wp\/v2\/product\/22150\/revisions\/25543"}],"wp:featuredmedia":[{"embeddable":true,"href":"https:\/\/yebodaglass.com\/pt\/wp-json\/wp\/v2\/media\/25542"}],"wp:attachment":[{"href":"https:\/\/yebodaglass.com\/pt\/wp-json\/wp\/v2\/media?parent=22150"}],"wp:term":[{"taxonomy":"product_brand","embeddable":true,"href":"https:\/\/yebodaglass.com\/pt\/wp-json\/wp\/v2\/product_brand?post=22150"},{"taxonomy":"product_cat","embeddable":true,"href":"https:\/\/yebodaglass.com\/pt\/wp-json\/wp\/v2\/product_cat?post=22150"},{"taxonomy":"product_tag","embeddable":true,"href":"https:\/\/yebodaglass.com\/pt\/wp-json\/wp\/v2\/product_tag?post=22150"}],"curies":[{"name":"wp","href":"https:\/\/api.w.org\/{rel}","templated":true}]}}