{"id":22112,"date":"2025-10-10T17:24:25","date_gmt":"2025-10-10T09:24:25","guid":{"rendered":"https:\/\/yebodaglass.com\/?post_type=product&#038;p=22112"},"modified":"2026-03-20T13:59:59","modified_gmt":"2026-03-20T05:59:59","slug":"clear-glass-mason-jars-with-diamond-pattern-bulk","status":"publish","type":"product","link":"https:\/\/yebodaglass.com\/pt\/produto\/clear-glass-mason-jars-with-diamond-pattern-bulk\/","title":{"rendered":"Potes de vidro transparente estilo Mason, de 120 ml a 620 ml, com padr\u00e3o de diamante (em grande quantidade)"},"content":{"rendered":"<p>Esses potes de vidro estilo Mason s\u00e3o uma mistura de vidro requintado com padr\u00e3o de diamante e vidro transparente com vidro liso, com tampas de rosca tradicionais de metal prateado. Est\u00e3o dispon\u00edveis em diferentes tamanhos e s\u00e3o decorativos e pr\u00e1ticos.<\/p>\n<h2>Caracter\u00edsticas do produto<\/h2>\n<ul>\n<li><strong>Textura acolchoada em losangos:<\/strong> No vidro, h\u00e1 um padr\u00e3o em relevo de diamante que confere ao copo um apelo visual, al\u00e9m de melhorar a ader\u00eancia e criar uma bela refra\u00e7\u00e3o da luz.<\/li>\n<li><strong>Design cl\u00e1ssico de boca larga:<\/strong> Esse design tamb\u00e9m facilita o enchimento, a retirada do conte\u00fado e a limpeza do frasco, tornando o n\u00facleo do frasco bastante \u00fatil.<\/li>\n<li><strong>Diversas capacidades:<\/strong> Possui diversos tamanhos, do mini ao grande, para atender \u00e0s v\u00e1rias necessidades, desde pequenas por\u00e7\u00f5es e armazenamento di\u00e1rio at\u00e9 organiza\u00e7\u00f5es de grande capacidade.<\/li>\n<\/ul>\n<h2><strong data-spm-anchor-id=\"5176.28103460.0.i9.29ab2e316PlIRp\">Especifica\u00e7\u00f5es principais<\/strong><\/h2>\n<table style=\"border-collapse: collapse; width: 80%; margin-left: auto; margin-right: auto;\" border=\"0\" width=\"288\" cellspacing=\"0\" cellpadding=\"0\">\n<tbody>\n<tr style=\"height: 13.50pt;\">\n<td style=\"height: 13.5pt; width: 54pt; text-align: center;\" width=\"72\" height=\"18\">Modelo<\/td>\n<td style=\"width: 54pt; text-align: center;\" width=\"72\">Capacidade (ml)<\/td>\n<td style=\"width: 54pt; text-align: center;\" width=\"72\">Tamanho (cm)<\/td>\n<td style=\"width: 54pt; text-align: center;\" width=\"72\">Estilo<\/td>\n<\/tr>\n<tr style=\"height: 13.50pt;\">\n<td style=\"height: 13.5pt; text-align: center;\" align=\"right\" height=\"18\">63012026<\/td>\n<td style=\"text-align: center;\" align=\"right\">120<\/td>\n<td style=\"text-align: center;\">6.4&#215;5.5&#215;6.9<\/td>\n<td class=\"et2\" style=\"text-align: center;\" rowspan=\"7\">Transparente, personalizado (com padr\u00e3o de diamante)<\/td>\n<\/tr>\n<tr style=\"height: 13.50pt;\">\n<td style=\"height: 13.50pt; text-align: center;\" align=\"right\" height=\"18\">63020027<\/td>\n<td style=\"text-align: center;\" align=\"right\">200<\/td>\n<td style=\"text-align: center;\">6.5&#215;8.7&#215;6.9<\/td>\n<\/tr>\n<tr style=\"height: 13.50pt;\">\n<td style=\"height: 13.50pt; text-align: center;\" align=\"right\" height=\"18\">63027028<\/td>\n<td style=\"text-align: center;\" align=\"right\">270<\/td>\n<td style=\"text-align: center;\">7.5&#215;8.4&#215;8.5<\/td>\n<\/tr>\n<tr style=\"height: 13.50pt;\">\n<td style=\"height: 13.50pt; text-align: center;\" align=\"right\" height=\"18\">63050029<\/td>\n<td style=\"text-align: center;\" align=\"right\">430<\/td>\n<td style=\"text-align: center;\">7.3&#215;11.7&#215;8.5<\/td>\n<\/tr>\n<tr style=\"height: 13.50pt;\">\n<td style=\"height: 13.50pt; text-align: center;\" align=\"right\" height=\"18\">63025030<\/td>\n<td style=\"text-align: center;\" align=\"right\">250<\/td>\n<td style=\"text-align: center;\">6.3&#215;10.5&#215;6.9<\/td>\n<\/tr>\n<tr style=\"height: 13.50pt;\">\n<td style=\"height: 13.50pt; text-align: center;\" align=\"right\" height=\"18\">63035031<\/td>\n<td style=\"text-align: center;\" align=\"right\">350<\/td>\n<td style=\"text-align: center;\">6.6&#215;13.3&#215;6.9<\/td>\n<\/tr>\n<tr style=\"height: 13.50pt;\">\n<td style=\"height: 13.50pt; text-align: center;\" align=\"right\" height=\"18\">63062032<\/td>\n<td style=\"text-align: center;\" align=\"right\">620<\/td>\n<td style=\"text-align: center;\">7.7&#215;16.2&#215;8.5<\/td>\n<\/tr>\n<\/tbody>\n<\/table>\n<h2>Hist\u00f3ria de Sucesso: Um Produto Campe\u00e3o de Vendas de uma Empresa de Cestas de Presentes do Meio-Oeste<\/h2>\n<p>Nossos potes de vidro com padr\u00e3o de diamante foram escolhidos por uma empresa de cestas de presentes do Meio-Oeste americano e personalizados em uma cor \u00e2mbar clara. A textura do vidro confere ao produto um toque artesanal e aumenta o pre\u00e7o em 40%. A resist\u00eancia e o peso do vidro resultam em uma taxa de quebra durante o transporte inferior a 0,3%. O conjunto de presentes fez tanto sucesso que a empresa encomendou mais 850.000 potes de vidro para produzir novos conjuntos de presentes para as duas temporadas de festas seguintes.<\/p>\n<h2>Op\u00e7\u00f5es de personaliza\u00e7\u00e3o em potes de vidro Mason<\/h2>\n<ul>\n<li>Varia\u00e7\u00f5es de padr\u00f5es: os padr\u00f5es em relevo apresentam diferentes varia\u00e7\u00f5es, como favo de mel, acolchoado ou ondulado.<\/li>\n<li>Acabamentos da tampa: Outros acabamentos est\u00e3o dispon\u00edveis para a tampa, como cobre, dourado, preto ou fosco.<\/li>\n<li>Serigrafia: Imprima linhas de escala, bordas decorativas ou ilustra\u00e7\u00f5es r\u00fasticas no vidro.<\/li>\n<\/ul>","protected":false},"excerpt":{"rendered":"<p>Potes de vidro transparente com padr\u00f5es cl\u00e1ssicos em relevo e tampas resistentes. Pr\u00e1ticos potes de vidro para armazenamento e embalagem de alimentos. Fornecimento direto da f\u00e1brica.<\/p>","protected":false},"featured_media":25534,"template":"","meta":[],"product_brand":[],"product_cat":[125,124,122],"product_tag":[],"class_list":{"0":"post-22112","1":"product","2":"type-product","3":"status-publish","4":"has-post-thumbnail","6":"product_cat-mason-glass-jars","7":"product_cat-custom-glass-jars","8":"product_cat-custom-glass-packaging","10":"first","11":"instock","12":"shipping-taxable","13":"product-type-simple"},"jetpack_sharing_enabled":true,"_links":{"self":[{"href":"https:\/\/yebodaglass.com\/pt\/wp-json\/wp\/v2\/product\/22112","targetHints":{"allow":["GET"]}}],"collection":[{"href":"https:\/\/yebodaglass.com\/pt\/wp-json\/wp\/v2\/product"}],"about":[{"href":"https:\/\/yebodaglass.com\/pt\/wp-json\/wp\/v2\/types\/product"}],"version-history":[{"count":5,"href":"https:\/\/yebodaglass.com\/pt\/wp-json\/wp\/v2\/product\/22112\/revisions"}],"predecessor-version":[{"id":25536,"href":"https:\/\/yebodaglass.com\/pt\/wp-json\/wp\/v2\/product\/22112\/revisions\/25536"}],"wp:featuredmedia":[{"embeddable":true,"href":"https:\/\/yebodaglass.com\/pt\/wp-json\/wp\/v2\/media\/25534"}],"wp:attachment":[{"href":"https:\/\/yebodaglass.com\/pt\/wp-json\/wp\/v2\/media?parent=22112"}],"wp:term":[{"taxonomy":"product_brand","embeddable":true,"href":"https:\/\/yebodaglass.com\/pt\/wp-json\/wp\/v2\/product_brand?post=22112"},{"taxonomy":"product_cat","embeddable":true,"href":"https:\/\/yebodaglass.com\/pt\/wp-json\/wp\/v2\/product_cat?post=22112"},{"taxonomy":"product_tag","embeddable":true,"href":"https:\/\/yebodaglass.com\/pt\/wp-json\/wp\/v2\/product_tag?post=22112"}],"curies":[{"name":"wp","href":"https:\/\/api.w.org\/{rel}","templated":true}]}}