{"id":22104,"date":"2025-10-10T15:01:45","date_gmt":"2025-10-10T07:01:45","guid":{"rendered":"https:\/\/yebodaglass.com\/?post_type=product&#038;p=22104"},"modified":"2026-03-26T15:44:18","modified_gmt":"2026-03-26T07:44:18","slug":"wholesale-green-oil-olive-bottles-with-cylindrical-shape","status":"publish","type":"product","link":"https:\/\/yebodaglass.com\/pt\/wholesale-green-oil-olive-bottles-with-cylindrical-shape\/","title":{"rendered":"Garrafas de azeite verde por atacado com formato cil\u00edndrico \u2013 250ml 500ml 750ml"},"content":{"rendered":"<p>Esta garrafa de azeite tem um formato cil\u00edndrico reto, fino e sem curvaturas. O corpo da garrafa \u00e9 feito de vidro verde-oliva escuro, que oferece boa prote\u00e7\u00e3o contra a luz. O gargalo \u00e9 rosqueado e possui uma tampa de rosca, dispon\u00edvel nas cores dourada ou preta.<\/p>\n<h2>Caracter\u00edsticas do produto<\/h2>\n<ul>\n<li><strong>Unidade de prote\u00e7\u00e3o UV:<\/strong> O vidro verde das garrafas de azeite serve como prote\u00e7\u00e3o para o azeite em seu interior, pois impede o desbotamento e a oxida\u00e7\u00e3o causados \u200b\u200bpelos raios solares, permitindo assim que o azeite tenha uma vida \u00fatil mais longa.<\/li>\n<li><strong>Formato cil\u00edndrico fino:<\/strong> Al\u00e9m de economizar espa\u00e7o, o formato cil\u00edndrico e fino facilita o manuseio, permitindo controlar melhor o fluxo do l\u00edquido ao despej\u00e1-lo.<\/li>\n<li><strong>V\u00e1rios tamanhos:<\/strong> Oferecemos garrafas de diversos tamanhos para atender \u00e0s suas necessidades di\u00e1rias, seja em pequena ou grande escala.<\/li>\n<\/ul>\n<h2>Especifica\u00e7\u00f5es principais<\/h2>\n<table style=\"border-collapse: collapse; margin-left: auto; margin-right: auto; width: 448.52pt;\" border=\"0\" width=\"598\" cellspacing=\"0\" cellpadding=\"0\">\n<tbody>\n<tr style=\"height: 13.50pt;\">\n<td style=\"height: 13.50pt; width: 92.25pt;\" width=\"123\" height=\"18\">Recurso<\/td>\n<td style=\"width: 356.25pt;\" width=\"475\">Especifica\u00e7\u00e3o<\/td>\n<\/tr>\n<tr style=\"height: 13.50pt;\">\n<td style=\"height: 13.50pt;\" height=\"18\">Dimens\u00f5es<\/td>\n<td>5,0\u00d723,2cm (250ml), 6,1\u00d728cm (500ml), 6,9\u00d730,9cm (750ml)<\/td>\n<\/tr>\n<tr style=\"height: 13.50pt;\">\n<td style=\"height: 13.50pt;\" height=\"18\">tamanho do pesco\u00e7o<\/td>\n<td>Rosca de parafuso 19x30mm<\/td>\n<\/tr>\n<tr style=\"height: 13.50pt;\">\n<td style=\"height: 13.50pt;\" height=\"18\">Material<\/td>\n<td>Vidro verde com prote\u00e7\u00e3o UV<\/td>\n<\/tr>\n<tr style=\"height: 13.50pt;\">\n<td style=\"height: 13.50pt;\" height=\"18\">Forma<\/td>\n<td>Cil\u00edndrico alto (vidro redondo)<\/td>\n<\/tr>\n<tr style=\"height: 13.50pt;\">\n<td style=\"height: 13.50pt;\" height=\"18\">Ideal para<\/td>\n<td>Azeite, \u00f3leo de cozinha, molhos para salada<\/td>\n<\/tr>\n<\/tbody>\n<\/table>\n<h2>Caso de sucesso<\/h2>\n<p>Um dos produtores familiares de azeite na Espanha escolheu nossa garrafa verde de 750ml com tampa dourada, na qual est\u00e3o gravados a laser a data da colheita e o c\u00f3digo do lote. O corpo de vidro com resist\u00eancia aos raios UV, aliado ao c\u00f3digo de lote preciso, permitiu que eles minimizassem suas perdas com estoque vencido em 42%, e a embalagem de alta qualidade tamb\u00e9m gerou um aumento de 20% nos lucros com as exporta\u00e7\u00f5es. O produtor encomendou 200.000 garrafas de sua nova linha de azeite de colheita precoce, que foi um sucesso, resultando em novos pedidos.<\/p>\n<h2>Dicas para personalizar garrafas de vidro para azeite<\/h2>\n<ul>\n<li>Garrafa fosca \u2013 Jateamento de areia em toda a superf\u00edcie para um acabamento suave e fosco. Mantendo a cor verde, mas conferindo um acabamento moderno e texturizado.<\/li>\n<li>Base texturizada \u2013 Coloque an\u00e9is conc\u00eantricos ou um desenho em forma de raio de sol no fundo da garrafa, criando um padr\u00e3o que transmite uma sensa\u00e7\u00e3o de riqueza e textura, al\u00e9m de conferir um visual \u00fanico.<\/li>\n<li>Ombro chanfrado \u2013 Forma uma curva suave do gargalo at\u00e9 o corpo do recipiente. Esse detalhe simples adiciona glamour e permite a passagem perfeita da luz.<\/li>\n<li>Grava\u00e7\u00e3o a laser \u2013 Aproveite a precis\u00e3o do laser e grave o logotipo da sua marca ou qualquer imagem diretamente no vidro.<\/li>\n<\/ul>","protected":false},"excerpt":{"rendered":"<p>Garrafas de vidro verde escuro para azeite, com tampa de rosca, que preservam a qualidade do \u00f3leo. Perfeitas para azeite de oliva, \u00f3leo de cozinha e \u00f3leos gourmet. Fornecimento direto da f\u00e1brica.<\/p>","protected":false},"featured_media":25642,"template":"","meta":[],"product_brand":[],"product_cat":[126,123,122],"product_tag":[],"class_list":{"0":"post-22104","1":"product","2":"type-product","3":"status-publish","4":"has-post-thumbnail","6":"product_cat-olive-oil-bottles","7":"product_cat-custom-glass-bottles","8":"product_cat-custom-glass-packaging","10":"first","11":"instock","12":"shipping-taxable","13":"product-type-simple"},"jetpack_sharing_enabled":true,"_links":{"self":[{"href":"https:\/\/yebodaglass.com\/pt\/wp-json\/wp\/v2\/product\/22104","targetHints":{"allow":["GET"]}}],"collection":[{"href":"https:\/\/yebodaglass.com\/pt\/wp-json\/wp\/v2\/product"}],"about":[{"href":"https:\/\/yebodaglass.com\/pt\/wp-json\/wp\/v2\/types\/product"}],"version-history":[{"count":5,"href":"https:\/\/yebodaglass.com\/pt\/wp-json\/wp\/v2\/product\/22104\/revisions"}],"predecessor-version":[{"id":25556,"href":"https:\/\/yebodaglass.com\/pt\/wp-json\/wp\/v2\/product\/22104\/revisions\/25556"}],"wp:featuredmedia":[{"embeddable":true,"href":"https:\/\/yebodaglass.com\/pt\/wp-json\/wp\/v2\/media\/25642"}],"wp:attachment":[{"href":"https:\/\/yebodaglass.com\/pt\/wp-json\/wp\/v2\/media?parent=22104"}],"wp:term":[{"taxonomy":"product_brand","embeddable":true,"href":"https:\/\/yebodaglass.com\/pt\/wp-json\/wp\/v2\/product_brand?post=22104"},{"taxonomy":"product_cat","embeddable":true,"href":"https:\/\/yebodaglass.com\/pt\/wp-json\/wp\/v2\/product_cat?post=22104"},{"taxonomy":"product_tag","embeddable":true,"href":"https:\/\/yebodaglass.com\/pt\/wp-json\/wp\/v2\/product_tag?post=22104"}],"curies":[{"name":"wp","href":"https:\/\/api.w.org\/{rel}","templated":true}]}}