{"id":22079,"date":"2025-10-09T16:44:16","date_gmt":"2025-10-09T08:44:16","guid":{"rendered":"https:\/\/yebodaglass.com\/?post_type=product&#038;p=22079"},"modified":"2026-03-26T15:22:44","modified_gmt":"2026-03-26T07:22:44","slug":"wholesale-clear-olive-oil-bottle-for-kitchen","status":"publish","type":"product","link":"https:\/\/yebodaglass.com\/pt\/wholesale-clear-olive-oil-bottle-for-kitchen\/","title":{"rendered":"Garrafa de azeite transparente para cozinha, atacado, 250ml, 500ml, 750ml, 1000ml"},"content":{"rendered":"<p>Estas s\u00e3o garrafas de azeite transparentes, com um design cil\u00edndrico longo e liso, feitas de vidro cristalino e dispon\u00edveis em v\u00e1rios tamanhos, com tampas de rosca pretas ou verdes.<\/p>\n<h2>Caracter\u00edsticas do produto<\/h2>\n<ul>\n<li><strong>Diversas op\u00e7\u00f5es de capacidade:<\/strong> Est\u00e3o dispon\u00edveis 4 tamanhos de altura para atender a diferentes necessidades, como testes de pequenas amostras, uso dom\u00e9stico di\u00e1rio e enchimento em estabelecimentos comerciais\/restaurantes.<\/li>\n<li><strong>Solu\u00e7\u00f5es de tampas de rosca bicolor:<\/strong> Possui tampas de rosca pretas e verdes para garantir uma \u00f3tima veda\u00e7\u00e3o.<\/li>\n<li><strong>Garrafa cil\u00edndrica fina em formato de frasco:<\/strong> O formato cil\u00edndrico e fino da garrafa oferece boa ader\u00eancia e facilidade ao servir, al\u00e9m de economizar espa\u00e7o durante o armazenamento e o transporte.<\/li>\n<\/ul>\n<h2 style=\"text-align: left;\">Especifica\u00e7\u00f5es principais<\/h2>\n<table class=\"aligncenter\" style=\"border-collapse: collapse; width: 534.02pt;\" border=\"0\" width=\"712\" cellspacing=\"0\" cellpadding=\"0\">\n<tbody>\n<tr style=\"height: 13.50pt;\">\n<td style=\"height: 13.50pt; width: 69.75pt;\" width=\"93\" height=\"18\">Recurso<\/td>\n<td style=\"width: 464.25pt;\" width=\"619\">Especifica\u00e7\u00e3o<\/td>\n<\/tr>\n<tr style=\"height: 13.50pt;\">\n<td style=\"height: 13.50pt;\" height=\"18\">Dimens\u00f5es<\/td>\n<td>5\u00d723,2cm (250ml), 6,1\u00d728cm (500ml), 6,9\u00d731,2cm (750ml), 7,8\u00d732,5cm (1000ml)<\/td>\n<\/tr>\n<tr style=\"height: 13.50pt;\">\n<td style=\"height: 13.50pt;\" height=\"18\">tamanho do pesco\u00e7o<\/td>\n<td>19\u00d730mm (rosca padr\u00e3o)<\/td>\n<\/tr>\n<tr style=\"height: 13.50pt;\">\n<td style=\"height: 13.50pt;\" height=\"18\">Material<\/td>\n<td>Vidro transparente<\/td>\n<\/tr>\n<tr style=\"height: 13.50pt;\">\n<td style=\"height: 13.50pt;\" height=\"18\">Forma<\/td>\n<td>Cil\u00edndrica<\/td>\n<\/tr>\n<tr style=\"height: 13.50pt;\">\n<td style=\"height: 13.50pt;\" height=\"18\">Op\u00e7\u00f5es de tampa<\/td>\n<td>Tampa de rosca s\u00f3lida, bico dosador, dispensador com bomba.<\/td>\n<\/tr>\n<tr style=\"height: 13.50pt;\">\n<td style=\"height: 13.50pt;\" height=\"18\">Ideal para<\/td>\n<td>Azeite, vinagre, molhos<\/td>\n<\/tr>\n<\/tbody>\n<\/table>\n<h2>Hist\u00f3ria de sucesso<\/h2>\n<p>Nossas garrafas de azeite para cozinha foram selecionadas por uma fazenda de oliveiras da Calif\u00f3rnia e equipadas com tampas especiais, que possuem bicos dosadores de vidro embutidos. As garrafas personalizadas agregaram um valor excepcional: o vidro cristalino real\u00e7ou perfeitamente a cor vibrante do azeite, o que, segundo eles, contribuiu para um aumento de 25% nas compras por impulso em feiras livres. Houve uma redu\u00e7\u00e3o m\u00e9dia de 30% nos derramamentos causados \u200b\u200bpelas tampas com bico dosador. Com base nesse resultado, eles encomendaram recentemente mais 120.000 garrafas de sua nova linha de azeite aromatizado e firmaram uma parceria com uma rede de hot\u00e9is de luxo para lan\u00e7ar kits de presentes.<\/p>\n<h2>Personaliza\u00e7\u00e3o de garrafas transparentes de azeite<\/h2>\n<ul>\n<li>Lavagem \u00e1cida fosca \u2013 D\u00e1 a toda a superf\u00edcie um acabamento suave e fosco. Transmite uma sensa\u00e7\u00e3o de luxo e disfar\u00e7a impress\u00f5es digitais.<\/li>\n<li>Logotipo gravado em jato de areia \u2013 Grave seu emblema no painel frontal. \u00c9 permanente e transmite uma sensa\u00e7\u00e3o de acabamento premium.<\/li>\n<li>Controle da Intensidade da Tonalidade \u2013 Escolha um tom mais escuro que o verde padr\u00e3o para obter prote\u00e7\u00e3o UV extra e um visual mais marcante.<\/li>\n<\/ul>\n<p>Somos fabricantes. Isso significa que voc\u00ea n\u00e3o paga nada a mais por esses ajustes. N\u00f3s os inclu\u00edmos no seu pedido de atacado desde o primeiro dia.<\/p>","protected":false},"excerpt":{"rendered":"<p>Garrafas de azeite premium, feitas de vidro de alta transpar\u00eancia. Ideais para cozinhas e armazenamento de alimentos. Envio r\u00e1pido e pre\u00e7os de atacado dispon\u00edveis.<\/p>","protected":false},"featured_media":25640,"template":"","meta":[],"product_brand":[],"product_cat":[126,123,122],"product_tag":[],"class_list":{"0":"post-22079","1":"product","2":"type-product","3":"status-publish","4":"has-post-thumbnail","6":"product_cat-olive-oil-bottles","7":"product_cat-custom-glass-bottles","8":"product_cat-custom-glass-packaging","10":"first","11":"instock","12":"shipping-taxable","13":"product-type-simple"},"jetpack_sharing_enabled":true,"_links":{"self":[{"href":"https:\/\/yebodaglass.com\/pt\/wp-json\/wp\/v2\/product\/22079","targetHints":{"allow":["GET"]}}],"collection":[{"href":"https:\/\/yebodaglass.com\/pt\/wp-json\/wp\/v2\/product"}],"about":[{"href":"https:\/\/yebodaglass.com\/pt\/wp-json\/wp\/v2\/types\/product"}],"version-history":[{"count":5,"href":"https:\/\/yebodaglass.com\/pt\/wp-json\/wp\/v2\/product\/22079\/revisions"}],"predecessor-version":[{"id":25569,"href":"https:\/\/yebodaglass.com\/pt\/wp-json\/wp\/v2\/product\/22079\/revisions\/25569"}],"wp:featuredmedia":[{"embeddable":true,"href":"https:\/\/yebodaglass.com\/pt\/wp-json\/wp\/v2\/media\/25640"}],"wp:attachment":[{"href":"https:\/\/yebodaglass.com\/pt\/wp-json\/wp\/v2\/media?parent=22079"}],"wp:term":[{"taxonomy":"product_brand","embeddable":true,"href":"https:\/\/yebodaglass.com\/pt\/wp-json\/wp\/v2\/product_brand?post=22079"},{"taxonomy":"product_cat","embeddable":true,"href":"https:\/\/yebodaglass.com\/pt\/wp-json\/wp\/v2\/product_cat?post=22079"},{"taxonomy":"product_tag","embeddable":true,"href":"https:\/\/yebodaglass.com\/pt\/wp-json\/wp\/v2\/product_tag?post=22079"}],"curies":[{"name":"wp","href":"https:\/\/api.w.org\/{rel}","templated":true}]}}