{"id":22031,"date":"2025-10-09T11:57:24","date_gmt":"2025-10-09T03:57:24","guid":{"rendered":"https:\/\/yebodaglass.com\/?post_type=product&#038;p=22031"},"modified":"2025-10-09T14:54:29","modified_gmt":"2025-10-09T06:54:29","slug":"wholesale-unique-olive-oil-dispensers-with-glass-handle-100ml-250ml-500ml","status":"publish","type":"product","link":"https:\/\/yebodaglass.com\/pt\/wholesale-unique-olive-oil-dispensers-with-glass-handle-100ml-250ml-500ml\/","title":{"rendered":"Dispensadores de azeite exclusivos para atacado com al\u00e7a de vidro \u2013 100ml, 250ml e 500ml"},"content":{"rendered":"<div data-elementor-type=\"product-post\" data-elementor-id=\"22031\" class=\"elementor elementor-22031\" data-elementor-settings=\"{&quot;ha_cmc_init_switcher&quot;:&quot;no&quot;}\" data-elementor-post-type=\"product\">\n\t\t\t\t<div class=\"elementor-element elementor-element-7cc6e53 e-flex e-con-boxed e-con e-parent\" data-id=\"7cc6e53\" data-element_type=\"container\" data-e-type=\"container\" data-settings=\"{&quot;_ha_eqh_enable&quot;:false}\">\n\t\t\t\t\t<div class=\"e-con-inner\">\n\t\t\t\t<div class=\"elementor-element elementor-element-b9ffd68 elementor-widget elementor-widget-text-editor\" data-id=\"b9ffd68\" data-element_type=\"widget\" data-e-type=\"widget\" data-widget_type=\"text-editor.default\">\n\t\t\t\t<div class=\"elementor-widget-container\">\n\t\t\t\t\t\t\t\t\t<p>Estes dispensadores de \u00f3leo de vidro apresentam um design curvo exclusivo, al\u00e7as de vidro de f\u00e1cil manuseio e s\u00e3o feitos de vidro transparente. Seu estilo e funcionalidade se complementam perfeitamente, tornando-os o complemento ideal para sua cozinha.<\/p><h2>Caracter\u00edsticas do produto<\/h2><ul><li><strong>Com al\u00e7a:<\/strong> A al\u00e7a possui um pequeno cabo de vidro para facilitar a abertura e o despejo, evitando assim o inc\u00f4modo de derramar o \u00f3leo.<\/li><li><strong>Sem gotejamento:<\/strong> Gra\u00e7as \u00e0 tampa de rosca de precis\u00e3o, estes frascos para \u00f3leos essenciais garantem um fluxo suave do l\u00edquido em todas as utiliza\u00e7\u00f5es. S\u00e3o ideais para facilitar o uso de frascos de especiarias ou para decorar a mesa de jantar.<\/li><li><strong>Vidro transparente:<\/strong> Waarom worden glazen honingpotten gebruikt als exportverpakking?<\/li><\/ul>\t\t\t\t\t\t\t\t<\/div>\n\t\t\t\t<\/div>\n\t\t\t\t<div class=\"elementor-element elementor-element-920ae84 elementor-widget elementor-widget-text-editor\" data-id=\"920ae84\" data-element_type=\"widget\" data-e-type=\"widget\" data-widget_type=\"text-editor.default\">\n\t\t\t\t<div class=\"elementor-widget-container\">\n\t\t\t\t\t\t\t\t\t<h2 style=\"text-align: center;\">Especifica\u00e7\u00f5es principais:<\/h2><table class=\"aligncenter\" style=\"border-collapse: collapse; width: 470.27pt;\" border=\"0\" width=\"627\" cellspacing=\"0\" cellpadding=\"0\"><tbody><tr style=\"height: 13.50pt;\"><td style=\"height: 13.50pt; width: 86.25pt;\" width=\"115\" height=\"18\">Recurso<\/td><td style=\"width: 384.00pt;\" width=\"512\">Especifica\u00e7\u00e3o<\/td><\/tr><tr style=\"height: 13.50pt;\"><td style=\"height: 13.50pt;\" height=\"18\">Dimens\u00f5es<\/td><td>1 oktober 2025<\/td><\/tr><tr style=\"height: 13.50pt;\"><td style=\"height: 13.50pt;\" height=\"18\">Material<\/td><td>Vidro transparente de alta clareza<\/td><\/tr><tr style=\"height: 13.50pt;\"><td style=\"height: 13.50pt;\" height=\"18\">Forma<\/td><td>Formato c\u00f4nico redondo com al\u00e7a integrada<\/td><\/tr><tr style=\"height: 13.50pt;\"><td style=\"height: 13.50pt;\" height=\"18\">Tipo de tampa<\/td><td>Tampa de rosca maci\u00e7a<\/td><\/tr><tr style=\"height: 13.50pt;\"><td style=\"height: 13.50pt;\" height=\"18\">Ideal para<\/td><td>Azeite, vinagre, molhos para salada, \u00f3leos gourmet<\/td><\/tr><\/tbody><\/table><h2>Hist\u00f3ria verdadeira<\/h2><p>Um produtor de azeite de oliva extra virgem, que vendia principalmente em feiras livres, possu\u00eda um azeite de alta qualidade, mas a embalagem era apenas mais uma garrafa de vidro na prateleira. Ent\u00e3o, optaram por este dispensador de azeite exclusivo. O mesmo azeite, uma garrafa diferente. Depois de alguns meses, os clientes come\u00e7aram a cham\u00e1-lo de &#034;aquele com al\u00e7a&#034;. Parecia mais elegante, era mais confort\u00e1vel de usar e n\u00e3o derramava ao servir, por isso as pessoas gostaram.<\/p><h2>Dispensadores de \u00f3leo de vidro personalizados<\/h2><ul><li>Cabo fosco \u2013 Apenas a al\u00e7a recebe acabamento jateado, proporcionando uma leve ader\u00eancia antiderrapante que contrasta harmoniosamente com a transpar\u00eancia da garrafa.<\/li><li>Marca\u00e7\u00e3o gravada \u2013 Uma pequena marca \u00e9 adicionada perto do gargalo da garrafa para indicar o n\u00edvel ideal de enchimento. Tem um aspecto profissional e transmite uma sensa\u00e7\u00e3o de requinte.<\/li><li>Relevo na base \u2013 Seu logotipo ou a hist\u00f3ria da sua marca \u00e9 gravado em relevo na parte inferior da garrafa. Os \u00edcones ficam vis\u00edveis quando a garrafa est\u00e1 quase vazia, mantendo sua marca sempre \u00e0 vista dos seus clientes.<\/li><\/ul>\t\t\t\t\t\t\t\t<\/div>\n\t\t\t\t<\/div>\n\t\t\t\t\t<\/div>\n\t\t\t\t<\/div>\n\t\t\t\t<\/div>","protected":false},"excerpt":{"rendered":"<p>Dispensadores de azeite de vidro exclusivos com al\u00e7a discreta, com um visual sofisticado, ideais para marcas de utens\u00edlios de cozinha. Personaliz\u00e1veis \u200b\u200bcom amostras gr\u00e1tis e descontos para compras em grande quantidade.<\/p>","protected":false},"featured_media":22060,"template":"","meta":[],"product_brand":[],"product_cat":[122,123,126],"product_tag":[],"class_list":{"0":"post-22031","1":"product","2":"type-product","3":"status-publish","4":"has-post-thumbnail","6":"product_cat-custom-glass-packaging","7":"product_cat-custom-glass-bottles","8":"product_cat-olive-oil-bottles","10":"first","11":"instock","12":"shipping-taxable","13":"product-type-simple"},"jetpack_sharing_enabled":true,"_links":{"self":[{"href":"https:\/\/yebodaglass.com\/pt\/wp-json\/wp\/v2\/product\/22031","targetHints":{"allow":["GET"]}}],"collection":[{"href":"https:\/\/yebodaglass.com\/pt\/wp-json\/wp\/v2\/product"}],"about":[{"href":"https:\/\/yebodaglass.com\/pt\/wp-json\/wp\/v2\/types\/product"}],"version-history":[{"count":5,"href":"https:\/\/yebodaglass.com\/pt\/wp-json\/wp\/v2\/product\/22031\/revisions"}],"predecessor-version":[{"id":22078,"href":"https:\/\/yebodaglass.com\/pt\/wp-json\/wp\/v2\/product\/22031\/revisions\/22078"}],"wp:featuredmedia":[{"embeddable":true,"href":"https:\/\/yebodaglass.com\/pt\/wp-json\/wp\/v2\/media\/22060"}],"wp:attachment":[{"href":"https:\/\/yebodaglass.com\/pt\/wp-json\/wp\/v2\/media?parent=22031"}],"wp:term":[{"taxonomy":"product_brand","embeddable":true,"href":"https:\/\/yebodaglass.com\/pt\/wp-json\/wp\/v2\/product_brand?post=22031"},{"taxonomy":"product_cat","embeddable":true,"href":"https:\/\/yebodaglass.com\/pt\/wp-json\/wp\/v2\/product_cat?post=22031"},{"taxonomy":"product_tag","embeddable":true,"href":"https:\/\/yebodaglass.com\/pt\/wp-json\/wp\/v2\/product_tag?post=22031"}],"curies":[{"name":"wp","href":"https:\/\/api.w.org\/{rel}","templated":true}]}}