{"id":22010,"date":"2025-10-10T09:07:57","date_gmt":"2025-10-10T01:07:57","guid":{"rendered":"https:\/\/yebodaglass.com\/?post_type=product&#038;p=22010"},"modified":"2026-03-18T17:48:37","modified_gmt":"2026-03-18T09:48:37","slug":"wide-mouth-mason-jars-and-lids-canning-jars","status":"publish","type":"product","link":"https:\/\/yebodaglass.com\/pt\/produto\/wide-mouth-mason-jars-and-lids-canning-jars\/","title":{"rendered":"Potes de conserva de boca larga com tampas \u2013 Potes para conservas de 200 ml a 730 ml"},"content":{"rendered":"<p>Estes frascos de conserva de boca larga com tampa apresentam um design cl\u00e1ssico de frasco cil\u00edndrico de vidro com corpo liso e transparente e uma abertura larga para facilitar o enchimento e a limpeza. Cada frasco de conserva possui uma tampa de alum\u00ednio maci\u00e7a que garante uma veda\u00e7\u00e3o segura, seja para produtos secos ou l\u00edquidos. Este produto \u00e9 fabricado por uma empresa que utiliza tecnologia de sopro mec\u00e2nico, sendo, portanto, adequado para armazenamento, embalagem e exposi\u00e7\u00e3o. Ideais para conservas, molhos, xaropes, aperitivos, ch\u00e1s, gr\u00e3os e at\u00e9 mesmo para velas ou uso decorativo, estes frascos de conserva de boca larga atendem tanto \u00e0s necessidades de qualidade alimentar quanto \u00e0s de apresenta\u00e7\u00e3o no varejo.<\/p>\n<h2>Especifica\u00e7\u00f5es principais<\/h2>\n<table style=\"border-collapse: collapse; width: 80%; margin-left: auto; margin-right: auto;\" border=\"0\" width=\"794\" cellspacing=\"0\" cellpadding=\"0\">\n<tbody>\n<tr style=\"height: 13.50pt;\">\n<td style=\"height: 13.50pt; width: 122.25pt;\" width=\"163\" height=\"18\">Nome do produto<\/td>\n<td style=\"width: 473.25pt;\" width=\"631\">Pote de vidro de boca larga<\/td>\n<\/tr>\n<tr style=\"height: 13.50pt;\">\n<td style=\"height: 13.50pt;\" height=\"18\">Material<\/td>\n<td>Vidro s\u00f3dio-c\u00e1lcico sem BPA + tampa de alum\u00ednio<\/td>\n<\/tr>\n<tr style=\"height: 13.50pt;\">\n<td style=\"height: 13.50pt;\" height=\"18\">Op\u00e7\u00f5es de capacidade<\/td>\n<td>200ml, 230ml, 280ml, 350ml, 380ml, 470ml, 620ml, 730ml (variantes em on\u00e7as dispon\u00edveis)<\/td>\n<\/tr>\n<tr style=\"height: 13.50pt;\">\n<td style=\"height: 13.50pt;\" height=\"18\">Forma<\/td>\n<td>Boca redonda e larga<\/td>\n<\/tr>\n<tr style=\"height: 13.50pt;\">\n<td style=\"height: 13.50pt;\" height=\"18\">Tipos de tampas<\/td>\n<td>Tampas de frasco com abertura articulada, padr\u00e3o, com furo para canudo, do tipo bipartida<\/td>\n<\/tr>\n<tr style=\"height: 13.50pt;\">\n<td style=\"height: 13.50pt;\" height=\"18\">Cor<\/td>\n<td>Vidro transparente + tampas prateadas, douradas e pretas<\/td>\n<\/tr>\n<tr style=\"height: 13.50pt;\">\n<td style=\"height: 13.50pt;\" height=\"18\">Processo<\/td>\n<td>Soprado pela m\u00e1quina<\/td>\n<\/tr>\n<tr style=\"height: 13.50pt;\">\n<td style=\"height: 13.50pt;\" height=\"18\">Aplicativo<\/td>\n<td>Armazenamento de alimentos, pote de conserva, embalagem, uso decorativo<\/td>\n<\/tr>\n<tr style=\"height: 13.50pt;\">\n<td style=\"height: 13.50pt;\" height=\"18\">Capacidade de fornecimento<\/td>\n<td>Fornecedor direto da f\u00e1brica, em grandes quantidades e por atacado.<\/td>\n<\/tr>\n<tr style=\"height: 13.50pt;\">\n<td style=\"height: 13.50pt;\" height=\"18\">Op\u00e7\u00f5es personalizadas<\/td>\n<td>Logotipo, tamanho, cor, acess\u00f3rios, acabamento da superf\u00edcie<\/td>\n<\/tr>\n<tr style=\"height: 13.50pt;\">\n<td style=\"height: 13.50pt;\" height=\"18\">Entrega<\/td>\n<td>Estoque est\u00e1vel + prazo de entrega flex\u00edvel<\/td>\n<\/tr>\n<\/tbody>\n<\/table>\n<h2>Principais caracter\u00edsticas<\/h2>\n<ol>\n<li><strong>Praticidade de boca larga<\/strong>O design de boca larga do pote de conserva facilita o enchimento, a limpeza e o acesso tanto a s\u00f3lidos quanto a l\u00edquidos.<\/li>\n<li><strong>Sistema de tampa articulada segura<\/strong>A tampa de alum\u00ednio refor\u00e7ada garante uma veda\u00e7\u00e3o herm\u00e9tica, podendo ser usada para enlatar, transportar e armazenar alimentos por longos per\u00edodos.<\/li>\n<li><strong>Solu\u00e7\u00e3o de embalagem flex\u00edvel<\/strong>Um frasco de vidro t\u00edpico e padr\u00e3o que pode ser usado tanto para marcas de alimentos e embalagens de varejo quanto para projetos multiuso.<\/li>\n<\/ol>\n<h2>Estudo de Caso de Sucesso<\/h2>\n<p>Um empres\u00e1rio alem\u00e3o do ramo aliment\u00edcio, especializado em condimentos org\u00e2nicos, adquiriu esses potes de conserva de boca larga diretamente de nossa f\u00e1brica.<\/p>\n<ul>\n<li>Tipo de neg\u00f3cio: Marca de alimentos org\u00e2nicos (vendas no varejo e online)<\/li>\n<li>Quantidade m\u00ednima para encomenda: O primeiro pedido em grande quantidade \u00e9 de 50.000 unidades (350ml e 470ml).<\/li>\n<li>Requisitos adicionais: Tampa dourada, logotipo em relevo, superf\u00edcie adequada para etiquetas personalizadas.<\/li>\n<li>Aplica\u00e7\u00e3o: Embalagem premium para molho de picles.<\/li>\n<li>Resultado: O produto em si apresentou um crescimento de 30% na atratividade nas prateleiras e um aumento de 22% nas vendas em 6 meses.<\/li>\n<li>Repeti\u00e7\u00e3o do pedido: Exatamente o mesmo, mas com vendas no atacado trimestrais e a frequ\u00eancia aumentada para 3 outros tamanhos.<\/li>\n<\/ul>\n<h2>Recomenda\u00e7\u00f5es personalizadas para compradores B2B<\/h2>\n<ol>\n<li><strong>Otimiza\u00e7\u00e3o de Marca e Embalagem para Varejo<\/strong>Incorporar impress\u00e3o em serigrafia ou relevo para transformar o pote de vidro em uma embalagem de marca com qualidade de varejo.<\/li>\n<li><strong>Sele\u00e7\u00e3o de Tampas Funcionais<\/strong>Selecione entre uma variedade de tampas para potes (tampa padr\u00e3o, com furo para canudo, tampa bipartida) dependendo do uso, como para bebidas, produtos secos ou recipientes para velas.<\/li>\n<li><strong>Estrat\u00e9gia de linha de produtos com m\u00faltiplos tamanhos<\/strong>Combinar diferentes tamanhos de embalagem (em on\u00e7as) para formar uma \u00fanica linha de produtos, como xaropes e gr\u00e3os, snacks e alimentos especiais, a fim de aumentar o potencial de venda cruzada.<\/li>\n<\/ol>\n<p>Se voc\u00ea procura um fornecedor ou fonte confi\u00e1vel de potes de boca larga em grandes quantidades, este produto oferece flexibilidade, consist\u00eancia e forte suporte \u00e0 personaliza\u00e7\u00e3o diretamente de um fabricante profissional.<\/p>","protected":false},"excerpt":{"rendered":"<p>Potes de conserva de boca larga e tampas para venda por atacado, ideais para enlatar, armazenar, embalar e personalizar alimentos. Fornecimento direto da f\u00e1brica com op\u00e7\u00f5es de compra em grandes quantidades.<\/p>","protected":false},"featured_media":25507,"template":"","meta":[],"product_brand":[],"product_cat":[125,124,122],"product_tag":[],"class_list":{"0":"post-22010","1":"product","2":"type-product","3":"status-publish","4":"has-post-thumbnail","6":"product_cat-mason-glass-jars","7":"product_cat-custom-glass-jars","8":"product_cat-custom-glass-packaging","10":"first","11":"instock","12":"shipping-taxable","13":"product-type-simple"},"jetpack_sharing_enabled":true,"_links":{"self":[{"href":"https:\/\/yebodaglass.com\/pt\/wp-json\/wp\/v2\/product\/22010","targetHints":{"allow":["GET"]}}],"collection":[{"href":"https:\/\/yebodaglass.com\/pt\/wp-json\/wp\/v2\/product"}],"about":[{"href":"https:\/\/yebodaglass.com\/pt\/wp-json\/wp\/v2\/types\/product"}],"version-history":[{"count":5,"href":"https:\/\/yebodaglass.com\/pt\/wp-json\/wp\/v2\/product\/22010\/revisions"}],"predecessor-version":[{"id":25510,"href":"https:\/\/yebodaglass.com\/pt\/wp-json\/wp\/v2\/product\/22010\/revisions\/25510"}],"wp:featuredmedia":[{"embeddable":true,"href":"https:\/\/yebodaglass.com\/pt\/wp-json\/wp\/v2\/media\/25507"}],"wp:attachment":[{"href":"https:\/\/yebodaglass.com\/pt\/wp-json\/wp\/v2\/media?parent=22010"}],"wp:term":[{"taxonomy":"product_brand","embeddable":true,"href":"https:\/\/yebodaglass.com\/pt\/wp-json\/wp\/v2\/product_brand?post=22010"},{"taxonomy":"product_cat","embeddable":true,"href":"https:\/\/yebodaglass.com\/pt\/wp-json\/wp\/v2\/product_cat?post=22010"},{"taxonomy":"product_tag","embeddable":true,"href":"https:\/\/yebodaglass.com\/pt\/wp-json\/wp\/v2\/product_tag?post=22010"}],"curies":[{"name":"wp","href":"https:\/\/api.w.org\/{rel}","templated":true}]}}