{"id":22002,"date":"2025-10-09T17:33:25","date_gmt":"2025-10-09T09:33:25","guid":{"rendered":"https:\/\/yebodaglass.com\/?post_type=product&#038;p=22002"},"modified":"2026-03-19T13:42:18","modified_gmt":"2026-03-19T05:42:18","slug":"empty-clear-mason-jar-with-lid-wholesale","status":"publish","type":"product","link":"https:\/\/yebodaglass.com\/pt\/produto\/empty-clear-mason-jar-with-lid-wholesale\/","title":{"rendered":"Frasco de vidro transparente vazio com tampa, tamanhos 70ml a 280ml, para venda por atacado."},"content":{"rendered":"<p>Este pote de vidro com tampa tem um formato cil\u00edndrico cl\u00e1ssico, \u00e9 feito de vidro transparente e possui uma abertura bem larga que facilita a limpeza. Sua tampa \u00e9 rosqueada da maneira tradicional, permitindo o empilhamento f\u00e1cil. Dispon\u00edvel em diferentes tamanhos com tampas de rosca de metal coloridas nas cores preto, dourado, prateado e vermelho.<\/p>\n<h2>Caracter\u00edsticas do produto<\/h2>\n<ul>\n<li><strong>Design cil\u00edndrico cl\u00e1ssico:<\/strong> O cilindro de vidro \u00e9 um cilindro simples, de boca larga, que \u00e9 f\u00e1cil de limpar, encher e usar.<\/li>\n<li><strong>Tampas coloridas intercambi\u00e1veis:<\/strong> Possuem tampas de rosca met\u00e1licas pretas, douradas, prateadas ou vermelhas, que garantem uma veda\u00e7\u00e3o firme e, ao mesmo tempo, conferem uma apar\u00eancia elegante.<\/li>\n<li><strong>V\u00e1rios tamanhos:<\/strong> De tamanho pequeno a m\u00e9dio e grande, para atender a todas as necessidades, desde armazenamento de especiarias at\u00e9 embalagens grandes de alimentos.<\/li>\n<\/ul>\n<h2><strong data-spm-anchor-id=\"5176.28103460.0.i15.29ab2e31JfkVXT\">Especifica\u00e7\u00f5es principais <\/strong><\/h2>\n<table style=\"border-collapse: collapse; width: 80%; margin-left: auto; margin-right: auto;\" border=\"0\" width=\"288\" cellspacing=\"0\" cellpadding=\"0\">\n<tbody>\n<tr style=\"height: 13.50pt;\">\n<td style=\"height: 13.5pt; width: 54pt; text-align: center;\" width=\"72\" height=\"18\">Produto<\/td>\n<td style=\"width: 54pt; text-align: center;\" width=\"72\">Capacidade (ml)<\/td>\n<td style=\"width: 54pt; text-align: center;\" width=\"72\">Tamanho (cm)<\/td>\n<td style=\"width: 54pt; text-align: center;\" width=\"72\">Op\u00e7\u00f5es de cores<\/td>\n<\/tr>\n<tr style=\"height: 13.50pt;\">\n<td style=\"height: 13.5pt; text-align: center;\" align=\"right\" height=\"18\">63007014<\/td>\n<td style=\"text-align: center;\" align=\"right\">70<\/td>\n<td style=\"text-align: center;\">4.7&#215;4.5&#215;6.7<\/td>\n<td class=\"et2\" rowspan=\"6\">Limpar (Personalizado)<\/td>\n<\/tr>\n<tr style=\"height: 13.50pt;\">\n<td style=\"height: 13.5pt; text-align: center;\" align=\"right\" height=\"18\">63007015<\/td>\n<td style=\"text-align: center;\" align=\"right\">70<\/td>\n<td style=\"text-align: center;\">6.5&#215;4.5&#215;6.7<\/td>\n<\/tr>\n<tr style=\"height: 13.50pt;\">\n<td style=\"height: 13.5pt; text-align: center;\" align=\"right\" height=\"18\">63012016<\/td>\n<td style=\"text-align: center;\" align=\"right\">120<\/td>\n<td style=\"text-align: center;\">5.4&#215;6.15&#215;6.6<\/td>\n<\/tr>\n<tr style=\"height: 13.50pt;\">\n<td style=\"height: 13.5pt; text-align: center;\" align=\"right\" height=\"18\">63012517<\/td>\n<td style=\"text-align: center;\" align=\"right\">125<\/td>\n<td style=\"text-align: center;\">6.3&#215;5.6&#215;6.9<\/td>\n<\/tr>\n<tr style=\"height: 13.50pt;\">\n<td style=\"height: 13.5pt; text-align: center;\" align=\"right\" height=\"18\">63020018<\/td>\n<td style=\"text-align: center;\" align=\"right\">200<\/td>\n<td style=\"text-align: center;\">6.0&#215;8.6&#215;6.9<\/td>\n<\/tr>\n<tr style=\"height: 13.50pt;\">\n<td style=\"height: 13.5pt; text-align: center;\" align=\"right\" height=\"18\">63028019<\/td>\n<td style=\"text-align: center;\" align=\"right\">280<\/td>\n<td style=\"text-align: center;\">7.5&#215;8.4&#215;8.5<\/td>\n<\/tr>\n<\/tbody>\n<\/table>\n<h2>Hist\u00f3ria de sucesso<\/h2>\n<p>Uma das maiores empresas canadenses de alimentos artesanais escolheu nossos potes de vidro com tampa e os personalizou com uma estampa floral r\u00fastica. Esses potes personalizados t\u00eam sido um sucesso no mercado: sua apar\u00eancia sofisticada aumentou o pre\u00e7o de varejo de suas geleias em um quarto, e os potes, facilmente reconhec\u00edveis, elevaram o reconhecimento da marca nos pontos de venda em um ter\u00e7o, segundo a empresa. Com base nesse sucesso, eles tamb\u00e9m encomendaram mais 250.000 potes para sua nova linha de xaropes para bebidas e fecharam um contrato com uma rede nacional de supermercados.<\/p>\n<h2>Sugest\u00f5es para personalizar o pote de vidro<\/h2>\n<ul>\n<li>Acabamentos e cores para an\u00e9is de garrafa: Oferece uma maior variedade de cores e padr\u00f5es personalizados para an\u00e9is de garrafa em espiral, com acabamentos fosco e brilhante.<\/li>\n<li>Personaliza\u00e7\u00e3o de tampas de garrafa: Impress\u00f5es, logotipos ou padr\u00f5es personalizados s\u00e3o impressos em tampas de metal planas para garrafas.<\/li>\n<li>Grades em relevo: Grave gradua\u00e7\u00f5es finas em relevo (x\u00edcaras, mililitros, on\u00e7as) na lateral do frasco, e ele se tornar\u00e1 mais \u00fatil do que nunca.<\/li>\n<li>Tamanhos personalizados: Existem tamanhos personalizados para certos produtos (por exemplo, frascos altos e estreitos para armazenar mel).<\/li>\n<\/ul>","protected":false},"excerpt":{"rendered":"<p>Potes de vidro tipo Mason de v\u00e1rios tamanhos com tampa, fabricados em vidro de alta qualidade. Perfeitos para conservas, armazenamento e embalagens. Fornecimento direto da f\u00e1brica. Envio r\u00e1pido.<\/p>","protected":false},"featured_media":25516,"template":"","meta":[],"product_brand":[],"product_cat":[122,124,125],"product_tag":[],"class_list":{"0":"post-22002","1":"product","2":"type-product","3":"status-publish","4":"has-post-thumbnail","6":"product_cat-custom-glass-packaging","7":"product_cat-custom-glass-jars","8":"product_cat-mason-glass-jars","10":"first","11":"instock","12":"shipping-taxable","13":"product-type-simple"},"jetpack_sharing_enabled":true,"_links":{"self":[{"href":"https:\/\/yebodaglass.com\/pt\/wp-json\/wp\/v2\/product\/22002","targetHints":{"allow":["GET"]}}],"collection":[{"href":"https:\/\/yebodaglass.com\/pt\/wp-json\/wp\/v2\/product"}],"about":[{"href":"https:\/\/yebodaglass.com\/pt\/wp-json\/wp\/v2\/types\/product"}],"version-history":[{"count":5,"href":"https:\/\/yebodaglass.com\/pt\/wp-json\/wp\/v2\/product\/22002\/revisions"}],"predecessor-version":[{"id":25518,"href":"https:\/\/yebodaglass.com\/pt\/wp-json\/wp\/v2\/product\/22002\/revisions\/25518"}],"wp:featuredmedia":[{"embeddable":true,"href":"https:\/\/yebodaglass.com\/pt\/wp-json\/wp\/v2\/media\/25516"}],"wp:attachment":[{"href":"https:\/\/yebodaglass.com\/pt\/wp-json\/wp\/v2\/media?parent=22002"}],"wp:term":[{"taxonomy":"product_brand","embeddable":true,"href":"https:\/\/yebodaglass.com\/pt\/wp-json\/wp\/v2\/product_brand?post=22002"},{"taxonomy":"product_cat","embeddable":true,"href":"https:\/\/yebodaglass.com\/pt\/wp-json\/wp\/v2\/product_cat?post=22002"},{"taxonomy":"product_tag","embeddable":true,"href":"https:\/\/yebodaglass.com\/pt\/wp-json\/wp\/v2\/product_tag?post=22002"}],"curies":[{"name":"wp","href":"https:\/\/api.w.org\/{rel}","templated":true}]}}