{"id":21965,"date":"2025-10-08T15:17:10","date_gmt":"2025-10-08T07:17:10","guid":{"rendered":"https:\/\/yebodaglass.com\/?post_type=product&#038;p=21965"},"modified":"2026-03-26T15:55:16","modified_gmt":"2026-03-26T07:55:16","slug":"wholesale-green-oil-olive-bottles-with-square-bases","status":"publish","type":"product","link":"https:\/\/yebodaglass.com\/pt\/wholesale-green-oil-olive-bottles-with-square-bases\/","title":{"rendered":"Garrafas de azeite de oliva verdes para atacado com base quadrada \u2013 500ml, 750ml e 1000ml"},"content":{"rendered":"<p>Estas garrafas de azeite verde t\u00eam um formato quadrado arredondado muito elegante e s\u00e3o feitas de vidro verde-oliva escuro para evitar a deteriora\u00e7\u00e3o do azeite devido \u00e0 exposi\u00e7\u00e3o \u00e0 luz. Possuem tampas de rosca pretas, douradas ou verdes e est\u00e3o dispon\u00edveis em diversos tamanhos.<\/p>\n<h2>Caracter\u00edsticas do produto<\/h2>\n<ul>\n<li><strong>Prote\u00e7\u00e3o UV natural:<\/strong> O vidro verde age como um protetor solar, conservando o l\u00edquido por mais tempo. Comparado ao vidro comum, ele preserva o frescor do azeite por mais tempo, sendo ideal para azeites delicados e de alta qualidade.<\/li>\n<li><strong>Tamanho do ret\u00e2ngulo:<\/strong> O formato retangular da garrafa facilita a exposi\u00e7\u00e3o e o armazenamento, al\u00e9m de permitir visualizar claramente o n\u00edvel do l\u00edquido.<\/li>\n<li><strong>Recarreg\u00e1vel:<\/strong> Estas garrafas de vidro reutiliz\u00e1veis \u200b\u200bpara azeite s\u00e3o resistentes e dur\u00e1veis. Restaurantes e lojas de produtos a granel adoram-nas pela sua durabilidade.<\/li>\n<\/ul>\n<h2 style=\"text-align: left;\">Especifica\u00e7\u00f5es principais<\/h2>\n<table class=\"aligncenter\" style=\"border-collapse: collapse; width: 429.77pt;\" border=\"0\" width=\"573\" cellspacing=\"0\" cellpadding=\"0\">\n<tbody>\n<tr style=\"height: 13.50pt;\">\n<td style=\"height: 13.50pt; width: 69.75pt;\" width=\"93\" height=\"18\">Recurso<\/td>\n<td style=\"width: 360.00pt;\" width=\"480\">Especifica\u00e7\u00e3o<\/td>\n<\/tr>\n<tr style=\"height: 13.50pt;\">\n<td style=\"height: 13.50pt;\" height=\"18\">Dimens\u00f5es<\/td>\n<td>5,8\u00d75,8\u00d726,4cm (500ml), 6,5\u00d76,5\u00d730,2cm (750ml), 7,4\u00d77,4\u00d730cm (1000ml)<\/td>\n<\/tr>\n<tr style=\"height: 13.50pt;\">\n<td style=\"height: 13.50pt;\" height=\"18\">tamanho do pesco\u00e7o<\/td>\n<td>19\u00d730mm (rosca padr\u00e3o)<\/td>\n<\/tr>\n<tr style=\"height: 13.50pt;\">\n<td style=\"height: 13.50pt;\" height=\"18\">Material<\/td>\n<td>Vidro verde (variante em vidro escuro dispon\u00edvel)<\/td>\n<\/tr>\n<tr style=\"height: 13.50pt;\">\n<td style=\"height: 13.50pt;\" height=\"18\">Forma<\/td>\n<td>Prisma quadrado\/retangular<\/td>\n<\/tr>\n<tr style=\"height: 13.50pt;\">\n<td style=\"height: 13.50pt;\" height=\"18\">Op\u00e7\u00f5es de tampa<\/td>\n<td>Tampa de rosca s\u00f3lida, bico dosador, dispensador com bomba.<\/td>\n<\/tr>\n<tr style=\"height: 13.50pt;\">\n<td style=\"height: 13.50pt;\" height=\"18\">Ideal para<\/td>\n<td>Azeite, vinagre, molhos, utens\u00edlios de cozinha<\/td>\n<\/tr>\n<\/tbody>\n<\/table>\n<h2>Caso de sucesso: Divis\u00e3o de exporta\u00e7\u00e3o de fabricante de azeite da Calif\u00f3rnia<\/h2>\n<p>Nossas garrafas de azeite de oliva verde de 750 ml foram escolhidas por um produtor de azeite de oliva californiano de alta qualidade, que as projetou com uma impress\u00e3o em folha de ouro serigrafada e um bico preto anti-gotejamento. Essas garrafas de vidro com revestimento UV tamb\u00e9m se mostraram eficazes na preserva\u00e7\u00e3o da qualidade do azeite em entregas de longa dist\u00e2ncia, o que ajudou a reduzir em 40% as reclama\u00e7\u00f5es de deteriora\u00e7\u00e3o. As garrafas passaram no teste de transporte internacional com uma taxa de sucesso de 99,9%. Com base no desempenho impressionante, o produtor encomendou mais 200.000 garrafas de seus novos azeites de oliva aromatizados e infusionados.<\/p>\n<h2>Ideias de personaliza\u00e7\u00e3o<\/h2>\n<ul>\n<li>Lavagem \u00e1cida fosca \u2013 D\u00e1 a toda a superf\u00edcie um acabamento suave e fosco. Transmite uma sensa\u00e7\u00e3o de luxo e disfar\u00e7a impress\u00f5es digitais.<\/li>\n<li>Logotipo gravado em jato de areia \u2013 Grave seu emblema no painel frontal. \u00c9 permanente e transmite uma sensa\u00e7\u00e3o de acabamento premium.<\/li>\n<li>Controle da Intensidade da Tonalidade \u2013 Escolha um tom mais escuro que o verde padr\u00e3o para obter prote\u00e7\u00e3o UV extra e um visual mais marcante.<\/li>\n<\/ul>","protected":false},"excerpt":{"rendered":"<p>Garrafas cl\u00e1ssicas quadradas de vidro verde para azeite, com tampas de rosca pretas, douradas ou verdes. Perfeitas para preservar a qualidade do azeite. Direto da f\u00e1brica, envio r\u00e1pido.<\/p>","protected":false},"featured_media":25644,"template":"","meta":[],"product_brand":[],"product_cat":[126,123,122],"product_tag":[],"class_list":{"0":"post-21965","1":"product","2":"type-product","3":"status-publish","4":"has-post-thumbnail","6":"product_cat-olive-oil-bottles","7":"product_cat-custom-glass-bottles","8":"product_cat-custom-glass-packaging","10":"first","11":"instock","12":"shipping-taxable","13":"product-type-simple"},"jetpack_sharing_enabled":true,"_links":{"self":[{"href":"https:\/\/yebodaglass.com\/pt\/wp-json\/wp\/v2\/product\/21965","targetHints":{"allow":["GET"]}}],"collection":[{"href":"https:\/\/yebodaglass.com\/pt\/wp-json\/wp\/v2\/product"}],"about":[{"href":"https:\/\/yebodaglass.com\/pt\/wp-json\/wp\/v2\/types\/product"}],"version-history":[{"count":5,"href":"https:\/\/yebodaglass.com\/pt\/wp-json\/wp\/v2\/product\/21965\/revisions"}],"predecessor-version":[{"id":25561,"href":"https:\/\/yebodaglass.com\/pt\/wp-json\/wp\/v2\/product\/21965\/revisions\/25561"}],"wp:featuredmedia":[{"embeddable":true,"href":"https:\/\/yebodaglass.com\/pt\/wp-json\/wp\/v2\/media\/25644"}],"wp:attachment":[{"href":"https:\/\/yebodaglass.com\/pt\/wp-json\/wp\/v2\/media?parent=21965"}],"wp:term":[{"taxonomy":"product_brand","embeddable":true,"href":"https:\/\/yebodaglass.com\/pt\/wp-json\/wp\/v2\/product_brand?post=21965"},{"taxonomy":"product_cat","embeddable":true,"href":"https:\/\/yebodaglass.com\/pt\/wp-json\/wp\/v2\/product_cat?post=21965"},{"taxonomy":"product_tag","embeddable":true,"href":"https:\/\/yebodaglass.com\/pt\/wp-json\/wp\/v2\/product_tag?post=21965"}],"curies":[{"name":"wp","href":"https:\/\/api.w.org\/{rel}","templated":true}]}}