{"id":21951,"date":"2025-10-08T18:01:24","date_gmt":"2025-10-08T10:01:24","guid":{"rendered":"https:\/\/yebodaglass.com\/?post_type=product&#038;p=21951"},"modified":"2026-03-20T15:03:01","modified_gmt":"2026-03-20T07:03:01","slug":"empty-glass-mason-jar-storage-containers-bulk","status":"publish","type":"product","link":"https:\/\/yebodaglass.com\/pt\/produto\/empty-glass-mason-jar-storage-containers-bulk\/","title":{"rendered":"Potes de vidro vazios para armazenamento, de 150 ml a 1100 ml (em grande quantidade)"},"content":{"rendered":"<p>Esses potes de vidro para armazenamento s\u00e3o feitos de vidro cristalino, com um formato arredondado incomum, com o centro ligeiramente elevado, afinando em dire\u00e7\u00e3o ao gargalo e \u00e0 base. Possuem um gargalo rosqueado comum e uma tampa de metal com rosca dourada.<\/p>\n<h2>Caracter\u00edsticas do produto<\/h2>\n<ul>\n<li><strong>Vidro transparente:<\/strong> O vidro \u00e9 cristalino, permitindo visualizar facilmente o conte\u00fado e tornando o produto mais atraente para as ind\u00fastrias aliment\u00edcia e artesanal.<\/li>\n<li><strong>Bon\u00e9 dourado para uniforme:<\/strong> A tampa de rosca dourada correspondente \u00e9 feita de metal, proporciona um encaixe perfeito e confere um toque sofisticado e harmonioso a ambos os estilos.<\/li>\n<li><strong>V\u00e1rios tamanhos:<\/strong> Est\u00e1 dispon\u00edvel em v\u00e1rios tamanhos, desde mini at\u00e9 enorme, dependendo da necessidade de armazenamento de amostras ou de grande porte.<\/li>\n<\/ul>\n<h2><strong data-spm-anchor-id=\"5176.28103460.0.i8.29ab2e31Xe3rbZ\">Especifica\u00e7\u00f5es principais<\/strong><\/h2>\n<table style=\"border-collapse: collapse; width: 80%; margin-left: auto; margin-right: auto;\" border=\"0\" width=\"363\" cellspacing=\"0\" cellpadding=\"0\">\n<tbody>\n<tr style=\"height: 13.50pt;\">\n<td class=\"et2\" style=\"height: 13.5pt; width: 56.25pt; text-align: center;\" width=\"75\" height=\"18\">Produto<\/td>\n<td class=\"et2\" style=\"width: 54pt; text-align: center;\" width=\"72\">Capacidade (ml)<\/td>\n<td class=\"et2\" style=\"width: 54pt; text-align: center;\" width=\"72\">Tamanho (cm)<\/td>\n<td class=\"et2\" style=\"width: 54pt; text-align: center;\" width=\"72\">Op\u00e7\u00f5es de cores<\/td>\n<\/tr>\n<tr style=\"height: 13.50pt;\">\n<td class=\"et2\" style=\"height: 13.5pt; text-align: center;\" height=\"18\">63015008<\/td>\n<td class=\"et2\" style=\"text-align: center;\">150<\/td>\n<td class=\"et2\" style=\"text-align: center;\">6.1&#215;6.1&#215;8.2<\/td>\n<td class=\"et2\" style=\"text-align: center;\" rowspan=\"6\">Transparente ou personalizado (textura esculpida)<\/td>\n<\/tr>\n<tr style=\"height: 13.50pt;\">\n<td class=\"et2\" style=\"height: 13.5pt; text-align: center;\" height=\"18\">63030009<\/td>\n<td class=\"et2\" style=\"text-align: center;\">300<\/td>\n<td class=\"et2\" style=\"text-align: center;\">8.1&#215;8.1&#215;8.9<\/td>\n<\/tr>\n<tr style=\"height: 13.50pt;\">\n<td class=\"et2\" style=\"height: 13.5pt; text-align: center;\" height=\"18\">63038010<\/td>\n<td class=\"et2\" style=\"text-align: center;\">380<\/td>\n<td class=\"et2\" style=\"text-align: center;\">9,0\u00d79,0x9,6<\/td>\n<\/tr>\n<tr style=\"height: 13.50pt;\">\n<td class=\"et2\" style=\"height: 13.5pt; text-align: center;\" height=\"18\">63050011<\/td>\n<td class=\"et2\" style=\"text-align: center;\">500<\/td>\n<td class=\"et2\" style=\"text-align: center;\">8.2&#215;8.2&#215;13.0<\/td>\n<\/tr>\n<tr style=\"height: 13.50pt;\">\n<td class=\"et2\" style=\"height: 13.5pt; text-align: center;\" height=\"18\">63103012<\/td>\n<td class=\"et2\" style=\"text-align: center;\">1030<\/td>\n<td class=\"et2\" style=\"text-align: center;\">9.9&#215;9.9&#215;16.7<\/td>\n<\/tr>\n<tr style=\"height: 13.50pt;\">\n<td class=\"et2\" style=\"height: 13.5pt; text-align: center;\" height=\"18\">63110013<\/td>\n<td class=\"et2\" style=\"text-align: center;\">1100<\/td>\n<td class=\"et2\" style=\"text-align: center;\">9.7&#215;9.7&#215;17.5<\/td>\n<\/tr>\n<\/tbody>\n<\/table>\n<h2>Hist\u00f3ria de sucesso<\/h2>\n<p>Um dos fabricantes de mel de Utah escolheu nosso pote de vidro tipo Mason e o personalizou com uma cor \u00e2mbar clara e uma estampa de favo de mel. A apar\u00eancia tradicional do pote refor\u00e7ou a imagem da marca, conferindo-lhe um car\u00e1ter hist\u00f3rico, o que resultou em um crescimento de 60% nas vendas online. Al\u00e9m disso, a estampa de favo de mel aumentou em 300% as men\u00e7\u00f5es da marca nas redes sociais. Devido ao extraordin\u00e1rio sucesso na venda do produto para uma das maiores redes nacionais de alimentos org\u00e2nicos, o fabricante fez um novo pedido de 720.000 potes de mel.<\/p>\n<h2>Personaliza\u00e7\u00e3o de recipientes de armazenamento em potes de vidro<\/h2>\n<ul>\n<li>Relevo: Padr\u00f5es texturizados (por exemplo, espigas de trigo, abelhas) podem ser adicionados aos ombros dos potes.<\/li>\n<li>Marca\u00e7\u00f5es de volume em relevo: Aumente as marca\u00e7\u00f5es de volume discretas (on\u00e7as, x\u00edcaras, mililitros) na lateral do frasco ou garrafa para torn\u00e1-lo mais vers\u00e1til.<\/li>\n<li>Design de potes quadrados: Projete potes Mason quadrados que economizem espa\u00e7o, maximizando o aproveitamento do espa\u00e7o nas prateleiras e nas embalagens de transporte.<\/li>\n<\/ul>","protected":false},"excerpt":{"rendered":"<p>Potes de vidro premium estilo Mason Jar com corpo de vidro resistente e tampas de metal. Perfeitos para armazenar alimentos, bebidas e embalar alimentos. Envio r\u00e1pido dispon\u00edvel.<\/p>","protected":false},"featured_media":25538,"template":"","meta":[],"product_brand":[],"product_cat":[125,124,122],"product_tag":[],"class_list":{"0":"post-21951","1":"product","2":"type-product","3":"status-publish","4":"has-post-thumbnail","6":"product_cat-mason-glass-jars","7":"product_cat-custom-glass-jars","8":"product_cat-custom-glass-packaging","10":"first","11":"instock","12":"shipping-taxable","13":"product-type-simple"},"jetpack_sharing_enabled":true,"_links":{"self":[{"href":"https:\/\/yebodaglass.com\/pt\/wp-json\/wp\/v2\/product\/21951","targetHints":{"allow":["GET"]}}],"collection":[{"href":"https:\/\/yebodaglass.com\/pt\/wp-json\/wp\/v2\/product"}],"about":[{"href":"https:\/\/yebodaglass.com\/pt\/wp-json\/wp\/v2\/types\/product"}],"version-history":[{"count":5,"href":"https:\/\/yebodaglass.com\/pt\/wp-json\/wp\/v2\/product\/21951\/revisions"}],"predecessor-version":[{"id":25540,"href":"https:\/\/yebodaglass.com\/pt\/wp-json\/wp\/v2\/product\/21951\/revisions\/25540"}],"wp:featuredmedia":[{"embeddable":true,"href":"https:\/\/yebodaglass.com\/pt\/wp-json\/wp\/v2\/media\/25538"}],"wp:attachment":[{"href":"https:\/\/yebodaglass.com\/pt\/wp-json\/wp\/v2\/media?parent=21951"}],"wp:term":[{"taxonomy":"product_brand","embeddable":true,"href":"https:\/\/yebodaglass.com\/pt\/wp-json\/wp\/v2\/product_brand?post=21951"},{"taxonomy":"product_cat","embeddable":true,"href":"https:\/\/yebodaglass.com\/pt\/wp-json\/wp\/v2\/product_cat?post=21951"},{"taxonomy":"product_tag","embeddable":true,"href":"https:\/\/yebodaglass.com\/pt\/wp-json\/wp\/v2\/product_tag?post=21951"}],"curies":[{"name":"wp","href":"https:\/\/api.w.org\/{rel}","templated":true}]}}