{"id":21914,"date":"2025-10-08T18:02:42","date_gmt":"2025-10-08T10:02:42","guid":{"rendered":"https:\/\/yebodaglass.com\/?post_type=product&#038;p=21914"},"modified":"2026-03-20T16:27:24","modified_gmt":"2026-03-20T08:27:24","slug":"clear-mason-glass-jars-with-lids-bulk","status":"publish","type":"product","link":"https:\/\/yebodaglass.com\/pt\/produto\/clear-mason-glass-jars-with-lids-bulk\/","title":{"rendered":"Potes de vidro transparente tipo Mason de 150 ml a 1000 ml com tampas (em grande quantidade)"},"content":{"rendered":"<p>Estes frascos de vidro estilo Mason t\u00eam um design original em formato quadrado arredondado, s\u00e3o feitos de vidro cristalino e possuem uma elegante tampa de rosca de a\u00e7o prateado. A estrutura de boca larga conta com uma tampa de rosca padr\u00e3o e uma veda\u00e7\u00e3o met\u00e1lica plana e fosca prateada.<\/p>\n<h2>Caracter\u00edsticas do produto<\/h2>\n<ul>\n<li><strong>Formato cl\u00e1ssico vintage:<\/strong> O formato cil\u00edndrico reto com cantos quadrados \u00e9 o mesmo do formato cl\u00e1ssico de pedreiro e proporciona uma combina\u00e7\u00e3o de beleza vintage, sendo f\u00e1cil de pegar, f\u00e1cil de usar e f\u00e1cil de reconhecer.<\/li>\n<li><strong>Design com m\u00faltiplas capacidades:<\/strong> Dispon\u00edvel em tamanhos mini, regular e alto para atender a diversas necessidades de por\u00e7\u00f5es pequenas, armazenamento di\u00e1rio e armazenamento de grande capacidade.<\/li>\n<li><strong>Diversas varia\u00e7\u00f5es de tampa met\u00e1lica:<\/strong> Possui tampa plana ou tampa ventilada, ambas na cor prata, proporcionando excelente veda\u00e7\u00e3o e flexibilidade para diversas necessidades de conserva\u00e7\u00e3o e uso.<\/li>\n<\/ul>\n<h2><strong data-spm-anchor-id=\"5176.28103460.0.i14.29ab2e31M0MCxV\">Especifica\u00e7\u00f5es principais<\/strong><\/h2>\n<table style=\"border-collapse: collapse; width: 80%; margin-left: auto; margin-right: auto;\" border=\"0\" width=\"360\" cellspacing=\"0\" cellpadding=\"0\">\n<tbody>\n<tr style=\"height: 13.50pt;\">\n<td style=\"height: 13.5pt; width: 54pt; text-align: center;\" width=\"72\" height=\"18\">Produto<\/td>\n<td style=\"width: 54pt; text-align: center;\" width=\"72\">Capacidade (ml)<\/td>\n<td style=\"width: 54pt; text-align: center;\" width=\"72\">Tamanho (cm)<\/td>\n<td style=\"width: 54pt; text-align: center;\" width=\"72\">Op\u00e7\u00f5es de cores<\/td>\n<\/tr>\n<tr style=\"height: 13.50pt;\">\n<td style=\"height: 13.5pt; text-align: center;\" align=\"right\" height=\"18\">63015001<\/td>\n<td style=\"text-align: center;\" align=\"right\">150<\/td>\n<td style=\"text-align: center;\">7.8&#215;7.8&#215;5.1<\/td>\n<td class=\"et2\" style=\"text-align: center;\" rowspan=\"7\">Limpar (Personalizado)<\/td>\n<\/tr>\n<tr style=\"height: 13.50pt;\">\n<td style=\"height: 13.5pt; text-align: center;\" align=\"right\" height=\"18\">63025002<\/td>\n<td style=\"text-align: center;\" align=\"right\">250<\/td>\n<td style=\"text-align: center;\">7.8&#215;7.8&#215;8.0<\/td>\n<\/tr>\n<tr style=\"height: 13.50pt;\">\n<td style=\"height: 13.5pt; text-align: center;\" align=\"right\" height=\"18\">63038003<\/td>\n<td style=\"text-align: center;\" align=\"right\">380<\/td>\n<td style=\"text-align: center;\">7.5&#215;7.5&#215;12.0<\/td>\n<\/tr>\n<tr style=\"height: 13.50pt;\">\n<td style=\"height: 13.5pt; text-align: center;\" align=\"right\" height=\"18\">63050004<\/td>\n<td style=\"text-align: center;\" align=\"right\">500<\/td>\n<td style=\"text-align: center;\">8.2&#215;8.2&#215;12.7<\/td>\n<\/tr>\n<tr style=\"height: 13.50pt;\">\n<td style=\"height: 13.5pt; text-align: center;\" align=\"right\" height=\"18\">63075005<\/td>\n<td style=\"text-align: center;\" align=\"right\">750<\/td>\n<td style=\"text-align: center;\">8.6&#215;8.6&#215;16.3<\/td>\n<\/tr>\n<tr style=\"height: 13.50pt;\">\n<td style=\"height: 13.5pt; text-align: center;\" align=\"right\" height=\"18\">63085006<\/td>\n<td style=\"text-align: center;\" align=\"right\">850<\/td>\n<td style=\"text-align: center;\">\u2014<\/td>\n<\/tr>\n<tr style=\"height: 13.50pt;\">\n<td style=\"height: 13.5pt; text-align: center;\" align=\"right\" height=\"18\">63100007<\/td>\n<td style=\"text-align: center;\" align=\"right\">1000<\/td>\n<td style=\"text-align: center;\">9.7&#215;9.7&#215;17.5<\/td>\n<\/tr>\n<\/tbody>\n<\/table>\n<h2>Hist\u00f3ria de sucesso<\/h2>\n<p>Uma torrefadora de caf\u00e9 de Portland escolheu nossos potes de vidro de diversos tamanhos e potes personalizados com desenhos de gr\u00e3os de caf\u00e9. Os potes de vidro transparente tamb\u00e9m proporcionaram uma exibi\u00e7\u00e3o perfeita dos gr\u00e3os de caf\u00e9, resultando em um aumento de 35% nas vendas e 62% nas compras repetidas. A embalagem deixou a torrefadora t\u00e3o satisfeita que ela fez um novo pedido de 250.000 potes de vidro para combinar com sua nova linha de especiarias aromatizadas e ch\u00e1s para venda.<\/p>\n<h2>Alternativas para personalizar potes de vidro Mason<\/h2>\n<ul>\n<li>Design de potes quadrados: Projete potes de vidro Mason quadrados que otimizem o espa\u00e7o para melhorar a exposi\u00e7\u00e3o em prateleiras de lojas e despensas dom\u00e9sticas.<\/li>\n<li>Relevo: Grave ou carimbe iniciais ou desenhos decorativos nos ombros do frasco.<\/li>\n<li>Material da tampa: Tampas de metal podem ser usadas em vez de tampas de pl\u00e1stico, corti\u00e7a ou bambu.<\/li>\n<\/ul>","protected":false},"excerpt":{"rendered":"<p>Potes de vidro tipo Mason para armazenamento, com boca larga e tampas resistentes. Perfeitos para embalar e organizar. Descontos para compras no atacado e atendimento direto da f\u00e1brica.<\/p>","protected":false},"featured_media":25546,"template":"","meta":[],"product_brand":[],"product_cat":[125,124,122],"product_tag":[],"class_list":{"0":"post-21914","1":"product","2":"type-product","3":"status-publish","4":"has-post-thumbnail","6":"product_cat-mason-glass-jars","7":"product_cat-custom-glass-jars","8":"product_cat-custom-glass-packaging","10":"first","11":"instock","12":"shipping-taxable","13":"product-type-simple"},"jetpack_sharing_enabled":true,"_links":{"self":[{"href":"https:\/\/yebodaglass.com\/pt\/wp-json\/wp\/v2\/product\/21914","targetHints":{"allow":["GET"]}}],"collection":[{"href":"https:\/\/yebodaglass.com\/pt\/wp-json\/wp\/v2\/product"}],"about":[{"href":"https:\/\/yebodaglass.com\/pt\/wp-json\/wp\/v2\/types\/product"}],"version-history":[{"count":5,"href":"https:\/\/yebodaglass.com\/pt\/wp-json\/wp\/v2\/product\/21914\/revisions"}],"predecessor-version":[{"id":25545,"href":"https:\/\/yebodaglass.com\/pt\/wp-json\/wp\/v2\/product\/21914\/revisions\/25545"}],"wp:featuredmedia":[{"embeddable":true,"href":"https:\/\/yebodaglass.com\/pt\/wp-json\/wp\/v2\/media\/25546"}],"wp:attachment":[{"href":"https:\/\/yebodaglass.com\/pt\/wp-json\/wp\/v2\/media?parent=21914"}],"wp:term":[{"taxonomy":"product_brand","embeddable":true,"href":"https:\/\/yebodaglass.com\/pt\/wp-json\/wp\/v2\/product_brand?post=21914"},{"taxonomy":"product_cat","embeddable":true,"href":"https:\/\/yebodaglass.com\/pt\/wp-json\/wp\/v2\/product_cat?post=21914"},{"taxonomy":"product_tag","embeddable":true,"href":"https:\/\/yebodaglass.com\/pt\/wp-json\/wp\/v2\/product_tag?post=21914"}],"curies":[{"name":"wp","href":"https:\/\/api.w.org\/{rel}","templated":true}]}}