{"id":21833,"date":"2025-09-29T11:46:29","date_gmt":"2025-09-29T03:46:29","guid":{"rendered":"https:\/\/yebodaglass.com\/?post_type=product&#038;p=21833"},"modified":"2025-10-09T18:01:44","modified_gmt":"2025-10-09T10:01:44","slug":"custom-olive-oil-bottles-high-quality-glass-oil-bottles-for-wholesale","status":"publish","type":"product","link":"https:\/\/yebodaglass.com\/pt\/custom-olive-oil-bottles-high-quality-glass-oil-bottles-for-wholesale\/","title":{"rendered":"Garrafas de azeite de oliva de vidro transparente personalizadas de 60 a 1000 ml \u2013 Garrafas quadradas com tampa de rosca"},"content":{"rendered":"<div data-elementor-type=\"product-post\" data-elementor-id=\"21833\" class=\"elementor elementor-21833\" data-elementor-settings=\"{&quot;ha_cmc_init_switcher&quot;:&quot;no&quot;}\" data-elementor-post-type=\"product\">\n\t\t\t\t<div class=\"elementor-element elementor-element-7cc6e53 e-flex e-con-boxed e-con e-parent\" data-id=\"7cc6e53\" data-element_type=\"container\" data-e-type=\"container\" data-settings=\"{&quot;_ha_eqh_enable&quot;:false}\">\n\t\t\t\t\t<div class=\"e-con-inner\">\n\t\t\t\t<div class=\"elementor-element elementor-element-b9ffd68 elementor-widget elementor-widget-text-editor\" data-id=\"b9ffd68\" data-element_type=\"widget\" data-e-type=\"widget\" data-widget_type=\"text-editor.default\">\n\t\t\t\t<div class=\"elementor-widget-container\">\n\t\t\t\t\t\t\t\t\t<p>Como um dos principais fabricantes e fornecedores de embalagens de vidro premium, entendemos a necessidade de garrafas de azeite personalizadas de alta qualidade que elevem a marca do seu azeite. Oferecendo versatilidade para pedidos no atacado e em grandes quantidades, nossa aula foi projetada para demonstrar garrafas de azeite de vidro transparente para demonstrar a pureza do seu azeite. Seja para uma garrafa dispensadora de azeite padr\u00e3o ou uma solu\u00e7\u00e3o totalmente personalizada, nossas garrafas de vidro est\u00e3o dispon\u00edveis em diversos tamanhos para atender a cada uso.<\/p><h2>Caracter\u00edsticas do produto<\/h2><ul><li><strong>Design moderno quadrado<\/strong>: O tamanho contempor\u00e2neo das classes aumenta o apelo das prateleiras e economiza espa\u00e7o, tornando-as ideais para o varejo.<\/li><li><strong>Vidro transparente de qualidade alimentar<\/strong>: Feito de vidro de garrafa de azeite de alta qualidade, isso permite que os clientes vejam a cor rica, a cren\u00e7a na constru\u00e7\u00e3o e o desejo do seu azeite de oliva.<\/li><li><strong>Gargalo de parafuso seguro<\/strong>: Compat\u00edvel com v\u00e1rias op\u00e7\u00f5es de tampa, incluindo metal ou pl\u00e1stico, garante um recipiente de azeite \u00e0 prova de vazamentos para f\u00e1cil inser\u00e7\u00e3o.<\/li><li><strong>V\u00e1rias op\u00e7\u00f5es de capacidade<\/strong>:Para tamanhos grandes de 1000 ml para uso em massa, desde pequenos frascos de 60 ml para amostras, oferecemos flexibilidade para atender a diversos requisitos.<\/li><\/ul>\t\t\t\t\t\t\t\t<\/div>\n\t\t\t\t<\/div>\n\t\t\t\t<div class=\"elementor-element elementor-element-920ae84 elementor-widget elementor-widget-text-editor\" data-id=\"920ae84\" data-element_type=\"widget\" data-e-type=\"widget\" data-widget_type=\"text-editor.default\">\n\t\t\t\t<div class=\"elementor-widget-container\">\n\t\t\t\t\t\t\t\t\t<h2>Especifica\u00e7\u00f5es principais:<\/h2><table border=\"0\" width=\"100%\" cellspacing=\"0\" cellpadding=\"0\"><tbody><tr><td class=\"et2\" style=\"text-align: center;\" colspan=\"4\" width=\"100%\" height=\"18\"><strong>Garrafa quadrada de vidro transparente para azeite com gargalo de rosca<\/strong><\/td><\/tr><tr><td class=\"et2\" style=\"text-align: left;\" height=\"24\"><strong>Modelo<\/strong><\/td><td class=\"et2\" style=\"text-align: left;\"><strong>Capacidade\/ml<\/strong><\/td><td class=\"et2\" style=\"text-align: left;\"><strong>tamanho\/cm<\/strong><\/td><td class=\"et2\" style=\"text-align: left;\"><strong>di\u00e2metros interno\/externo\/mm<\/strong><\/td><\/tr><tr><td class=\"et2\" style=\"text-align: center;\" height=\"24\">11006001<\/td><td class=\"et2\">60<\/td><td class=\"et2\">3.5*3.5*12.4<\/td><td class=\"et2\">9.5*18<\/td><\/tr><tr><td class=\"et2\" style=\"text-align: center;\" height=\"18\">11010002<\/td><td class=\"et2\">100<\/td><td class=\"et2\">4.1*4.1*14.0<\/td><td class=\"et2\">13.5*24<\/td><\/tr><tr><td class=\"et2\" style=\"text-align: center;\" height=\"18\">11010003<\/td><td class=\"et2\">100<\/td><td class=\"et2\">4.3*4.3*14.0<\/td><td class=\"et2\">13.5*24<\/td><\/tr><tr><td class=\"et2\" style=\"text-align: center;\" height=\"20\">11015004<\/td><td class=\"et2\">150<\/td><td class=\"et2\">4.9*4.9*15.6<\/td><td class=\"et2\">19*30<\/td><\/tr><tr><td class=\"et2\" style=\"text-align: center;\" height=\"20\">11025005<\/td><td class=\"et2\">250<\/td><td class=\"et2\">4.7*4.7*21.0<\/td><td class=\"et2\">19*30<\/td><\/tr><tr><td class=\"et2\" style=\"text-align: center;\" height=\"20\">11050006<\/td><td class=\"et2\">500<\/td><td class=\"et2\">5.8*5.8*26.4<\/td><td class=\"et2\">19*30<\/td><\/tr><tr><td class=\"et2\" style=\"text-align: center;\" height=\"20\">11075007<\/td><td class=\"et2\">750<\/td><td class=\"et2\">6.5*6.5*30.2<\/td><td class=\"et2\">19*30<\/td><\/tr><tr><td class=\"et2\" style=\"text-align: center;\" height=\"20\">11100008<\/td><td class=\"et2\">1000<\/td><td class=\"et2\">7.4*7.4*30<\/td><td class=\"et2\">19*30<\/td><\/tr><\/tbody><\/table><p>Op\u00e7\u00f5es de acess\u00f3rios: Cada garrafa vem com um gargalo de rosca compat\u00edvel com v\u00e1rios tipos de tampa (metal ou pl\u00e1stico), veda\u00e7\u00f5es internas, bicos de despejo (dispensador de \u00f3leo) e pel\u00edculas externas. As op\u00e7\u00f5es de personaliza\u00e7\u00e3o incluem varia\u00e7\u00f5es de cores para tampas ou r\u00f3tulos.<\/p><h2>Estudo de caso:<\/h2><p>Um de nossos clientes, uma marca de azeite premium, viu um aumento de 30% nas vendas online ap\u00f3s mudar para nossas garrafas personalizadas de azeite. Eles encomendaram grandes quantidades da garrafa quadrada de vidro de 500 ml para azeite, com tampa personalizada e bico dosador. A embalagem de vidro transparente ajudou a destacar a qualidade do produto, e nossa entrega confi\u00e1vel garantiu a entrega pontual para sua campanha de fim de ano.<\/p><h2>Dicas para personaliza\u00e7\u00e3o<\/h2><p>Para marcas que buscam se destacar, recomendamos personalizar a cor da tampa para combinar com sua marca ou adicionar um dispensador de \u00f3leo espec\u00edfico para um vazamento controlado. Pedidos em grandes quantidades t\u00eam descontos no atacado, e oferecemos um programa de amostra gr\u00e1tis para testar a garrafa de vidro com tampa antes de fazer o pedido. Nossos servi\u00e7os personalizados incluem impress\u00e3o de logotipo e ajustes de tamanho \u2014 basta entrar em contato conosco e informar sua necessidade.<\/p><p><strong>Informa\u00e7\u00f5es sobre pedidos<\/strong>: Fa\u00e7a seu pedido hoje mesmo para envio e entrega r\u00e1pidos. Estas garrafas de vidro para azeite de oliva est\u00e3o dispon\u00edveis em acabamento transparente, perfeitas para qualquer aplica\u00e7\u00e3o de frasco de azeite.<\/p>\t\t\t\t\t\t\t\t<\/div>\n\t\t\t\t<\/div>\n\t\t\t\t\t<\/div>\n\t\t\t\t<\/div>\n\t\t\t\t<\/div>","protected":false},"excerpt":{"rendered":"<p>Descubra garrafas de azeite personalizadas de alta qualidade e garrafas de vidro com tampa para a sua marca. Pre\u00e7os de atacado, pedidos em grande quantidade e amostras gr\u00e1tis dispon\u00edveis.<\/p>","protected":false},"featured_media":21837,"template":"","meta":[],"product_brand":[],"product_cat":[122,123],"product_tag":[],"class_list":{"0":"post-21833","1":"product","2":"type-product","3":"status-publish","4":"has-post-thumbnail","6":"product_cat-custom-glass-packaging","7":"product_cat-custom-glass-bottles","9":"first","10":"instock","11":"shipping-taxable","12":"product-type-simple"},"jetpack_sharing_enabled":true,"_links":{"self":[{"href":"https:\/\/yebodaglass.com\/pt\/wp-json\/wp\/v2\/product\/21833","targetHints":{"allow":["GET"]}}],"collection":[{"href":"https:\/\/yebodaglass.com\/pt\/wp-json\/wp\/v2\/product"}],"about":[{"href":"https:\/\/yebodaglass.com\/pt\/wp-json\/wp\/v2\/types\/product"}],"version-history":[{"count":5,"href":"https:\/\/yebodaglass.com\/pt\/wp-json\/wp\/v2\/product\/21833\/revisions"}],"predecessor-version":[{"id":21848,"href":"https:\/\/yebodaglass.com\/pt\/wp-json\/wp\/v2\/product\/21833\/revisions\/21848"}],"wp:featuredmedia":[{"embeddable":true,"href":"https:\/\/yebodaglass.com\/pt\/wp-json\/wp\/v2\/media\/21837"}],"wp:attachment":[{"href":"https:\/\/yebodaglass.com\/pt\/wp-json\/wp\/v2\/media?parent=21833"}],"wp:term":[{"taxonomy":"product_brand","embeddable":true,"href":"https:\/\/yebodaglass.com\/pt\/wp-json\/wp\/v2\/product_brand?post=21833"},{"taxonomy":"product_cat","embeddable":true,"href":"https:\/\/yebodaglass.com\/pt\/wp-json\/wp\/v2\/product_cat?post=21833"},{"taxonomy":"product_tag","embeddable":true,"href":"https:\/\/yebodaglass.com\/pt\/wp-json\/wp\/v2\/product_tag?post=21833"}],"curies":[{"name":"wp","href":"https:\/\/api.w.org\/{rel}","templated":true}]}}