{"id":17341,"date":"2025-07-18T12:13:20","date_gmt":"2025-07-18T04:13:20","guid":{"rendered":"https:\/\/yebodaglass.com\/?post_type=product&#038;p=17341"},"modified":"2026-03-25T13:47:20","modified_gmt":"2026-03-25T05:47:20","slug":"wholesale-32-oz-clear-glass-swing-top-bottles","status":"publish","type":"product","link":"https:\/\/yebodaglass.com\/pt\/wholesale-32-oz-clear-glass-swing-top-bottles\/","title":{"rendered":"Garrafas de vidro transparente com tampa basculante de 32 oz por atacado"},"content":{"rendered":"<p>Nossa linha de garrafas de vidro transparente de 1000 ml (32 oz) com tampa de rosca inclui uma resistente veda\u00e7\u00e3o herm\u00e9tica \u00e0 prova de vazamentos! Essas garrafas de vidro manter\u00e3o seu conte\u00fado fresco e em perfeitas condi\u00e7\u00f5es. Seja voc\u00ea um amador ou um produtor profissional, nossas garrafas de vidro com tampa de rosca s\u00e3o uma solu\u00e7\u00e3o elegante e pr\u00e1tica para armazenar e exibir uma ampla variedade de l\u00edquidos.<\/p>\n<h2>Caracter\u00edsticas<\/h2>\n<ul>\n<li style=\"text-align: left;\"><strong>Veda\u00e7\u00e3o com tampa de rosca:<\/strong> A rolha de borracha \u00e9 firmemente fixada por uma tela met\u00e1lica, formando uma veda\u00e7\u00e3o dur\u00e1vel e reutiliz\u00e1vel.<\/li>\n<li style=\"text-align: left;\"><strong>Vidro de alta transpar\u00eancia:<\/strong> \u00c9 poss\u00edvel ver claramente a cor e o n\u00edvel de carbonata\u00e7\u00e3o da sua bebida atrav\u00e9s do vidro.<\/li>\n<li style=\"text-align: left;\"><strong>Acess\u00f3rios met\u00e1licos de longa dura\u00e7\u00e3o:<\/strong> A rolha de cer\u00e2mica\/pl\u00e1stico e a malha de arame met\u00e1lico s\u00e3o resistentes e podem ser usadas repetidamente por um longo per\u00edodo.<\/li>\n<\/ul>\n<h2 style=\"text-align: left;\">Especifica\u00e7\u00f5es principais<\/h2>\n<table class=\"aligncenter\" style=\"border-collapse: collapse; width: 565.52pt;\" border=\"0\" width=\"754\" cellspacing=\"0\" cellpadding=\"0\">\n<tbody>\n<tr style=\"height: 13.50pt;\">\n<td style=\"height: 13.50pt; width: 121.50pt;\" width=\"162\" height=\"18\">Especifica\u00e7\u00e3o<\/td>\n<td style=\"width: 444.00pt;\" width=\"592\">Detalhes<\/td>\n<\/tr>\n<tr style=\"height: 13.50pt;\">\n<td style=\"height: 13.50pt;\" height=\"18\">Capacidade<\/td>\n<td>32 oz\/1000ml<\/td>\n<\/tr>\n<tr style=\"height: 13.50pt;\">\n<td style=\"height: 13.50pt;\" height=\"18\">Tamanho da embalagem<\/td>\n<td>7,3 pol \u00d7 7,3 pol \u00d7 12,4 pol (C \u00d7 L \u00d7 A)\/4 pe\u00e7as por caixa<\/td>\n<\/tr>\n<tr style=\"height: 13.50pt;\">\n<td style=\"height: 13.50pt;\" height=\"18\">Material<\/td>\n<td>Vidro sem chumbo<\/td>\n<\/tr>\n<tr style=\"height: 13.50pt;\">\n<td style=\"height: 13.50pt;\" height=\"18\">Tipo de tampa<\/td>\n<td>Tampa articulada com rolha branca, junta de borracha vermelha e presilha de metal.<\/td>\n<\/tr>\n<tr style=\"height: 13.50pt;\">\n<td style=\"height: 13.50pt;\" height=\"18\">Usos recomendados<\/td>\n<td>Ideal para armazenar bebidas caseiras, \u00f3leos, vinagres, molhos e materiais de artesanato.<\/td>\n<\/tr>\n<\/tbody>\n<\/table>\n<h2>Hist\u00f3ria de sucesso<\/h2>\n<p>Nossa garrafa de vidro de 946 ml (32 oz) com tampa de press\u00e3o, r\u00f3tulos personalizados em estilo Art D\u00e9co e juntas de borracha personalizadas na cor verde foram escolhidas por uma empresa de refrigerantes artesanais do Meio-Oeste americano. A carbonata\u00e7\u00e3o \u00e9 selada pelo fecho de press\u00e3o, que fecha completamente a veda\u00e7\u00e3o, com uma integridade de 99,8%. A veda\u00e7\u00e3o \u00e9 feita de um vidro verde especial, o que representa um custo adicional de 1 d\u00f3lar por garrafa para a empresa de engarrafamento. A empresa obteve um enorme sucesso e, em seguida, encomendou 150.000 garrafas de sua nova linha de coqueteleiras artesanais e vinagres para beber.<\/p>\n<h2>Garrafas de vidro com tampa de press\u00e3o personalizadas<\/h2>\n<ul>\n<li>Materiais dos clipes e fios: Os componentes met\u00e1licos est\u00e3o dispon\u00edveis em a\u00e7o galvanizado, preto, cobre ou lat\u00e3o.<\/li>\n<li>Cores de rolhas e juntas para garrafas: Rolhas (de cer\u00e2mica ou pl\u00e1stico) e juntas de veda\u00e7\u00e3o de qualquer cor e marca.<\/li>\n<li>Gama de tamanhos: As garrafas estar\u00e3o dispon\u00edveis em 4 tamanhos: 8 oz, 16 oz, 25 oz e 32 oz.<\/li>\n<\/ul>","protected":false},"excerpt":{"rendered":"<p>Garrafas de vidro com tampa de press\u00e3o, veda\u00e7\u00e3o herm\u00e9tica e design resistente. Perfeitas para bebidas gaseificadas e sucos. Amostras gr\u00e1tis dispon\u00edveis para teste de qualidade.<\/p>","protected":false},"featured_media":17359,"template":"","meta":[],"product_brand":[],"product_cat":[81,80,20],"product_tag":[],"class_list":{"0":"post-17341","1":"product","2":"type-product","3":"status-publish","4":"has-post-thumbnail","6":"product_cat-flip-top-bottles","7":"product_cat-glass-bottles","8":"product_cat-glass-containers","10":"first","11":"instock","12":"shipping-taxable","13":"product-type-grouped"},"jetpack_sharing_enabled":true,"_links":{"self":[{"href":"https:\/\/yebodaglass.com\/pt\/wp-json\/wp\/v2\/product\/17341","targetHints":{"allow":["GET"]}}],"collection":[{"href":"https:\/\/yebodaglass.com\/pt\/wp-json\/wp\/v2\/product"}],"about":[{"href":"https:\/\/yebodaglass.com\/pt\/wp-json\/wp\/v2\/types\/product"}],"version-history":[{"count":5,"href":"https:\/\/yebodaglass.com\/pt\/wp-json\/wp\/v2\/product\/17341\/revisions"}],"predecessor-version":[{"id":25600,"href":"https:\/\/yebodaglass.com\/pt\/wp-json\/wp\/v2\/product\/17341\/revisions\/25600"}],"wp:featuredmedia":[{"embeddable":true,"href":"https:\/\/yebodaglass.com\/pt\/wp-json\/wp\/v2\/media\/17359"}],"wp:attachment":[{"href":"https:\/\/yebodaglass.com\/pt\/wp-json\/wp\/v2\/media?parent=17341"}],"wp:term":[{"taxonomy":"product_brand","embeddable":true,"href":"https:\/\/yebodaglass.com\/pt\/wp-json\/wp\/v2\/product_brand?post=17341"},{"taxonomy":"product_cat","embeddable":true,"href":"https:\/\/yebodaglass.com\/pt\/wp-json\/wp\/v2\/product_cat?post=17341"},{"taxonomy":"product_tag","embeddable":true,"href":"https:\/\/yebodaglass.com\/pt\/wp-json\/wp\/v2\/product_tag?post=17341"}],"curies":[{"name":"wp","href":"https:\/\/api.w.org\/{rel}","templated":true}]}}