{"id":17170,"date":"2025-07-15T15:21:45","date_gmt":"2025-07-15T07:21:45","guid":{"rendered":"https:\/\/yebodaglass.com\/?post_type=product&#038;p=17170"},"modified":"2026-03-05T13:19:39","modified_gmt":"2026-03-05T05:19:39","slug":"yeboda-32oz-amber-glass-swing-top-beer-bottles-wholesale","status":"publish","type":"product","link":"https:\/\/yebodaglass.com\/pt\/produto\/yeboda-32oz-amber-glass-swing-top-beer-bottles-wholesale\/","title":{"rendered":"Garrafas de cerveja YEBODA de vidro \u00e2mbar com tampa de press\u00e3o, 1000 ml (32 oz), para venda por atacado."},"content":{"rendered":"<p>Esta garrafa de vidro \u00e2mbar tem um formato alto e tradicional, com ombros arredondados e um corpo cil\u00edndrico alongado, e capacidade para 1000 ml (32 oz) de l\u00edquido. As garrafas de cerveja com tampa de press\u00e3o possuem uma tampa de press\u00e3o resistente, feita de arame de a\u00e7o inoxid\u00e1vel, uma junta firme de borracha\/silicone e uma rolha de cer\u00e2mica que se encaixa para formar uma tampa robusta. A pr\u00f3pria garrafa \u00e9 feita de vidro \u00e2mbar, que protege a bebida da oxida\u00e7\u00e3o devido \u00e0 prote\u00e7\u00e3o contra a luz UV, mantendo-a fresca. Essas garrafas de cerveja com tampa de press\u00e3o s\u00e3o populares para fabrica\u00e7\u00e3o caseira de cerveja, kombucha, refrigerantes e bebidas especiais, vinagre e vinho, bem como para embalagens de bebidas especiais. O design reutiliz\u00e1vel da tampa de press\u00e3o permite que as garrafas sejam abertas e fechadas v\u00e1rias vezes sem perda de refrigerantes carbonatados, tornando-as pr\u00e1ticas tanto para uso comercial quanto dom\u00e9stico.<\/p>\n<h2>Especifica\u00e7\u00f5es principais<\/h2>\n<table style=\"border-collapse: collapse; width: 80%; margin-left: auto; margin-right: auto;\" border=\"0\" width=\"80%\" cellspacing=\"0\" cellpadding=\"0\">\n<tbody>\n<tr style=\"height: 13.50pt;\">\n<td style=\"height: 13.50pt; width: 144.75pt;\" width=\"193\" height=\"18\"><strong>Especifica\u00e7\u00e3o<\/strong><\/td>\n<td style=\"width: 546.75pt;\" width=\"729\"><strong>Detalhes<\/strong><\/td>\n<\/tr>\n<tr style=\"height: 13.50pt;\">\n<td style=\"height: 13.50pt;\" height=\"18\">Capacidade<\/td>\n<td>32 oz\/1000ml<\/td>\n<\/tr>\n<tr style=\"height: 13.50pt;\">\n<td style=\"height: 13.50pt;\" height=\"18\">Tamanho da embalagem<\/td>\n<td>7,3 \u00d7 7,3 \u00d7 12 polegadas<\/td>\n<\/tr>\n<tr style=\"height: 13.50pt;\">\n<td style=\"height: 13.50pt;\" height=\"18\">Material<\/td>\n<td>Vidro s\u00f3dio-c\u00e1lcico sem chumbo, tampa basculante em a\u00e7o inoxid\u00e1vel, junta de silicone.<\/td>\n<\/tr>\n<tr style=\"height: 13.50pt;\">\n<td style=\"height: 13.50pt;\" height=\"18\">Embalagem<\/td>\n<td>4 garrafas por embalagem<\/td>\n<\/tr>\n<tr style=\"height: 13.50pt;\">\n<td style=\"height: 13.50pt;\" height=\"18\">Cor<\/td>\n<td>\u00c2mbar (prote\u00e7\u00e3o UV)<\/td>\n<\/tr>\n<tr style=\"height: 13.50pt;\">\n<td style=\"height: 13.50pt;\" height=\"18\">Encerramento<\/td>\n<td>Tampa mec\u00e2nica basculante com veda\u00e7\u00e3o de junta.<\/td>\n<\/tr>\n<tr style=\"height: 13.50pt;\">\n<td style=\"height: 13.50pt;\" height=\"18\">Reutiliza\u00e7\u00e3o<\/td>\n<td>Totalmente reutiliz\u00e1vel<\/td>\n<\/tr>\n<tr style=\"height: 13.50pt;\">\n<td style=\"height: 13.50pt;\" height=\"18\">Fabricante<\/td>\n<td>Fabricante e fornecedor de garrafas de vidro OEM<\/td>\n<\/tr>\n<tr style=\"height: 13.50pt;\">\n<td style=\"height: 13.50pt;\" height=\"18\">Personaliza\u00e7\u00e3o<\/td>\n<td>Op\u00e7\u00f5es de logotipo, embalagem e fechamento personalizado<\/td>\n<\/tr>\n<\/tbody>\n<\/table>\n<h2>Principais caracter\u00edsticas do produto<\/h2>\n<ul>\n<li><strong>Forte selagem de carbonata\u00e7\u00e3o<\/strong>O sistema de tampa EZ em a\u00e7o inoxid\u00e1vel inclui uma arruela de veda\u00e7\u00e3o de borracha de encaixe perfeito para proporcionar uma veda\u00e7\u00e3o herm\u00e9tica, o que ajuda a preservar a carbonata\u00e7\u00e3o da bebida.<\/li>\n<li><strong>Vidro \u00e2mbar com prote\u00e7\u00e3o UV<\/strong>As garrafas de vidro \u00e2mbar filtram os raios UV, ao contr\u00e1rio das garrafas de vidro transparente ou recipientes transparentes, preservando assim a estabilidade do sabor da cerveja, kombucha e refrigerante.<\/li>\n<li><strong>Praticidade da tampa flip-top reutiliz\u00e1vel<\/strong>O design das garrafas foi pensado para ser extremamente pr\u00e1tico, permitindo abrir e fechar facilmente sem precisar remover a tampa. Assim, elas se tornam garrafas dur\u00e1veis \u200b\u200be reutiliz\u00e1veis, ideais para longos ciclos de preparo de caf\u00e9.<\/li>\n<\/ul>\n<h2>Caso de Sucesso do Cliente<\/h2>\n<p>Um dos propriet\u00e1rios de uma marca de bebidas artesanais na Alemanha, que utilizava garrafas tradicionais estilo Grolsch, contratou nossa empresa de garrafas de vidro para adquirir 10.000 unidades de garrafas de vidro de 946 ml (32 oz) com tampa de press\u00e3o. O cliente precisava de uma embalagem personalizada, caixas com a marca e veda\u00e7\u00f5es de silicone refor\u00e7adas para garantir maior resist\u00eancia \u00e0 carbonata\u00e7\u00e3o em sua linha de kombucha artesanal. De acordo com o mercado, o produto era vendido em lojas especializadas em bebidas e por meio de varejistas online. A embalagem \u00e2mbar com tampa de press\u00e3o transformou a bebida em uma bebida artesanal de luxo em apenas seis meses. A marca observou um aumento de 35% nos pedidos recorrentes e o cliente fez um segundo pedido no atacado de mais 35.000 garrafas com tampa e um pacote de acess\u00f3rios com escova de limpeza.<\/p>\n<h2>Recomenda\u00e7\u00f5es de personaliza\u00e7\u00e3o para compradores B2B<\/h2>\n<ol>\n<li><strong>Identidade visual e decora\u00e7\u00e3o de garrafas<\/strong>Impress\u00e3o, grava\u00e7\u00e3o em relevo ou rotulagem personalizada do logotipo na parte superior do corpo da garrafa de vidro podem ser feitas para refor\u00e7ar a identidade da marca de embalagens de kombucha, refrigerante ou cerveja artesanal.<\/li>\n<li><strong>Op\u00e7\u00f5es de fechamento e junta<\/strong>Melhorar o desempenho da rolha, tornando-a mais adequada para bebidas como cervejas com alto teor de carbonata\u00e7\u00e3o ou bebidas com carbonata\u00e7\u00e3o fermentada.<\/li>\n<li><strong>Solu\u00e7\u00f5es de embalagens para varejo<\/strong>Desenvolver embalagens personalizadas (caixas com 4 ou 6 unidades) para serem utilizadas no varejo. Essa \u00e9 uma estrat\u00e9gia comum para garrafas da Grolsch, produ\u00e7\u00e3o de vinhos e distribui\u00e7\u00e3o de bebidas artesanais.<\/li>\n<\/ol>","protected":false},"excerpt":{"rendered":"<p>Garrafas de cerveja de 946 ml (32 oz) com tampa de press\u00e3o, fabricadas em vidro \u00e2mbar com prote\u00e7\u00e3o UV e veda\u00e7\u00e3o herm\u00e9tica. Ideais para cervejas, kombuchas e refrigerantes. Fabricante OEM.<\/p>","protected":false},"featured_media":17180,"template":"","meta":[],"product_brand":[],"product_cat":[81,80,20],"product_tag":[],"class_list":{"0":"post-17170","1":"product","2":"type-product","3":"status-publish","4":"has-post-thumbnail","6":"product_cat-flip-top-bottles","7":"product_cat-glass-bottles","8":"product_cat-glass-containers","10":"first","11":"instock","12":"shipping-taxable","13":"product-type-grouped"},"jetpack_sharing_enabled":true,"_links":{"self":[{"href":"https:\/\/yebodaglass.com\/pt\/wp-json\/wp\/v2\/product\/17170","targetHints":{"allow":["GET"]}}],"collection":[{"href":"https:\/\/yebodaglass.com\/pt\/wp-json\/wp\/v2\/product"}],"about":[{"href":"https:\/\/yebodaglass.com\/pt\/wp-json\/wp\/v2\/types\/product"}],"version-history":[{"count":6,"href":"https:\/\/yebodaglass.com\/pt\/wp-json\/wp\/v2\/product\/17170\/revisions"}],"predecessor-version":[{"id":25272,"href":"https:\/\/yebodaglass.com\/pt\/wp-json\/wp\/v2\/product\/17170\/revisions\/25272"}],"wp:featuredmedia":[{"embeddable":true,"href":"https:\/\/yebodaglass.com\/pt\/wp-json\/wp\/v2\/media\/17180"}],"wp:attachment":[{"href":"https:\/\/yebodaglass.com\/pt\/wp-json\/wp\/v2\/media?parent=17170"}],"wp:term":[{"taxonomy":"product_brand","embeddable":true,"href":"https:\/\/yebodaglass.com\/pt\/wp-json\/wp\/v2\/product_brand?post=17170"},{"taxonomy":"product_cat","embeddable":true,"href":"https:\/\/yebodaglass.com\/pt\/wp-json\/wp\/v2\/product_cat?post=17170"},{"taxonomy":"product_tag","embeddable":true,"href":"https:\/\/yebodaglass.com\/pt\/wp-json\/wp\/v2\/product_tag?post=17170"}],"curies":[{"name":"wp","href":"https:\/\/api.w.org\/{rel}","templated":true}]}}