{"id":17123,"date":"2025-07-15T13:31:40","date_gmt":"2025-07-15T05:31:40","guid":{"rendered":"https:\/\/yebodaglass.com\/?post_type=product&#038;p=17123"},"modified":"2026-03-12T10:54:35","modified_gmt":"2026-03-12T02:54:35","slug":"vintage-milk-bottles-custom-32-oz-clear-glass-bottles","status":"publish","type":"product","link":"https:\/\/yebodaglass.com\/pt\/produto\/vintage-milk-bottles-custom-32-oz-clear-glass-bottles\/","title":{"rendered":"Garrafas de leite vintage \u2013 Garrafas de vidro transparente personalizadas de 1000 ml (32 oz)"},"content":{"rendered":"<p>This 930 ml (32 oz\/quart\/2 pint) clear glass milk bottle features a classic straight-shoulder silhouette inspired by vintage milk bottles, providing a timeless look for modern dairy and beverage packaging. Made from transparent and lead-free soda-lime clear glass, this is a reusable glass milk bottle that can be used with milk, juice, yogurt drinks, and plant-based beverages other than liquid beverages. The tamper-evident security ring screw cap used in the bottle top provides the proper bottle top safe bottling and transportation, thus it can be used by dairy farms, beverage brands, wholesalers, and even the suppliers of the own labels who seek the durable and recycling glass bottle top packaging.<\/p>\n<h2>Especifica\u00e7\u00f5es principais<\/h2>\n<table style=\"border-collapse: collapse; width: 80%; margin-left: auto; margin-right: auto;\" border=\"0\" width=\"80%\" cellspacing=\"0\" cellpadding=\"0\">\n<tbody>\n<tr style=\"height: 13.50pt;\">\n<td style=\"height: 13.50pt; width: 144.75pt;\" width=\"193\" height=\"18\">Nome do produto<\/td>\n<td style=\"width: 373.50pt;\" width=\"498\">\u00a0Garrafa de leite de vidro transparente de 946 ml (32 oz)<\/td>\n<\/tr>\n<tr style=\"height: 13.50pt;\">\n<td style=\"height: 13.50pt;\" height=\"18\">Capacidade<\/td>\n<td>32 oz \/ 930ml \/ 1 quart \/ 2 pints<\/td>\n<\/tr>\n<tr style=\"height: 13.50pt;\">\n<td style=\"height: 13.50pt;\" height=\"18\">Encerramento<\/td>\n<td>Vidro transparente de cal sodada sem chumbo<\/td>\n<\/tr>\n<tr style=\"height: 13.50pt;\">\n<td style=\"height: 13.50pt;\" height=\"18\">Especifica\u00e7\u00f5es de embalagem<\/td>\n<td>Tampa de rosca + anel de seguran\u00e7a<\/td>\n<\/tr>\n<tr style=\"height: 13.50pt;\">\n<td style=\"height: 13.50pt;\" height=\"18\">Cor da tampa<\/td>\n<td>Tampa de pl\u00e1stico branca ou preta<\/td>\n<\/tr>\n<tr style=\"height: 13.50pt;\">\n<td style=\"height: 13.50pt;\" height=\"18\">Embalagem<\/td>\n<td>\u00a04 garrafas com tampas por caixa.<\/td>\n<\/tr>\n<tr style=\"height: 13.50pt;\">\n<td style=\"height: 13.50pt;\" height=\"18\">Recurso<\/td>\n<td>Livre de BPA, recicl\u00e1vel e reutiliz\u00e1vel.<\/td>\n<\/tr>\n<tr style=\"height: 13.50pt;\">\n<td style=\"height: 13.50pt;\" height=\"18\">Especifica\u00e7\u00f5es de embalagem<\/td>\n<td>Tampa de rosca + anel de seguran\u00e7a<\/td>\n<\/tr>\n<tr style=\"height: 13.50pt;\">\n<td style=\"height: 13.50pt;\" height=\"18\">Aplicativo<\/td>\n<td>Leite, suco, bebida l\u00e1ctea, envase a granel<\/td>\n<\/tr>\n<\/tbody>\n<\/table>\n<figure id=\"attachment_25284\" aria-describedby=\"caption-attachment-25284\" style=\"width: 500px\" class=\"wp-caption aligncenter\"><img fetchpriority=\"high\" decoding=\"async\" class=\"wp-image-25284\" src=\"https:\/\/yebodaglass.com\/wp-content\/uploads\/2025\/07\/vintage-milk-bottles-details.webp\" alt=\"Garrafas de leite vintage - detalhes\" width=\"500\" height=\"500\" srcset=\"https:\/\/yebodaglass.com\/wp-content\/uploads\/2025\/07\/vintage-milk-bottles-details.webp 1620w, https:\/\/yebodaglass.com\/wp-content\/uploads\/2025\/07\/vintage-milk-bottles-details-768x768.webp 768w, https:\/\/yebodaglass.com\/wp-content\/uploads\/2025\/07\/vintage-milk-bottles-details-1536x1536.webp 1536w, https:\/\/yebodaglass.com\/wp-content\/uploads\/2025\/07\/vintage-milk-bottles-details-12x12.webp 12w, https:\/\/yebodaglass.com\/wp-content\/uploads\/2025\/07\/vintage-milk-bottles-details-700x700.webp 700w, https:\/\/yebodaglass.com\/wp-content\/uploads\/2025\/07\/vintage-milk-bottles-details-100x100.webp 100w\" sizes=\"(max-width: 500px) 100vw, 500px\" \/><figcaption id=\"caption-attachment-25284\" class=\"wp-caption-text\">Garrafas de leite vintage \u2013 detalhes<\/figcaption><\/figure>\n<h2>Caracter\u00edsticas do produto<\/h2>\n<h3>Apar\u00eancia r\u00fastica vintage e alto desempenho.<\/h3>\n<p>Esta \u00e9 uma garrafa de leite de vidro transparente, inspirada nos recipientes tradicionais de vidro para leite, que incorpora um design nost\u00e1lgico e padr\u00f5es modernos e confi\u00e1veis \u200b\u200bde embalagem.<\/p>\n<h3>Seguran\u00e7a \u00e0 prova de adultera\u00e7\u00e3o<\/h3>\n<p>A tampa de rosca com anel de seguran\u00e7a oferece uma vantagem adicional no engarrafamento e na distribui\u00e7\u00e3o, garantindo a frescura e a seguran\u00e7a do produto.<\/p>\n<h3>Embalagem recicl\u00e1vel e ecol\u00f3gica<\/h3>\n<p>Composta por copos transparentes recicl\u00e1veis \u200b\u200be uma tampa de pl\u00e1stico sem BPA, esta garrafa de leite de vidro reutiliz\u00e1vel ajudar\u00e1 a promover outras marcas ecologicamente conscientes que se concentram na reutiliza\u00e7\u00e3o e no fornecimento sustent\u00e1vel.<\/p>\n<h2>Estudo de Caso de Sucesso<\/h2>\n<p>Uma das marcas de bebidas l\u00e1cteas da Austr\u00e1lia firmou um contrato de longo prazo conosco para fornecimento e fabrica\u00e7\u00e3o de garrafas de vidro. O cliente possui uma fazenda leiteira na regi\u00e3o e vende leite fresco e suco para redes de supermercados de produtos org\u00e2nicos.<\/p>\n<ul>\n<li><strong>Primeira Ordem<\/strong>: 20.000 unidades (pedido no atacado em grande quantidade)<\/li>\n<li><strong>Personaliza\u00e7\u00e3o<\/strong>Impress\u00e3o de logotipo personalizado, tampa preta com nome da marca em relevo e etiqueta com c\u00f3digo de barras.<\/li>\n<li><strong>Aplicativo<\/strong>Engarrafamento de leite premium e suco prensado a frio.<\/li>\n<li><strong>Resultado<\/strong>Ap\u00f3s a substitui\u00e7\u00e3o das embalagens de pl\u00e1stico por potes de vidro reutiliz\u00e1veis \u200b\u200bpara leite, a marca aumentou sua visibilidade nas prateleiras em 28% e os clientes passaram a entender melhor a qualidade do leite fresco.<\/li>\n<li><strong>Reordenar<\/strong>Mais de 30.000 garrafas em pedidos recorrentes trimestrais, visto que o desempenho no varejo \u00e9 bom.<\/li>\n<\/ul>\n<p>A garrafa, que era do tipo reutiliz\u00e1vel, tamb\u00e9m ajudou a posicionar o cliente como uma fonte de latic\u00ednios premium, al\u00e9m de gerar maior reconhecimento da marca e maior reutiliza\u00e7\u00e3o das garrafas.<\/p>\n<h2>Recomenda\u00e7\u00f5es personalizadas para compradores B2B<\/h2>\n<p>Aos propriet\u00e1rios de marcas, distribuidores e fornecedores de bebidas a granel, sugerimos:<\/p>\n<ul>\n<li><strong>Impress\u00e3o ou grava\u00e7\u00e3o de logotipos personalizados<\/strong>Melhore a reputa\u00e7\u00e3o da marca atrav\u00e9s da serigrafia ou da grava\u00e7\u00e3o em relevo de logotipos no corpo da garrafa ou do frasco de vidro.<\/li>\n<li><strong>Tampas e lacres para garrafas de marca pr\u00f3pria<\/strong>Fornecer tampas de garrafa personalizadas, brancas ou pretas, com anel de seguran\u00e7a inviol\u00e1vel, ou criar tampas com a marca da empresa para diferenciar a embalagem.<\/li>\n<li><strong>Embalagem a granel pronta para venda<\/strong>Substituir as embalagens de cart\u00e3o atuais por embalagens de cart\u00e3o personalizadas, prontas para venda a retalho, para serem utilizadas nos canais de venda por grosso e de distribui\u00e7\u00e3o.<\/li>\n<\/ul>\n<p>Como fabricante e atacadista consolidado de embalagens de vidro, auxiliamos empresas de latic\u00ednios e bebidas com volume de produ\u00e7\u00e3o est\u00e1vel e op\u00e7\u00f5es de personaliza\u00e7\u00e3o.<\/p>","protected":false},"excerpt":{"rendered":"<p>Garrafas de leite vintage de 946 ml (32 oz) em vidro transparente com tampa de seguran\u00e7a. Garrafa de leite reutiliz\u00e1vel, livre de BPA, em vidro transparente, ideal para embalagens de latic\u00ednios e bebidas no atacado.<\/p>","protected":false},"featured_media":25283,"template":"","meta":[],"product_brand":[],"product_cat":[82,80,20],"product_tag":[],"class_list":{"0":"post-17123","1":"product","2":"type-product","3":"status-publish","4":"has-post-thumbnail","6":"product_cat-milk-bottles","7":"product_cat-glass-bottles","8":"product_cat-glass-containers","10":"first","11":"instock","12":"shipping-taxable","13":"product-type-grouped"},"jetpack_sharing_enabled":true,"_links":{"self":[{"href":"https:\/\/yebodaglass.com\/pt\/wp-json\/wp\/v2\/product\/17123","targetHints":{"allow":["GET"]}}],"collection":[{"href":"https:\/\/yebodaglass.com\/pt\/wp-json\/wp\/v2\/product"}],"about":[{"href":"https:\/\/yebodaglass.com\/pt\/wp-json\/wp\/v2\/types\/product"}],"version-history":[{"count":5,"href":"https:\/\/yebodaglass.com\/pt\/wp-json\/wp\/v2\/product\/17123\/revisions"}],"predecessor-version":[{"id":25385,"href":"https:\/\/yebodaglass.com\/pt\/wp-json\/wp\/v2\/product\/17123\/revisions\/25385"}],"wp:featuredmedia":[{"embeddable":true,"href":"https:\/\/yebodaglass.com\/pt\/wp-json\/wp\/v2\/media\/25283"}],"wp:attachment":[{"href":"https:\/\/yebodaglass.com\/pt\/wp-json\/wp\/v2\/media?parent=17123"}],"wp:term":[{"taxonomy":"product_brand","embeddable":true,"href":"https:\/\/yebodaglass.com\/pt\/wp-json\/wp\/v2\/product_brand?post=17123"},{"taxonomy":"product_cat","embeddable":true,"href":"https:\/\/yebodaglass.com\/pt\/wp-json\/wp\/v2\/product_cat?post=17123"},{"taxonomy":"product_tag","embeddable":true,"href":"https:\/\/yebodaglass.com\/pt\/wp-json\/wp\/v2\/product_tag?post=17123"}],"curies":[{"name":"wp","href":"https:\/\/api.w.org\/{rel}","templated":true}]}}