{"id":17101,"date":"2025-07-15T11:16:30","date_gmt":"2025-07-15T03:16:30","guid":{"rendered":"https:\/\/yebodaglass.com\/?post_type=product&#038;p=17101"},"modified":"2026-03-10T13:16:58","modified_gmt":"2026-03-10T05:16:58","slug":"square-swing-top-airtight-storage-jars-with-glass-lid","status":"publish","type":"product","link":"https:\/\/yebodaglass.com\/pt\/produto\/square-swing-top-airtight-storage-jars-with-glass-lid\/","title":{"rendered":"Potes de armazenamento herm\u00e9ticos quadrados com tampa de vidro, 500-1500ml"},"content":{"rendered":"<p>Esta s\u00e9rie de potes herm\u00e9ticos para armazenamento apresenta um corpo quadrado de vidro com tampa redonda, ideal para otimizar o espa\u00e7o e organizar a cozinha moderna. Feito de vidro transparente de alta qualidade, o pote permite visualizar facilmente o conte\u00fado, mantendo uma apar\u00eancia elegante, adequada para prateleiras de lojas e ambientes de cozinha com vidro. O sistema de fechamento com presilha de arame, tampa com trava de a\u00e7o inoxid\u00e1vel e junta de silicone cria uma veda\u00e7\u00e3o herm\u00e9tica confi\u00e1vel, tornando-o ideal para armazenar alimentos, produtos secos, massas, gr\u00e3os, biscoitos, molhos ou conservas.<\/p>\n<p>Em compara\u00e7\u00e3o com recipientes de pl\u00e1stico, estes frascos de vidro herm\u00e9ticos oferecem uma solu\u00e7\u00e3o de armazenamento mais dur\u00e1vel e reutiliz\u00e1vel para alimentos em cozinhas dom\u00e9sticas e comerciais. Com sua boca larga estilo Mason, o frasco tamb\u00e9m funciona bem como pote de conserva, pote de biscoitos ou recipiente de armazenamento de vidro.<\/p>\n<h2>Especifica\u00e7\u00f5es principais<\/h2>\n<table style=\"border-collapse: collapse; width: 80%; margin-left: auto; margin-right: auto;\" border=\"0\" width=\"80%\" cellspacing=\"0\" cellpadding=\"0\">\n<tbody>\n<tr style=\"height: 13.50pt;\">\n<td style=\"height: 13.50pt; width: 123.00pt;\" width=\"164\" height=\"18\">Especifica\u00e7\u00e3o<\/td>\n<td style=\"width: 543.00pt;\" width=\"724\">Detalhes<\/td>\n<\/tr>\n<tr style=\"height: 13.50pt;\">\n<td style=\"height: 13.50pt;\" height=\"18\">Tipo de produto<\/td>\n<td>Potes de armazenamento herm\u00e9ticos com tampa basculante<\/td>\n<\/tr>\n<tr style=\"height: 13.50pt;\">\n<td style=\"height: 13.50pt;\" height=\"18\">Material<\/td>\n<td>Vidro transparente de cal sodada sem chumbo + clipe girat\u00f3rio de a\u00e7o inoxid\u00e1vel + junta de silicone<\/td>\n<\/tr>\n<tr style=\"height: 13.50pt;\">\n<td style=\"height: 13.50pt;\" height=\"18\">Tipo de tampa<\/td>\n<td>Tampa de vidro com fecho de arame para veda\u00e7\u00e3o (tampas de press\u00e3o)<\/td>\n<\/tr>\n<tr style=\"height: 13.50pt;\">\n<td style=\"height: 13.50pt;\" height=\"18\">Forma<\/td>\n<td>Pote de vidro quadrado com tampa redonda<\/td>\n<\/tr>\n<tr style=\"height: 13.50pt;\">\n<td style=\"height: 13.50pt;\" height=\"18\">Di\u00e2metro da boca<\/td>\n<td>boca com 95 mm de largura<\/td>\n<\/tr>\n<tr style=\"height: 54.00pt;\">\n<td style=\"height: 54.00pt;\" height=\"72\">Op\u00e7\u00f5es de capacidade<\/td>\n<td class=\"et2\" style=\"width: 543.00pt;\" width=\"724\">16 oz \/ 500 ml (6 embalagens)<br \/>\n24 oz \/ 750 ml (4 embalagens)<br \/>\n32 oz \/ 1000 ml (3 embalagens)<br \/>\n48 oz \/ 1500 ml (2 embalagens)<\/td>\n<\/tr>\n<tr style=\"height: 13.50pt;\">\n<td style=\"height: 13.50pt;\" height=\"18\">Sistema de Veda\u00e7\u00e3o<\/td>\n<td>Tampas herm\u00e9ticas com junta de silicone<\/td>\n<\/tr>\n<tr style=\"height: 13.50pt;\">\n<td style=\"height: 13.50pt;\" height=\"18\">Aplicativo<\/td>\n<td>Recipiente para armazenar alimentos, potes de conserva, potes para despensa, potes para molhos e armazenamento de alimentos secos.<\/td>\n<\/tr>\n<tr style=\"height: 13.50pt;\">\n<td style=\"height: 13.50pt;\" height=\"18\">Embalagem<\/td>\n<td>Dispon\u00edvel para embalagens a granel, por atacado e em conjuntos de potes.<\/td>\n<\/tr>\n<tr style=\"height: 13.50pt;\">\n<td style=\"height: 13.50pt;\" height=\"18\">Fabrica\u00e7\u00e3o<\/td>\n<td>Fornecimento direto do fabricante com entrega r\u00e1pida e suporte para fornecimento personalizado.<\/td>\n<\/tr>\n<\/tbody>\n<\/table>\n<h2>Principais caracter\u00edsticas<\/h2>\n<h3>Veda\u00e7\u00e3o herm\u00e9tica para frescor duradouro.<\/h3>\n<p>Os frascos de vidro com tampa herm\u00e9tica utilizam uma junta de silicone e um fecho de a\u00e7o inoxid\u00e1vel para criar um ambiente de armazenamento de alimentos herm\u00e9tico que preserva o frescor e impede a exposi\u00e7\u00e3o \u00e0 umidade ou ao ar.<\/p>\n<h3>Design quadrado que economiza espa\u00e7o<\/h3>\n<p>Por um lado, o formato quadrado permite um empacotamento mais compacto e solu\u00e7\u00f5es de armazenamento mais eficientes em prateleiras de despensa e embalagens de varejo, ao contr\u00e1rio dos potes de vidro redondos.<\/p>\n<h3>Boca larga para facilitar o enchimento e a limpeza.<\/h3>\n<p>A boca larga (95 mm) desses recipientes de vidro para armazenar alimentos facilita o enchimento, o uso da colher e a limpeza, sendo ideais para molhos, massas, gr\u00e3os e lanches.<\/p>\n<h2>Caso de sucesso B2B<\/h2>\n<p>Uma marca alem\u00e3 de alimentos especiais que produz molhos org\u00e2nicos para massas buscava potes herm\u00e9ticos para armazenar sua linha premium de produtos para varejo. A empresa atua como fabricante e distribuidora de alimentos de m\u00e9dio porte, fornecendo para supermercados e plataformas de compras online.<\/p>\n<p>Eles encomendaram potes de vidro com tampa de press\u00e3o de 32 oz e 48 oz em grandes quantidades, solicitando diversas op\u00e7\u00f5es personalizadas, incluindo:<\/p>\n<ul>\n<li>Impress\u00e3o de logotipo de marca pr\u00f3pria no recipiente de vidro<\/li>\n<li>Revestimento de cor personalizado no clipe de fixa\u00e7\u00e3o do fio<\/li>\n<li>Conjunto de embalagens para recipientes de armazenamento de alimentos prontos para venda no varejo<\/li>\n<\/ul>\n<p>O posicionamento premium da marca e a visibilidade do produto nas prateleiras melhoraram ap\u00f3s o lan\u00e7amento, gra\u00e7as aos potes de vidro com tampa. A linha de molhos registrou um aumento de 35% nas vendas em seis meses, e o cliente fez dois pedidos subsequentes no atacado, com um volume de produ\u00e7\u00e3o cada vez maior, incluindo agora vegetais em conserva e massas, que s\u00e3o vendidas principalmente secas.<\/p>\n<h2>Sugest\u00f5es de personaliza\u00e7\u00e3o para aplica\u00e7\u00f5es B2B<\/h2>\n<ol>\n<li><strong>Marca Pr\u00f3pria<\/strong>Adicione impress\u00e3o de logotipo, relevo ou rotulagem para criar potes de vidro personalizados com tampa para marcas que vendem alimentos embalados ou recipientes de vidro para armazenamento de despensa.<\/li>\n<li><strong>Conjuntos de embalagens para varejo<\/strong>Desenvolver embalagens para conjuntos de recipientes ou potes para armazenamento de alimentos para marcas de e-commerce que vendem os melhores recipientes para organiza\u00e7\u00e3o de cozinhas.<\/li>\n<li><strong>Personaliza\u00e7\u00e3o funcional da tampa<\/strong>Ajuste a cor da junta, as tampas com fecho ou os acabamentos dos clipes de metal para diferenciar seus potes de vidro com tampas de vidro em mercados de varejo e de alimentos especiais.<\/li>\n<\/ol>","protected":false},"excerpt":{"rendered":"<p>Bulk airtight storage jars from a reliable manufacturer. Durable swing top glass jars with airtight lids for food storage, wholesale sourcing, and custom branding.<\/p>","protected":false},"featured_media":25330,"template":"","meta":[],"product_brand":[],"product_cat":[87,134,124,122,20,83],"product_tag":[],"class_list":{"0":"post-17101","1":"product","2":"type-product","3":"status-publish","4":"has-post-thumbnail","6":"product_cat-food-storage-jars","7":"product_cat-airtight-jars","8":"product_cat-custom-glass-jars","9":"product_cat-custom-glass-packaging","10":"product_cat-glass-containers","11":"product_cat-glass-jars","13":"first","14":"instock","15":"shipping-taxable","16":"product-type-grouped"},"jetpack_sharing_enabled":true,"_links":{"self":[{"href":"https:\/\/yebodaglass.com\/pt\/wp-json\/wp\/v2\/product\/17101","targetHints":{"allow":["GET"]}}],"collection":[{"href":"https:\/\/yebodaglass.com\/pt\/wp-json\/wp\/v2\/product"}],"about":[{"href":"https:\/\/yebodaglass.com\/pt\/wp-json\/wp\/v2\/types\/product"}],"version-history":[{"count":5,"href":"https:\/\/yebodaglass.com\/pt\/wp-json\/wp\/v2\/product\/17101\/revisions"}],"predecessor-version":[{"id":25321,"href":"https:\/\/yebodaglass.com\/pt\/wp-json\/wp\/v2\/product\/17101\/revisions\/25321"}],"wp:featuredmedia":[{"embeddable":true,"href":"https:\/\/yebodaglass.com\/pt\/wp-json\/wp\/v2\/media\/25330"}],"wp:attachment":[{"href":"https:\/\/yebodaglass.com\/pt\/wp-json\/wp\/v2\/media?parent=17101"}],"wp:term":[{"taxonomy":"product_brand","embeddable":true,"href":"https:\/\/yebodaglass.com\/pt\/wp-json\/wp\/v2\/product_brand?post=17101"},{"taxonomy":"product_cat","embeddable":true,"href":"https:\/\/yebodaglass.com\/pt\/wp-json\/wp\/v2\/product_cat?post=17101"},{"taxonomy":"product_tag","embeddable":true,"href":"https:\/\/yebodaglass.com\/pt\/wp-json\/wp\/v2\/product_tag?post=17101"}],"curies":[{"name":"wp","href":"https:\/\/api.w.org\/{rel}","templated":true}]}}