{"id":16945,"date":"2025-07-14T16:03:51","date_gmt":"2025-07-14T08:03:51","guid":{"rendered":"https:\/\/yebodaglass.com\/?post_type=product&#038;p=16945"},"modified":"2026-04-10T14:03:54","modified_gmt":"2026-04-10T06:03:54","slug":"wholesale-8-oz-wide-mouth-mason-jar-with-diamond-pattern","status":"publish","type":"product","link":"https:\/\/yebodaglass.com\/pt\/wholesale-8-oz-wide-mouth-mason-jar-with-diamond-pattern\/","title":{"rendered":"Frasco Mason de boca larga de 8 oz com padr\u00e3o de diamante"},"content":{"rendered":"<p>O pote de vidro de boca larga de 240 ml (8 oz) apresenta um design cil\u00edndrico tradicional com padr\u00f5es em forma de diamante. O produto \u00e9 feito de vidro ultratransparente de qualidade alimentar e possui uma tampa de rosca met\u00e1lica prateada que garante um fechamento herm\u00e9tico.<\/p>\n<h2>Caracter\u00edsticas<\/h2>\n<ul>\n<li><strong>Formato cl\u00e1ssico de pote Mason de boca larga:<\/strong> Um cilindro de vidro de paredes retas com rosca padr\u00e3o de boca larga garante compatibilidade com tampas universais para facilitar o enchimento.<\/li>\n<li><strong>Padr\u00e3o de acolchoado em losangos:<\/strong> O vidro apresenta padr\u00f5es profundos em forma de diamante que criam um design atraente e proporcionam aos usu\u00e1rios um melhor controle no manuseio.<\/li>\n<li><strong>Design de garrafa espessa e resistente:<\/strong> As paredes espessas da garrafa criam uma estrutura robusta, enquanto a textura em relevo permite aos usu\u00e1rios manter um melhor controle.<\/li>\n<\/ul>\n<h2>Especifica\u00e7\u00f5es principais<\/h2>\n<table style=\"border-collapse: collapse; width: 80%; margin-left: auto; margin-right: auto;\" border=\"0\" width=\"615\" cellspacing=\"0\" cellpadding=\"0\">\n<tbody>\n<tr style=\"height: 13.50pt;\">\n<td style=\"height: 13.5pt; width: 162.75pt; text-align: center;\" width=\"217\" height=\"18\">Especifica\u00e7\u00e3o<\/td>\n<td style=\"width: 298.5pt; text-align: center;\" width=\"398\">Detalhes<\/td>\n<\/tr>\n<tr style=\"height: 13.50pt;\">\n<td style=\"height: 13.5pt; text-align: center;\" height=\"18\">Capacidade<\/td>\n<td style=\"text-align: center;\">8 oz\/250 ml<\/td>\n<\/tr>\n<tr style=\"height: 13.50pt;\">\n<td style=\"height: 13.5pt; text-align: center;\" height=\"18\">Dimens\u00f5es da embalagem<\/td>\n<td style=\"text-align: center;\">12,4 * 9,4 * 4,7 polegadas<\/td>\n<\/tr>\n<tr style=\"height: 13.50pt;\">\n<td style=\"height: 13.5pt; text-align: center;\" height=\"18\">Material<\/td>\n<td style=\"text-align: center;\">Vidro sem chumbo<\/td>\n<\/tr>\n<tr style=\"height: 13.50pt;\">\n<td style=\"height: 13.5pt; text-align: center;\" height=\"18\">Tipo de tampa<\/td>\n<td style=\"text-align: center;\">Tampa met\u00e1lica com fecho de rosca<\/td>\n<\/tr>\n<tr style=\"height: 13.50pt;\">\n<td style=\"height: 13.5pt; text-align: center;\" height=\"18\">Especifica\u00e7\u00f5es de embalagem<\/td>\n<td style=\"text-align: center;\">12 frascos por caixa<\/td>\n<\/tr>\n<tr style=\"height: 13.50pt;\">\n<td style=\"height: 13.5pt; text-align: center;\" height=\"18\">Forma<\/td>\n<td style=\"text-align: center;\">Cil\u00edndrica<\/td>\n<\/tr>\n<tr style=\"height: 13.50pt;\">\n<td style=\"height: 13.5pt; text-align: center;\" height=\"18\">Design exterior<\/td>\n<td style=\"text-align: center;\">Padr\u00e3o de losangos acolchoados gravado na superf\u00edcie.<\/td>\n<\/tr>\n<tr style=\"height: 13.50pt;\">\n<td style=\"height: 13.5pt; text-align: center;\" height=\"18\">Transpar\u00eancia<\/td>\n<td style=\"text-align: center;\">Vidro transparente, permitindo a visibilidade do interior.<\/td>\n<\/tr>\n<\/tbody>\n<\/table>\n<h2>Caso de sucesso: um pedido personalizado de uma marca de geleias premium.<\/h2>\n<p>A empresa de geleias da Ge\u00f3rgia escolheu nossos potes de vidro de boca larga de 237 ml (8 oz), que foram personalizados com tampas de metal dourado e acabamento fosco. Os potes personalizados produziram resultados excepcionais, pois o padr\u00e3o de diamante e o acabamento fosco resultaram em um aumento de 30% na visibilidade nas prateleiras e um aumento de 65% nas compras repetidas dos clientes. Posteriormente, eles encomendaram mais de 450.000 potes de vidro para sua nova linha de produtos.<\/p>\n<h2>Sugest\u00f5es de personaliza\u00e7\u00e3o para potes de vidro de boca larga<\/h2>\n<ul>\n<li>Varia\u00e7\u00f5es de padr\u00f5es: Crie diferentes padr\u00f5es em relevo, incluindo padr\u00f5es em favo de mel, florais, geom\u00e9tricos e texturas personalizadas.<\/li>\n<li>An\u00e9is de tampa coloridos combinando: O produto oferece diversas op\u00e7\u00f5es de an\u00e9is de metal revestidos, incluindo cobre, ouro rosa e preto, para combinar tanto com os potes de vidro quanto com os r\u00f3tulos.<\/li>\n<li>Gradua\u00e7\u00e3o integrada: O frasco de vidro inclui gradua\u00e7\u00f5es em relevo que exibem on\u00e7as e mililitros para usu\u00e1rios que precisam de medidas para cozinhar, assar e fazer artesanato.<\/li>\n<\/ul>","protected":false},"excerpt":{"rendered":"<p>Pote de vidro tipo Mason com boca larga, textura em relevo de diamante e tampa de metal. Potes de 240 ml (8 oz) com boca larga, ideais para presentes, armazenamento e decora\u00e7\u00e3o. Personaliza\u00e7\u00e3o dispon\u00edvel.<\/p>","protected":false},"featured_media":16959,"template":"","meta":[],"product_brand":[],"product_cat":[84,83,20],"product_tag":[],"class_list":{"0":"post-16945","1":"product","2":"type-product","3":"status-publish","4":"has-post-thumbnail","6":"product_cat-mason-jars","7":"product_cat-glass-jars","8":"product_cat-glass-containers","10":"first","11":"instock","12":"shipping-taxable","13":"product-type-grouped"},"jetpack_sharing_enabled":true,"_links":{"self":[{"href":"https:\/\/yebodaglass.com\/pt\/wp-json\/wp\/v2\/product\/16945","targetHints":{"allow":["GET"]}}],"collection":[{"href":"https:\/\/yebodaglass.com\/pt\/wp-json\/wp\/v2\/product"}],"about":[{"href":"https:\/\/yebodaglass.com\/pt\/wp-json\/wp\/v2\/types\/product"}],"version-history":[{"count":5,"href":"https:\/\/yebodaglass.com\/pt\/wp-json\/wp\/v2\/product\/16945\/revisions"}],"predecessor-version":[{"id":25736,"href":"https:\/\/yebodaglass.com\/pt\/wp-json\/wp\/v2\/product\/16945\/revisions\/25736"}],"wp:featuredmedia":[{"embeddable":true,"href":"https:\/\/yebodaglass.com\/pt\/wp-json\/wp\/v2\/media\/16959"}],"wp:attachment":[{"href":"https:\/\/yebodaglass.com\/pt\/wp-json\/wp\/v2\/media?parent=16945"}],"wp:term":[{"taxonomy":"product_brand","embeddable":true,"href":"https:\/\/yebodaglass.com\/pt\/wp-json\/wp\/v2\/product_brand?post=16945"},{"taxonomy":"product_cat","embeddable":true,"href":"https:\/\/yebodaglass.com\/pt\/wp-json\/wp\/v2\/product_cat?post=16945"},{"taxonomy":"product_tag","embeddable":true,"href":"https:\/\/yebodaglass.com\/pt\/wp-json\/wp\/v2\/product_tag?post=16945"}],"curies":[{"name":"wp","href":"https:\/\/api.w.org\/{rel}","templated":true}]}}