{"id":16894,"date":"2025-07-14T13:11:18","date_gmt":"2025-07-14T05:11:18","guid":{"rendered":"https:\/\/yebodaglass.com\/?post_type=product&#038;p=16894"},"modified":"2026-03-25T14:14:13","modified_gmt":"2026-03-25T06:14:13","slug":"wholesale-16-oz-32-oz-clear-swing-top-glass-bottles","status":"publish","type":"product","link":"https:\/\/yebodaglass.com\/pt\/produto\/wholesale-16-oz-32-oz-clear-swing-top-glass-bottles\/","title":{"rendered":"Garrafas de vidro transparentes com tampa articulada de 16 oz e 32 oz por atacado"},"content":{"rendered":"<p>Estas garrafas de vidro redondas com tampa de press\u00e3o s\u00e3o feitas de vidro cristalino. Sua principal caracter\u00edstica \u00e9 a fivela de metal articulada que prende a rolha de cer\u00e2mica com veda\u00e7\u00e3o de borracha listrada em vermelho e branco. O design proporciona uma veda\u00e7\u00e3o herm\u00e9tica eficiente, al\u00e9m de ser f\u00e1cil de abrir e fechar.<\/p>\n<h2>Caracter\u00edsticas<\/h2>\n<ul>\n<li><strong>Veda\u00e7\u00e3o da tampa de rosca:<\/strong> O bot\u00e3o de press\u00e3o met\u00e1lico fecha a tampa de veda\u00e7\u00e3o de borracha, criando uma veda\u00e7\u00e3o eficaz e reutiliz\u00e1vel.<\/li>\n<li><strong>Design cil\u00edndrico transparente:<\/strong> A garrafa de vidro com laterais retas \u00e9 robusta, f\u00e1cil de lavar e permite ver o seu conte\u00fado.<\/li>\n<li><strong>Acess\u00f3rios met\u00e1licos:<\/strong> A dobradi\u00e7a met\u00e1lica de alta resist\u00eancia e o batente cer\u00e2mico revestido com borracha garantem a longa vida \u00fatil da ferragem.<\/li>\n<\/ul>\n<h2 style=\"text-align: left;\">Especifica\u00e7\u00f5es principais<\/h2>\n<table class=\"aligncenter\" style=\"border-collapse: collapse; width: 303.77pt;\" border=\"0\" width=\"405\" cellspacing=\"0\" cellpadding=\"0\">\n<tbody>\n<tr style=\"height: 13.50pt;\">\n<td style=\"height: 13.50pt; width: 99.75pt;\" width=\"133\" height=\"18\">Par\u00e2metro<\/td>\n<td style=\"width: 204.00pt;\" width=\"272\">Descri\u00e7\u00e3o<\/td>\n<\/tr>\n<tr style=\"height: 13.50pt;\">\n<td style=\"height: 13.50pt;\" height=\"18\">Capacidade<\/td>\n<td>16 oz (500 ml)\/32 oz (1000 ml)<\/td>\n<\/tr>\n<tr style=\"height: 13.50pt;\">\n<td style=\"height: 13.50pt;\" height=\"18\">Tamanho da embalagem<\/td>\n<td>9,3*6,3*10,6 pol.\/7,3*7,3*12,4 pol.<\/td>\n<\/tr>\n<tr style=\"height: 13.50pt;\">\n<td style=\"height: 13.50pt;\" height=\"18\">Quantidade por embalagem<\/td>\n<td>6 unidades por caixa; 4 unidades por caixa<\/td>\n<\/tr>\n<tr style=\"height: 13.50pt;\">\n<td style=\"height: 13.50pt;\" height=\"18\">Material<\/td>\n<td>Vidro 100% recicl\u00e1vel e sem chumbo.<\/td>\n<\/tr>\n<tr style=\"height: 13.50pt;\">\n<td style=\"height: 13.50pt;\" height=\"18\">Tipo de tampa<\/td>\n<td>Tampa articulada com veda\u00e7\u00e3o de borracha<\/td>\n<\/tr>\n<\/tbody>\n<\/table>\n<h2>Caso de sucesso: Crescimento de um produtor de xarope de bordo da Nova Inglaterra<\/h2>\n<p>Uma de nossas garrafas de 1 litro com tampa de press\u00e3o foi escolhida por um produtor de xarope de bordo da Nova Inglaterra, que especificou um padr\u00e3o para ser impresso em serigrafia em madeira de b\u00e9tula e uma veda\u00e7\u00e3o de borracha marrom. A veda\u00e7\u00e3o triplicou a vida \u00fatil do xarope de bordo e a garrafa de vidro transparente permitiu que os clientes observassem facilmente a pureza do produto, resultando em um aumento de 20% nas vendas. A empresa ficou t\u00e3o satisfeita com o produto que fez um novo pedido de 100.000 garrafas de sua nova linha de xaropes aromatizados e kits para presente.<\/p>\n<h2>Personaliza\u00e7\u00e3o de garrafas de vidro com tampa de press\u00e3o<\/h2>\n<ul>\n<li>Materiais do clipe e do fio: Podem ser feitos de a\u00e7o galvanizado, revestimento preto, cobre ou lat\u00e3o antigo.<\/li>\n<li>Cores do anel de veda\u00e7\u00e3o e da rolha: Cor do anel de veda\u00e7\u00e3o e material da rolha personaliz\u00e1vel (cer\u00e2mica, pl\u00e1stico).<\/li>\n<li>V\u00e1lvula de v\u00e1cuo integrada para fermenta\u00e7\u00e3o: Constru\u00edda com uma rolha especial que possui uma v\u00e1lvula personalizada \u00e0 base de \u00e1gua ou do tipo v\u00e1lvula, para facilitar o uso em fermenta\u00e7\u00f5es caseiras de cerveja.<\/li>\n<\/ul>","protected":false},"excerpt":{"rendered":"<p data-start=\"40\" data-end=\"220\">Garrafas de vidro transparente com tampa de press\u00e3o e fecho herm\u00e9tico para armazenamento \u00e0 prova de vazamentos. Perfeitas para bebidas e l\u00edquidos. Fornecimento direto da f\u00e1brica com descontos para compras em grande quantidade.<\/p>","protected":false},"featured_media":16911,"template":"","meta":[],"product_brand":[],"product_cat":[81,80,20],"product_tag":[],"class_list":{"0":"post-16894","1":"product","2":"type-product","3":"status-publish","4":"has-post-thumbnail","6":"product_cat-flip-top-bottles","7":"product_cat-glass-bottles","8":"product_cat-glass-containers","10":"first","11":"instock","12":"shipping-taxable","13":"product-type-grouped"},"jetpack_sharing_enabled":true,"_links":{"self":[{"href":"https:\/\/yebodaglass.com\/pt\/wp-json\/wp\/v2\/product\/16894","targetHints":{"allow":["GET"]}}],"collection":[{"href":"https:\/\/yebodaglass.com\/pt\/wp-json\/wp\/v2\/product"}],"about":[{"href":"https:\/\/yebodaglass.com\/pt\/wp-json\/wp\/v2\/types\/product"}],"version-history":[{"count":5,"href":"https:\/\/yebodaglass.com\/pt\/wp-json\/wp\/v2\/product\/16894\/revisions"}],"predecessor-version":[{"id":25602,"href":"https:\/\/yebodaglass.com\/pt\/wp-json\/wp\/v2\/product\/16894\/revisions\/25602"}],"wp:featuredmedia":[{"embeddable":true,"href":"https:\/\/yebodaglass.com\/pt\/wp-json\/wp\/v2\/media\/16911"}],"wp:attachment":[{"href":"https:\/\/yebodaglass.com\/pt\/wp-json\/wp\/v2\/media?parent=16894"}],"wp:term":[{"taxonomy":"product_brand","embeddable":true,"href":"https:\/\/yebodaglass.com\/pt\/wp-json\/wp\/v2\/product_brand?post=16894"},{"taxonomy":"product_cat","embeddable":true,"href":"https:\/\/yebodaglass.com\/pt\/wp-json\/wp\/v2\/product_cat?post=16894"},{"taxonomy":"product_tag","embeddable":true,"href":"https:\/\/yebodaglass.com\/pt\/wp-json\/wp\/v2\/product_tag?post=16894"}],"curies":[{"name":"wp","href":"https:\/\/api.w.org\/{rel}","templated":true}]}}