{"id":16805,"date":"2025-07-11T10:47:25","date_gmt":"2025-07-11T02:47:25","guid":{"rendered":"https:\/\/yebodaglass.com\/?post_type=product&#038;p=16805"},"modified":"2026-03-11T15:06:00","modified_gmt":"2026-03-11T07:06:00","slug":"clear-glass-jam-jars-with-metal-lids-wholesale","status":"publish","type":"product","link":"https:\/\/yebodaglass.com\/pt\/produto\/clear-glass-jam-jars-with-metal-lids-wholesale\/","title":{"rendered":"Potes de vidro transparente de 473 ml (16 oz) para geleia com tampas de metal - Venda por atacado"},"content":{"rendered":"<div data-elementor-type=\"wp-post\" data-elementor-id=\"16805\" class=\"elementor elementor-16805\" data-elementor-settings=\"{&quot;ha_cmc_init_switcher&quot;:&quot;no&quot;}\" data-elementor-post-type=\"product\">\n\t\t\t\t<div class=\"elementor-element elementor-element-bb0d695 e-flex e-con-boxed e-con e-parent\" data-id=\"bb0d695\" data-element_type=\"container\" data-e-type=\"container\" data-settings=\"{&quot;_ha_eqh_enable&quot;:false}\">\n\t\t\t\t\t<div class=\"e-con-inner\">\n\t\t\t\t<div class=\"elementor-element elementor-element-732f179 elementor-widget elementor-widget-text-editor\" data-id=\"732f179\" data-element_type=\"widget\" data-e-type=\"widget\" data-widget_type=\"text-editor.default\">\n\t\t\t\t<div class=\"elementor-widget-container\">\n\t\t\t\t\t\t\t\t\t<p>Nossos potes de vidro de 16 oz para geleia t\u00eam um design arredondado e levemente abaulado, com uma resistente tampa de rosca met\u00e1lica. Esses potes de vidro s\u00e3o perfeitos para armazenar geleias, compotas, molhos ou qualquer outra iguaria caseira. O vidro transparente apresenta um material vibrante, que combina funcionalidade com um visual cl\u00e1ssico e elegante, ideal tanto para uso dom\u00e9stico quanto para vendas.<\/p>\t\t\t\t\t\t\t\t<\/div>\n\t\t\t\t<\/div>\n\t\t\t\t<div class=\"elementor-element elementor-element-54c8d6c elementor-widget elementor-widget-heading\" data-id=\"54c8d6c\" data-element_type=\"widget\" data-e-type=\"widget\" data-widget_type=\"heading.default\">\n\t\t\t\t<div class=\"elementor-widget-container\">\n\t\t\t\t\t<h2 class=\"elementor-heading-title elementor-size-default\">Especifica\u00e7\u00f5es principais<\/h2>\t\t\t\t<\/div>\n\t\t\t\t<\/div>\n\t\t\t\t<div class=\"elementor-element elementor-element-14509d8 elementor-widget elementor-widget-text-editor\" data-id=\"14509d8\" data-element_type=\"widget\" data-e-type=\"widget\" data-widget_type=\"text-editor.default\">\n\t\t\t\t<div class=\"elementor-widget-container\">\n\t\t\t\t\t\t\t\t\t<table style=\"border-collapse: collapse; margin-left: auto; margin-right: auto; width: 80%;\" border=\"0\" width=\"468\" cellspacing=\"0\" cellpadding=\"0\"><tbody><tr style=\"height: 13.50pt;\"><td style=\"height: 13.50pt; width: 120.00pt;\" width=\"160\" height=\"18\">Par\u00e2metro<\/td><td style=\"width: 231.00pt;\" width=\"308\">Descri\u00e7\u00e3o<\/td><\/tr><tr style=\"height: 13.50pt;\"><td style=\"height: 13.50pt;\" height=\"18\">Capacidade<\/td><td>500ml \/ 16oz<\/td><\/tr><tr style=\"height: 13.50pt;\"><td style=\"height: 13.50pt;\" height=\"18\">Quantidade por pacote<\/td><td>12 unidades por caixa<\/td><\/tr><tr style=\"height: 13.50pt;\"><td style=\"height: 13.50pt;\" height=\"18\">Material<\/td><td>Vidro sem chumbo<\/td><\/tr><tr style=\"height: 13.50pt;\"><td style=\"height: 13.50pt;\" height=\"18\">Di\u00e2metro da boca<\/td><td>6,9 cm \/ 2,72 polegadas<\/td><\/tr><tr style=\"height: 13.50pt;\"><td style=\"height: 13.50pt;\" height=\"18\">Di\u00e2metro do corpo<\/td><td>8,5 cm \/ 3,35 polegadas<\/td><\/tr><tr style=\"height: 13.50pt;\"><td style=\"height: 13.50pt;\" height=\"18\">Altura<\/td><td>12,8 cm \/ 5,04 polegadas<\/td><\/tr><tr style=\"height: 13.50pt;\"><td style=\"height: 13.50pt;\" height=\"18\">Tipo de veda\u00e7\u00e3o<\/td><td>Tampa de metal com rosca<\/td><\/tr><\/tbody><\/table>\t\t\t\t\t\t\t\t<\/div>\n\t\t\t\t<\/div>\n\t\t\t\t\t<\/div>\n\t\t\t\t<\/div>\n\t\t<div class=\"elementor-element elementor-element-55e31eb e-flex e-con-boxed e-con e-parent\" data-id=\"55e31eb\" data-element_type=\"container\" data-e-type=\"container\" data-settings=\"{&quot;_ha_eqh_enable&quot;:false}\">\n\t\t\t\t\t<div class=\"e-con-inner\">\n\t\t\t\t<div class=\"elementor-element elementor-element-fc0900e elementor-widget elementor-widget-heading\" data-id=\"fc0900e\" data-element_type=\"widget\" data-e-type=\"widget\" data-widget_type=\"heading.default\">\n\t\t\t\t<div class=\"elementor-widget-container\">\n\t\t\t\t\t<h2 class=\"elementor-heading-title elementor-size-default\">Caracter\u00edsticas<\/h2>\t\t\t\t<\/div>\n\t\t\t\t<\/div>\n\t\t\t\t\t<\/div>\n\t\t\t\t<\/div>\n\t\t<div class=\"elementor-element elementor-element-723cd80 e-flex e-con-boxed e-con e-parent\" data-id=\"723cd80\" data-element_type=\"container\" data-e-type=\"container\" data-settings=\"{&quot;_ha_eqh_enable&quot;:false}\">\n\t\t\t\t\t<div class=\"e-con-inner\">\n\t\t<div class=\"elementor-element elementor-element-bf4cb81 e-con-full e-flex e-con e-child\" data-id=\"bf4cb81\" data-element_type=\"container\" data-e-type=\"container\" data-settings=\"{&quot;_ha_eqh_enable&quot;:false}\">\n\t\t\t\t<div class=\"elementor-element elementor-element-202a3f6 elementor-widget elementor-widget-image\" data-id=\"202a3f6\" data-element_type=\"widget\" data-e-type=\"widget\" data-widget_type=\"image.default\">\n\t\t\t\t<div class=\"elementor-widget-container\">\n\t\t\t\t\t\t\t\t\t\t\t\t\t\t\t<img decoding=\"async\" src=\"https:\/\/yebodaglass.com\/wp-content\/uploads\/elementor\/thumbs\/5-4-r8kz92p28wq5ax8qlaapz5bm4tfpep5gwvmnr6g90g.webp\" title=\"Atacado 32 oz Frascos de Pedreiro com Cilindro de Design\" alt=\"Atacado 32 oz Frascos de Pedreiro com Cilindro de Design\" loading=\"lazy\" \/>\t\t\t\t\t\t\t\t\t\t\t\t\t\t\t<\/div>\n\t\t\t\t<\/div>\n\t\t\t\t<div class=\"elementor-element elementor-element-fc1fd2d elementor-widget elementor-widget-text-editor\" data-id=\"fc1fd2d\" data-element_type=\"widget\" data-e-type=\"widget\" data-widget_type=\"text-editor.default\">\n\t\t\t\t<div class=\"elementor-widget-container\">\n\t\t\t\t\t\t\t\t\t<p>Potes de vidro para geleia de excelente qualidade: Feitos de vidro de primeira linha, s\u00e3o extremamente transparentes e resistentes, \u00e0 prova de varia\u00e7\u00f5es de temperatura e n\u00e3o quebram facilmente, al\u00e9m de possu\u00edrem um acabamento de alta qualidade.<\/p>\t\t\t\t\t\t\t\t<\/div>\n\t\t\t\t<\/div>\n\t\t\t\t<\/div>\n\t\t<div class=\"elementor-element elementor-element-73418b7 e-con-full e-flex e-con e-child\" data-id=\"73418b7\" data-element_type=\"container\" data-e-type=\"container\" data-settings=\"{&quot;_ha_eqh_enable&quot;:false}\">\n\t\t\t\t<div class=\"elementor-element elementor-element-490e976 elementor-widget elementor-widget-image\" data-id=\"490e976\" data-element_type=\"widget\" data-e-type=\"widget\" data-widget_type=\"image.default\">\n\t\t\t\t<div class=\"elementor-widget-container\">\n\t\t\t\t\t\t\t\t\t\t\t\t\t\t\t<img decoding=\"async\" src=\"https:\/\/yebodaglass.com\/wp-content\/uploads\/elementor\/thumbs\/6-5-r8jh0iidgbtfzlg26a43gvb6w9cxxfmd4lm18tj6ao.webp\" title=\"Atacado 32 oz Frascos de Pedreiro com Cilindro de Design\" alt=\"Atacado 32 oz Frascos de Pedreiro com Cilindro de Design\" loading=\"lazy\" \/>\t\t\t\t\t\t\t\t\t\t\t\t\t\t\t<\/div>\n\t\t\t\t<\/div>\n\t\t\t\t<div class=\"elementor-element elementor-element-28d6163 elementor-widget elementor-widget-text-editor\" data-id=\"28d6163\" data-element_type=\"widget\" data-e-type=\"widget\" data-widget_type=\"text-editor.default\">\n\t\t\t\t<div class=\"elementor-widget-container\">\n\t\t\t\t\t\t\t\t\t<p>Parede interna f\u00e1cil de limpar: A parede interna da garrafa \u00e9 limpa e sem rebarbas, e as manchas de \u00e1gua podem ser removidas com um \u00fanico enx\u00e1gue, tornando a limpeza incrivelmente f\u00e1cil.<\/p>\t\t\t\t\t\t\t\t<\/div>\n\t\t\t\t<\/div>\n\t\t\t\t<\/div>\n\t\t\t\t\t<\/div>\n\t\t\t\t<\/div>\n\t\t<div class=\"elementor-element elementor-element-fc04ebb e-flex e-con-boxed e-con e-parent\" data-id=\"fc04ebb\" data-element_type=\"container\" data-e-type=\"container\" data-settings=\"{&quot;_ha_eqh_enable&quot;:false}\">\n\t\t\t\t\t<div class=\"e-con-inner\">\n\t\t<div class=\"elementor-element elementor-element-34afca3 e-con-full e-flex e-con e-child\" data-id=\"34afca3\" data-element_type=\"container\" data-e-type=\"container\" data-settings=\"{&quot;_ha_eqh_enable&quot;:false}\">\n\t\t\t\t<div class=\"elementor-element elementor-element-db07882 elementor-widget elementor-widget-image\" data-id=\"db07882\" data-element_type=\"widget\" data-e-type=\"widget\" data-widget_type=\"image.default\">\n\t\t\t\t<div class=\"elementor-widget-container\">\n\t\t\t\t\t\t\t\t\t\t\t\t\t\t\t<img decoding=\"async\" src=\"https:\/\/yebodaglass.com\/wp-content\/uploads\/elementor\/thumbs\/8-1-1-r8qmcumz53zvomh9ycam8joec0mee5e9ut6gv37hk0.webp\" title=\"Atacado 32 oz Frascos de Pedreiro com Cilindro de Design\" alt=\"Atacado 32 oz Frascos de Pedreiro com Cilindro de Design\" loading=\"lazy\" \/>\t\t\t\t\t\t\t\t\t\t\t\t\t\t\t<\/div>\n\t\t\t\t<\/div>\n\t\t\t\t<div class=\"elementor-element elementor-element-fe38982 elementor-widget elementor-widget-text-editor\" data-id=\"fe38982\" data-element_type=\"widget\" data-e-type=\"widget\" data-widget_type=\"text-editor.default\">\n\t\t\t\t<div class=\"elementor-widget-container\">\n\t\t\t\t\t\t\t\t\t<p>\u00c0 prova de vazamentos e hermeticamente fechada: A tampa de veda\u00e7\u00e3o se encaixa perfeitamente na boca da garrafa e n\u00e3o vaza, mesmo quando invertida e agitada v\u00e1rias vezes, para que voc\u00ea possa armazen\u00e1-la com tranquilidade.<\/p>\t\t\t\t\t\t\t\t<\/div>\n\t\t\t\t<\/div>\n\t\t\t\t<\/div>\n\t\t<div class=\"elementor-element elementor-element-6d52589 e-con-full e-flex e-con e-child\" data-id=\"6d52589\" data-element_type=\"container\" data-e-type=\"container\" data-settings=\"{&quot;_ha_eqh_enable&quot;:false}\">\n\t\t\t\t<div class=\"elementor-element elementor-element-da95f29 elementor-widget elementor-widget-image\" data-id=\"da95f29\" data-element_type=\"widget\" data-e-type=\"widget\" data-widget_type=\"image.default\">\n\t\t\t\t<div class=\"elementor-widget-container\">\n\t\t\t\t\t\t\t\t\t\t\t\t\t\t\t<img decoding=\"async\" src=\"https:\/\/yebodaglass.com\/wp-content\/uploads\/elementor\/thumbs\/96-2-r8qmdfbfbgs6s1n8ll8eregjehsh3hod9nj5f6ctr4.webp\" title=\"Atacado 32 oz Frascos de Pedreiro com Cilindro de Design\" alt=\"Atacado 32 oz Frascos de Pedreiro com Cilindro de Design\" loading=\"lazy\" \/>\t\t\t\t\t\t\t\t\t\t\t\t\t\t\t<\/div>\n\t\t\t\t<\/div>\n\t\t\t\t<div class=\"elementor-element elementor-element-67a25ba elementor-widget elementor-widget-text-editor\" data-id=\"67a25ba\" data-element_type=\"widget\" data-e-type=\"widget\" data-widget_type=\"text-editor.default\">\n\t\t\t\t<div class=\"elementor-widget-container\">\n\t\t\t\t\t\t\t\t\t<p>Parceira universal: Esta garrafa simples \u00e9 muito vers\u00e1til. Pode armazenar alimentos secos ou despejar l\u00edquidos. Tem um design bonito e \u00e9 pr\u00e1tica tanto na cozinha quanto na sala de estar.<\/p>\t\t\t\t\t\t\t\t<\/div>\n\t\t\t\t<\/div>\n\t\t\t\t<\/div>\n\t\t\t\t\t<\/div>\n\t\t\t\t<\/div>\n\t\t<div class=\"elementor-element elementor-element-284aded e-flex e-con-boxed e-con e-parent\" data-id=\"284aded\" data-element_type=\"container\" data-e-type=\"container\" data-settings=\"{&quot;_ha_eqh_enable&quot;:false}\">\n\t\t\t\t\t<div class=\"e-con-inner\">\n\t\t\t\t<div class=\"elementor-element elementor-element-992f613 elementor-widget elementor-widget-heading\" data-id=\"992f613\" data-element_type=\"widget\" data-e-type=\"widget\" data-widget_type=\"heading.default\">\n\t\t\t\t<div class=\"elementor-widget-container\">\n\t\t\t\t\t<h2 class=\"elementor-heading-title elementor-size-default\">Caso de sucesso<\/h2>\t\t\t\t<\/div>\n\t\t\t\t<\/div>\n\t\t\t\t\t<\/div>\n\t\t\t\t<\/div>\n\t\t<div class=\"elementor-element elementor-element-8c06220 e-flex e-con-boxed e-con e-parent\" data-id=\"8c06220\" data-element_type=\"container\" data-e-type=\"container\" data-settings=\"{&quot;_ha_eqh_enable&quot;:false}\">\n\t\t\t\t\t<div class=\"e-con-inner\">\n\t\t\t\t<div class=\"elementor-element elementor-element-d2d7bab elementor-widget elementor-widget-text-editor\" data-id=\"d2d7bab\" data-element_type=\"widget\" data-e-type=\"widget\" data-widget_type=\"text-editor.default\">\n\t\t\t\t<div class=\"elementor-widget-container\">\n\t\t\t\t\t\t\t\t\t<p>Uma marca local de picles, de propriedade familiar, decidiu usar nossos potes de vidro transparente de 16 oz como embalagem principal para sua nova marca de picles. Para preservar o frescor e evitar vazamentos durante o transporte, os potes possuem tampas de rosca pr\u00f3prias para alimentos e veda\u00e7\u00e3o refor\u00e7ada. Os potes tamb\u00e9m s\u00e3o gravados com a marca e o logotipo em relevo, combinando com a superf\u00edcie lisa que permite que a cor laranja vibrante dos picles seja facilmente vista atrav\u00e9s do vidro transparente.<\/p><p>As vendas deste novo produto de conserva aumentaram 36% ap\u00f3s a introdu\u00e7\u00e3o dos potes de vidro personalizados, e diversos varejistas regionais j\u00e1 fizeram novos pedidos. Consequentemente, a empresa recebeu v\u00e1rios pedidos em termos de ciclos de produ\u00e7\u00e3o.<\/p>\t\t\t\t\t\t\t\t<\/div>\n\t\t\t\t<\/div>\n\t\t\t\t<div class=\"elementor-element elementor-element-3bce01b elementor-widget elementor-widget-heading\" data-id=\"3bce01b\" data-element_type=\"widget\" data-e-type=\"widget\" data-widget_type=\"heading.default\">\n\t\t\t\t<div class=\"elementor-widget-container\">\n\t\t\t\t\t<h2 class=\"elementor-heading-title elementor-size-default\">Dicas de personaliza\u00e7\u00e3o<\/h2>\t\t\t\t<\/div>\n\t\t\t\t<\/div>\n\t\t\t\t<div class=\"elementor-element elementor-element-e620c8c elementor-widget elementor-widget-text-editor\" data-id=\"e620c8c\" data-element_type=\"widget\" data-e-type=\"widget\" data-widget_type=\"text-editor.default\">\n\t\t\t\t<div class=\"elementor-widget-container\">\n\t\t\t\t\t\t\t\t\t<ol><li><strong>Material e acabamento da tampa:<\/strong> Escolha entre diversos acabamentos para a tampa de rosca met\u00e1lica, incluindo preto fosco, dourado ou tampas de folha de flandres com padr\u00f5es, para combinar com os designs das embalagens da marca.<\/li><li><strong>Design da tampa com veda\u00e7\u00e3o a v\u00e1cuo:<\/strong> Oferecemos duas tampas com veda\u00e7\u00e3o de silicone para melhorar a veda\u00e7\u00e3o do produto em conservas de vegetais e alimentos enlatados.<\/li><li><strong>Logotipo em relevo no vidro:<\/strong> Personalize seu pote com um logotipo em relevo ou um padr\u00e3o da marca gravado permanentemente no corpo do pote, eliminando a necessidade de etiquetar o pote.<\/li><\/ol>\t\t\t\t\t\t\t\t<\/div>\n\t\t\t\t<\/div>\n\t\t\t\t\t<\/div>\n\t\t\t\t<\/div>\n\t\t\t\t<\/div>","protected":false},"excerpt":{"rendered":"<p>Conjunto de 4 potes de vidro transparente de 473 ml (16 oz) com tampas de metal. Perfeitos para geleias, conservas e molhos, com veda\u00e7\u00e3o herm\u00e9tica e design cl\u00e1ssico.<\/p>","protected":false},"featured_media":17280,"template":"","meta":[],"product_brand":[],"product_cat":[83,20,84],"product_tag":[],"class_list":{"0":"post-16805","1":"product","2":"type-product","3":"status-publish","4":"has-post-thumbnail","6":"product_cat-glass-jars","7":"product_cat-glass-containers","8":"product_cat-mason-jars","10":"first","11":"instock","12":"shipping-taxable","13":"product-type-grouped"},"jetpack_sharing_enabled":true,"_links":{"self":[{"href":"https:\/\/yebodaglass.com\/pt\/wp-json\/wp\/v2\/product\/16805","targetHints":{"allow":["GET"]}}],"collection":[{"href":"https:\/\/yebodaglass.com\/pt\/wp-json\/wp\/v2\/product"}],"about":[{"href":"https:\/\/yebodaglass.com\/pt\/wp-json\/wp\/v2\/types\/product"}],"version-history":[{"count":5,"href":"https:\/\/yebodaglass.com\/pt\/wp-json\/wp\/v2\/product\/16805\/revisions"}],"predecessor-version":[{"id":25376,"href":"https:\/\/yebodaglass.com\/pt\/wp-json\/wp\/v2\/product\/16805\/revisions\/25376"}],"wp:featuredmedia":[{"embeddable":true,"href":"https:\/\/yebodaglass.com\/pt\/wp-json\/wp\/v2\/media\/17280"}],"wp:attachment":[{"href":"https:\/\/yebodaglass.com\/pt\/wp-json\/wp\/v2\/media?parent=16805"}],"wp:term":[{"taxonomy":"product_brand","embeddable":true,"href":"https:\/\/yebodaglass.com\/pt\/wp-json\/wp\/v2\/product_brand?post=16805"},{"taxonomy":"product_cat","embeddable":true,"href":"https:\/\/yebodaglass.com\/pt\/wp-json\/wp\/v2\/product_cat?post=16805"},{"taxonomy":"product_tag","embeddable":true,"href":"https:\/\/yebodaglass.com\/pt\/wp-json\/wp\/v2\/product_tag?post=16805"}],"curies":[{"name":"wp","href":"https:\/\/api.w.org\/{rel}","templated":true}]}}