{"id":16755,"date":"2025-07-10T17:05:59","date_gmt":"2025-07-10T09:05:59","guid":{"rendered":"https:\/\/yebodaglass.com\/?post_type=product&#038;p=16755"},"modified":"2026-04-09T15:56:47","modified_gmt":"2026-04-09T07:56:47","slug":"wholesale-12-oz-premium-clear-flip-top-bottles-for-kombucha","status":"publish","type":"product","link":"https:\/\/yebodaglass.com\/pt\/wholesale-12-oz-premium-clear-flip-top-bottles-for-kombucha\/","title":{"rendered":"Garrafas transparentes de 355 ml (12 oz) com tampa flip-top para kombucha (venda por atacado)"},"content":{"rendered":"<p>As garrafas flip-top para kombucha combinam o formato tradicional de gota com uma estrutura c\u00f4nica moderna. Feitas de vidro ultratransparente de qualidade alimentar, as garrafas possuem uma tampa de rosca de a\u00e7o inoxid\u00e1vel com anel de veda\u00e7\u00e3o de silicone vermelho, garantindo veda\u00e7\u00e3o herm\u00e9tica contra vazamentos.<\/p>\n<h2>Caracter\u00edsticas<\/h2>\n<ul>\n<li><strong>Cintura afunilada em formato de gota:<\/strong> O formato de gota com cintura afunilada \u00e9 elegante e facilita o manuseio e o despejo do l\u00edquido.<\/li>\n<li><strong>Design de veda\u00e7\u00e3o por encaixe:<\/strong> Design de encaixe com tampa de veda\u00e7\u00e3o de silicone: uma tampa de veda\u00e7\u00e3o de silicone foi adicionada a um design de encaixe de metal para proporcionar facilidade de abertura e fechamento, al\u00e9m de alto desempenho de veda\u00e7\u00e3o.<\/li>\n<li><strong>Vidro de alta transpar\u00eancia, pr\u00f3prio para contato com alimentos:<\/strong> Esta garrafa \u00e9 feita de vidro de qualidade alimentar, de alta transpar\u00eancia, sendo l\u00edmpida, limpa, segura, inodora e resistente \u00e0 corros\u00e3o por \u00e1cidos e \u00e1lcalis.<\/li>\n<\/ul>\n<h2 style=\"text-align: left;\">Especifica\u00e7\u00f5es principais<\/h2>\n<table class=\"aligncenter\" style=\"border-collapse: collapse; width: 529.52pt;\" border=\"0\" width=\"706\" cellspacing=\"0\" cellpadding=\"0\">\n<tbody>\n<tr style=\"height: 13.50pt;\">\n<td style=\"height: 13.50pt; width: 117.75pt;\" width=\"157\" height=\"18\">Especifica\u00e7\u00e3o<\/td>\n<td style=\"width: 411.75pt;\" width=\"549\">Detalhes<\/td>\n<\/tr>\n<tr style=\"height: 13.50pt;\">\n<td style=\"height: 13.50pt;\" height=\"18\">Capacidade<\/td>\n<td>12 oz\/350 ml<\/td>\n<\/tr>\n<tr style=\"height: 13.50pt;\">\n<td style=\"height: 13.50pt;\" height=\"18\">Dimens\u00f5es da embalagem<\/td>\n<td>9,4*8,6*6,1 polegadas<\/td>\n<\/tr>\n<tr style=\"height: 13.50pt;\">\n<td style=\"height: 13.50pt;\" height=\"18\">Material<\/td>\n<td>Vidro sem chumbo<\/td>\n<\/tr>\n<tr style=\"height: 13.50pt;\">\n<td style=\"height: 13.50pt;\" height=\"18\">Quantidade por embalagem<\/td>\n<td>6 garrafas por caixa<\/td>\n<\/tr>\n<tr style=\"height: 13.50pt;\">\n<td style=\"height: 13.50pt;\" height=\"18\">Apar\u00eancia<\/td>\n<td>Corpo da garrafa transparente, esguio e curvo<\/td>\n<\/tr>\n<tr style=\"height: 13.50pt;\">\n<td style=\"height: 13.50pt;\" height=\"18\">Mecanismo de veda\u00e7\u00e3o<\/td>\n<td style=\"text-align: left;\">Tampa de vidro transparente articulada com anel de veda\u00e7\u00e3o vermelho na base.<\/td>\n<\/tr>\n<\/tbody>\n<\/table>\n<h2>Caso de sucesso: Encomenda personalizada de uma marca canadense de vinagre artesanal.<\/h2>\n<p>Uma empresa de vinagre artesanal da Col\u00fambia Brit\u00e2nica escolheu nossa garrafa de \u00e1gua de vidro de 500 ml com tampa flip-top e al\u00e7a personalizada com revestimento de lat\u00e3o. A garrafa personalizada foi um enorme sucesso: a veda\u00e7\u00e3o superior reduziu a perda por evapora\u00e7\u00e3o em 20% durante o longo processo de matura\u00e7\u00e3o. O design elegante da garrafa aumentou o pre\u00e7o em 50%. O sucesso inicial levou a um pedido adicional de 650.000 garrafas, necess\u00e1rias para iniciar sua linha de vinagres para beber com infus\u00e3o de ervas.<\/p>\n<h2>Garrafas Flip Top para Kombucha s\u00e3o personalizadas.<\/h2>\n<ul>\n<li>Capa protetora de silicone: Esta capa protetora opcional, remov\u00edvel e inerte, \u00e9 antiderrapante, proporciona melhor ader\u00eancia \u00e0 garrafa, isola termicamente e protege contra impactos.<\/li>\n<li>Gancho e fecho: Dispon\u00edvel em a\u00e7o galvanizado, preto, cobre ou lat\u00e3o.<\/li>\n<li>Gargalo e cor do anel de veda\u00e7\u00e3o: Tampa e anel de veda\u00e7\u00e3o personalizados, na cor da marca.<\/li>\n<\/ul>","protected":false},"excerpt":{"rendered":"<p>Garrafas de kombucha de alta qualidade com tampa flip-top e fecho met\u00e1lico resistente. Ideais para fermenta\u00e7\u00e3o e envase caseiros. Descontos para compras no atacado e fornecimento direto da f\u00e1brica.<\/p>","protected":false},"featured_media":17254,"template":"","meta":[],"product_brand":[],"product_cat":[81,80,20],"product_tag":[],"class_list":{"0":"post-16755","1":"product","2":"type-product","3":"status-publish","4":"has-post-thumbnail","6":"product_cat-flip-top-bottles","7":"product_cat-glass-bottles","8":"product_cat-glass-containers","10":"first","11":"instock","12":"shipping-taxable","13":"product-type-grouped"},"jetpack_sharing_enabled":true,"_links":{"self":[{"href":"https:\/\/yebodaglass.com\/pt\/wp-json\/wp\/v2\/product\/16755","targetHints":{"allow":["GET"]}}],"collection":[{"href":"https:\/\/yebodaglass.com\/pt\/wp-json\/wp\/v2\/product"}],"about":[{"href":"https:\/\/yebodaglass.com\/pt\/wp-json\/wp\/v2\/types\/product"}],"version-history":[{"count":5,"href":"https:\/\/yebodaglass.com\/pt\/wp-json\/wp\/v2\/product\/16755\/revisions"}],"predecessor-version":[{"id":25702,"href":"https:\/\/yebodaglass.com\/pt\/wp-json\/wp\/v2\/product\/16755\/revisions\/25702"}],"wp:featuredmedia":[{"embeddable":true,"href":"https:\/\/yebodaglass.com\/pt\/wp-json\/wp\/v2\/media\/17254"}],"wp:attachment":[{"href":"https:\/\/yebodaglass.com\/pt\/wp-json\/wp\/v2\/media?parent=16755"}],"wp:term":[{"taxonomy":"product_brand","embeddable":true,"href":"https:\/\/yebodaglass.com\/pt\/wp-json\/wp\/v2\/product_brand?post=16755"},{"taxonomy":"product_cat","embeddable":true,"href":"https:\/\/yebodaglass.com\/pt\/wp-json\/wp\/v2\/product_cat?post=16755"},{"taxonomy":"product_tag","embeddable":true,"href":"https:\/\/yebodaglass.com\/pt\/wp-json\/wp\/v2\/product_tag?post=16755"}],"curies":[{"name":"wp","href":"https:\/\/api.w.org\/{rel}","templated":true}]}}